{"id":216,"date":"2019-03-09T15:52:15","date_gmt":"2019-03-09T14:52:15","guid":{"rendered":"http:\/\/www.kananas.com\/associationacdelagardonnenque3123\/?page_id=216"},"modified":"2025-03-19T11:14:40","modified_gmt":"2025-03-19T10:14:40","slug":"cours-de-natation","status":"publish","type":"page","link":"https:\/\/www.kananas.com\/associationacdelagardonnenque3123\/cours-de-natation\/","title":{"rendered":"Cours de Natation"},"content":{"rendered":"<p>La gestion des cours est confi\u00e9e \u00e0 l&rsquo;association <strong>\u00ab\u00a0Aquatique club de la Gardonnenque\u00a0\u00bb.<\/strong><br \/>\nTrois ma\u00eetres-nageurs sauveteurs dispensent <strong>plus de 50 heures de cours par semaine<\/strong> y compris <strong>aux enfants des \u00e9coles des communes adh\u00e9rentes au syndicat<\/strong>.<\/p>\n<p><strong>Les ma\u00eetres-nageurs sauveteurs (MNS) sont dipl\u00f4m\u00e9s d\u2019\u00c9tat<\/strong>, poss\u00e9dant tous \u00e9galement du <strong>Brevet d\u2019\u00c9tat d\u2019\u00c9ducateur Sportif en Natation<\/strong>.<br \/>\nCes dipl\u00f4mes sont la garantie de la ma\u00eetrise de l\u2019enseignement de la natation.<\/p>\n<h1><a href=\"http:\/\/www.kananas.com\/associationacdelagardonnenque3123\/petits-nageurs\/\">P\u00e9qu\u00e9lets &#8211; Jeunes enfants<\/a><\/h1>\n<h1><a href=\"http:\/\/www.kananas.com\/associationacdelagardonnenque3123\/club-famille\/\">Club Famille<\/a><\/h1>\n<h1><a href=\"http:\/\/www.kananas.com\/associationacdelagardonnenque3123\/club-enfants\/\">Club Enfants &amp; P\u00e9qu\u00e9lets<\/a><\/h1>\n<h1><a href=\"http:\/\/www.kananas.com\/associationacdelagardonnenque3123\/club-adolescents\/\">Club Adoslescents<\/a><\/h1>\n<h1><a href=\"http:\/\/www.kananas.com\/associationacdelagardonnenque3123\/club-adultes\/\">Club Adultes<\/a><\/h1>\n<h1><a href=\"http:\/\/www.kananas.com\/associationacdelagardonnenque3123\/club-aquagym\/\">Club Aquagym<\/a><\/h1>\n<h1><a href=\"http:\/\/www.kananas.com\/associationacdelagardonnenque3123\/club-haddock\/\">Club du Capitaine Haddock<\/a><\/h1>\n","protected":false},"excerpt":{"rendered":"<p>La gestion des cours est confi\u00e9e \u00e0 l&rsquo;association \u00ab\u00a0Aquatique club de la Gardonnenque\u00a0\u00bb. Trois ma\u00eetres-nageurs sauveteurs dispensent plus de 50 heures de cours par semaine y compris aux enfants des \u00e9coles des communes adh\u00e9rentes au syndicat. Les ma\u00eetres-nageurs sauveteurs (MNS) sont dipl\u00f4m\u00e9s d\u2019\u00c9tat, poss\u00e9dant tous \u00e9galement du Brevet d\u2019\u00c9tat d\u2019\u00c9ducateur Sportif en Natation. Ces dipl\u00f4mes sont la garantie de la&#8230; <a href=\"https:\/\/www.kananas.com\/associationacdelagardonnenque3123\/cours-de-natation\/\">Read more &raquo;<\/a><\/p>\n","protected":false},"author":1428,"featured_media":0,"parent":0,"menu_order":0,"comment_status":"closed","ping_status":"closed","template":"","meta":{"_crdt_document":"","footnotes":""},"class_list":["post-216","page","type-page","status-publish","hentry"],"_links":{"self":[{"href":"https:\/\/www.kananas.com\/associationacdelagardonnenque3123\/wp-json\/wp\/v2\/pages\/216","targetHints":{"allow":["GET"]}}],"collection":[{"href":"https:\/\/www.kananas.com\/associationacdelagardonnenque3123\/wp-json\/wp\/v2\/pages"}],"about":[{"href":"https:\/\/www.kananas.com\/associationacdelagardonnenque3123\/wp-json\/wp\/v2\/types\/page"}],"author":[{"embeddable":true,"href":"https:\/\/www.kananas.com\/associationacdelagardonnenque3123\/wp-json\/wp\/v2\/users\/1428"}],"replies":[{"embeddable":true,"href":"https:\/\/www.kananas.com\/associationacdelagardonnenque3123\/wp-json\/wp\/v2\/comments?post=216"}],"version-history":[{"count":17,"href":"https:\/\/www.kananas.com\/associationacdelagardonnenque3123\/wp-json\/wp\/v2\/pages\/216\/revisions"}],"predecessor-version":[{"id":816,"href":"https:\/\/www.kananas.com\/associationacdelagardonnenque3123\/wp-json\/wp\/v2\/pages\/216\/revisions\/816"}],"wp:attachment":[{"href":"https:\/\/www.kananas.com\/associationacdelagardonnenque3123\/wp-json\/wp\/v2\/media?parent=216"}],"curies":[{"name":"wp","href":"https:\/\/api.w.org\/{rel}","templated":true}]}}