{"id":45,"date":"2019-03-08T11:15:37","date_gmt":"2019-03-08T10:15:37","guid":{"rendered":"http:\/\/www.kananas.com\/associationacdelagardonnenque3123\/?page_id=45"},"modified":"2026-03-29T12:44:55","modified_gmt":"2026-03-29T10:44:55","slug":"club-enfants","status":"publish","type":"page","link":"https:\/\/www.kananas.com\/associationacdelagardonnenque3123\/club-enfants\/","title":{"rendered":"Club Enfants &amp; P\u00e9qu\u00e9lets"},"content":{"rendered":"<blockquote>\n<h1 align=\"CENTER\"><span style=\"color: #0073aa;font-size: 12pt\">\u00ab\u00a0Apprendre \u00e0 nager, c\u2019est apprendre \u00e0 avoir confiance en soi et apprendre \u00e0 repousser ses propres limites\u00a0\u00bb<\/span><\/h1>\n<\/blockquote>\n<h1><span style=\"color: #0073aa\">Cours de natation pour les enfants<\/span><\/h1>\n<p align=\"JUSTIFY\">Les cours de natation d\u2019une <strong>dur\u00e9e de 45 minutes,<\/strong> \u00e0 raison d\u2019un cours par semaine de Mai \u00e0 mi-Octobre, sont dispens\u00e9s par un <strong>ma\u00eetre nageur sauveteur dipl\u00f4m\u00e9 d\u2019\u00e9tat<\/strong>, poss\u00e9dant \u00e9galement un <strong>Brevet d\u2019\u00c9tat d\u2019\u00c9ducateur Sportif en Natation<\/strong>. Ces dipl\u00f4mes sont la garantie de la ma\u00eetrise de l\u2019enseignement de la natation.<\/p>\n<p><strong>Enfants 7-8 ans \/ 9-10 ans<\/strong>: Perfectionnement des techniques de nages.<\/p>\n<p><strong>Enfants 11- 13 ans<\/strong>: D\u00e9but entrainement &#8211; initiation sauvetage &#8211; initiation cross fit.<\/p>\n<p><strong>Club P\u00e9qu\u00e9lets<\/strong> pour les jeunes enfants ayant d\u00e9j\u00e0 suivis des cours particuliers. Premiers pas des enfants en cours \u00ab\u00a0comme les grands\u00a0\u00bb.<\/p>\n<p><strong>Pour un suivi p\u00e9dagogique optimal, nous tenons \u00e0 attirer votre attention sur l\u2019importance de l\u2019assiduit\u00e9 aux cours de natation.<\/strong><br \/>\nEn cas d\u2019absence prolong\u00e9e, notamment pour maladie, veuillez si possible nous en informer au pr\u00e9alable.<\/p>\n<h2 align=\"JUSTIFY\"><span style=\"color: #0073aa\">Horaires<\/span><\/h2>\n<p><strong>MERCREDI de 9h00 \u00e0 9h45<\/strong><br \/>\nEnfants 7-8 ans<\/p>\n<p><strong>MERCREDI de 10h00 \u00e0 10h45<\/strong><br \/>\nEnfants 9-10 ans<\/p>\n<p><strong>MERCREDI de 14h00 \u00e0 14h45<br \/>\n<\/strong>Club P\u00e9qu\u00e9lets<\/p>\n<p><strong>MERCREDI de 15h00 \u00e0 15h45<br \/>\n<\/strong>Enfants 7-8 ans<\/p>\n<p><strong>MERCREDI de 17h15 \u00e0 18h00<br \/>\n<\/strong>Enfants 9-10 ans<\/p>\n<p><strong>MERCREDI de 18h15 \u00e0 19h00<br \/>\n<\/strong>Enfants 11-13 ans<\/p>\n<p><strong>SAMEDI de 10h15 \u00e0 11h00<br \/>\n<\/strong>Enfants 7-8 ans<\/p>\n<p><strong>SAMEDI de 11h15 \u00e0 12h00<\/strong><br \/>\nClub P\u00e9qu\u00e9lets<\/p>\n<p><strong>SAMEDI de 14h00 \u00e0 14h45<br \/>\n<\/strong>Enfants 7-8 ans<\/p>\n<p><strong>SAMEDI de 15h00 \u00e0 15h45<br \/>\n<\/strong>Enfants 9-10 ans<\/p>\n<p><strong>SAMEDI 17h15 \u00e0 18h00<\/strong><br \/>\nEnfants 11-13 ans<\/p>\n<div id=\"attachment_320\" style=\"width: 778px\" class=\"wp-caption alignnone\"><img loading=\"lazy\" decoding=\"async\" aria-describedby=\"caption-attachment-320\" class=\"cadre wp-image-320 size-full\" src=\"http:\/\/www.kananas.com\/associationacdelagardonnenque3123\/wp-content\/uploads\/sites\/1383\/2019\/03\/piscine-sauzet-enfants2.jpg\" alt=\"Club enfants piscine Sauzet\" width=\"768\" height=\"576\" srcset=\"https:\/\/www.kananas.com\/associationacdelagardonnenque3123\/wp-content\/uploads\/sites\/1383\/2019\/03\/piscine-sauzet-enfants2.jpg 768w, https:\/\/www.kananas.com\/associationacdelagardonnenque3123\/wp-content\/uploads\/sites\/1383\/2019\/03\/piscine-sauzet-enfants2-150x113.jpg 150w, https:\/\/www.kananas.com\/associationacdelagardonnenque3123\/wp-content\/uploads\/sites\/1383\/2019\/03\/piscine-sauzet-enfants2-300x225.jpg 300w, https:\/\/www.kananas.com\/associationacdelagardonnenque3123\/wp-content\/uploads\/sites\/1383\/2019\/03\/piscine-sauzet-enfants2-624x468.jpg 624w\" sizes=\"auto, (max-width: 768px) 100vw, 768px\" \/><p id=\"caption-attachment-320\" class=\"wp-caption-text\">Club enfants piscine Sauzet<\/p><\/div>\n","protected":false},"excerpt":{"rendered":"<p>\u00ab\u00a0Apprendre \u00e0 nager, c\u2019est apprendre \u00e0 avoir confiance en soi et apprendre \u00e0 repousser ses propres limites\u00a0\u00bb Cours de natation pour les enfants Les cours de natation d\u2019une dur\u00e9e de 45 minutes, \u00e0 raison d\u2019un cours par semaine de Mai \u00e0 mi-Octobre, sont dispens\u00e9s par un ma\u00eetre nageur sauveteur dipl\u00f4m\u00e9 d\u2019\u00e9tat, poss\u00e9dant \u00e9galement un Brevet d\u2019\u00c9tat d\u2019\u00c9ducateur Sportif en Natation&#8230;. <a href=\"https:\/\/www.kananas.com\/associationacdelagardonnenque3123\/club-enfants\/\">Read more &raquo;<\/a><\/p>\n","protected":false},"author":1428,"featured_media":0,"parent":0,"menu_order":0,"comment_status":"closed","ping_status":"closed","template":"","meta":{"_crdt_document":"","footnotes":""},"class_list":["post-45","page","type-page","status-publish","hentry"],"_links":{"self":[{"href":"https:\/\/www.kananas.com\/associationacdelagardonnenque3123\/wp-json\/wp\/v2\/pages\/45","targetHints":{"allow":["GET"]}}],"collection":[{"href":"https:\/\/www.kananas.com\/associationacdelagardonnenque3123\/wp-json\/wp\/v2\/pages"}],"about":[{"href":"https:\/\/www.kananas.com\/associationacdelagardonnenque3123\/wp-json\/wp\/v2\/types\/page"}],"author":[{"embeddable":true,"href":"https:\/\/www.kananas.com\/associationacdelagardonnenque3123\/wp-json\/wp\/v2\/users\/1428"}],"replies":[{"embeddable":true,"href":"https:\/\/www.kananas.com\/associationacdelagardonnenque3123\/wp-json\/wp\/v2\/comments?post=45"}],"version-history":[{"count":9,"href":"https:\/\/www.kananas.com\/associationacdelagardonnenque3123\/wp-json\/wp\/v2\/pages\/45\/revisions"}],"predecessor-version":[{"id":845,"href":"https:\/\/www.kananas.com\/associationacdelagardonnenque3123\/wp-json\/wp\/v2\/pages\/45\/revisions\/845"}],"wp:attachment":[{"href":"https:\/\/www.kananas.com\/associationacdelagardonnenque3123\/wp-json\/wp\/v2\/media?parent=45"}],"curies":[{"name":"wp","href":"https:\/\/api.w.org\/{rel}","templated":true}]}}