{"id":58,"date":"2019-03-08T11:22:14","date_gmt":"2019-03-08T10:22:14","guid":{"rendered":"http:\/\/www.kananas.com\/associationacdelagardonnenque3123\/?page_id=58"},"modified":"2025-03-19T10:24:29","modified_gmt":"2025-03-19T09:24:29","slug":"club-aquagym","status":"publish","type":"page","link":"https:\/\/www.kananas.com\/associationacdelagardonnenque3123\/club-aquagym\/","title":{"rendered":"Club Aquagym"},"content":{"rendered":"<h1><span style=\"color: #0073aa\">AQUAGYM<\/span><\/h1>\n<p>Les cours d&rsquo;aquagym d&rsquo;une dur\u00e9e d&rsquo;une heure, \u00e0 raison d&rsquo;un cours par semaine, de Mai \u00e0 mi-Octobre, sont dispens\u00e9s par des ma\u00eetres-nageurs-sauveteurs poss\u00e9dant un Brevet d&rsquo;\u00c9tat d&rsquo;\u00c9ducateur sportif.<\/p>\n<h2><span style=\"color: #0073aa\">Horaires<\/span><\/h2>\n<p style=\"text-align: left\"><strong>LUNDI de 16h45 \u00e0 17h45<\/strong><br \/>\nCLUB AQUAGYM<\/p>\n<p><strong>MARDI de 16h45 \u00e0 17h45<\/strong><br \/>\nCLUB AQUAGYM<\/p>\n<p><strong>MERCREDI de 11h00 \u00e0 12h00<\/strong><br \/>\nCLUB AQUAGYM<\/p>\n<p><strong>JEUDI de 19h15 \u00e0 20h15<\/strong><br \/>\nCLUB AQUAGYM<\/p>\n<p><strong>VENDREDI de 16h45 \u00e0 17h45<\/strong><br \/>\nCLUB AQUAGYM<\/p>\n<p><strong>SAMEDI de 9h00 \u00e0 10h00<\/strong><br \/>\nCLUB AQUAGYM<\/p>\n<h1><span style=\"color: #0073aa\"><img loading=\"lazy\" decoding=\"async\" class=\"alignnone wp-image-443 size-full\" src=\"http:\/\/www.kananas.com\/associationacdelagardonnenque3123\/wp-content\/uploads\/sites\/1383\/2020\/01\/IMG_7062-1.jpg\" alt=\"\" width=\"1024\" height=\"768\" srcset=\"https:\/\/www.kananas.com\/associationacdelagardonnenque3123\/wp-content\/uploads\/sites\/1383\/2020\/01\/IMG_7062-1.jpg 1024w, https:\/\/www.kananas.com\/associationacdelagardonnenque3123\/wp-content\/uploads\/sites\/1383\/2020\/01\/IMG_7062-1-300x225.jpg 300w, https:\/\/www.kananas.com\/associationacdelagardonnenque3123\/wp-content\/uploads\/sites\/1383\/2020\/01\/IMG_7062-1-150x113.jpg 150w, https:\/\/www.kananas.com\/associationacdelagardonnenque3123\/wp-content\/uploads\/sites\/1383\/2020\/01\/IMG_7062-1-768x576.jpg 768w, https:\/\/www.kananas.com\/associationacdelagardonnenque3123\/wp-content\/uploads\/sites\/1383\/2020\/01\/IMG_7062-1-624x468.jpg 624w\" sizes=\"auto, (max-width: 1024px) 100vw, 1024px\" \/><\/span><\/h1>\n<p>Club aquagym piscine Sauzet<\/p>\n","protected":false},"excerpt":{"rendered":"<p>AQUAGYM Les cours d&rsquo;aquagym d&rsquo;une dur\u00e9e d&rsquo;une heure, \u00e0 raison d&rsquo;un cours par semaine, de Mai \u00e0 mi-Octobre, sont dispens\u00e9s par des ma\u00eetres-nageurs-sauveteurs poss\u00e9dant un Brevet d&rsquo;\u00c9tat d&rsquo;\u00c9ducateur sportif. Horaires LUNDI de 16h45 \u00e0 17h45 CLUB AQUAGYM MARDI de 16h45 \u00e0 17h45 CLUB AQUAGYM MERCREDI de 11h00 \u00e0 12h00 CLUB AQUAGYM JEUDI de 19h15 \u00e0 20h15 CLUB AQUAGYM VENDREDI de&#8230; <a href=\"https:\/\/www.kananas.com\/associationacdelagardonnenque3123\/club-aquagym\/\">Read more &raquo;<\/a><\/p>\n","protected":false},"author":1428,"featured_media":0,"parent":0,"menu_order":0,"comment_status":"closed","ping_status":"closed","template":"","meta":{"_crdt_document":"","footnotes":""},"class_list":["post-58","page","type-page","status-publish","hentry"],"_links":{"self":[{"href":"https:\/\/www.kananas.com\/associationacdelagardonnenque3123\/wp-json\/wp\/v2\/pages\/58","targetHints":{"allow":["GET"]}}],"collection":[{"href":"https:\/\/www.kananas.com\/associationacdelagardonnenque3123\/wp-json\/wp\/v2\/pages"}],"about":[{"href":"https:\/\/www.kananas.com\/associationacdelagardonnenque3123\/wp-json\/wp\/v2\/types\/page"}],"author":[{"embeddable":true,"href":"https:\/\/www.kananas.com\/associationacdelagardonnenque3123\/wp-json\/wp\/v2\/users\/1428"}],"replies":[{"embeddable":true,"href":"https:\/\/www.kananas.com\/associationacdelagardonnenque3123\/wp-json\/wp\/v2\/comments?post=58"}],"version-history":[{"count":34,"href":"https:\/\/www.kananas.com\/associationacdelagardonnenque3123\/wp-json\/wp\/v2\/pages\/58\/revisions"}],"predecessor-version":[{"id":802,"href":"https:\/\/www.kananas.com\/associationacdelagardonnenque3123\/wp-json\/wp\/v2\/pages\/58\/revisions\/802"}],"wp:attachment":[{"href":"https:\/\/www.kananas.com\/associationacdelagardonnenque3123\/wp-json\/wp\/v2\/media?parent=58"}],"curies":[{"name":"wp","href":"https:\/\/api.w.org\/{rel}","templated":true}]}}