{"id":74,"date":"2019-03-08T11:43:25","date_gmt":"2019-03-08T10:43:25","guid":{"rendered":"http:\/\/www.kananas.com\/associationacdelagardonnenque3123\/?page_id=74"},"modified":"2026-03-29T12:14:42","modified_gmt":"2026-03-29T10:14:42","slug":"club-famille","status":"publish","type":"page","link":"https:\/\/www.kananas.com\/associationacdelagardonnenque3123\/club-famille\/","title":{"rendered":"Club Famille"},"content":{"rendered":"<p>&nbsp;<\/p>\n<h1><span style=\"color: #0073aa\">Fonctionnement &amp; conditions du Club Famille<\/span><span style=\"color: #0085ba\"><br \/>\n<\/span><\/h1>\n<p align=\"JUSTIFY\">Le <a href=\"https:\/\/www.kananas.com\/associationacdelagardonnenque3123\/wp-content\/uploads\/sites\/1383\/2026\/03\/FICHE-INSCRIPTION-CLUB-FAMILLE-2026.pdf\" target=\"_blank\" rel=\"noopener\">club famille<\/a> est r\u00e9serv\u00e9 <strong>en priorit\u00e9 aux parents d\u2019enfants \u00e2g\u00e9s de 2 \u00e0 5 ans<\/strong>.<\/p>\n<p align=\"JUSTIFY\">Chaque enfant doit \u00eatre encadr\u00e9 par au moins un parent ou adulte responsable, qui deviendra, pendant la dur\u00e9e de ce club, l\u2019\u00e9ducateur particulier de l\u2019enfant<span style=\"color: #000000\">.<\/span><\/p>\n<p><strong>Chaque parent ou adulte responsable de l\u2019enfant est tenu de surveiller l\u2019enfant en continu<\/strong>, le ma\u00eetre-nageur \u00e9tant en position d\u2019enseignant lors du d\u00e9roulement de ce club famille, dispensant des conseils de natation de famille en famille.<br \/>\n<strong>Pour tout accident pouvant se d\u00e9rouler durant ce cours la responsabilit\u00e9 de l\u2019association ou du ma\u00eetre-nageur ne pourra \u00eatre retenue<\/strong>.<\/p>\n<p align=\"JUSTIFY\">Aucune obligation de suivi p\u00e9dagogique n\u2019est obligatoire, les conseils de natation dispens\u00e9s par le ma\u00eetre-nageur pouvant \u00eatre appliqu\u00e9s par les parents dans n\u2019importe quelle autre piscine (familiale,&#8230;).<\/p>\n<p align=\"JUSTIFY\">Tout le monde est tenu de respecter le r\u00e8glement int\u00e9rieur et le plan d\u2019organisation des secours qui sont affich\u00e9s dans le hall et au bord du bassin.<\/p>\n<p>Le ma\u00eetre-nageur est \u00e0 votre disposition pour tout renseignement concernant le fonctionnement du cours et des autres clubs de notre association.<\/p>\n<h2 align=\"JUSTIFY\"><span style=\"color: #0073aa\">Horaires<\/span><\/h2>\n<p><strong>MERCREDI de 16h00 \u00e0 16h45<\/strong><br \/>\nCLUB \u00ab\u00a0FAMILLE\u00a0\u00bb (Enfants accompagn\u00e9s)<\/p>\n<p><strong>SAMEDI de 16h00 \u00e0 16h45<\/strong><br \/>\nCLUB \u00ab\u00a0FAMILLE\u00a0\u00bb (Enfants accompagn\u00e9s)<\/p>\n<h2><span style=\"color: #0073aa\">Tarifs<\/span><\/h2>\n<p><strong>L\u2019adh\u00e9sion \u00e0 l\u2019association est obligatoire pour le club famille comme pour toutes les activit\u00e9s organis\u00e9es par l\u2019association.<\/strong><\/p>\n<p><strong>Co\u00fbt de l\u2019adh\u00e9sion : 10 \u20ac<\/strong> ( par ch\u00e8que de pr\u00e9f\u00e9rence \u00e0 l\u2019ordre de l\u2019Aquatique Club de la Gardonnenque).<\/p>\n<p align=\"JUSTIFY\">\u00c0 r\u00e9gler la premi\u00e8re fois que vous viendrez au club famille. Gratuite si d\u00e9j\u00e0 un adh\u00e9rent \u00e0 l&rsquo;un des clubs enfant ou adulte dans la famille.<\/p>\n<p align=\"JUSTIFY\">Vous remplirez et signerez aussi une fiche d\u2019inscription <a href=\"https:\/\/www.kananas.com\/associationacdelagardonnenque3123\/wp-content\/uploads\/sites\/1383\/2026\/03\/FICHE-INSCRIPTION-CLUB-FAMILLE-2026.pdf\" target=\"_blank\" rel=\"noopener\">ici t\u00e9l\u00e9charger<\/a> au club famille rappelant le r\u00e8glement de ce club. Il vous sera remis une carte d\u2019adh\u00e9sion.<\/p>\n<p align=\"JUSTIFY\">Avec cette carte, vous pourrez venir ensuite au club famille quand vous voulez le mercredi et\/ou le samedi au tarif de <strong>2\u20ac\/adulte et 1\u20ac\/enfant jusqu\u2019\u00e0 10 ans, <\/strong>pr\u00e9voir la monnaie s\u2019il vous plait.<\/p>\n<div id=\"attachment_446\" style=\"width: 1034px\" class=\"wp-caption alignnone\"><img loading=\"lazy\" decoding=\"async\" aria-describedby=\"caption-attachment-446\" class=\"cadre wp-image-446 size-full\" title=\"Club Famille de la piscine de Sauzet\" src=\"http:\/\/www.kananas.com\/associationacdelagardonnenque3123\/wp-content\/uploads\/sites\/1383\/2020\/01\/20191019_154552-1.jpg\" alt=\"\" width=\"1024\" height=\"614\" srcset=\"https:\/\/www.kananas.com\/associationacdelagardonnenque3123\/wp-content\/uploads\/sites\/1383\/2020\/01\/20191019_154552-1.jpg 1024w, https:\/\/www.kananas.com\/associationacdelagardonnenque3123\/wp-content\/uploads\/sites\/1383\/2020\/01\/20191019_154552-1-300x180.jpg 300w, https:\/\/www.kananas.com\/associationacdelagardonnenque3123\/wp-content\/uploads\/sites\/1383\/2020\/01\/20191019_154552-1-150x90.jpg 150w, https:\/\/www.kananas.com\/associationacdelagardonnenque3123\/wp-content\/uploads\/sites\/1383\/2020\/01\/20191019_154552-1-768x461.jpg 768w, https:\/\/www.kananas.com\/associationacdelagardonnenque3123\/wp-content\/uploads\/sites\/1383\/2020\/01\/20191019_154552-1-624x374.jpg 624w\" sizes=\"auto, (max-width: 1024px) 100vw, 1024px\" \/><p id=\"caption-attachment-446\" class=\"wp-caption-text\">Club famille \u00e9t\u00e9 2019<\/p><\/div>\n<p>&nbsp;<\/p>\n<p>&nbsp;<\/p>\n<p>&nbsp;<\/p>\n<p>&nbsp;<\/p>\n<p>&nbsp;<\/p>\n<p>&nbsp;<\/p>\n","protected":false},"excerpt":{"rendered":"<p>&nbsp; Fonctionnement &amp; conditions du Club Famille Le club famille est r\u00e9serv\u00e9 en priorit\u00e9 aux parents d\u2019enfants \u00e2g\u00e9s de 2 \u00e0 5 ans. Chaque enfant doit \u00eatre encadr\u00e9 par au moins un parent ou adulte responsable, qui deviendra, pendant la dur\u00e9e de ce club, l\u2019\u00e9ducateur particulier de l\u2019enfant. Chaque parent ou adulte responsable de l\u2019enfant est tenu de surveiller l\u2019enfant&#8230; <a href=\"https:\/\/www.kananas.com\/associationacdelagardonnenque3123\/club-famille\/\">Read more &raquo;<\/a><\/p>\n","protected":false},"author":1428,"featured_media":0,"parent":0,"menu_order":0,"comment_status":"closed","ping_status":"closed","template":"","meta":{"_crdt_document":"","footnotes":""},"class_list":["post-74","page","type-page","status-publish","hentry"],"_links":{"self":[{"href":"https:\/\/www.kananas.com\/associationacdelagardonnenque3123\/wp-json\/wp\/v2\/pages\/74","targetHints":{"allow":["GET"]}}],"collection":[{"href":"https:\/\/www.kananas.com\/associationacdelagardonnenque3123\/wp-json\/wp\/v2\/pages"}],"about":[{"href":"https:\/\/www.kananas.com\/associationacdelagardonnenque3123\/wp-json\/wp\/v2\/types\/page"}],"author":[{"embeddable":true,"href":"https:\/\/www.kananas.com\/associationacdelagardonnenque3123\/wp-json\/wp\/v2\/users\/1428"}],"replies":[{"embeddable":true,"href":"https:\/\/www.kananas.com\/associationacdelagardonnenque3123\/wp-json\/wp\/v2\/comments?post=74"}],"version-history":[{"count":10,"href":"https:\/\/www.kananas.com\/associationacdelagardonnenque3123\/wp-json\/wp\/v2\/pages\/74\/revisions"}],"predecessor-version":[{"id":835,"href":"https:\/\/www.kananas.com\/associationacdelagardonnenque3123\/wp-json\/wp\/v2\/pages\/74\/revisions\/835"}],"wp:attachment":[{"href":"https:\/\/www.kananas.com\/associationacdelagardonnenque3123\/wp-json\/wp\/v2\/media?parent=74"}],"curies":[{"name":"wp","href":"https:\/\/api.w.org\/{rel}","templated":true}]}}