{"id":82,"date":"2019-03-08T12:16:17","date_gmt":"2019-03-08T11:16:17","guid":{"rendered":"http:\/\/www.kananas.com\/associationacdelagardonnenque3123\/?page_id=82"},"modified":"2026-03-29T12:21:32","modified_gmt":"2026-03-29T10:21:32","slug":"tarifs","status":"publish","type":"page","link":"https:\/\/www.kananas.com\/associationacdelagardonnenque3123\/tarifs\/","title":{"rendered":"Tarifs cours &amp; attestation de natation"},"content":{"rendered":"<h1><span style=\"color: #0073aa\">Montant des inscriptions saison 2026<\/span><\/h1>\n<p><strong>Ces tarifs comprennent une adh\u00e9sion obligatoire \u00e0 l&rsquo;association, s&rsquo;\u00e9levant \u00e0 10 euros pour l&rsquo;ensemble de la saison.<\/strong><\/p>\n<p>Les ch\u00e8ques vacances, les coupons sports ANCV sont accept\u00e9s.<br \/>\nR\u00e8glement par ch\u00e8que \u00e0 l&rsquo;ordre de : Aquatique Club de la Gardonnenque.<strong><br \/>\n<\/strong><\/p>\n<h4><span style=\"color: #0085ba\"><span style=\"color: #000000\"><span style=\"font-size: 12pt\">Inscription club : Tarifs applicables pour la saison compl\u00e8te\u00a0<\/span> <\/span><\/span><\/h4>\n<p>En cas d&rsquo;ouverture diff\u00e9r\u00e9e les tarifs seront revus.<\/p>\n<table style=\"border-collapse: collapse;width: 100%\">\n<tbody>\n<tr>\n<td style=\"width: 50%;text-align: center\"><strong>\u00a0\u00a0 P\u00f4le sport<\/strong><\/td>\n<td style=\"width: 50%;text-align: center\"><strong>\u00a0 Hors p\u00f4le sport<\/strong><\/td>\n<\/tr>\n<tr>\n<td style=\"width: 50%;text-align: center\"><strong>\u00a01 cours : 135 \u20ac<br \/>\n<\/strong><\/td>\n<td style=\"width: 50%;text-align: center\"><strong>\u00a01 cours : 160 \u20ac<\/strong><\/td>\n<\/tr>\n<tr>\n<td style=\"width: 50%;text-align: center\"><strong>\u00a02\u00e8me cours :\u00a0 110 \u20ac<\/strong><\/td>\n<td style=\"width: 50%;text-align: center\"><strong>\u00a02\u00e8me cours : 130 \u20ac<\/strong><\/td>\n<\/tr>\n<\/tbody>\n<\/table>\n<p><span style=\"color: #0085ba\"><span style=\"color: #000000\">Un <strong>tarif d\u00e9gressif<\/strong> est accord\u00e9 aux membres d&rsquo;un m\u00eame foyer, r\u00e9duction de 10 \u20ac pour la deuxi\u00e8me personne, 20 \u20ac pour la troisi\u00e8me&#8230; applicable pour les inscriptions club.<\/span><br \/>\n<\/span><\/p>\n<p><strong>Pour obtenir le tarif p\u00f4le sport<\/strong>, les personnes devront pr\u00e9senter un justificatif de domicile.<\/p>\n<p><strong>Les communes adh\u00e9rentes au p\u00f4le sport\/natation <\/strong><strong>du<\/strong><span style=\"color: #0073aa\"><strong> Syndicat Mixte Leins-Gardonnenque <\/strong><\/span><strong>:<\/strong><\/p>\n<table style=\"border-collapse: collapse;width: 100%;height: 479px\">\n<tbody>\n<tr style=\"height: 26px\">\n<td style=\"height: 26px\"><strong><span style=\"font-size: 10pt\">Collorgues, <span style=\"font-family: inherit\">Fons,<\/span><span style=\"font-family: inherit\">Gajan, <\/span><span style=\"font-family: inherit\">Garrigues-Sainte-Eulalie, <\/span><span style=\"font-family: inherit\">La Rouvi\u00e8re, <\/span><span style=\"font-family: inherit\">Mauressargues, <\/span><span style=\"font-family: inherit\">Montagnac, <\/span><span style=\"font-family: inherit\">Montignargues, <\/span><span style=\"font-family: inherit\">Moul\u00e9zan, <\/span><span style=\"font-family: inherit\">Saint-Bauz\u00e9ly, <\/span><span style=\"font-family: inherit\">Saint-Geni\u00e8s-de-Malgoir\u00e8s, <\/span><span style=\"font-family: inherit\">Saint-Mamert, <\/span><span style=\"font-family: inherit\">Sauzet<\/span><\/span><\/strong><\/td>\n<\/tr>\n<tr style=\"height: 453px\">\n<td style=\"width: 100%;height: 453px\"><img decoding=\"async\" src=\"https:\/\/www.kananas.com\/associationacdelagardonnenque3123\/wp-content\/uploads\/sites\/1383\/2023\/05\/Carte-pole-sport.jpg\" \/><\/td>\n<\/tr>\n<\/tbody>\n<\/table>\n<h1><span style=\"color: #0073aa\">Attestation de natation<\/span><\/h1>\n<p>Ces attestations peuvent \u00eatre demand\u00e9es pour les centres a\u00e9r\u00e9s, les classes de mer, les colonies de vacances ou pour accompagner des sorties nautiques.<\/p>\n<p>L&rsquo;attestation de natation est d\u00e9livr\u00e9e par un ma\u00eetre-nageur sauveteur <strong>apr\u00e8s r\u00e9ussite de l&rsquo;\u00e9preuve<\/strong> par le candidat.<\/p>\n<p>Les \u00e9preuves se d\u00e9roulent<span style=\"color: #ff6600\"><strong> le jeudi entre 16h45 et 17h30 uniquement<\/strong><\/span>. Il n&rsquo;est pas n\u00e9cessaire de prendre rendez-vous.<\/p>\n<p>Merci de pr\u00e9senter une<strong> pi\u00e8ce d&rsquo;identit\u00e9<\/strong>.<\/p>\n<p><\/strong>Elle est gratuite pour les adh\u00e9rents et sera factur\u00e9e 5 \u20ac pour les personnes ext\u00e9rieures.<\/strong><\/p>\n","protected":false},"excerpt":{"rendered":"<p>Montant des inscriptions saison 2026 Ces tarifs comprennent une adh\u00e9sion obligatoire \u00e0 l&rsquo;association, s&rsquo;\u00e9levant \u00e0 10 euros pour l&rsquo;ensemble de la saison. Les ch\u00e8ques vacances, les coupons sports ANCV sont accept\u00e9s. R\u00e8glement par ch\u00e8que \u00e0 l&rsquo;ordre de : Aquatique Club de la Gardonnenque. Inscription club : Tarifs applicables pour la saison compl\u00e8te\u00a0 En cas d&rsquo;ouverture diff\u00e9r\u00e9e les tarifs seront revus&#8230;. <a href=\"https:\/\/www.kananas.com\/associationacdelagardonnenque3123\/tarifs\/\">Read more &raquo;<\/a><\/p>\n","protected":false},"author":1428,"featured_media":0,"parent":0,"menu_order":0,"comment_status":"closed","ping_status":"closed","template":"","meta":{"_crdt_document":"","footnotes":""},"class_list":["post-82","page","type-page","status-publish","hentry"],"_links":{"self":[{"href":"https:\/\/www.kananas.com\/associationacdelagardonnenque3123\/wp-json\/wp\/v2\/pages\/82","targetHints":{"allow":["GET"]}}],"collection":[{"href":"https:\/\/www.kananas.com\/associationacdelagardonnenque3123\/wp-json\/wp\/v2\/pages"}],"about":[{"href":"https:\/\/www.kananas.com\/associationacdelagardonnenque3123\/wp-json\/wp\/v2\/types\/page"}],"author":[{"embeddable":true,"href":"https:\/\/www.kananas.com\/associationacdelagardonnenque3123\/wp-json\/wp\/v2\/users\/1428"}],"replies":[{"embeddable":true,"href":"https:\/\/www.kananas.com\/associationacdelagardonnenque3123\/wp-json\/wp\/v2\/comments?post=82"}],"version-history":[{"count":9,"href":"https:\/\/www.kananas.com\/associationacdelagardonnenque3123\/wp-json\/wp\/v2\/pages\/82\/revisions"}],"predecessor-version":[{"id":837,"href":"https:\/\/www.kananas.com\/associationacdelagardonnenque3123\/wp-json\/wp\/v2\/pages\/82\/revisions\/837"}],"wp:attachment":[{"href":"https:\/\/www.kananas.com\/associationacdelagardonnenque3123\/wp-json\/wp\/v2\/media?parent=82"}],"curies":[{"name":"wp","href":"https:\/\/api.w.org\/{rel}","templated":true}]}}