{"id":85,"date":"2019-03-08T12:24:02","date_gmt":"2019-03-08T11:24:02","guid":{"rendered":"http:\/\/www.kananas.com\/associationacdelagardonnenque3123\/?page_id=85"},"modified":"2026-03-29T12:37:45","modified_gmt":"2026-03-29T10:37:45","slug":"inscriptions","status":"publish","type":"page","link":"https:\/\/www.kananas.com\/associationacdelagardonnenque3123\/inscriptions\/","title":{"rendered":"Inscriptions"},"content":{"rendered":"<h1><span style=\"color: #0073aa\">Dossier \u00e0 fournir<\/span><\/h1>\n<p><strong><span style=\"font-size: 12pt;color: #0073aa\">Pour les personnes du P\u00f4le Sport <\/span><\/strong>( voir liste des communes dans <a href=\"http:\/\/www.kananas.com\/associationacdelagardonnenque3123\/tarifs\/\">onglet tarifs<\/a>) :<\/p>\n<ul>\n<li style=\"list-style-type: none\">\n<ul>\n<li><strong>Fiche d&rsquo;adh\u00e9sion<\/strong><span style=\"color: #0073aa\"> \u00a0<a href=\"https:\/\/www.kananas.com\/associationacdelagardonnenque3123\/wp-content\/uploads\/sites\/1383\/2026\/03\/FICHE-INSCRIPTION-CLUB-2026.pdf\" target=\"_blank\" rel=\"noopener\">Ici t\u00e9l\u00e9charger<\/a><\/span><span style=\"color: #0085ba\"><br \/>\n<\/span><\/li>\n<li><strong>Paiement de la cotisation, <\/strong>voir <a href=\"https:\/\/www.kananas.com\/associationacdelagardonnenque3123\/wp-content\/uploads\/sites\/1383\/2026\/03\/TARIFS-POLE-SPORT-2026.pdf\" target=\"_blank\" rel=\"noopener\">ces tarifs<\/a> (3 ch\u00e8ques sont accept\u00e9s).<\/li>\n<li><strong>Pr\u00e9sentation d&rsquo;un justificatif de domicile.<\/strong><\/li>\n<\/ul>\n<\/li>\n<\/ul>\n<p><span style=\"color: #0073aa\"><strong><span style=\"font-size: 12pt\">Pour les personnes hors P\u00f4le Sport<\/span><\/strong><\/span><\/p>\n<ul>\n<li style=\"list-style-type: none\">\n<ul>\n<li><strong>Fiche d\u2019adh\u00e9sion <\/strong><a href=\"https:\/\/www.kananas.com\/associationacdelagardonnenque3123\/wp-content\/uploads\/sites\/1383\/2026\/03\/FICHE-INSCRIPTION-CLUB-2026.pdf\" target=\"_blank\" rel=\"noopener\">Ici t\u00e9l\u00e9charger<\/a><\/li>\n<li><strong>Le paiement de la cotisation,<\/strong> voir <a href=\"https:\/\/www.kananas.com\/associationacdelagardonnenque3123\/wp-content\/uploads\/sites\/1383\/2026\/03\/TARIFS-HORS-POLE-SPORT-2026.pdf\" target=\"_blank\" rel=\"noopener\">ces tarifs<\/a> (3 ch\u00e8ques sont accept\u00e9s).<\/li>\n<\/ul>\n<\/li>\n<\/ul>\n<p><span style=\"text-decoration: underline\">U<\/span><u>ne fiche d&rsquo;inscription par personne et par cours<\/u>, un ch\u00e8que par cours. Pensez-y pour faciliter le travail des b\u00e9n\u00e9voles !<\/p>\n<p><span style=\"color: #008080\"><strong>CLUB FAMILLE :<\/strong><\/span> tous les renseignements et la fiche \u00e0 t\u00e9l\u00e9charger sont sur la page <a href=\"https:\/\/www.kananas.com\/associationacdelagardonnenque3123\/wp-content\/uploads\/sites\/1383\/2025\/03\/fiche-inscription-club-famille-2025.pdf\" target=\"_blank\" rel=\"noopener\">CLUB FAMILLE<\/a><\/p>\n","protected":false},"excerpt":{"rendered":"<p>Dossier \u00e0 fournir Pour les personnes du P\u00f4le Sport ( voir liste des communes dans onglet tarifs) : Fiche d&rsquo;adh\u00e9sion \u00a0Ici t\u00e9l\u00e9charger Paiement de la cotisation, voir ces tarifs (3 ch\u00e8ques sont accept\u00e9s). Pr\u00e9sentation d&rsquo;un justificatif de domicile. Pour les personnes hors P\u00f4le Sport Fiche d\u2019adh\u00e9sion Ici t\u00e9l\u00e9charger Le paiement de la cotisation, voir ces tarifs (3 ch\u00e8ques sont accept\u00e9s)&#8230;. <a href=\"https:\/\/www.kananas.com\/associationacdelagardonnenque3123\/inscriptions\/\">Read more &raquo;<\/a><\/p>\n","protected":false},"author":1428,"featured_media":0,"parent":0,"menu_order":0,"comment_status":"closed","ping_status":"closed","template":"","meta":{"_crdt_document":"","footnotes":""},"class_list":["post-85","page","type-page","status-publish","hentry"],"_links":{"self":[{"href":"https:\/\/www.kananas.com\/associationacdelagardonnenque3123\/wp-json\/wp\/v2\/pages\/85","targetHints":{"allow":["GET"]}}],"collection":[{"href":"https:\/\/www.kananas.com\/associationacdelagardonnenque3123\/wp-json\/wp\/v2\/pages"}],"about":[{"href":"https:\/\/www.kananas.com\/associationacdelagardonnenque3123\/wp-json\/wp\/v2\/types\/page"}],"author":[{"embeddable":true,"href":"https:\/\/www.kananas.com\/associationacdelagardonnenque3123\/wp-json\/wp\/v2\/users\/1428"}],"replies":[{"embeddable":true,"href":"https:\/\/www.kananas.com\/associationacdelagardonnenque3123\/wp-json\/wp\/v2\/comments?post=85"}],"version-history":[{"count":9,"href":"https:\/\/www.kananas.com\/associationacdelagardonnenque3123\/wp-json\/wp\/v2\/pages\/85\/revisions"}],"predecessor-version":[{"id":843,"href":"https:\/\/www.kananas.com\/associationacdelagardonnenque3123\/wp-json\/wp\/v2\/pages\/85\/revisions\/843"}],"wp:attachment":[{"href":"https:\/\/www.kananas.com\/associationacdelagardonnenque3123\/wp-json\/wp\/v2\/media?parent=85"}],"curies":[{"name":"wp","href":"https:\/\/api.w.org\/{rel}","templated":true}]}}