{"id":103,"date":"2015-05-11T16:59:29","date_gmt":"2015-05-11T14:59:29","guid":{"rendered":"http:\/\/www.gestasso.com\/association\/associationdesludothequesfrancaises\/?page_id=103"},"modified":"2026-03-17T16:11:26","modified_gmt":"2026-03-17T15:11:26","slug":"la-fete-du-jeu","status":"publish","type":"page","link":"https:\/\/www.kananas.com\/associationdesludothequesfrancaises\/evenements\/la-fete-du-jeu\/","title":{"rendered":"F\u00eate mondiale du Jeu"},"content":{"rendered":"<p><span style=\"font-size: 12pt;color: #000000\"><span style=\"font-family: helvetica, arial, sans-serif\">Depuis 1999, l\u2019ALF organise et coordonne la F\u00eate mondiale du Jeu. Depuis 2009, cet \u00e9v\u00e9nement s\u2019inscrit dans le cadre de la journ\u00e9e mondiale <\/span><span style=\"font-family: helvetica, arial, sans-serif\">internationale du World Play Day, mise en place par l\u2019association internationale des ludoth\u00e8ques (ITLA) dont la date est fix\u00e9e au 28 mai.\u00a0<\/span><\/span><\/p>\n<p><span style=\"font-size: 12pt;color: #000000\"><span style=\"font-family: helvetica, arial, sans-serif\"><span style=\"font-weight: 400\">Jusqu\u2019\u00e0 pr\u00e9sent, afin de favoriser l\u2019accessibilit\u00e9 au public, la c\u00e9l\u00e9bration avait lieu en France le samedi le plus proche du 28 mai. Toutefois, cette p\u00e9riode \u00e9tant d\u00e9j\u00e0 particuli\u00e8rement dense en \u00e9v\u00e9nements, <strong>il est d\u00e9sormais possible d\u2019\u00e9tendre la F\u00eate Mondiale du Jeu sur une p\u00e9riode plus large, de la mi-mai \u00e0 la mi-juin.<\/strong><\/span><\/span><\/span><\/p>\n<p><span style=\"font-family: helvetica, arial, sans-serif;font-size: 12pt;color: #000000\">Cet \u00e9v\u00e9nement est l\u2019occasion pour les ludoth\u00e8ques de mettre en avant leur activit\u00e9 et leurs valeurs, en lien avec les partenaires institutionnels, associatifs et priv\u00e9s qui les partagent.<\/span><\/p>\n<p><span style=\"font-family: helvetica, arial, sans-serif;color: #000000\">Pour <\/span><span style=\"font-family: helvetica, arial, sans-serif;color: #000000\">vous accompagner dans l&rsquo;organisation de la F\u00eate du jeu, vous pouvez consulter notre <a href=\"https:\/\/app.kananas.com\/drive\/view\/doc\/MTcwMC9kb2N1bWVudHMvRXZlbmVtZW50cy1sdWRpcXVlcy9HdWlkZS1GTUoucGRm?fbclid=IwY2xjawQmTQtleHRuA2FlbQIxMABicmlkETBUdDNQRlh1RjNJWVY0aEh2c3J0YwZhcHBfaWQQMjIyMDM5MTc4ODIwMDg5MgABHvwuaTRxYPl3PZLn8geJKGlUjL79gZ0j2rAuapX7LR-yOTIXhXbKozH02uoD_aem_72nsqSxD0afr85PISpkF-g\"><span style=\"font-family: helvetica, arial, sans-serif\"><span style=\"color: #5fa781\">Guide<\/span><\/span><\/a><\/span><\/p>\n<hr \/>\n<p><span style=\"font-size: 18pt;color: #ff0000\"><span style=\"font-family: helvetica, arial, sans-serif\"><span style=\"font-size: 12pt;color: #000000\">\u00a0<\/span><span style=\"color: #ff0000;font-size: 18pt\">La F\u00eate mondiale du Jeu 2026<\/span><\/span><\/span><\/p>\n<p><span style=\"font-family: helvetica, arial, sans-serif;color: #000000\">Comme tous les ans, les adh\u00e9rent\u00b7es \u00e0 l&rsquo;ALF peuvent commander l\u2019affiche imprim\u00e9e en format A3. <span style=\"text-decoration: underline\">La commande est ouverte du 6 f\u00e9vrier jusqu\u2019au 8 mars inclus<\/span>.<br \/>\nVous pouvez choisir de la t\u00e9l\u00e9charger et de l\u2019imprimer vous m\u00eame. Le logos et les personnages de l&rsquo;affiche sont \u00e9galement disponibles en t\u00e9l\u00e9chargement.<\/span><\/p>\n<p style=\"text-align: center\"><span style=\"font-family: helvetica, arial, sans-serif;color: #000000\"><strong>Pour <\/strong><\/span><span style=\"font-family: helvetica, arial, sans-serif;color: #000000\"><strong>que vos actions apparaissent sur la carte de France de la F\u00eate Mondiale du Jeu, merci de remplir <a href=\"https:\/\/framaforms.org\/fete-mondiale-du-jeu-2026-1768918408\"><span style=\"font-family: helvetica, arial, sans-serif\"><span style=\"color: #5fa781\">ce formulaire<\/span><\/span><\/a><\/strong><\/span><\/p>\n<p>&nbsp;<\/p>\n<p><span style=\"font-family: helvetica, arial, sans-serif;color: #000000\">L\u2019affiche comporte un espace libre pour que vous puissiez ajouter vos propres partenaires.<br \/>\n<\/span><span style=\"font-family: helvetica, arial, sans-serif;color: #000000\">De m\u00eame, un espace libre vous permet de pr\u00e9ciser\u00a0la date choisie pour votre F\u00eate du Jeu.<\/span><\/p>\n<p><span style=\"font-family: helvetica, arial, sans-serif\"><span style=\"font-size: 14pt\"><div class=\"su-row\"><div class=\"su-column su-column-size-1-2\"><div class=\"su-column-inner su-u-clearfix su-u-trim\"><\/span><\/span><\/p>\n<p style=\"text-align: center\"><span style=\"font-family: helvetica, arial, sans-serif\">Pour vous aider \u00e0 compl\u00e9ter votre affiche<\/span><\/p>\n<p><a href=\"https:\/\/www.kananas.com\/associationdesludothequesfrancaises\/wp-content\/uploads\/sites\/482\/2026\/02\/AFF_FMDJ_demo.png\"><img loading=\"lazy\" decoding=\"async\" class=\"wp-image-6315 aligncenter\" src=\"https:\/\/www.kananas.com\/associationdesludothequesfrancaises\/wp-content\/uploads\/sites\/482\/2026\/02\/AFF_FMDJ_demo-199x300.png\" alt=\"\" width=\"413\" height=\"623\" srcset=\"https:\/\/www.kananas.com\/associationdesludothequesfrancaises\/wp-content\/uploads\/sites\/482\/2026\/02\/AFF_FMDJ_demo-199x300.png 199w, https:\/\/www.kananas.com\/associationdesludothequesfrancaises\/wp-content\/uploads\/sites\/482\/2026\/02\/AFF_FMDJ_demo-680x1024.png 680w, https:\/\/www.kananas.com\/associationdesludothequesfrancaises\/wp-content\/uploads\/sites\/482\/2026\/02\/AFF_FMDJ_demo-768x1156.png 768w, https:\/\/www.kananas.com\/associationdesludothequesfrancaises\/wp-content\/uploads\/sites\/482\/2026\/02\/AFF_FMDJ_demo-1020x1536.png 1020w, https:\/\/www.kananas.com\/associationdesludothequesfrancaises\/wp-content\/uploads\/sites\/482\/2026\/02\/AFF_FMDJ_demo-50x75.png 50w, https:\/\/www.kananas.com\/associationdesludothequesfrancaises\/wp-content\/uploads\/sites\/482\/2026\/02\/AFF_FMDJ_demo-271x408.png 271w, https:\/\/www.kananas.com\/associationdesludothequesfrancaises\/wp-content\/uploads\/sites\/482\/2026\/02\/AFF_FMDJ_demo.png 1064w\" sizes=\"auto, (max-width: 413px) 100vw, 413px\" \/><\/a><\/p>\n<p><span style=\"font-family: helvetica, arial, sans-serif\"><span style=\"font-size: 14pt\"><span style=\"font-family: helvetica, arial, sans-serif;font-size: 14pt\"><\/div><\/div> <div class=\"su-column su-column-size-1-2\"><div class=\"su-column-inner su-u-clearfix su-u-trim\"><\/span><\/span><\/span><\/p>\n<p><span style=\"font-family: helvetica, arial, sans-serif;color: #000000\">T\u00e9l\u00e9charger l&rsquo;affiche dat\u00e9e en mai :<a href=\"https:\/\/drive.google.com\/file\/d\/1JpzyMCy70PeIn2R_N8Y9MqQNDQUSAbZ3\/view?usp=drive_link\"><span style=\"font-family: helvetica, arial, sans-serif\"><span style=\"color: #5fa781\">PDF HD<\/span><\/span><\/a>\u00a0<\/span><\/p>\n<p><span style=\"font-family: helvetica, arial, sans-serif;color: #000000\">T\u00e9l\u00e9charger l&rsquo;affiche dat\u00e9e en juin : <a href=\"https:\/\/drive.google.com\/file\/d\/1GtJuCeL1yWGR2wbW21hN_HgZpYQPMMgP\/view?usp=drive_link\"><span style=\"font-family: helvetica, arial, sans-serif\"><span style=\"color: #5fa781\">PDF HD<\/span><\/span><\/a><\/span><\/p>\n<p><span style=\"font-family: helvetica, arial, sans-serif;color: #000000\">T\u00e9l\u00e9charger l&rsquo;illustration simple : <a href=\"https:\/\/drive.google.com\/file\/d\/1g4Fpr1whc0Wnhohc7GMS89zjrRKvUeS3\/view?usp=sharing\"><span style=\"font-family: helvetica, arial, sans-serif\"><span style=\"color: #5fa781\">PDF HD<\/span><\/span><\/a><\/span><\/p>\n<p><span style=\"font-family: helvetica, arial, sans-serif;color: #000000\">T\u00e9l\u00e9charger les \u00e9l\u00e9ments graphiques :<\/span><br \/>\n<span style=\"font-family: helvetica, arial, sans-serif;color: #000000\">\u00a0 \u00a0 Logo : <a href=\"https:\/\/backoffice.kananas.com\/drive.php?doc=MTcwMC9kb2N1bWVudHMvRG9jdW1lbnRzLW9mZmljaWVscy1uYXRpb25hbC9BTEYtbG9nby5qcGc=\"><span style=\"font-family: helvetica, arial, sans-serif\"><span style=\"color: #5fa781\">ALF<\/span><\/span><\/a> \/ <a href=\"https:\/\/backoffice.kananas.com\/drive.php?doc=MTcwMC9kb2N1bWVudHMvRXZlbmVtZW50cy1sdWRpcXVlcy9GTUotMjAyNi9GTURKLUxvZ28ucG5n\"><span style=\"font-family: helvetica, arial, sans-serif\"><span style=\"color: #5fa781\">F\u00eate Mondiale du Jeu<\/span><\/span><\/a><\/span><br \/>\n<span style=\"font-family: helvetica, arial, sans-serif;color: #000000\">\u00a0 \u00a0 Personnages : <a href=\"https:\/\/backoffice.kananas.com\/drive.php?doc=MTcwMC9kb2N1bWVudHMvRXZlbmVtZW50cy1sdWRpcXVlcy9GTUotMjAyNi9BRkYtRk1ESi1wZXJzb25uYWdlcy5wbmc=\"><span style=\"font-family: helvetica, arial, sans-serif\"><span style=\"color: #5fa781\">PNG<\/span><\/span><\/a><\/span><\/p>\n<p><span style=\"font-family: helvetica, arial, sans-serif\"><\/div><\/div><\/div><\/span><\/p>\n\n<!-- iframe plugin v.6.0 wordpress.org\/plugins\/iframe\/ -->\n<iframe loading=\"lazy\" style=\"width: 100%; height: 800; border: 0;\" 0=\"allowfullscreen\" allow=\"geolocation\" src=\"\/\/framacarte.org\/fr\/map\/carte-fmj-2026_226882?scaleControl=false&#038;miniMap=false&#038;scrollWheelZoom=false&#038;zoomControl=true&#038;editMode=disabled&#038;moreControl=true&#038;searchControl=null&#038;tilelayersControl=null&#038;embedControl=null&#038;datalayersControl=true&#038;onLoadPanel=none&#038;captionBar=false&#038;captionMenus=true#3\/28.84\/-1.76\" width=\"100%\" height=\"500\" scrolling=\"yes\" class=\"iframe-class\" frameborder=\"0\"><\/iframe>\n\n<p><a href=\"\/\/framacarte.org\/fr\/map\/carte-fmj-2026_226882?scaleControl=false&amp;miniMap=true&amp;scrollWheelZoom=true&amp;zoomControl=true&amp;editMode=disabled&amp;moreControl=true&amp;searchControl=null&amp;tilelayersControl=null&amp;embedControl=true&amp;datalayersControl=true&amp;onLoadPanel=none&amp;captionBar=false&amp;captionMenus=true&amp;homeControl=false\">Voir en plein \u00e9cran<\/a><\/p>\n<div><\/div>\n<div><\/div>\n<hr \/>\n<p><span style=\"font-family: helvetica, arial, sans-serif;font-size: 18pt;color: #ff0000\">La charte de la F\u00eate mondiale du Jeu<br \/>\n<\/span><\/p>\n<p><span style=\"font-family: helvetica, arial, sans-serif;color: #000000\">La F\u00eate mondiale du Jeu est la d\u00e9clinaison fran\u00e7aise du <em>World Play Day<\/em>, coordonn\u00e9e par l\u2019Association des Ludoth\u00e8ques Fran\u00e7aises. A cette occasion, des actions ont lieu sur tout le territoire pour donner \u00e0 toutes et tous l\u2019envie et la possibilit\u00e9 de jouer.<br \/>\n<\/span><span style=\"font-family: helvetica, arial, sans-serif;color: #000000\">C\u2019est aussi un moment propice aux ludoth\u00e9caires pour mettre en valeur leur activit\u00e9 et d\u2019\u0153uvrer \u00e0 la visibilit\u00e9 des ludoth\u00e8ques, en organisant une manifestation con\u00e7ue en accord avec les <strong>valeurs port\u00e9es par l\u2019ALF<\/strong> :<\/span><\/p>\n<p style=\"padding-left: 40px\"><span style=\"font-family: helvetica, arial, sans-serif;color: #000000\"><strong>Le jeu est libre<\/strong> : c\u2019est la personne qui joue qui choisit si elle veut jouer, \u00e0 quoi elle veut jouer et comment elle joue ;<\/span><\/p>\n<p style=\"padding-left: 40px\"><span style=\"font-family: helvetica, arial, sans-serif;color: #000000\"><strong>Le jeu est d\u00e9sint\u00e9ress\u00e9<\/strong> : on joue pour jouer, et non pour gagner quelque chose, ou dans une vis\u00e9e didactique ou publicitaire ;<\/span><\/p>\n<p style=\"padding-left: 40px\"><span style=\"font-family: helvetica, arial, sans-serif;color: #000000\"><strong>La f\u00eate du jeu est accessible \u00e0 toutes et \u00e0 tous<\/strong> : l\u2019acc\u00e8s au jeu est gratuit et ouvert \u00e0 toutes et \u00e0 tous, sans distinction ni discrimination ;<\/span><\/p>\n<p style=\"padding-left: 40px\"><span style=\"color: #000000\"><span style=\"font-family: helvetica, arial, sans-serif\"><strong>La f\u00eate du jeu propose toutes sortes de jeux<\/strong> : qu\u2019ils soient d\u2019exercice, symbolique, d\u2019assemblage ou de r\u00e8gles, traditionnels ou contemporains, d\u2019ici ou d\u2019ailleurs, en bois ou sur \u00e9cran. <\/span><span style=\"font-weight: 400;font-family: helvetica, arial, sans-serif\">Tous les jeux respectueux de nos valeurs ont leur place dans cet \u00e9v\u00e9nement (sont donc exclus notamment les jeux d\u2019argent, dangereux ou utilitaristes).<\/span><\/span><\/p>\n<p><span style=\"font-family: helvetica, arial, sans-serif;color: #000000\">Dans le cadre de cet \u00e9v\u00e9nement, l\u2019ALF coordonne et recense les diff\u00e9rentes activit\u00e9s propos\u00e9es par les ludoth\u00e8ques, afin d\u2019en am\u00e9liorer la visibilit\u00e9 aupr\u00e8s des m\u00e9dias et des partenaires institutionnels. Elle propose \u00e9galement des supports visuels afin d\u2019accompagner les ludoth\u00e8ques dans la communication de cet \u00e9v\u00e9nement phare.\u00a0<\/span><\/p>\n<p><span style=\"font-family: helvetica, arial, sans-serif;color: #000000\">Si vous souhaitez y participer, merci de contacter l\u2019ALF : com.reseau@alf-ludotheques.org<\/span><\/p>\n<p>&nbsp;<\/p>\n<p><span style=\"font-family: helvetica, arial, sans-serif;color: #ff0000;font-size: 18pt\">Intentions<\/span><\/p>\n<p><span style=\"font-family: helvetica, arial, sans-serif;color: #000000\">Le premier objectif de la F\u00eate mondiale du Jeu est de <strong>permettre \u00e0 chacun et \u00e0 chacune de jouer,<\/strong> quel que soit son \u00e2ge ou sa condition.<\/span><\/p>\n<p><span style=\"font-family: helvetica, arial, sans-serif;color: #000000\">Mais elle a aussi pour but de :<\/span><\/p>\n<p style=\"padding-left: 40px\"><span style=\"font-family: helvetica, arial, sans-serif;color: #000000\">rassembler les ludoth\u00e8ques autour d\u2019un \u00e9v\u00e9nement commun ;<\/span><\/p>\n<p style=\"padding-left: 40px\"><span style=\"font-family: helvetica, arial, sans-serif;color: #000000\">mettre en lumi\u00e8re le r\u00f4le positif du jeu dans la cr\u00e9ation de liens entre les personnes ;<\/span><\/p>\n<p style=\"padding-left: 40px\"><span style=\"font-family: helvetica, arial, sans-serif;color: #000000\">montrer combien le jeu contribue au bien-\u00eatre, collectif comme individuel, stimule la coop\u00e9ration, la convivialit\u00e9 et la solidarit\u00e9 ;<\/span><\/p>\n<p style=\"padding-left: 40px\"><span style=\"font-family: helvetica, arial, sans-serif;color: #000000\">rappeler que le jeu est un droit inali\u00e9nable des enfants et essentiel \u00e0 leur d\u00e9veloppement.<\/span><\/p>\n<p>&nbsp;<\/p>\n<p>&nbsp;<\/p>\n<p><span style=\"font-family: helvetica, arial, sans-serif;color: #ff0000;font-size: 18pt\">Conditions et engagements<\/span><\/p>\n<p><span style=\"font-family: helvetica, arial, sans-serif;color: #000000\">Pour inscrire une action dans le cadre de la F\u00eate mondiale du Jeu, il est n\u00e9cessaire de remplir les conditions suivantes :<\/span><\/p>\n<p style=\"padding-left: 40px\"><span style=\"font-family: helvetica, arial, sans-serif;color: #000000\">respect de la pr\u00e9sente Charte ;<\/span><\/p>\n<p style=\"padding-left: 40px\"><span style=\"font-family: helvetica, arial, sans-serif;color: #000000\">compl\u00e9ter le formulaire d\u2019information afin de remplir la carte des initiatives ;<\/span><\/p>\n<p style=\"padding-left: 40px\"><span style=\"font-family: helvetica, arial, sans-serif;color: #000000\">utiliser les supports de communication de l\u2019ALF (ou apparition du logo de l\u2019ALF sur les supports de communication propres) ;<\/span><\/p>\n<p style=\"padding-left: 40px\"><span style=\"font-family: helvetica, arial, sans-serif;color: #000000\">compl\u00e9ter le questionnaire post \u00e9v\u00e9nement. Cela permet de valoriser l\u2019action \u00e0 partir de donn\u00e9es r\u00e9elles et concr\u00e8tes et d\u2019en \u00e9valuer la port\u00e9e \u00e0 l\u2019\u00e9chelle nationale.<\/span><\/p>\n<p>&nbsp;<\/p>\n<p style=\"text-align: center\"><a href=\"https:\/\/backoffice.kananas.com\/drive.php?doc=MTcwMC9kb2N1bWVudHMvRXZlbmVtZW50cy1sdWRpcXVlcy9DaGFydGUtZGUtbGEtRmV0ZS1Nb25kaWFsZS1kdS1KZXUucGRm\"><span style=\"font-family: helvetica, arial, sans-serif\"><span style=\"color: #5fa781\">T\u00e9l\u00e9charger la charte au format PDF<\/span><\/span><\/a><\/p>\n<p>&nbsp;<\/p>\n","protected":false},"excerpt":{"rendered":"<p>Depuis 1999, l\u2019ALF organise et coordonne la F\u00eate mondiale du Jeu. Depuis 2009, cet \u00e9v\u00e9nement s\u2019inscrit dans le cadre de la journ\u00e9e mondiale internationale du World Play Day, mise en place par l\u2019association internationale des ludoth\u00e8ques (ITLA) dont la date est fix\u00e9e au 28 mai.\u00a0 Jusqu\u2019\u00e0 pr\u00e9sent, afin de favoriser l\u2019accessibilit\u00e9 au public, la c\u00e9l\u00e9bration<\/p>\n","protected":false},"author":493,"featured_media":0,"parent":4886,"menu_order":0,"comment_status":"closed","ping_status":"closed","template":"","meta":{"_crdt_document":"","footnotes":""},"class_list":["post-103","page","type-page","status-publish","hentry"],"_links":{"self":[{"href":"https:\/\/www.kananas.com\/associationdesludothequesfrancaises\/wp-json\/wp\/v2\/pages\/103","targetHints":{"allow":["GET"]}}],"collection":[{"href":"https:\/\/www.kananas.com\/associationdesludothequesfrancaises\/wp-json\/wp\/v2\/pages"}],"about":[{"href":"https:\/\/www.kananas.com\/associationdesludothequesfrancaises\/wp-json\/wp\/v2\/types\/page"}],"author":[{"embeddable":true,"href":"https:\/\/www.kananas.com\/associationdesludothequesfrancaises\/wp-json\/wp\/v2\/users\/493"}],"replies":[{"embeddable":true,"href":"https:\/\/www.kananas.com\/associationdesludothequesfrancaises\/wp-json\/wp\/v2\/comments?post=103"}],"version-history":[{"count":10,"href":"https:\/\/www.kananas.com\/associationdesludothequesfrancaises\/wp-json\/wp\/v2\/pages\/103\/revisions"}],"predecessor-version":[{"id":6379,"href":"https:\/\/www.kananas.com\/associationdesludothequesfrancaises\/wp-json\/wp\/v2\/pages\/103\/revisions\/6379"}],"up":[{"embeddable":true,"href":"https:\/\/www.kananas.com\/associationdesludothequesfrancaises\/wp-json\/wp\/v2\/pages\/4886"}],"wp:attachment":[{"href":"https:\/\/www.kananas.com\/associationdesludothequesfrancaises\/wp-json\/wp\/v2\/media?parent=103"}],"curies":[{"name":"wp","href":"https:\/\/api.w.org\/{rel}","templated":true}]}}