{"id":1237,"date":"2015-10-23T09:51:57","date_gmt":"2015-10-23T08:51:57","guid":{"rendered":"http:\/\/www.gestasso.com\/association\/associationdesludothequesfrancaises\/?page_id=1237"},"modified":"2020-07-31T11:34:35","modified_gmt":"2020-07-31T09:34:35","slug":"bibliographie-ludique","status":"publish","type":"page","link":"https:\/\/www.kananas.com\/associationdesludothequesfrancaises\/bibliographie-ludique\/","title":{"rendered":"Documentation"},"content":{"rendered":"<p><span style=\"font-size: 18pt;color: #ff0000;font-family: helvetica, arial, sans-serif\"><span style=\"font-size: 12pt;color: #000000\"> [column size=\u00a0\u00bb2\/3&Prime; center=\u00a0\u00bbno\u00a0\u00bb]<span style=\"font-size: 18pt;color: #ff0000\">Ludoth\u00e8ques et m\u00e9tier de ludoth\u00e9caire<\/span><br \/>\n<\/span><\/span><\/p>\n<ul>\n<li><span style=\"font-family: helvetica, arial, sans-serif;font-size: 14pt\"><a href=\"https:\/\/backoffice.kananas.com\/drive.php?doc=MTcwMC9kb2N1bWVudHMvRG9jcy1yZXNzb3VyY2VzL0xpdnJldC1Qb3J0ZXVycy1kZS1wcm9qZXQtMjAxOS5wZGY=\">Livret \u00ab\u00a0Porter un projet de cr\u00e9ation de ludoth\u00e8que\u00a0\u00bb (2019)<\/a><\/span><\/li>\n<li><a href=\"https:\/\/backoffice.kananas.com\/drive.php?doc=MTcwMC9kb2N1bWVudHMvRG9jcy1yZXNzb3VyY2VzL0lUTEEtQ29uZmVyZW5jZS0yMDE3LnBkZg==\"><span style=\"font-family: helvetica, arial, sans-serif;font-size: 14pt\">Congr\u00e8s 2017 de l&rsquo;ITLA (2017)<\/span><\/a><\/li>\n<li><a href=\"https:\/\/backoffice.kananas.com\/drive.php?doc=MTcwMC9kb2N1bWVudHMvRG9jdW1lbnRzLW9mZmljaWVscy1uYXRpb25hbC9Eb2N1bWVudHMtZGUtYmFzZS1BTEYvUHJvamV0LXBvbGl0aXF1ZS5wZGY=\"><span style=\"font-family: helvetica, arial, sans-serif;font-size: 14pt\">Projet politique de l&rsquo;ALF (2015)<\/span><\/a><\/li>\n<li><span style=\"font-family: helvetica, arial, sans-serif;font-size: 14pt\"><a href=\"https:\/\/backoffice.kananas.com\/drive.php?doc=MTcwMC9kb2N1bWVudHMvRG9jdW1lbnRzLW9mZmljaWVscy1uYXRpb25hbC9Eb2N1bWVudHMtZGUtYmFzZS1BTEYvRmljaGUtbWV0aWVyLUx1ZG90aGVjYWlyZS5wZGY=\">Fiche-m\u00e9tier ludoth\u00e9caire (2012)<\/a><\/span><\/li>\n<li><span style=\"font-family: helvetica, arial, sans-serif;font-size: 14pt\"><a href=\"https:\/\/backoffice.kananas.com\/drive.php?doc=MTcwMC9kb2N1bWVudHMvRG9jdW1lbnRzLW9mZmljaWVscy1uYXRpb25hbC9Eb2N1bWVudHMtZGUtYmFzZS1BTEYvUmVnbGVtZW50YXRpb24tbHVkb3RoZXF1ZXMucGRm\">La r\u00e9glementation applicable aux ludoth\u00e8ques (2006)<\/a><\/span><\/li>\n<li><span style=\"font-family: helvetica, arial, sans-serif;font-size: 14pt\"><a href=\"https:\/\/backoffice.kananas.com\/drive.php?doc=MTcwMC9kb2N1bWVudHMvRG9jdW1lbnRzLW9mZmljaWVscy1uYXRpb25hbC9Eb2N1bWVudHMtZGUtYmFzZS1BTEYvUmVwZXJlcy1BVklTRS5wZGY=\">Guide de l&rsquo;Avise (2005)<\/a><\/span><\/li>\n<li><span style=\"color: #000000;font-family: helvetica, arial, sans-serif;font-size: 14pt\"><a href=\"https:\/\/backoffice.kananas.com\/drive.php?doc=MTcwMC9kb2N1bWVudHMvRG9jdW1lbnRzLW9mZmljaWVscy1uYXRpb25hbC9Eb2N1bWVudHMtZGUtYmFzZS1BTEYvQ2hhcnRlLXF1YWxpdGUtQUxGLnBkZg==\">Charte de qualit\u00e9 des ludoth\u00e8ques fran\u00e7aises (2003)<\/a><\/span><\/li>\n<\/ul>\n<p><span style=\"font-size: 18pt;color: #ff0000;font-family: helvetica, arial, sans-serif\">Universit\u00e9s d&rsquo;\u00e9t\u00e9<\/span><\/p>\n<ul>\n<li><span style=\"font-family: helvetica, arial, sans-serif;font-size: 14pt\"><a href=\"https:\/\/backoffice.kananas.com\/drive.php?doc=MTcwMC9kb2N1bWVudHMvRm9ybWF0aW9ucy9BY3Rlcy1VRS1BTEYtMjAxOS5wZGY=\">2019 : \u00ab La ludoth\u00e8que, au carrefour des m\u00e9diations \u00bb<\/a> <span style=\"color: #ff0000\"><strong>*Nouveau<\/strong><\/span><\/span><\/li>\n<li><a href=\"https:\/\/backoffice.kananas.com\/drive.php?doc=MTcwMC9kb2N1bWVudHMvRm9ybWF0aW9ucy9BY3Rlcy1VRS0yMDE4LnBkZg==\"><span style=\"font-family: helvetica, arial, sans-serif;font-size: 14pt\">2018 : \u00ab Ludoth\u00e9caire : les mots pour le dire \u00bb<\/span><\/a><\/li>\n<li><a href=\"https:\/\/backoffice.kananas.com\/drive.php?doc=MTcwMC9kb2N1bWVudHMvRm9ybWF0aW9ucy9BY3Rlcy1VRS0yMDE3LnBkZg==\"><span style=\"font-family: helvetica, arial, sans-serif;font-size: 14pt\">2017 : \u00ab Les effets induits du jeu en ludoth\u00e8que \u00bb<\/span><\/a><\/li>\n<li><span style=\"font-family: helvetica, arial, sans-serif;font-size: 14pt\"><a href=\"https:\/\/backoffice.kananas.com\/drive.php?doc=MTcwMC9kb2N1bWVudHMvRm9ybWF0aW9ucy8yMDE2L0FMRi1VRXRlMjAxNi1BQ1RFUy5wZGY=\">2016 : \u00ab Le jeu e(s)t culture \u00bb<\/a><\/span><\/li>\n<li><span style=\"font-family: helvetica, arial, sans-serif;font-size: 14pt\"><a href=\"https:\/\/backoffice.kananas.com\/drive.php?doc=MTcwMC9kb2N1bWVudHMvRm9ybWF0aW9ucy8zSi0yMDE1L0FMRi0zSjIwMTUtQUNURVMtZG9jeC5wZGY=\">2015 : \u00ab L&rsquo;enjeu du r\u00e9seau \u00bb<\/a><\/span><\/li>\n<li><span style=\"font-family: helvetica, arial, sans-serif;font-size: 14pt\"><a href=\"https:\/\/backoffice.kananas.com\/drive.php?doc=MTcwMC9kb2N1bWVudHMvRm9ybWF0aW9ucy8zSi0yMDE0L0FjdGVzM0oucGRm\">2014 : Actes des 3 jours des ludoth\u00e8ques<\/a><\/span><\/li>\n<\/ul>\n<p><span style=\"font-size: 18pt;color: #ff0000;font-family: helvetica, arial, sans-serif\">Le jeu et les jeux<\/span><\/p>\n<ul>\n<li><span style=\"font-family: helvetica, arial, sans-serif;font-size: 14pt\"><a href=\"https:\/\/backoffice.kananas.com\/drive.php?doc=MTcwMC9kb2N1bWVudHMvRG9jcy1yZXNzb3VyY2VzL1Nvbi10cmF2YWlsLWMtZXN0LWxlLWpldS5wZGY=\">Son travail, c&rsquo;est le jeu : des pistes pour favoriser le jeu de votre enfant (2020)<\/a> <span style=\"color: #ff0000\"><strong>*Nouveau<\/strong><\/span><\/span><\/li>\n<li><span style=\"font-family: helvetica, arial, sans-serif;font-size: 14pt\"><a href=\"https:\/\/backoffice.kananas.com\/drive.php?doc=MTcwMC9kb2N1bWVudHMvRG9jdW1lbnRzLW9mZmljaWVscy1uYXRpb25hbC9MZS1qZXUtY29tbWUtYWN0aXZpdGUtbGlicmUtMjAyMC5wZGY=\">Livret ALF : Le jeu comme activit\u00e9 libre (2020)<\/a> <span style=\"color: #ff0000\"><strong>*Nouveau<\/strong><\/span><\/span><\/li>\n<li><span style=\"font-family: helvetica, arial, sans-serif;font-size: 14pt\"><a href=\"https:\/\/backoffice.gestasso.com\/drive.php?doc=13946\/documents\/Bibliographie-ludique\/Jeux-videos\/Les-pratiques-de-consommation-de-jeux-video-des-Francais-002.pdf\" target=\"_blank\" rel=\"noopener noreferrer\">Les pratiques de consommation de jeux vid\u00e9o des fran\u00e7ais, CNC, Ifop, octobre 2015.<\/a><\/span><\/li>\n<li><a href=\"https:\/\/backoffice.kananas.com\/drive.php?doc=MTcwMC9kb2N1bWVudHMvRG9jcy1yZXNzb3VyY2VzL0VsZW1lbnRzLWRlLWJpYmxpb2dyYXBoaWUucGRm\"><span style=\"font-size: 14pt\"><span style=\"font-family: helvetica, arial, sans-serif\">Bibliographie non exhaustive<\/span><\/span><\/a><\/li>\n<\/ul>\n<p><span style=\"font-family: helvetica, arial, sans-serif\"><span style=\"font-size: 14pt\">D&rsquo;autres documents sont disponibles pour les adh\u00e9rents sur le <a href=\"http:\/\/alf-ludotheques.forumactif.com\/\">forum pro<\/a>. <\/span><\/span><span style=\"font-family: helvetica, arial, sans-serif;font-size: 18pt;color: #ff0000\"><span style=\"font-size: 14pt;color: #000000\">[\/column]<\/span><\/span><\/p>\n<p><span style=\"font-family: helvetica, arial, sans-serif;font-size: 18pt;color: #ff0000\">Sitographie<br \/>\n<\/span><span style=\"font-family: helvetica, arial, sans-serif;font-size: 18pt\"><a href=\"http:\/\/www.kananas.com\/associationdesludothequesfrancaises\/sitographie\/\"><span style=\"font-size: 14pt\">Les sites ressources r\u00e9f\u00e9renc\u00e9s par l&rsquo;ALF.<\/span><\/a><\/span><\/p>\n<p>&nbsp;<\/p>\n<p>&nbsp;<\/p>\n<p>&nbsp;<\/p>\n<p>&nbsp;<\/p>\n<p>&nbsp;<\/p>\n<p>&nbsp;<\/p>\n<p>&nbsp;<\/p>\n<p>&nbsp;<\/p>\n<p>&nbsp;<\/p>\n<p>&nbsp;<\/p>\n<p>&nbsp;<\/p>\n<p>&nbsp;<\/p>\n<p>&nbsp;<\/p>\n<p>&nbsp;<\/p>\n<p>&nbsp;<\/p>\n<p>&nbsp;<\/p>\n<p>&nbsp;<\/p>\n<p>&nbsp;<\/p>\n<p><span style=\"font-family: helvetica, arial, sans-serif;font-size: 18pt;color: #ff0000\">Vid\u00e9os<\/span><\/p>\n<p><span style=\"font-family: helvetica, arial, sans-serif\">L&rsquo;ALF invit\u00e9e par le Bureau des m\u00e9thodes du Cnajep, 2019 : <\/span><\/p>\n[youtube url=\u00a0\u00bbhttps:\/\/www.youtube.com\/watch?v=_B2SZqGZ1vM&amp;feature=youtu.be\u00a0\u00bb width=\u00a0\u00bb300&Prime; height=\u00a0\u00bb280&Prime; mute=\u00a0\u00bbno\u00a0\u00bb]\n<p><span style=\"font-family: helvetica, arial, sans-serif\">Conf&rsquo;errance \u00ab Tout ce que le jeu nous fait \u00bb, Festival de Parthenay, 2017 :<\/span><\/p>\n[youtube url=\u00a0\u00bbhttps:\/\/www.youtube.com\/embed\/_XX70gH_lWM\u00a0\u00bb]\n<p><span style=\"font-family: helvetica, arial, sans-serif\">Conf\u00e9rence \u00ab L\u2019appropriation des jeux par un public s\u00e9nior. Quelles adaptations ? \u00bb, Festival de Parthenay, 2016 :<\/span><\/p>\n[youtube url=\u00a0\u00bbhttps:\/\/www.youtube.com\/watch?v=LFd3VBRIrhY\u00a0\u00bb width=\u00a0\u00bb300&Prime; height=\u00a0\u00bb280&Prime;]\n","protected":false},"excerpt":{"rendered":"<p>[column size=\u00a0\u00bb2\/3&Prime; center=\u00a0\u00bbno\u00a0\u00bb]Ludoth\u00e8ques et m\u00e9tier de ludoth\u00e9caire Livret \u00ab\u00a0Porter un projet de cr\u00e9ation de ludoth\u00e8que\u00a0\u00bb (2019) Congr\u00e8s 2017 de l&rsquo;ITLA (2017) Projet politique de l&rsquo;ALF (2015) Fiche-m\u00e9tier ludoth\u00e9caire (2012) La r\u00e9glementation applicable aux ludoth\u00e8ques (2006) Guide de l&rsquo;Avise (2005) Charte de qualit\u00e9 des ludoth\u00e8ques fran\u00e7aises (2003) Universit\u00e9s d&rsquo;\u00e9t\u00e9 2019 : \u00ab La ludoth\u00e8que, au carrefour<\/p>\n","protected":false},"author":493,"featured_media":0,"parent":0,"menu_order":0,"comment_status":"closed","ping_status":"closed","template":"","meta":{"_crdt_document":"","footnotes":""},"class_list":["post-1237","page","type-page","status-publish","hentry"],"_links":{"self":[{"href":"https:\/\/www.kananas.com\/associationdesludothequesfrancaises\/wp-json\/wp\/v2\/pages\/1237","targetHints":{"allow":["GET"]}}],"collection":[{"href":"https:\/\/www.kananas.com\/associationdesludothequesfrancaises\/wp-json\/wp\/v2\/pages"}],"about":[{"href":"https:\/\/www.kananas.com\/associationdesludothequesfrancaises\/wp-json\/wp\/v2\/types\/page"}],"author":[{"embeddable":true,"href":"https:\/\/www.kananas.com\/associationdesludothequesfrancaises\/wp-json\/wp\/v2\/users\/493"}],"replies":[{"embeddable":true,"href":"https:\/\/www.kananas.com\/associationdesludothequesfrancaises\/wp-json\/wp\/v2\/comments?post=1237"}],"version-history":[{"count":28,"href":"https:\/\/www.kananas.com\/associationdesludothequesfrancaises\/wp-json\/wp\/v2\/pages\/1237\/revisions"}],"predecessor-version":[{"id":2594,"href":"https:\/\/www.kananas.com\/associationdesludothequesfrancaises\/wp-json\/wp\/v2\/pages\/1237\/revisions\/2594"}],"wp:attachment":[{"href":"https:\/\/www.kananas.com\/associationdesludothequesfrancaises\/wp-json\/wp\/v2\/media?parent=1237"}],"curies":[{"name":"wp","href":"https:\/\/api.w.org\/{rel}","templated":true}]}}