{"id":135,"date":"2015-05-11T17:16:17","date_gmt":"2015-05-11T15:16:17","guid":{"rendered":"http:\/\/www.gestasso.com\/association\/associationdesludothequesfrancaises\/?page_id=135"},"modified":"2026-04-02T16:23:01","modified_gmt":"2026-04-02T14:23:01","slug":"le-recrutement","status":"publish","type":"page","link":"https:\/\/www.kananas.com\/associationdesludothequesfrancaises\/etre-ludothecaire\/le-recrutement\/","title":{"rendered":"Offres d&#8217;emploi et de stage"},"content":{"rendered":"<p><img loading=\"lazy\" decoding=\"async\" class=\"alignnone wp-image-2854\" src=\"http:\/\/www.kananas.com\/associationdesludothequesfrancaises\/wp-content\/uploads\/sites\/482\/2018\/01\/ALF_sigle_taille-07_graphisme-www.cathycombarnous.fr_-300x108.png\" alt=\"\" width=\"133\" height=\"48\" srcset=\"https:\/\/www.kananas.com\/associationdesludothequesfrancaises\/wp-content\/uploads\/sites\/482\/2018\/01\/ALF_sigle_taille-07_graphisme-www.cathycombarnous.fr_-300x108.png 300w, https:\/\/www.kananas.com\/associationdesludothequesfrancaises\/wp-content\/uploads\/sites\/482\/2018\/01\/ALF_sigle_taille-07_graphisme-www.cathycombarnous.fr_.png 368w\" sizes=\"auto, (max-width: 133px) 100vw, 133px\" \/><\/p>\n<p><span style=\"font-size: 12pt;font-family: helvetica, arial, sans-serif;color: #333333\">L&rsquo;ALF recense les offres d&#8217;emploi et de stage. Si vous souhaitez voir votre offre appara\u00eetre, merci d&rsquo;envoyer votre demande d&#8217;emploi ou de stage au format pdf \u00e0 l&rsquo;adresse suivante : <em><strong>courrier@alf-ludotheques.org. <\/strong><\/em><\/span><\/p>\n<p><span style=\"font-family: helvetica, arial, sans-serif;color: #333333\"><span style=\"font-size: 12pt\">Important : l&rsquo;ALF ne re\u00e7oit pas les candidatures. Les ludoth\u00e9caires r\u00e9pondent directement \u00e0 votre ludoth\u00e8que.<\/span> <\/span><\/p>\n<p><span style=\"color: #ff0000;font-family: helvetica, arial, sans-serif;font-size: 18pt\">Les offres d&#8217;emploi<\/span><\/p>\n<p><span style=\"color: #333333;font-family: helvetica, arial, sans-serif;font-size: 12pt\"><strong>02 avril :<a href=\"https:\/\/www.kananas.com\/associationdesludothequesfrancaises\/wp-content\/uploads\/sites\/482\/2026\/04\/annonce-laep-et-ludo-2026-pdf.pdf\"> A<\/a><\/strong><\/span><span style=\"font-family: helvetica, arial, sans-serif\"><strong>nimateur-trice de ludoth\u00e8que et accueillant\u00b7e LAEP, (38h), Menton (06)<\/strong><\/span><\/p>\n<p><span style=\"color: #333333;font-family: helvetica, arial, sans-serif;font-size: 12pt\"><strong>02 avril : <a href=\"https:\/\/careers.flatchr.io\/fr\/company\/mairiemanteslajolie\/vacancy\/6kzqpnnx8emp31m0-agent-ludotheque-h-f\/\">Agent ludoth\u00e8que, Mantes-la-Jolie (78) <\/a><\/strong><\/span><\/p>\n<p><span style=\"color: #333333;font-family: helvetica, arial, sans-serif;font-size: 12pt\"><strong>02 avril : <a href=\"https:\/\/www.kananas.com\/associationdesludothequesfrancaises\/wp-content\/uploads\/sites\/482\/2026\/04\/2026-02-18-Fiche-de-poste-Ludothecaire-Itinerant-TL.pdf\">Ludoth\u00e9caire itin\u00e9rant-e, Marseille (13)<\/a><\/strong><\/span><\/p>\n<p><span style=\"color: #333333;font-family: helvetica, arial, sans-serif;font-size: 12pt\"><strong>19 mars : <a href=\"https:\/\/www.kananas.com\/associationdesludothequesfrancaises\/wp-content\/uploads\/sites\/482\/2026\/03\/1.png\">Assistant-e ludoth\u00e9caire (CDD), Paris (75)<\/a><\/strong><\/span><\/p>\n<p><span style=\"color: #333333;font-family: helvetica, arial, sans-serif;font-size: 12pt\"><strong> 19 mars : <a href=\"https:\/\/www.kananas.com\/associationdesludothequesfrancaises\/wp-content\/uploads\/sites\/482\/2026\/03\/Poste-La-Sauce-Ludique-2026_compressed.pdf\">Animateur-trice, Nantes (44)<\/a><\/strong><\/span><\/p>\n<p><span style=\"color: #333333;font-family: helvetica, arial, sans-serif;font-size: 12pt\"><strong>19 mars : <a href=\"https:\/\/www.kananas.com\/associationdesludothequesfrancaises\/wp-content\/uploads\/sites\/482\/2026\/03\/recrutement-ludothecaire-AR-2026.pdf\">Ludoth\u00e9caire, (CDD), Saint(Denis (93)<\/a><\/strong><\/span><\/p>\n<p><span style=\"color: #333333;font-family: helvetica, arial, sans-serif;font-size: 12pt\"><strong>19 mars : <a href=\"https:\/\/www.kananas.com\/associationdesludothequesfrancaises\/wp-content\/uploads\/sites\/482\/2026\/03\/Offre-de-poste-temps-partiel.pdf\">Ludoth\u00e9caire enfance, (CDD), Paris (75)<\/a><\/strong><\/span><\/p>\n<p><span style=\"color: #333333;font-family: helvetica, arial, sans-serif;font-size: 12pt\"><strong>19 mars : <a href=\"https:\/\/www.kananas.com\/associationdesludothequesfrancaises\/wp-content\/uploads\/sites\/482\/2026\/03\/Offre-de-poste-temps-plein.pdf\">Ludoth\u00e9caire, (CDD), Paris (75)<\/a><\/strong><\/span><\/p>\n<p><span style=\"color: #333333;font-family: helvetica, arial, sans-serif;font-size: 12pt\"><strong>19 mars : <a href=\"https:\/\/www.kananas.com\/associationdesludothequesfrancaises\/wp-content\/uploads\/sites\/482\/2026\/03\/Annonce-doffre-demploi-Bingo.pdf\">Ludoth\u00e9caire (CDD), Paris (75) <\/a><\/strong><\/span><\/p>\n<p><span style=\"color: #333333;font-family: helvetica, arial, sans-serif;font-size: 12pt\"><strong>03 mars : <a href=\"https:\/\/www.niortagglo.fr\/lagglo\/appels-a-candidatures\/poste-a-pourvoir\/offre-3784\/index.html\">Chef-cheffe d&rsquo;\u00e9quipe m\u00e9dia-ludoth\u00e8que, Niort (79)<\/a><\/strong><\/span><\/p>\n<p><span style=\"color: #333333;font-family: helvetica, arial, sans-serif;font-size: 12pt\"><strong>03 mars : <a href=\"https:\/\/www.kananas.com\/associationdesludothequesfrancaises\/wp-content\/uploads\/sites\/482\/2026\/03\/Recrutement-kaloumba-2026.pdf\">Ludoth\u00e9caire, (CDD), Paris (75)<\/a><\/strong><\/span><\/p>\n<p><span style=\"color: #333333;font-family: helvetica, arial, sans-serif;font-size: 12pt\"><strong>03 mars : <a href=\"https:\/\/www.kananas.com\/associationdesludothequesfrancaises\/wp-content\/uploads\/sites\/482\/2026\/03\/Fiche-recrutement-Ludambule-Coordo-2026.pdf\">Coordinateur-trice en ludoth\u00e8que itin\u00e9rante, (CDI), Gap (05) <\/a><\/strong><\/span><\/p>\n<p><span style=\"color: #333333;font-family: helvetica, arial, sans-serif;font-size: 12pt\"><strong>10 f\u00e9vrier : <a href=\"https:\/\/www.emploi-territorial.fr\/offre\/o031260203001599-agent-mediatheque-ludotheque\">agent ludoth\u00e8que-m\u00e9diath\u00e8que, Fronton (31)<\/a><\/strong><\/span><\/p>\n<p><span style=\"color: #333333;font-family: helvetica, arial, sans-serif;font-size: 12pt\"><strong>10 f\u00e9vrier : <a href=\"https:\/\/www.emploi-territorial.fr\/offre\/o031260203001569-ludothecaire\">Ludoth\u00e9caire , Fronton (31)<\/a><\/strong><\/span><\/p>\n<p><span style=\"color: #333333;font-family: helvetica, arial, sans-serif;font-size: 12pt\"><strong>10 f\u00e9vrier : <a href=\"https:\/\/www.kananas.com\/associationdesludothequesfrancaises\/wp-content\/uploads\/sites\/482\/2026\/02\/Ludo-Au-Coin-Pour-Jouer-poste-ludothecaire.pdf\">Ludoth\u00e9caire, (CDD), La Chapelaude (03)<\/a><\/strong><\/span><\/p>\n<p><span style=\"color: #333333;font-family: helvetica, arial, sans-serif;font-size: 12pt\"><strong>10 f\u00e9vrier : <a href=\"https:\/\/www.kananas.com\/associationdesludothequesfrancaises\/wp-content\/uploads\/sites\/482\/2026\/02\/JF_20260127_Recrut_Ludo_ANN_VF.pdf\">Ludoth\u00e9caire, Meudon (92) <\/a><\/strong><\/span><\/p>\n<p>&nbsp;<\/p>\n<p>&nbsp;<\/p>\n<p>&nbsp;<\/p>\n<p>&nbsp;<\/p>\n<p style=\"text-align: justify\"><span style=\"color: #ff0000;font-family: helvetica, arial, sans-serif\"><span style=\"font-size: 18pt\">Les offres de stages<\/span><strong><span style=\"text-decoration: underline\"><br \/>\n<\/span><\/strong><\/span><\/p>\n<p style=\"text-align: justify\"><strong>\u00a0<\/strong><\/p>\n<p style=\"text-align: justify\"><span style=\"font-family: helvetica, arial, sans-serif;font-size: 12pt;color: #333333\">Chaque ann\u00e9e, les \u00e9tudiants de licence pro de Bordeaux doivent accomplir des stages en ludoth\u00e8ques dans le cadre de leur cursus. Si votre ludoth\u00e8que est int\u00e9ress\u00e9e par l&rsquo;accueil d&rsquo;un stagiaire, envoyez votre demande aupr\u00e8s des responsables des formations :<\/span><\/p>\n<p style=\"text-align: justify\"><span style=\"font-family: helvetica, arial, sans-serif;font-size: 12pt;color: #333333\">Licence pro&rsquo; M\u00e9diation par le jeu et Gestion de ludoth\u00e8que de l&rsquo;universit\u00e9 de Bordeaux : yannick.hernandez@iut.u-bordeaux-montaigne.fr<\/span><\/p>\n<p><span style=\"color: #ff0000;font-family: helvetica, arial, sans-serif\"><span style=\"font-size: 18pt\">Les offres de service civique<\/span><\/span><\/p>\n<p><span style=\"color: #333333;font-family: helvetica, arial, sans-serif;font-size: 12pt\"><strong>02 avril :<a href=\"https:\/\/www.kananas.com\/associationdesludothequesfrancaises\/wp-content\/uploads\/sites\/482\/2026\/04\/Mission-Service-Civique-Ludotheque.pdf\"> Accompagner et soutenir l&rsquo;\u00e9quipe de la ludoth\u00e8que, Rodez (12) <\/a><\/strong><\/span><\/p>\n<p><span style=\"color: #333333;font-family: helvetica, arial, sans-serif;font-size: 12pt\"><strong>13 novembre : <a href=\"https:\/\/www.kananas.com\/associationdesludothequesfrancaises\/wp-content\/uploads\/sites\/482\/2025\/11\/Offre-service-civique-Esport-et-jeux-video_compressed.pdf\">D\u00e9couverte et sensibilisation des<\/a><br \/>\njeunes \u00e0 l\u2019esport et aux jeux vid\u00e9o, Bressuire (79)<\/strong><\/span><\/p>\n<p><span style=\"color: #333333;font-family: helvetica, arial, sans-serif;font-size: 12pt\">\u00a0<\/span><\/p>\n<p><span style=\"color: #333333;font-family: helvetica, arial, sans-serif;font-size: 12pt\">\u00a0<\/span><\/p>\n","protected":false},"excerpt":{"rendered":"<p>L&rsquo;ALF recense les offres d&#8217;emploi et de stage. Si vous souhaitez voir votre offre appara\u00eetre, merci d&rsquo;envoyer votre demande d&#8217;emploi ou de stage au format pdf \u00e0 l&rsquo;adresse suivante : courrier@alf-ludotheques.org. Important : l&rsquo;ALF ne re\u00e7oit pas les candidatures. Les ludoth\u00e9caires r\u00e9pondent directement \u00e0 votre ludoth\u00e8que. Les offres d&#8217;emploi 02 avril : Animateur-trice de ludoth\u00e8que<\/p>\n","protected":false},"author":493,"featured_media":0,"parent":4881,"menu_order":0,"comment_status":"closed","ping_status":"closed","template":"","meta":{"_crdt_document":"","footnotes":""},"class_list":["post-135","page","type-page","status-publish","hentry"],"_links":{"self":[{"href":"https:\/\/www.kananas.com\/associationdesludothequesfrancaises\/wp-json\/wp\/v2\/pages\/135","targetHints":{"allow":["GET"]}}],"collection":[{"href":"https:\/\/www.kananas.com\/associationdesludothequesfrancaises\/wp-json\/wp\/v2\/pages"}],"about":[{"href":"https:\/\/www.kananas.com\/associationdesludothequesfrancaises\/wp-json\/wp\/v2\/types\/page"}],"author":[{"embeddable":true,"href":"https:\/\/www.kananas.com\/associationdesludothequesfrancaises\/wp-json\/wp\/v2\/users\/493"}],"replies":[{"embeddable":true,"href":"https:\/\/www.kananas.com\/associationdesludothequesfrancaises\/wp-json\/wp\/v2\/comments?post=135"}],"version-history":[{"count":10,"href":"https:\/\/www.kananas.com\/associationdesludothequesfrancaises\/wp-json\/wp\/v2\/pages\/135\/revisions"}],"predecessor-version":[{"id":6428,"href":"https:\/\/www.kananas.com\/associationdesludothequesfrancaises\/wp-json\/wp\/v2\/pages\/135\/revisions\/6428"}],"up":[{"embeddable":true,"href":"https:\/\/www.kananas.com\/associationdesludothequesfrancaises\/wp-json\/wp\/v2\/pages\/4881"}],"wp:attachment":[{"href":"https:\/\/www.kananas.com\/associationdesludothequesfrancaises\/wp-json\/wp\/v2\/media?parent=135"}],"curies":[{"name":"wp","href":"https:\/\/api.w.org\/{rel}","templated":true}]}}