{"id":1724,"date":"2016-06-02T09:28:48","date_gmt":"2016-06-02T08:28:48","guid":{"rendered":"http:\/\/www.gestasso.com\/association\/associationdesludothequesfrancaises\/?page_id=1724"},"modified":"2022-08-26T14:23:10","modified_gmt":"2022-08-26T12:23:10","slug":"la-region-centre","status":"publish","type":"page","link":"https:\/\/www.kananas.com\/associationdesludothequesfrancaises\/4858-2\/alf-metropolitaines\/la-region-centre\/","title":{"rendered":"La r\u00e9gion Centre Val de Loire"},"content":{"rendered":"<p style=\"text-align: justify\"><span style=\"font-family: helvetica, arial, sans-serif;font-size: 12pt;color: #000000\"><strong>A ce jour, il n&rsquo;existe pas d&rsquo;ALF Centre Val de Loire. Si vous avez le projet de la cr\u00e9er, ou si vous \u00eates d\u00e9j\u00e0 regroup\u00e9s de mani\u00e8re informelle, merci de nous en faire part, nous pourrons vous y accompagner<\/strong><\/span><\/p>\n","protected":false},"excerpt":{"rendered":"<p>A ce jour, il n&rsquo;existe pas d&rsquo;ALF Centre Val de Loire. Si vous avez le projet de la cr\u00e9er, ou si vous \u00eates d\u00e9j\u00e0 regroup\u00e9s de mani\u00e8re informelle, merci de nous en faire part, nous pourrons vous y accompagner<\/p>\n","protected":false},"author":493,"featured_media":0,"parent":4861,"menu_order":0,"comment_status":"closed","ping_status":"closed","template":"","meta":{"_crdt_document":"","footnotes":""},"class_list":["post-1724","page","type-page","status-publish","hentry"],"_links":{"self":[{"href":"https:\/\/www.kananas.com\/associationdesludothequesfrancaises\/wp-json\/wp\/v2\/pages\/1724","targetHints":{"allow":["GET"]}}],"collection":[{"href":"https:\/\/www.kananas.com\/associationdesludothequesfrancaises\/wp-json\/wp\/v2\/pages"}],"about":[{"href":"https:\/\/www.kananas.com\/associationdesludothequesfrancaises\/wp-json\/wp\/v2\/types\/page"}],"author":[{"embeddable":true,"href":"https:\/\/www.kananas.com\/associationdesludothequesfrancaises\/wp-json\/wp\/v2\/users\/493"}],"replies":[{"embeddable":true,"href":"https:\/\/www.kananas.com\/associationdesludothequesfrancaises\/wp-json\/wp\/v2\/comments?post=1724"}],"version-history":[{"count":6,"href":"https:\/\/www.kananas.com\/associationdesludothequesfrancaises\/wp-json\/wp\/v2\/pages\/1724\/revisions"}],"predecessor-version":[{"id":4749,"href":"https:\/\/www.kananas.com\/associationdesludothequesfrancaises\/wp-json\/wp\/v2\/pages\/1724\/revisions\/4749"}],"up":[{"embeddable":true,"href":"https:\/\/www.kananas.com\/associationdesludothequesfrancaises\/wp-json\/wp\/v2\/pages\/4861"}],"wp:attachment":[{"href":"https:\/\/www.kananas.com\/associationdesludothequesfrancaises\/wp-json\/wp\/v2\/media?parent=1724"}],"curies":[{"name":"wp","href":"https:\/\/api.w.org\/{rel}","templated":true}]}}