{"id":2151,"date":"2017-09-27T17:28:36","date_gmt":"2017-09-27T15:28:36","guid":{"rendered":"http:\/\/www.kananas.com\/associationdesludothequesfrancaises\/?page_id=2151"},"modified":"2025-07-03T12:50:20","modified_gmt":"2025-07-03T10:50:20","slug":"carte","status":"publish","type":"page","link":"https:\/\/www.kananas.com\/associationdesludothequesfrancaises\/les-ludotheques\/carte\/","title":{"rendered":"La carte des ludoth\u00e8ques"},"content":{"rendered":"<p><span style=\"font-family: helvetica, arial, sans-serif\">Attention, pour distinguer deux ludoth\u00e8ques proches l&rsquo;une de l&rsquo;autre, il peut \u00eatre n\u00e9cessaire de zoomer sur la carte.<\/span><\/p>\n\n<!-- iframe plugin v.6.0 wordpress.org\/plugins\/iframe\/ -->\n<iframe loading=\"lazy\" src=\"https:\/\/backoffice.kananas.com\/action_manager.php?event=specific_1700\" frameborder=\"0\" width=\"100%\" height=\"800\" scrolling=\"no\" class=\"iframe-class\"><\/iframe>\n\n<p><img loading=\"lazy\" decoding=\"async\" class=\"alignnone wp-image-2240\" src=\"http:\/\/www.kananas.com\/associationdesludothequesfrancaises\/wp-content\/uploads\/sites\/482\/2017\/09\/L\u00e9gende-map-1-300x27.png\" alt=\"\" width=\"355\" height=\"32\" srcset=\"https:\/\/www.kananas.com\/associationdesludothequesfrancaises\/wp-content\/uploads\/sites\/482\/2017\/09\/L\u00e9gende-map-1-300x27.png 300w, https:\/\/www.kananas.com\/associationdesludothequesfrancaises\/wp-content\/uploads\/sites\/482\/2017\/09\/L\u00e9gende-map-1-768x68.png 768w, https:\/\/www.kananas.com\/associationdesludothequesfrancaises\/wp-content\/uploads\/sites\/482\/2017\/09\/L\u00e9gende-map-1.png 775w\" sizes=\"auto, (max-width: 355px) 100vw, 355px\" \/><\/p>\n","protected":false},"excerpt":{"rendered":"<p>Attention, pour distinguer deux ludoth\u00e8ques proches l&rsquo;une de l&rsquo;autre, il peut \u00eatre n\u00e9cessaire de zoomer sur la carte.<\/p>\n","protected":false},"author":1,"featured_media":0,"parent":4877,"menu_order":0,"comment_status":"closed","ping_status":"closed","template":"","meta":{"_crdt_document":"","footnotes":""},"class_list":["post-2151","page","type-page","status-publish","hentry"],"_links":{"self":[{"href":"https:\/\/www.kananas.com\/associationdesludothequesfrancaises\/wp-json\/wp\/v2\/pages\/2151","targetHints":{"allow":["GET"]}}],"collection":[{"href":"https:\/\/www.kananas.com\/associationdesludothequesfrancaises\/wp-json\/wp\/v2\/pages"}],"about":[{"href":"https:\/\/www.kananas.com\/associationdesludothequesfrancaises\/wp-json\/wp\/v2\/types\/page"}],"author":[{"embeddable":true,"href":"https:\/\/www.kananas.com\/associationdesludothequesfrancaises\/wp-json\/wp\/v2\/users\/1"}],"replies":[{"embeddable":true,"href":"https:\/\/www.kananas.com\/associationdesludothequesfrancaises\/wp-json\/wp\/v2\/comments?post=2151"}],"version-history":[{"count":8,"href":"https:\/\/www.kananas.com\/associationdesludothequesfrancaises\/wp-json\/wp\/v2\/pages\/2151\/revisions"}],"predecessor-version":[{"id":2990,"href":"https:\/\/www.kananas.com\/associationdesludothequesfrancaises\/wp-json\/wp\/v2\/pages\/2151\/revisions\/2990"}],"up":[{"embeddable":true,"href":"https:\/\/www.kananas.com\/associationdesludothequesfrancaises\/wp-json\/wp\/v2\/pages\/4877"}],"wp:attachment":[{"href":"https:\/\/www.kananas.com\/associationdesludothequesfrancaises\/wp-json\/wp\/v2\/media?parent=2151"}],"curies":[{"name":"wp","href":"https:\/\/api.w.org\/{rel}","templated":true}]}}