{"id":2246,"date":"2017-10-26T11:19:53","date_gmt":"2017-10-26T09:19:53","guid":{"rendered":"http:\/\/www.kananas.com\/associationdesludothequesfrancaises\/?page_id=2246"},"modified":"2026-03-30T11:24:57","modified_gmt":"2026-03-30T09:24:57","slug":"livre-esar","status":"publish","type":"page","link":"https:\/\/www.kananas.com\/associationdesludothequesfrancaises\/centre-de-ressources\/livre-esar\/","title":{"rendered":"Livre ESAR"},"content":{"rendered":"<p><span style=\"font-family: helvetica, arial, sans-serif;font-size: 18pt;color: #ff0000\"><span style=\"color: #000000\"><span style=\"font-size: 12pt\"><span style=\"font-family: georgia, palatino, serif\"><div class=\"su-row\"><div class=\"su-column su-column-size-1-2\"><div class=\"su-column-inner su-u-clearfix su-u-trim\"> <span style=\"color: #ff0000\"><span style=\"font-size: 18pt\"><span style=\"font-family: helvetica, arial, sans-serif\">Des livres sur le syst\u00e8me ESAR en vente \u00e0 l&rsquo;ALF<\/span><\/span><\/span><\/span><br \/>\n<\/span><\/span><\/span><\/p>\n<p><span style=\"font-family: helvetica, arial, sans-serif;font-size: 14pt;color: #333333\">Nouvelle \u00e9dition 2015, revue et augment\u00e9e par Rolande Filion.<br \/>\n<\/span><\/p>\n<p><span style=\"font-family: helvetica, arial, sans-serif;font-size: 14pt\"><span style=\"color: #333333\">Vous pouvez le commander via l&rsquo;ALF au prix de <strong>45 \u20ac<\/strong> (35 \u20ac avec une participation de 10 <strong>\u20ac<\/strong>\u00a0pour les frais de dossier, conditionnement et port) avec ce <a style=\"color: #333333\" href=\"https:\/\/www.kananas.com\/associationdesludothequesfrancaises\/wp-content\/uploads\/sites\/482\/2026\/03\/bon-de-commande-ESAR.pdf\"><span style=\"color: #5fa781\">bon de commande<\/span><\/a> \u00e0 nous envoyer par mail \u00e0 courrier@alf-ludotheques.org ou par courrier au 5 impasse Bon Secours, 75011 PARIS. Merci de nous contacter pour toute commande hors France m\u00e9tropolitaine.<\/span> <span style=\"color: #ff0000\"><span class=\"\">A partir de septembre 2022 nous ne prenons plus en charge les commandes provenant de librairies<\/span> qui doivent s&rsquo;adresser directement \u00e0<\/span> <span class=\"\"><a class=\"\" href=\"mailto:esarpublications@gmail.com\"><span style=\"color: #5fa781\">esarpublications@gmail.com.<\/span><\/a><\/span><\/span><\/p>\n<p><span style=\"font-family: helvetica, arial, sans-serif;font-size: 14pt;color: #333333\">Pour d\u00e9couvrir le syst\u00e8me ESAR, rendez-vous sur le site : <a style=\"color: #333333\" href=\"https:\/\/systeme-esar.org\/\"><span style=\"color: #5fa781\">https:\/\/systeme-esar.org\/<\/span><\/a><\/span><\/p>\n<p><span style=\"font-family: helvetica, arial, sans-serif\"><span style=\"font-size: 14pt\"><span style=\"color: #333333\">Des formations \u00e0 la classification ESAR sont propos\u00e9es r\u00e9guli\u00e8rement \u00e0 l&rsquo;ALF<\/span>.<\/div><\/div> <div class=\"su-column su-column-size-1-2\"><div class=\"su-column-inner su-u-clearfix su-u-trim\"><\/span><\/span><a href=\"http:\/\/www.kananas.com\/associationdesludothequesfrancaises\/wp-content\/uploads\/sites\/482\/2015\/06\/Esar3-1.jpg\"><img loading=\"lazy\" decoding=\"async\" class=\" wp-image-1127\" src=\"http:\/\/www.kananas.com\/associationdesludothequesfrancaises\/wp-content\/uploads\/sites\/482\/2015\/06\/Esar3-1.jpg\" alt=\"Site officiel sur le syst\u00e8me ESAR\" width=\"389\" height=\"571\" srcset=\"https:\/\/www.kananas.com\/associationdesludothequesfrancaises\/wp-content\/uploads\/sites\/482\/2015\/06\/Esar3-1.jpg 732w, https:\/\/www.kananas.com\/associationdesludothequesfrancaises\/wp-content\/uploads\/sites\/482\/2015\/06\/Esar3-1-204x300.jpg 204w, https:\/\/www.kananas.com\/associationdesludothequesfrancaises\/wp-content\/uploads\/sites\/482\/2015\/06\/Esar3-1-698x1024.jpg 698w\" sizes=\"auto, (max-width: 389px) 100vw, 389px\" \/><\/a><\/p>\n<\/div><\/div><\/div>\n","protected":false},"excerpt":{"rendered":"","protected":false},"author":493,"featured_media":0,"parent":4883,"menu_order":0,"comment_status":"closed","ping_status":"closed","template":"","meta":{"_crdt_document":"","footnotes":""},"class_list":["post-2246","page","type-page","status-publish","hentry"],"_links":{"self":[{"href":"https:\/\/www.kananas.com\/associationdesludothequesfrancaises\/wp-json\/wp\/v2\/pages\/2246","targetHints":{"allow":["GET"]}}],"collection":[{"href":"https:\/\/www.kananas.com\/associationdesludothequesfrancaises\/wp-json\/wp\/v2\/pages"}],"about":[{"href":"https:\/\/www.kananas.com\/associationdesludothequesfrancaises\/wp-json\/wp\/v2\/types\/page"}],"author":[{"embeddable":true,"href":"https:\/\/www.kananas.com\/associationdesludothequesfrancaises\/wp-json\/wp\/v2\/users\/493"}],"replies":[{"embeddable":true,"href":"https:\/\/www.kananas.com\/associationdesludothequesfrancaises\/wp-json\/wp\/v2\/comments?post=2246"}],"version-history":[{"count":10,"href":"https:\/\/www.kananas.com\/associationdesludothequesfrancaises\/wp-json\/wp\/v2\/pages\/2246\/revisions"}],"predecessor-version":[{"id":6420,"href":"https:\/\/www.kananas.com\/associationdesludothequesfrancaises\/wp-json\/wp\/v2\/pages\/2246\/revisions\/6420"}],"up":[{"embeddable":true,"href":"https:\/\/www.kananas.com\/associationdesludothequesfrancaises\/wp-json\/wp\/v2\/pages\/4883"}],"wp:attachment":[{"href":"https:\/\/www.kananas.com\/associationdesludothequesfrancaises\/wp-json\/wp\/v2\/media?parent=2246"}],"curies":[{"name":"wp","href":"https:\/\/api.w.org\/{rel}","templated":true}]}}