{"id":2406,"date":"2017-12-27T12:16:30","date_gmt":"2017-12-27T11:16:30","guid":{"rendered":"http:\/\/www.kananas.com\/associationdesludothequesfrancaises\/?page_id=2406"},"modified":"2025-01-14T14:49:27","modified_gmt":"2025-01-14T13:49:27","slug":"referentiel-metier","status":"publish","type":"page","link":"https:\/\/www.kananas.com\/associationdesludothequesfrancaises\/etre-ludothecaire\/referentiel-metier\/","title":{"rendered":"Fiche m\u00e9tier"},"content":{"rendered":"<p><a href=\"https:\/\/backoffice.kananas.com\/drive.php?doc=MTcwMC9kb2N1bWVudHMvRG9jdW1lbnRzLW9mZmljaWVscy1uYXRpb25hbC9Eb2N1bWVudHMtZGUtYmFzZS1BTEYvRmljaGUtbWV0aWVyLUx1ZG90aGVjYWlyZS5wZGY=\"><span style=\"color: #5fa781\">T\u00e9l\u00e9charger au format PDF<\/span><\/a><\/p>\n<p><span style=\"font-family: helvetica, arial, sans-serif\">Les formations dipl\u00f4mantes qui participent \u00e0 la professionnalisation du m\u00e9tier :<\/span><\/p>\n<ul>\n<li><span style=\"font-family: helvetica, arial, sans-serif;color: #5fa781\"><a style=\"color: #5fa781\" href=\"https:\/\/formations.u-bordeaux-montaigne.fr\/fr\/catalogue-des-formations\/licence-professionnelle-DP\/licence-pro-mediation-par-le-jeu-et-gestion-de-ludotheques-KQMDHJCH.html\" target=\"_blank\" rel=\"noopener\"><strong>DU\/Licence Professionnelle<\/strong> : M\u00e9diation par le jeu et gestion de ludoth\u00e8que &#8211; <\/a><em><a style=\"color: #5fa781\" href=\"http:\/\/www.iut.u-bordeaux-montaigne.fr\/diplomes\/licences-pro\/gestion-et-animation-ludotheque-gal\/\" target=\"_blank\" rel=\"noopener\">Universit\u00e9 Bordeaux 3<\/a><\/em><\/span><\/li>\n<li><a href=\"https:\/\/llshs.univ-paris13.fr\/formations\/master-sciences-education-jeu\/\"><span style=\"font-family: helvetica, arial, sans-serif;color: #5fa781\"><strong>Master Sciences du jeu<\/strong> &#8211; Universit\u00e9 Sorbonne Paris Nord<\/span><\/a><\/li>\n<li><a href=\"https:\/\/backoffice.kananas.com\/drive.php?doc=MTcwMC9kb2N1bWVudHMvRm9ybWF0aW9ucy8yMDI1L0xpY2VuY2UtTWV0aWVyLWR1LWpldS1GbHllci5wZGY=\"><span style=\"font-family: helvetica, arial, sans-serif\"><span style=\"color: #5fa781\"><strong>Projet de d\u00e9veloppement d&rsquo;une licence \u00ab\u00a0M\u00e9tiers du jeu : m\u00e9diation et ludoth\u00e8ques\u00a0\u00bb (nouveaut\u00e9 2025)- <\/strong>Universit\u00e9 Sorbonne Paris Nord<\/span><\/span><\/a>\n<ul>\n<li><span style=\"font-family: helvetica, arial, sans-serif\">Si vous \u00eates potentiellement int\u00e9ress\u00e9(e) par ce projet, merci de vous inscrire <a href=\"https:\/\/framaforms.org\/licence-metiers-du-jeu-mediation-et-ludotheque-1727770367\"><span style=\"color: #5fa781\">sur ce formulaire.<\/span><\/a><\/span><\/li>\n<\/ul>\n<\/li>\n<li><span style=\"font-family: helvetica, arial, sans-serif;color: #5fa781\"><a style=\"color: #5fa781\" href=\"http:\/\/www.fm2j.com\/\" target=\"_blank\" rel=\"noopener\"><strong>Le Dipl\u00f4me de ludoth\u00e9caire<\/strong> &#8211;\u00a0<em>Centre de formation aux m\u00e9tiers du jeu et du<span style=\"color: #5fa781\"> jouet de Lyon<\/span> (FM2J)<\/em><\/a><\/span><\/li>\n<li><a href=\"http:\/\/www.maisondesjeux-grenoble.org\/wordpress\/bpjeps-loisirs-tout-public\/\" target=\"_blank\" rel=\"noopener\"><span style=\"font-family: helvetica, arial, sans-serif;color: #5fa781\"><strong>BPJEPS Animation culturelle \u00ab\u00a0Loisirs tout public\u00a0\u00bb<\/strong> &#8211; <\/span><em><span style=\"font-family: helvetica, arial, sans-serif\"><span style=\"color: #5fa781\">Maison des jeux de Grenoble en partenariat avec la Coodev&rsquo;, centre de formation des MJC en Rh\u00f4ne-Alpes.<\/span><\/span><\/em><\/a><\/li>\n<\/ul>\n<p><img loading=\"lazy\" decoding=\"async\" class=\"alignnone size-full wp-image-862\" src=\"http:\/\/www.kananas.com\/associationdesludothequesfrancaises\/wp-content\/uploads\/sites\/482\/2015\/05\/logo-iut-site-BORDEAUX.png\" alt=\"\" width=\"173\" height=\"100\" \/> <img loading=\"lazy\" decoding=\"async\" class=\"alignnone wp-image-964\" src=\"http:\/\/www.kananas.com\/associationdesludothequesfrancaises\/wp-content\/uploads\/sites\/482\/2015\/05\/Fm2j-logo-.jpg\" alt=\"\" width=\"108\" height=\"101\" \/><img loading=\"lazy\" decoding=\"async\" class=\"alignnone wp-image-965\" src=\"http:\/\/www.kananas.com\/associationdesludothequesfrancaises\/wp-content\/uploads\/sites\/482\/2015\/05\/LOGO_MDJ-300x197.jpg\" alt=\"\" width=\"151\" height=\"99\" srcset=\"https:\/\/www.kananas.com\/associationdesludothequesfrancaises\/wp-content\/uploads\/sites\/482\/2015\/05\/LOGO_MDJ-300x197.jpg 300w, https:\/\/www.kananas.com\/associationdesludothequesfrancaises\/wp-content\/uploads\/sites\/482\/2015\/05\/LOGO_MDJ.jpg 395w\" sizes=\"auto, (max-width: 151px) 100vw, 151px\" \/><img loading=\"lazy\" decoding=\"async\" class=\"alignnone wp-image-863\" src=\"http:\/\/www.kananas.com\/associationdesludothequesfrancaises\/wp-content\/uploads\/sites\/482\/2015\/05\/lopari10.gif\" alt=\"\" width=\"199\" height=\"58\" \/><\/p>\n<p>&nbsp;<\/p>\n","protected":false},"excerpt":{"rendered":"<p>T\u00e9l\u00e9charger au format PDF Les formations dipl\u00f4mantes qui participent \u00e0 la professionnalisation du m\u00e9tier : DU\/Licence Professionnelle : M\u00e9diation par le jeu et gestion de ludoth\u00e8que &#8211; Universit\u00e9 Bordeaux 3 Master Sciences du jeu &#8211; Universit\u00e9 Sorbonne Paris Nord Projet de d\u00e9veloppement d&rsquo;une licence \u00ab\u00a0M\u00e9tiers du jeu : m\u00e9diation et ludoth\u00e8ques\u00a0\u00bb (nouveaut\u00e9 2025)- Universit\u00e9 Sorbonne<\/p>\n","protected":false},"author":493,"featured_media":0,"parent":4881,"menu_order":0,"comment_status":"closed","ping_status":"closed","template":"","meta":{"_crdt_document":"","footnotes":""},"class_list":["post-2406","page","type-page","status-publish","hentry"],"_links":{"self":[{"href":"https:\/\/www.kananas.com\/associationdesludothequesfrancaises\/wp-json\/wp\/v2\/pages\/2406","targetHints":{"allow":["GET"]}}],"collection":[{"href":"https:\/\/www.kananas.com\/associationdesludothequesfrancaises\/wp-json\/wp\/v2\/pages"}],"about":[{"href":"https:\/\/www.kananas.com\/associationdesludothequesfrancaises\/wp-json\/wp\/v2\/types\/page"}],"author":[{"embeddable":true,"href":"https:\/\/www.kananas.com\/associationdesludothequesfrancaises\/wp-json\/wp\/v2\/users\/493"}],"replies":[{"embeddable":true,"href":"https:\/\/www.kananas.com\/associationdesludothequesfrancaises\/wp-json\/wp\/v2\/comments?post=2406"}],"version-history":[{"count":18,"href":"https:\/\/www.kananas.com\/associationdesludothequesfrancaises\/wp-json\/wp\/v2\/pages\/2406\/revisions"}],"predecessor-version":[{"id":5812,"href":"https:\/\/www.kananas.com\/associationdesludothequesfrancaises\/wp-json\/wp\/v2\/pages\/2406\/revisions\/5812"}],"up":[{"embeddable":true,"href":"https:\/\/www.kananas.com\/associationdesludothequesfrancaises\/wp-json\/wp\/v2\/pages\/4881"}],"wp:attachment":[{"href":"https:\/\/www.kananas.com\/associationdesludothequesfrancaises\/wp-json\/wp\/v2\/media?parent=2406"}],"curies":[{"name":"wp","href":"https:\/\/api.w.org\/{rel}","templated":true}]}}