{"id":2407,"date":"2017-12-27T12:16:30","date_gmt":"2017-12-27T11:16:30","guid":{"rendered":"http:\/\/www.kananas.com\/associationdesludothequesfrancaises\/?page_id=2407"},"modified":"2026-03-25T10:24:49","modified_gmt":"2026-03-25T09:24:49","slug":"la-charte","status":"publish","type":"page","link":"https:\/\/www.kananas.com\/associationdesludothequesfrancaises\/les-ludotheques\/la-charte\/","title":{"rendered":"Le R\u00e9f\u00e9rentiel des Ludoth\u00e8ques"},"content":{"rendered":"<span class=\"su-lightbox\" data-mfp-src=\"https:\/\/www.kananas.com\/associationdesludothequesfrancaises\/wp-content\/uploads\/sites\/482\/2023\/11\/Referentiel-des-Ludotheques-2023-1.pdf\" data-mfp-type=\"iframe\" data-mobile=\"yes\"><span style=\"font-family: helvetica, arial, sans-serif;font-size: 14pt\">Cliquez ici pour ouvrir la visionneuse<\/span><\/span>\n<p><span style=\"font-family: helvetica, arial, sans-serif\"><a href=\"https:\/\/app.kananas.com\/drive\/view\/doc\/MTcwMC9kb2N1bWVudHMvRG9jdW1lbnRzLW9mZmljaWVscy1uYXRpb25hbC9SZWZlcmVudGllbC1kZXMtTHVkb3RoZXF1ZXMtMjAyMy5wZGY=\"><span style=\"color: #5fa781\">T\u00e9l\u00e9charger en PDF<\/span><\/a><\/span><\/p>\n","protected":false},"excerpt":{"rendered":"<p>T\u00e9l\u00e9charger en PDF<\/p>\n","protected":false},"author":493,"featured_media":0,"parent":4877,"menu_order":0,"comment_status":"closed","ping_status":"closed","template":"","meta":{"_crdt_document":"","footnotes":""},"class_list":["post-2407","page","type-page","status-publish","hentry"],"_links":{"self":[{"href":"https:\/\/www.kananas.com\/associationdesludothequesfrancaises\/wp-json\/wp\/v2\/pages\/2407","targetHints":{"allow":["GET"]}}],"collection":[{"href":"https:\/\/www.kananas.com\/associationdesludothequesfrancaises\/wp-json\/wp\/v2\/pages"}],"about":[{"href":"https:\/\/www.kananas.com\/associationdesludothequesfrancaises\/wp-json\/wp\/v2\/types\/page"}],"author":[{"embeddable":true,"href":"https:\/\/www.kananas.com\/associationdesludothequesfrancaises\/wp-json\/wp\/v2\/users\/493"}],"replies":[{"embeddable":true,"href":"https:\/\/www.kananas.com\/associationdesludothequesfrancaises\/wp-json\/wp\/v2\/comments?post=2407"}],"version-history":[{"count":10,"href":"https:\/\/www.kananas.com\/associationdesludothequesfrancaises\/wp-json\/wp\/v2\/pages\/2407\/revisions"}],"predecessor-version":[{"id":6416,"href":"https:\/\/www.kananas.com\/associationdesludothequesfrancaises\/wp-json\/wp\/v2\/pages\/2407\/revisions\/6416"}],"up":[{"embeddable":true,"href":"https:\/\/www.kananas.com\/associationdesludothequesfrancaises\/wp-json\/wp\/v2\/pages\/4877"}],"wp:attachment":[{"href":"https:\/\/www.kananas.com\/associationdesludothequesfrancaises\/wp-json\/wp\/v2\/media?parent=2407"}],"curies":[{"name":"wp","href":"https:\/\/api.w.org\/{rel}","templated":true}]}}