{"id":277,"date":"2015-05-24T17:56:19","date_gmt":"2015-05-24T16:56:19","guid":{"rendered":"http:\/\/www.gestasso.com\/association\/associationdesludothequesfrancaises\/?page_id=277"},"modified":"2025-07-18T10:42:50","modified_gmt":"2025-07-18T08:42:50","slug":"lalf-aquitaine","status":"publish","type":"page","link":"https:\/\/www.kananas.com\/associationdesludothequesfrancaises\/4858-2\/alf-metropolitaines\/lalf-aquitaine\/","title":{"rendered":"L&rsquo;ALF Nouvelle-Aquitaine"},"content":{"rendered":"<p><strong><span style=\"color: #cc1a3e\"><img loading=\"lazy\" decoding=\"async\" class=\"alignnone size-full wp-image-4541\" src=\"http:\/\/www.kananas.com\/associationdesludothequesfrancaises\/wp-content\/uploads\/sites\/482\/2022\/02\/ALF_logo-NOUVELLE-AQUITAINE_taille-01-a-07_graphisme-www.cathycombarnous.fr_19.png\" alt=\"\" width=\"212\" height=\"158\" \/>\u00a0<\/span><\/strong><\/p>\n<div class=\"su-row\"><div class=\"su-column su-column-size-1-2\"><div class=\"su-column-inner su-u-clearfix su-u-trim\">\n<p><span style=\"font-size: 14pt\"><span style=\"font-family: helvetica, arial, sans-serif;color: #ff0000\">Si\u00e8ge social <\/span><\/span><\/p>\n<p><span style=\"font-size: 14pt\"><span style=\"font-family: helvetica, arial, sans-serif;color: #000000;font-size: 12pt\">Ludoth\u00e8que de Parthenay-Gatine<br \/>\n22 rue des Tulipes<br \/>\n79200 Parthenay<br \/>\n<a style=\"color: #5fa781\" href=\"mailto:alfnouvelleaquitaine@gmail.com\" target=\"_blank\" rel=\"noopener\">alfnouvelleaquitaine@gmail.com<\/a><br \/>\n<\/span><\/span><\/p>\n<p><span style=\"font-family: helvetica, arial, sans-serif;font-size: 14pt;color: #ff0000\">Bureau<\/span><\/p>\n<p><span style=\"font-family: helvetica, arial, sans-serif;color: #000000\"><strong>Jean Pierre Guerra<\/strong> Ludoth\u00e8que <em>La cit\u00e9 des jeux<\/em> Limoges &#8211; Co-pr\u00e9sident<\/span><\/p>\n<p><span style=\"font-family: helvetica, arial, sans-serif;color: #000000\"><strong>Vanessa Le Gourierec<\/strong> Ludoth\u00e8que <em>D\u00e9 en bulles<\/em> Bressuire &#8211; Co-pr\u00e9sidente<\/span><\/p>\n<p><span style=\"font-family: helvetica, arial, sans-serif;color: #000000\"><strong>Cathy Castin<\/strong> Ludoth\u00e8que CCPG Parthenay &#8211; Tr\u00e9sori\u00e8re<\/span><\/p>\n<p><span style=\"font-family: helvetica, arial, sans-serif;color: #000000\"><strong>M\u00e9lanie Migault<\/strong> Ludoth\u00e8que <em>O Fil du Jeu<\/em> Carbon Blanc &#8211; Secr\u00e9taire<\/span><\/p>\n<p><span style=\"font-family: helvetica, arial, sans-serif;color: #000000\"><strong>Nelly Petiteau<\/strong> Ludotheque \u00abl&rsquo;ile aux tr\u00e9sors\u00bb Poitiers &#8211; Membre CA <\/span><\/p>\n<p><span style=\"font-family: helvetica, arial, sans-serif;color: #000000\"><strong>Fran\u00e7oise P\u00e9rrichon<\/strong> Ludoth\u00e8que \u00abLudotrot\u00bb Jaunay-Clan &#8211; Membre CA<\/span><\/p>\n<p><span style=\"font-family: helvetica, arial, sans-serif;color: #000000\"><strong>Sylvie Schreiber<\/strong> Ludoth\u00e8que de Saintes &#8211; Membre CA et Repr\u00e9sentante de R\u00e9gion <\/span><\/p>\n<p><span style=\"font-family: helvetica, arial, sans-serif;color: #000000\"><strong>Nicolas Sornat<\/strong> Ludoth\u00e8que \u00abinterludes\u00bb &#8211; Bordeaux &#8211; Membre CA et Repr\u00e9sentant de R\u00e9gion<\/span><\/p>\n<p>&nbsp;<\/p>\n<\/div><\/div> <div class=\"su-column su-column-size-1-2\"><div class=\"su-column-inner su-u-clearfix su-u-trim\">\n<p><span style=\"font-family: helvetica, arial, sans-serif;font-size: 14pt;color: #ff0000\">Les documents officiels<\/span><\/p>\n<p><span style=\"color: #5fa781\"><a style=\"color: #5fa781\" href=\"https:\/\/www.kananas.com\/associationdesludothequesfrancaises\/wp-content\/uploads\/sites\/482\/2024\/11\/statuts-nouvelle-aquitaine-2022-signe.pdf\"><span style=\"font-family: helvetica, arial, sans-serif\">Statuts<\/span><\/a><\/span><\/p>\n<p><span style=\"color: #5fa781;font-family: helvetica, arial, sans-serif\"><a style=\"color: #5fa781\" href=\"https:\/\/www.kananas.com\/associationdesludothequesfrancaises\/wp-content\/uploads\/sites\/482\/2025\/06\/CR-de-AG-2025.pdf\">PV AGO 2025<\/a><\/span><\/p>\n<p><span style=\"color: #5fa781\"><a style=\"color: #5fa781\" href=\"https:\/\/www.kananas.com\/associationdesludothequesfrancaises\/wp-content\/uploads\/sites\/482\/2024\/11\/PV-AGO-2024-ALFNA.pdf\"><span style=\"font-family: helvetica, arial, sans-serif\">PV AGO 2024<\/span><\/a><\/span><\/p>\n<p style=\"text-align: left\"><span style=\"font-size: 14pt\"><span style=\"font-family: helvetica, arial, sans-serif\"><img loading=\"lazy\" decoding=\"async\" class=\"wp-image-5800\" src=\"https:\/\/www.kananas.com\/associationdesludothequesfrancaises\/wp-content\/uploads\/sites\/482\/2024\/12\/Carte_NouvelleAquitaine-221x300.jpg\" alt=\"\" width=\"297\" height=\"403\" srcset=\"https:\/\/www.kananas.com\/associationdesludothequesfrancaises\/wp-content\/uploads\/sites\/482\/2024\/12\/Carte_NouvelleAquitaine-221x300.jpg 221w, https:\/\/www.kananas.com\/associationdesludothequesfrancaises\/wp-content\/uploads\/sites\/482\/2024\/12\/Carte_NouvelleAquitaine-271x368.jpg 271w, https:\/\/www.kananas.com\/associationdesludothequesfrancaises\/wp-content\/uploads\/sites\/482\/2024\/12\/Carte_NouvelleAquitaine.jpg 754w\" sizes=\"auto, (max-width: 297px) 100vw, 297px\" \/><\/span><\/span><\/p>\n<\/div><\/div><\/div>\n","protected":false},"excerpt":{"rendered":"<p>\u00a0<\/p>\n","protected":false},"author":493,"featured_media":0,"parent":4861,"menu_order":0,"comment_status":"closed","ping_status":"closed","template":"","meta":{"_crdt_document":"","footnotes":""},"class_list":["post-277","page","type-page","status-publish","hentry"],"_links":{"self":[{"href":"https:\/\/www.kananas.com\/associationdesludothequesfrancaises\/wp-json\/wp\/v2\/pages\/277","targetHints":{"allow":["GET"]}}],"collection":[{"href":"https:\/\/www.kananas.com\/associationdesludothequesfrancaises\/wp-json\/wp\/v2\/pages"}],"about":[{"href":"https:\/\/www.kananas.com\/associationdesludothequesfrancaises\/wp-json\/wp\/v2\/types\/page"}],"author":[{"embeddable":true,"href":"https:\/\/www.kananas.com\/associationdesludothequesfrancaises\/wp-json\/wp\/v2\/users\/493"}],"replies":[{"embeddable":true,"href":"https:\/\/www.kananas.com\/associationdesludothequesfrancaises\/wp-json\/wp\/v2\/comments?post=277"}],"version-history":[{"count":10,"href":"https:\/\/www.kananas.com\/associationdesludothequesfrancaises\/wp-json\/wp\/v2\/pages\/277\/revisions"}],"predecessor-version":[{"id":6098,"href":"https:\/\/www.kananas.com\/associationdesludothequesfrancaises\/wp-json\/wp\/v2\/pages\/277\/revisions\/6098"}],"up":[{"embeddable":true,"href":"https:\/\/www.kananas.com\/associationdesludothequesfrancaises\/wp-json\/wp\/v2\/pages\/4861"}],"wp:attachment":[{"href":"https:\/\/www.kananas.com\/associationdesludothequesfrancaises\/wp-json\/wp\/v2\/media?parent=277"}],"curies":[{"name":"wp","href":"https:\/\/api.w.org\/{rel}","templated":true}]}}