{"id":3,"date":"2017-09-06T21:52:03","date_gmt":"2017-09-06T19:52:03","guid":{"rendered":"http:\/\/www.kananas.com\/associationdesludothAquesfranAaises1700\/adhesion\/"},"modified":"2025-12-15T12:02:17","modified_gmt":"2025-12-15T11:02:17","slug":"adhesion","status":"publish","type":"page","link":"https:\/\/www.kananas.com\/associationdesludothequesfrancaises\/adherer\/adhesion\/","title":{"rendered":"Adh\u00e9sion"},"content":{"rendered":"<p style=\"text-align: center\"><span style=\"font-family: helvetica, arial, sans-serif;font-size: 18pt\"><strong><span style=\"color: #000000\">La campagne d&rsquo;adh\u00e9sion 2026 est ouverte !<\/span><\/strong><\/span><\/p>\r\n<p>&nbsp;<\/p>\r\n<p><span style=\"font-family: helvetica, arial, sans-serif\"><span style=\"font-size: 14pt\"><div class=\"su-row\"><div class=\"su-column su-column-size-1-2\"><div class=\"su-column-inner su-u-clearfix su-u-trim\"><\/span><\/span><\/p>\r\n<div style=\"width: 870px;\" class=\"wp-video\"><video class=\"wp-video-shortcode\" id=\"video-3-1\" width=\"870\" height=\"489\" loop autoplay preload=\"metadata\" controls=\"controls\"><source type=\"video\/mp4\" src=\"https:\/\/www.kananas.com\/associationdesludothequesfrancaises\/wp-content\/uploads\/sites\/482\/2025\/11\/Arguments-adhesion-1.mp4?_=1\" \/><a href=\"https:\/\/www.kananas.com\/associationdesludothequesfrancaises\/wp-content\/uploads\/sites\/482\/2025\/11\/Arguments-adhesion-1.mp4\">https:\/\/www.kananas.com\/associationdesludothequesfrancaises\/wp-content\/uploads\/sites\/482\/2025\/11\/Arguments-adhesion-1.mp4<\/a><\/video><\/div>\r\n<p><span style=\"font-family: helvetica, arial, sans-serif\"><strong><span style=\"font-size: 14pt\"><br \/><\/span><\/strong><span style=\"font-size: 14pt\"><span style=\"font-family: helvetica, arial, sans-serif;font-size: 14pt\"><\/div><\/div> <div class=\"su-column su-column-size-1-2\"><div class=\"su-column-inner su-u-clearfix su-u-trim\"><\/span><\/span><strong><span style=\"font-size: 14pt\"><br \/><\/span><\/strong><\/span><\/p>\r\n<p>&nbsp;<\/p>\r\n<p><span style=\"font-family: helvetica, arial, sans-serif\"><span style=\"font-size: 14pt\"><span style=\"color: #000000\">Un <\/span><\/span><span style=\"font-size: 14pt\"><a href=\"https:\/\/backoffice.kananas.com\/drive.php?doc=MTcwMC9kb2N1bWVudHMvRG9jdW1lbnRzLW9mZmljaWVscy1uYXRpb25hbC9Bcmd1bWVudGFpcmUtYWRoZXNpb24ucGRm\"><span style=\"color: #5fa781\">argumentaire <\/span><\/a><\/span><span style=\"font-size: 14pt\"><span style=\"color: #000000\">est \u00e9galement \u00e0 votre disposition pour en savoir plus sur les avantages d&rsquo;adh\u00e9rer \u00e0 l&rsquo;ALF.<\/span><\/span><\/span><\/p>\r\n<p><span style=\"font-family: helvetica, arial, sans-serif\"><\/div><\/div><\/div><\/span><\/p>\r\n<hr \/>\r\n<p><span style=\"font-family: helvetica, arial, sans-serif\"><strong><div class=\"su-row\"><div class=\"su-column su-column-size-1-2\"><div class=\"su-column-inner su-u-clearfix su-u-trim\"><\/strong><\/span><span style=\"font-family: helvetica, arial, sans-serif;color: #000000\"><span style=\"font-size: 18pt\">Pour adh\u00e9rer : <\/span><\/span><\/p>\r\n<p><span style=\"color: #ff0000;font-family: helvetica, arial, sans-serif;font-size: 14pt\"><strong>1) Compl\u00e9ter et nous retourner le document <a href=\"https:\/\/backoffice.kananas.com\/drive.php?doc=MTcwMC9kb2N1bWVudHMvRG9jdW1lbnRzLW9mZmljaWVscy1uYXRpb25hbC8yMDI2L2J1bGxldGluLWQtYWRoZXNpb24tMjAyNi5wZGY=\"><span style=\"color: #5fa781\"><span style=\"color: #5fa781\">Adh\u00e9sion ALF<\/span> 2026<\/span><\/a> (par mail ou par courrier)<\/strong><\/span><\/p>\r\n<p><span style=\"color: #000000;font-family: helvetica, arial, sans-serif;font-size: 14pt\">Les adh\u00e9sions \u00e0 l&rsquo;ALF se font pour l&rsquo;ann\u00e9e civile.<\/span><\/p>\r\n<p>&nbsp;<\/p>\r\n<p><span style=\"font-size: 14pt;color: #ff0000;font-family: helvetica, arial, sans-serif\"><strong>2) Renseigner les informations concernant votre structure :<\/strong><\/span><\/p>\r\n<ul>\r\n<li><span style=\"color: #000000;font-family: helvetica, arial, sans-serif;font-size: 14pt\">S&rsquo;il s&rsquo;agit de votre <strong>premi\u00e8re adh\u00e9sion \u00e0 l&rsquo;ALF<\/strong>, chaque ludoth\u00e8que ou structure ludique concern\u00e9e doit remplir le formulaire ci-dessous.<\/span><\/li>\r\n<li><span style=\"font-family: helvetica, arial, sans-serif;font-size: 14pt\"><span style=\"color: #000000\">Si vous avez <strong>d\u00e9j\u00e0 adh\u00e9r\u00e9 \u00e0 l&rsquo;ALF<\/strong> auparavant, il vous suffit de mettre \u00e0 jour ces informations sur votre<\/span> <span style=\"color: #5fa781\"><a style=\"color: #5fa781\" href=\"http:\/\/www.kananas.com\/associationdesludothequesfrancaises\/espace-perso\/\" target=\"_blank\" rel=\"noopener noreferrer\" data-cke-saved-href=\"http:\/\/www.kananas.com\/associationdesludothequesfrancaises\/espace-perso\/\">espace perso<\/a>.<\/span><\/span><\/li>\r\n<\/ul>\r\n<p><span style=\"color: #000000;font-family: helvetica, arial, sans-serif;font-size: 14pt\">Pour vous aider \u00e0 remplir compl\u00e9ter ces informations, nous vous invitons \u00e0 consulter notre <a style=\"color: #000000\" href=\"https:\/\/backoffice.kananas.com\/drive.php?doc=MTcwMC9kb2N1bWVudHMvRG9jcy1yZXNzb3VyY2VzL0dsb3NzYWlyZS1leHBsaWNhdGlmLXF1ZXN0aW9ubmFpcmUucGRm\"><span style=\"color: #5fa781\">Glossaire explicatif<\/span><\/a><span style=\"color: #5fa781\">.<\/span><\/span><\/p>\r\n<p><span style=\"font-family: helvetica, arial, sans-serif;font-size: 14pt\"><strong><\/div><\/div> <div class=\"su-column su-column-size-1-2\"><div class=\"su-column-inner su-u-clearfix su-u-trim\"><\/strong><\/span><\/p>\r\n<p>&nbsp;<\/p>\r\n<p><span style=\"font-size: 14pt;font-family: helvetica, arial, sans-serif\"><strong><span style=\"color: #5fa781\"><a style=\"color: #5fa781\" href=\"https:\/\/www.youtube.com\/watch?v=1Tqz22yozgQ\">Tutoriel vid\u00e9o \u00ab\u00a0Comment adh\u00e9rer\u00a0\u00bb<\/a> :<\/span><\/strong><\/span><\/p>\r\n<p><span style=\"font-family: helvetica, arial, sans-serif\"><div class=\"su-youtube su-u-responsive-media-yes\"><iframe loading=\"lazy\" width=\"100\" height=\"150\" src=\"https:\/\/www.youtube.com\/embed\/1Tqz22yozgQ?\" frameborder=\"0\" allowfullscreen allow=\"autoplay; encrypted-media; picture-in-picture\" title=\"\"><\/iframe><\/div><\/span><\/p>\r\n<p><span style=\"font-family: helvetica, arial, sans-serif\"><strong><\/div><\/div><\/div><\/strong><\/span><\/p>\r\n<p><span style=\"color: #000000;font-family: helvetica, arial, sans-serif;font-size: 14pt\"><strong>Ces informations sont tr\u00e8s importantes<br \/><\/strong>Elles nous permettent d&rsquo;avoir un \u00e9tat des lieux de la situation des ludoth\u00e8ques sur le territoire et \u00e0 valoriser le r\u00e9seau aupr\u00e8s des institutions.<br \/>C&rsquo;est pourquoi il est important de les actualiser r\u00e9guli\u00e8rement.<\/span><\/p>\r\n<hr \/>\r\n<p><strong><span style=\"font-family: helvetica, arial, sans-serif;font-size: 14pt;color: #ff0000\">Dans le formulaire, merci de remplir ainsi les champs suivants :<\/span><\/strong><\/p>\r\n<p><span style=\"font-family: helvetica, arial, sans-serif;font-size: 14pt;color: #000000\">NOM : le nom de votre structure<\/span><br \/><span style=\"font-family: helvetica, arial, sans-serif;font-size: 14pt;color: #000000\">PRENOM : votre nom et pr\u00e9nom<\/span><br \/><span style=\"font-family: helvetica, arial, sans-serif\"><strong><span style=\"font-size: 14pt;color: #000000\">Les informations demand\u00e9es sont celles relatives \u00e0 votre ludoth\u00e8que.<\/span><br \/><span style=\"font-size: 14pt;color: #000000\">Si un champ ne s&rsquo;applique pas \u00e0 votre situation, il est n\u00e9cessaire de le remplir avec la mention \u00ab\u00a0NA\u00a0\u00bb.<\/span><\/strong><\/span><\/p>\r\n<p><span style=\"font-family: helvetica, arial, sans-serif\">\n<!-- iframe plugin v.6.0 wordpress.org\/plugins\/iframe\/ -->\n<iframe loading=\"lazy\" src=\"https:\/\/backoffice.kananas.com\/action_manager.php?event=hire&#038;id=1700\" frameborder=\"0\" width=\"100%\" height=\"80\" scrolling=\"auto\" class=\"iframe-class\"><\/iframe>\n<\/span><\/p>\r\n<p>&nbsp;<\/p>\r\n","protected":false},"excerpt":{"rendered":"<p>La campagne d&rsquo;adh\u00e9sion 2026 est ouverte ! &nbsp; Ces informations sont tr\u00e8s importantesElles nous permettent d&rsquo;avoir un \u00e9tat des lieux de la situation des ludoth\u00e8ques sur le territoire et \u00e0 valoriser le r\u00e9seau aupr\u00e8s des institutions.C&rsquo;est pourquoi il est important de les actualiser r\u00e9guli\u00e8rement. Dans le formulaire, merci de remplir ainsi les champs suivants :<\/p>\n","protected":false},"author":493,"featured_media":0,"parent":4888,"menu_order":0,"comment_status":"closed","ping_status":"closed","template":"","meta":{"_crdt_document":"","footnotes":""},"class_list":["post-3","page","type-page","status-publish","hentry"],"_links":{"self":[{"href":"https:\/\/www.kananas.com\/associationdesludothequesfrancaises\/wp-json\/wp\/v2\/pages\/3","targetHints":{"allow":["GET"]}}],"collection":[{"href":"https:\/\/www.kananas.com\/associationdesludothequesfrancaises\/wp-json\/wp\/v2\/pages"}],"about":[{"href":"https:\/\/www.kananas.com\/associationdesludothequesfrancaises\/wp-json\/wp\/v2\/types\/page"}],"author":[{"embeddable":true,"href":"https:\/\/www.kananas.com\/associationdesludothequesfrancaises\/wp-json\/wp\/v2\/users\/493"}],"replies":[{"embeddable":true,"href":"https:\/\/www.kananas.com\/associationdesludothequesfrancaises\/wp-json\/wp\/v2\/comments?post=3"}],"version-history":[{"count":10,"href":"https:\/\/www.kananas.com\/associationdesludothequesfrancaises\/wp-json\/wp\/v2\/pages\/3\/revisions"}],"predecessor-version":[{"id":6290,"href":"https:\/\/www.kananas.com\/associationdesludothequesfrancaises\/wp-json\/wp\/v2\/pages\/3\/revisions\/6290"}],"up":[{"embeddable":true,"href":"https:\/\/www.kananas.com\/associationdesludothequesfrancaises\/wp-json\/wp\/v2\/pages\/4888"}],"wp:attachment":[{"href":"https:\/\/www.kananas.com\/associationdesludothequesfrancaises\/wp-json\/wp\/v2\/media?parent=3"}],"curies":[{"name":"wp","href":"https:\/\/api.w.org\/{rel}","templated":true}]}}