{"id":304,"date":"2015-05-24T18:03:19","date_gmt":"2015-05-24T17:03:19","guid":{"rendered":"http:\/\/www.gestasso.com\/association\/associationdesludothequesfrancaises\/?page_id=304"},"modified":"2025-07-18T10:53:09","modified_gmt":"2025-07-18T08:53:09","slug":"lalf-bretagne","status":"publish","type":"page","link":"https:\/\/www.kananas.com\/associationdesludothequesfrancaises\/4858-2\/alf-metropolitaines\/lalf-bretagne\/","title":{"rendered":"L&rsquo;ALF Bretagne"},"content":{"rendered":"<p>&nbsp;<\/p>\n<p><img loading=\"lazy\" decoding=\"async\" class=\"alignnone size-full wp-image-3048\" src=\"http:\/\/www.kananas.com\/associationdesludothequesfrancaises\/wp-content\/uploads\/sites\/482\/2018\/04\/ALF_logo-BRETAGNE_taille-01-a-07_graphisme-www.cathycombarnous.fr_TEXTE-NON-VECTO_19.png\" alt=\"\" width=\"212\" height=\"124\" \/><\/p>\n<div class=\"su-row\"><div class=\"su-column su-column-size-1-2\"><div class=\"su-column-inner su-u-clearfix su-u-trim\">\n<p><span style=\"font-size: 12pt\"><span style=\"font-family: helvetica, arial, sans-serif;color: #ff0000\"><span style=\"font-size: 14pt\">Si\u00e8ge social <\/span><br \/>\n<\/span><span style=\"font-family: helvetica, arial, sans-serif;color: #000000\">Ludoth\u00e8que la Ludo<\/span><\/span><br \/>\n<span style=\"font-size: 12pt;color: #000000;font-family: helvetica, arial, sans-serif\">1 place de la libert\u00e9 d&rsquo;expression<br \/>\n29360 CLOHARS-CARNO\u00cbT<\/span><br \/>\n<span style=\"font-size: 12pt;color: #5fa781;font-family: helvetica, arial, sans-serif\"><a style=\"color: #5fa781\" href=\"mailto:ludoalfbretagne4@gmail.com\"> ludoalfbretagne4@gmail.com<\/a><\/span><\/p>\n<p><span style=\"font-size: 12pt\"><span style=\"font-family: helvetica, arial, sans-serif\"> <span style=\"color: #ff0000\"><span style=\"font-size: 14pt\">Bureau<\/span><\/span><\/span><\/span><\/p>\n<p align=\"justify\"><span style=\"color: #000000;font-family: helvetica, arial, sans-serif;font-size: 12pt\">Pr\u00e9sidente : Barbara V\u00e9ron<br \/>\n<span style=\"font-size: 10pt\">Ludoth\u00e8que le monde du jeu \u00e0 Ch\u00e2teaubourg (35)<\/span><\/span><\/p>\n<p><span style=\"color: #000000;font-family: helvetica, arial, sans-serif;font-size: 12pt\">Vice-pr\u00e9sident\u00a0: J\u00e9r\u00e9my Chesneau<br \/>\n<span style=\"font-size: 10pt\">La ludo \u00e0 Clohars-Carno\u00ebt (29)<\/span> <\/span><\/p>\n<p><span style=\"color: #000000;font-family: helvetica, arial, sans-serif;font-size: 12pt\">Secr\u00e9taire : C\u00e9lia M\u00e9rel<br \/>\n<span style=\"font-size: 10pt\">M\u00e9diath\u00e8que les Halles \u00e0 Ch\u00e2teaugiron (35)<\/span><\/span><\/p>\n<p><span style=\"color: #000000;font-family: helvetica, arial, sans-serif;font-size: 12pt\">Tr\u00e9sorier : Alan Vallet<br \/>\n<span style=\"font-size: 10pt\">Ludoth\u00e8que MJC Br\u00e9quigny \u00e0 Rennes (35)<\/span> <\/span><\/p>\n<p><span style=\"color: #000000;font-family: helvetica, arial, sans-serif;font-size: 12pt\">Vice-tr\u00e9sori\u00e8re : Lucie Grandpierre<br \/>\n<span style=\"font-size: 10pt\">Espace culturel Terraqu\u00e9 \u00e0 Carnac (56)<\/span><\/span><\/p>\n<p><span style=\"color: #000000;font-family: helvetica, arial, sans-serif;font-size: 12pt\">Membre : Anne Letertre<br \/>\n<span style=\"font-size: 10pt\">M\u00e9diath\u00e8que la grande Passerelle \u00e0 St Malo (35)<\/span> <\/span><\/p>\n<p><span style=\"color: #000000;font-family: helvetica, arial, sans-serif;font-size: 12pt\">Membre : Katell Le Gallou<br \/>\n<span style=\"font-size: 10pt\">Ludoth\u00e8que Plan\u00e8te Enchant\u00e9e \u00e0 Louargoat (22)<\/span> <\/span><\/p>\n<p><span style=\"color: #000000;font-family: helvetica, arial, sans-serif;font-size: 12pt\">Membre\u00a0: Adrien Fry<br \/>\n<span style=\"font-size: 10pt\">(35)<\/span><\/span><\/p>\n<p><span style=\"color: #000000;font-family: helvetica, arial, sans-serif;font-size: 12pt\">Membre : Gilles Lebreton<br \/>\n<span style=\"font-size: 10pt\">Ludoth\u00e8que d\u2019Entr\u00e9e de jeu \u00e0 Langoat (22)<\/span> <\/span><\/p>\n<p><span style=\"color: #000000;font-size: 12pt\"><span style=\"font-family: Liberation Sans, sans-serif\"><span style=\"font-family: helvetica, arial, sans-serif\">Membre : St\u00e9phanie Sejet<br \/>\n<span style=\"font-size: 10pt\">Ludoth\u00e8que Maison de Quartier Villejean \u00e0 Rennes (35)<\/span><\/span> <\/span><\/span><\/p>\n<\/div><\/div> <div class=\"su-column su-column-size-1-2\"><div class=\"su-column-inner su-u-clearfix su-u-trim\">\n<p><span style=\"color: #ff0000;font-family: helvetica, arial, sans-serif;font-size: 14pt\">Les documents officiels<\/span><\/p>\n<ul>\n<li><span style=\"color: #5fa781;font-family: helvetica, arial, sans-serif;font-size: 12pt\"><a style=\"color: #5fa781\" href=\"https:\/\/www.kananas.com\/associationdesludothequesfrancaises\/wp-content\/uploads\/sites\/482\/2025\/04\/AG-2025-proces-verbal.pdf\">PV AG 2025<\/a><\/span><\/li>\n<li><span style=\"color: #5fa781;font-family: helvetica, arial, sans-serif;font-size: 12pt\"><a style=\"color: #5fa781\" href=\"https:\/\/backoffice.kananas.com\/drive.php?doc=MTcwMC9kb2N1bWVudHMvUmVnaW9ucy9CcmV0YWduZS9Qcm9jZXMtdmVyYmFsLUFHLTIwMjQtdmFsaWRlLXBhci1sZS1DQS1zaWduZS5wZGY=\" target=\"_blank\" rel=\"noopener\">PV AG 2024<\/a><\/span><\/li>\n<li><span style=\"font-size: 12pt;font-family: helvetica, arial, sans-serif\"><a href=\"https:\/\/backoffice.kananas.com\/drive.php?doc=MTcwMC9kb2N1bWVudHMvUmVnaW9ucy9CcmV0YWduZS9ub3V2ZWF1LXN0YXR1dHMtMjAxOS1BTEYtQlJFVEFHTkUtc2llZ2Utc29jaWFsLnBkZg==\" target=\"_blank\" rel=\"noopener\"><span style=\"color: #5fa781\">Statuts 2019<\/span><\/a><\/span><\/li>\n<\/ul>\n<p><span style=\"font-family: helvetica, arial, sans-serif;font-size: 14pt;color: #ff0000\">R\u00e9seau<\/span><\/p>\n<ul>\n<li><span style=\"font-family: helvetica, arial, sans-serif\"><span style=\"color: #000000\">Site internet : <\/span><a style=\"color: #5fa781\" href=\"http:\/\/www.alf-bretagne.fr\">www.alf-bretagne.fr<\/a><\/span><\/li>\n<li><span style=\"font-family: helvetica, arial, sans-serif;color: #000000\">Groupe Facebook : <\/span><a style=\"color: #5fa781\" href=\"https:\/\/www.facebook.com\/groups\/771183763389617\"><span style=\"font-family: helvetica, arial, sans-serif\">Groupe Bretagne<\/span><\/a><\/li>\n<\/ul>\n<p>&nbsp;<\/p>\n<p><img loading=\"lazy\" decoding=\"async\" class=\"alignnone wp-image-5796\" src=\"https:\/\/www.kananas.com\/associationdesludothequesfrancaises\/wp-content\/uploads\/sites\/482\/2024\/12\/Carte_Bretagne-300x177.jpg\" alt=\"\" width=\"480\" height=\"283\" srcset=\"https:\/\/www.kananas.com\/associationdesludothequesfrancaises\/wp-content\/uploads\/sites\/482\/2024\/12\/Carte_Bretagne-300x177.jpg 300w, https:\/\/www.kananas.com\/associationdesludothequesfrancaises\/wp-content\/uploads\/sites\/482\/2024\/12\/Carte_Bretagne-1024x605.jpg 1024w, https:\/\/www.kananas.com\/associationdesludothequesfrancaises\/wp-content\/uploads\/sites\/482\/2024\/12\/Carte_Bretagne-768x454.jpg 768w, https:\/\/www.kananas.com\/associationdesludothequesfrancaises\/wp-content\/uploads\/sites\/482\/2024\/12\/Carte_Bretagne-1536x907.jpg 1536w, https:\/\/www.kananas.com\/associationdesludothequesfrancaises\/wp-content\/uploads\/sites\/482\/2024\/12\/Carte_Bretagne-2048x1210.jpg 2048w, https:\/\/www.kananas.com\/associationdesludothequesfrancaises\/wp-content\/uploads\/sites\/482\/2024\/12\/Carte_Bretagne-271x160.jpg 271w\" sizes=\"auto, (max-width: 480px) 100vw, 480px\" \/><\/p>\n<\/div><\/div><\/div>\n","protected":false},"excerpt":{"rendered":"<p>&nbsp;<\/p>\n","protected":false},"author":493,"featured_media":0,"parent":4861,"menu_order":0,"comment_status":"closed","ping_status":"closed","template":"","meta":{"_crdt_document":"","footnotes":""},"class_list":["post-304","page","type-page","status-publish","hentry"],"_links":{"self":[{"href":"https:\/\/www.kananas.com\/associationdesludothequesfrancaises\/wp-json\/wp\/v2\/pages\/304","targetHints":{"allow":["GET"]}}],"collection":[{"href":"https:\/\/www.kananas.com\/associationdesludothequesfrancaises\/wp-json\/wp\/v2\/pages"}],"about":[{"href":"https:\/\/www.kananas.com\/associationdesludothequesfrancaises\/wp-json\/wp\/v2\/types\/page"}],"author":[{"embeddable":true,"href":"https:\/\/www.kananas.com\/associationdesludothequesfrancaises\/wp-json\/wp\/v2\/users\/493"}],"replies":[{"embeddable":true,"href":"https:\/\/www.kananas.com\/associationdesludothequesfrancaises\/wp-json\/wp\/v2\/comments?post=304"}],"version-history":[{"count":10,"href":"https:\/\/www.kananas.com\/associationdesludothequesfrancaises\/wp-json\/wp\/v2\/pages\/304\/revisions"}],"predecessor-version":[{"id":6100,"href":"https:\/\/www.kananas.com\/associationdesludothequesfrancaises\/wp-json\/wp\/v2\/pages\/304\/revisions\/6100"}],"up":[{"embeddable":true,"href":"https:\/\/www.kananas.com\/associationdesludothequesfrancaises\/wp-json\/wp\/v2\/pages\/4861"}],"wp:attachment":[{"href":"https:\/\/www.kananas.com\/associationdesludothequesfrancaises\/wp-json\/wp\/v2\/media?parent=304"}],"curies":[{"name":"wp","href":"https:\/\/api.w.org\/{rel}","templated":true}]}}