{"id":317,"date":"2015-05-24T18:10:48","date_gmt":"2015-05-24T17:10:48","guid":{"rendered":"http:\/\/www.gestasso.com\/association\/associationdesludothequesfrancaises\/?page_id=317"},"modified":"2022-08-26T16:27:15","modified_gmt":"2022-08-26T14:27:15","slug":"lalf-pays-de-la-loire","status":"publish","type":"page","link":"https:\/\/www.kananas.com\/associationdesludothequesfrancaises\/4858-2\/alf-metropolitaines\/lalf-pays-de-la-loire\/","title":{"rendered":"L&rsquo;ALF Pays de la Loire"},"content":{"rendered":"<p><span style=\"font-family: helvetica, arial, sans-serif;color: #000000;font-size: 12pt\">L&rsquo;ALF Pays de la Loire est en sommeil depuis le 10 mars 2018.<\/span><\/p>\n<p><span style=\"font-family: helvetica, arial, sans-serif;color: #000000;font-size: 12pt\">Si vous souhaitez n\u00e9anmoins prendre contact avec le r\u00e9seau et\/ou \u00eates motiv\u00e9-es pour le redynamiser, vous pouvez \u00e9crire au r\u00e9f\u00e9rent de votre r\u00e9gion Pascal Bisson de la ludoth\u00e8que du CLEP de Laval : pascal.bisson@clep-laval.com.<\/span><\/p>\n<p><span style=\"font-family: helvetica, arial, sans-serif;color: #000000;font-size: 12pt\">Vous pouvez \u00e9galement vous inscrire sur la liste du Collectif ludique Pays de la Loire :<\/span><\/p>\n<blockquote><p><span style=\"font-family: helvetica, arial, sans-serif;font-size: 12pt\"><a class=\"moz-txt-link-abbreviated\" href=\"mailto:COLLECTIF.LUDIQUE.PDL@FRAMALISTES.ORG\"><span style=\"color: #5fa781\">COLLECTIF.LUDIQUE.PDL@FRAMALISTES.ORG<\/span><\/a> <\/span><\/p>\n<p><span style=\"color: #000000;font-size: 12pt\"><em><span style=\"font-family: helvetica, arial, sans-serif\">\u00ab\u00a0Objet : Liste des structures ludiques Pays de la Loire<\/span><\/em><\/span><\/p>\n<p><span style=\"color: #000000;font-size: 12pt\"><em><span style=\"font-family: helvetica, arial, sans-serif\">Description : Cette liste a pour vocation de : <\/span><\/em><\/span><br \/>\n<span style=\"color: #000000;font-size: 12pt\"><em><span style=\"font-family: helvetica, arial, sans-serif\">&#8211; garder le contact entre structures ludiques <\/span><\/em><\/span><br \/>\n<span style=\"color: #000000;font-size: 12pt\"><em><span style=\"font-family: helvetica, arial, sans-serif\">&#8211; d&rsquo;\u00e9changer autour de la th\u00e9matique du jeu <\/span><\/em><\/span><\/p>\n<p><span style=\"color: #000000;font-size: 12pt\"><em><span style=\"font-family: helvetica, arial, sans-serif\">Cela s&rsquo;adresse \u00e0 : <\/span><\/em><\/span><br \/>\n<span style=\"color: #000000;font-size: 12pt\"><em><span style=\"font-family: helvetica, arial, sans-serif\">&#8211; Ludoth\u00e8ques, <\/span><\/em><\/span><br \/>\n<span style=\"color: #000000;font-size: 12pt\"><em><span style=\"font-family: helvetica, arial, sans-serif\">&#8211; Associations <\/span><\/em><\/span><br \/>\n<span style=\"color: #000000;font-size: 12pt\"><em><span style=\"font-family: helvetica, arial, sans-serif\">&#8211; Club de jeux <\/span><\/em><\/span><br \/>\n<span style=\"color: #000000;font-size: 12pt\"><em><span style=\"font-family: helvetica, arial, sans-serif\">&#8211; Auteurs \/ cr\u00e9ateurs <\/span><\/em><\/span><br \/>\n<span style=\"color: #000000;font-size: 12pt\"><em><span style=\"font-family: helvetica, arial, sans-serif\">&#8211; SARL dans le domaine du jeu (bar \u00e0 jeux, boutiques&#8230;) <\/span><\/em><\/span><\/p>\n<p><span style=\"color: #000000;font-size: 12pt\"><em><span style=\"font-family: helvetica, arial, sans-serif\">A quoi \u00e7a sert cette mailing-liste ? <\/span><\/em><\/span><br \/>\n<span style=\"color: #000000;font-size: 12pt\"><em><span style=\"font-family: helvetica, arial, sans-serif\">&#8211; communiquer les \u00e9v\u00e9nements ludiques <\/span><\/em><\/span><br \/>\n<span style=\"color: #000000;font-size: 12pt\"><em><span style=\"font-family: helvetica, arial, sans-serif\">&#8211; s&rsquo;organiser pour que le se rencontre (d\u00e9bats, formation, <\/span><\/em><\/span><br \/>\n<span style=\"color: #000000;font-size: 12pt\"><em><span style=\"font-family: helvetica, arial, sans-serif\">\u00e9changes&#8230;) <\/span><\/em><\/span><br \/>\n<span style=\"color: #000000;font-size: 12pt\"><em><span style=\"font-family: helvetica, arial, sans-serif\">&#8211; se donner des bons plans (exposition, demandes de subventions, un site <\/span><\/em><\/span><br \/>\n<span style=\"color: #000000;font-size: 12pt\"><em><span style=\"font-family: helvetica, arial, sans-serif\">int\u00e9ressant&#8230;) <\/span><\/em><\/span><br \/>\n<span style=\"color: #000000;font-size: 12pt\"><em><span style=\"font-family: helvetica, arial, sans-serif\">&#8211; partager des documents <\/span><\/em><\/span><br \/>\n<span style=\"color: #000000;font-size: 12pt\"><em><span style=\"font-family: helvetica, arial, sans-serif\">&#8211; aucune vis\u00e9e commerciale\u00a0\u00bb<\/span> <\/em><\/span><\/p><\/blockquote>\n","protected":false},"excerpt":{"rendered":"<p>L&rsquo;ALF Pays de la Loire est en sommeil depuis le 10 mars 2018. Si vous souhaitez n\u00e9anmoins prendre contact avec le r\u00e9seau et\/ou \u00eates motiv\u00e9-es pour le redynamiser, vous pouvez \u00e9crire au r\u00e9f\u00e9rent de votre r\u00e9gion Pascal Bisson de la ludoth\u00e8que du CLEP de Laval : pascal.bisson@clep-laval.com. Vous pouvez \u00e9galement vous inscrire sur la liste<\/p>\n","protected":false},"author":493,"featured_media":0,"parent":4861,"menu_order":0,"comment_status":"closed","ping_status":"closed","template":"","meta":{"_crdt_document":"","footnotes":""},"class_list":["post-317","page","type-page","status-publish","hentry"],"_links":{"self":[{"href":"https:\/\/www.kananas.com\/associationdesludothequesfrancaises\/wp-json\/wp\/v2\/pages\/317","targetHints":{"allow":["GET"]}}],"collection":[{"href":"https:\/\/www.kananas.com\/associationdesludothequesfrancaises\/wp-json\/wp\/v2\/pages"}],"about":[{"href":"https:\/\/www.kananas.com\/associationdesludothequesfrancaises\/wp-json\/wp\/v2\/types\/page"}],"author":[{"embeddable":true,"href":"https:\/\/www.kananas.com\/associationdesludothequesfrancaises\/wp-json\/wp\/v2\/users\/493"}],"replies":[{"embeddable":true,"href":"https:\/\/www.kananas.com\/associationdesludothequesfrancaises\/wp-json\/wp\/v2\/comments?post=317"}],"version-history":[{"count":7,"href":"https:\/\/www.kananas.com\/associationdesludothequesfrancaises\/wp-json\/wp\/v2\/pages\/317\/revisions"}],"predecessor-version":[{"id":4932,"href":"https:\/\/www.kananas.com\/associationdesludothequesfrancaises\/wp-json\/wp\/v2\/pages\/317\/revisions\/4932"}],"up":[{"embeddable":true,"href":"https:\/\/www.kananas.com\/associationdesludothequesfrancaises\/wp-json\/wp\/v2\/pages\/4861"}],"wp:attachment":[{"href":"https:\/\/www.kananas.com\/associationdesludothequesfrancaises\/wp-json\/wp\/v2\/media?parent=317"}],"curies":[{"name":"wp","href":"https:\/\/api.w.org\/{rel}","templated":true}]}}