{"id":3545,"date":"2019-06-14T10:59:09","date_gmt":"2019-06-14T08:59:09","guid":{"rendered":"http:\/\/www.kananas.com\/associationdesludothequesfrancaises\/?page_id=3545"},"modified":"2019-06-14T10:59:09","modified_gmt":"2019-06-14T08:59:09","slug":"sdl-2018","status":"publish","type":"page","link":"https:\/\/www.kananas.com\/associationdesludothequesfrancaises\/sdl-2018\/","title":{"rendered":"SDL 2018"},"content":{"rendered":"<p><span style=\"font-family: helvetica, arial, sans-serif;font-size: 14pt;color: #ff0000\"><strong>Les jeux prim\u00e9s en 2018<\/strong><\/span><\/p>\n<p><span style=\"font-family: helvetica, arial, sans-serif\">[row][column size=\u00a0\u00bb1\/2&Prime; center=\u00a0\u00bbno\u00a0\u00bb class=\u00a0\u00bb\u00a0\u00bb]<img loading=\"lazy\" decoding=\"async\" class=\"alignnone wp-image-3143\" src=\"http:\/\/www.kananas.com\/associationdesludothequesfrancaises\/wp-content\/uploads\/sites\/482\/2018\/07\/La-S\u00e9lection-1-296x300.jpg\" alt=\"\" width=\"732\" height=\"742\" srcset=\"https:\/\/www.kananas.com\/associationdesludothequesfrancaises\/wp-content\/uploads\/sites\/482\/2018\/07\/La-S\u00e9lection-1-296x300.jpg 296w, https:\/\/www.kananas.com\/associationdesludothequesfrancaises\/wp-content\/uploads\/sites\/482\/2018\/07\/La-S\u00e9lection-1.jpg 764w\" sizes=\"auto, (max-width: 732px) 100vw, 732px\" \/><\/span><\/p>\n<p><span style=\"font-family: helvetica, arial, sans-serif\"><a href=\"https:\/\/backoffice.kananas.com\/drive.php?doc=MTcwMC9kb2N1bWVudHMvRXZlbmVtZW50cy1sdWRpcXVlcy9TZWxlY3Rpb24tZGVzLWx1ZG90aGVjYWlyZXMtMjAxOC5wZGY=\">T\u00e9l\u00e9charger la pr\u00e9sentation<\/a><\/span><\/p>\n<p><span style=\"font-family: helvetica, arial, sans-serif\">L&rsquo;annonce des jeux s\u00e9lectionn\u00e9s a eu lieu au FLIP (Festival Ludique International de Parthenay), le 20 juillet 2018. Des animations ont \u00e9t\u00e9 propos\u00e9es lors du festival pour pr\u00e9senter les jeux s\u00e9lectionn\u00e9s au public.<\/span><\/p>\n<p><span style=\"font-family: helvetica, arial, sans-serif\">[\/column] [column size=\u00a0\u00bb1\/2&Prime; center=\u00a0\u00bbno\u00a0\u00bb class=\u00a0\u00bb\u00a0\u00bb]<\/span><\/p>\n<p><span style=\"font-family: helvetica, arial, sans-serif\"><strong>La tour d\u2019engrenage Spinagain et le Mini Spinny <\/strong>sont deux jeux distribu\u00e9s en France par Hop\u2019toys, assez similaires dans leur principe de roues pivotant sur un axe filet\u00e9, raison pour laquelle ils ont \u00e9t\u00e9 prim\u00e9s conjointement.<\/span><\/p>\n<p><span style=\"font-family: helvetica, arial, sans-serif\">Ces jeux de manipulations sont simples dans leur conception mais d\u2019une grande richesse en termes de possibilit\u00e9s d\u2019exploration motrice et sensorielle. Ce que confirment les temps de concentration assez \u00e9lev\u00e9s que l\u2019on peut observer de la part des jeunes enfants qui les ont en main, mais aussi chez les plus grands\u00a0!<\/span><\/p>\n<p><span style=\"font-family: helvetica, arial, sans-serif\"><strong>Les tapis de jeu Carpeto <\/strong>constituent un accessoire qui favorise consid\u00e9rablement les jeux de mise en sc\u00e8ne (ici les jeux de figurines). La collection propose \u00e0 ce jour cinq univers diff\u00e9rents (crique myst\u00e9rieuse, circuit urbain, centre \u00e9questre, canyon adventure et exploration spatiale), tous disponibles en diff\u00e9rents formats.<\/span><\/p>\n<p><span style=\"font-family: helvetica, arial, sans-serif\">Solides, antid\u00e9rapants, stables pour les figurines et lavables en machine, les tapis de jeu Carpeto sont faciles \u00e0 utiliser, aussi bien pour les enfants qui jouent avec que pour les adultes qui en assurent l\u2019entretien. Ils sont de plus con\u00e7us et fabriqu\u00e9s en France.<\/span><\/p>\n<p><span style=\"font-family: helvetica, arial, sans-serif\"><strong>Les Magformers <\/strong>sont des pi\u00e8ces de jeu de construction aimant\u00e9es et color\u00e9es pr\u00e9sentant diverses formes g\u00e9om\u00e9triques.<\/span><\/p>\n<p><span style=\"font-family: helvetica, arial, sans-serif\">Ce jeu d\u2019assemblage a depuis plusieurs ann\u00e9es conquis les ludoth\u00e9caires par son ing\u00e9niosit\u00e9 et son accessibilit\u00e9, chacun pouvant se l\u2019approprier \u00e0 sa mani\u00e8re : certains d\u00e9couvrent et exp\u00e9rimentent ainsi le magn\u00e9tisme, tandis que d\u2019autres b\u00e2tissent de v\u00e9ritables cath\u00e9drales.<\/span><\/p>\n<p><span style=\"font-family: helvetica, arial, sans-serif\"><strong>Kingdomino<\/strong> est un jeu de soci\u00e9t\u00e9 con\u00e7u par Bruno Cathala et illustr\u00e9 par Cyril Bouquet. Il est \u00e9dit\u00e9 par BlueOrange et distribu\u00e9 par Blackrock. Reprenant le m\u00e9canisme associatif des dominos, Kingdomino y ajoute une dimension strat\u00e9gique et un univers graphique en totale ad\u00e9quation avec les \u00e9volutions actuelles du jeu de soci\u00e9t\u00e9.<\/span><\/p>\n<p><span style=\"font-family: helvetica, arial, sans-serif\">R\u00e9compens\u00e9 par le Spiel des Jahres 2017, Kingdomino est d\u00e9j\u00e0 bien connu des joueurs. Mais sa s\u00e9lection par les ludoth\u00e9caires confirme l\u2019aisance avec laquelle tous les publics se l\u2019approprient.[\/column][\/row]<\/span><\/p>\n<p><span style=\"font-family: helvetica, arial, sans-serif\">Les photos des animations de l&rsquo;ALF au FLIP 2018 :<\/span><\/p>\n<p><span style=\"font-family: helvetica, arial, sans-serif\">[carousel source=\u00a0\u00bbmedia: 3150,3154,3155,3157,3159,3161&Prime; link=\u00a0\u00bbimage\u00a0\u00bb target=\u00a0\u00bbblank\u00a0\u00bb width=\u00a0\u00bb1200&Prime; height=\u00a0\u00bb120&Prime; responsive=\u00a0\u00bbno\u00a0\u00bb items=\u00a0\u00bb6&Prime; title=\u00a0\u00bbno\u00a0\u00bb]<\/span><\/p>\n","protected":false},"excerpt":{"rendered":"<p>Les jeux prim\u00e9s en 2018 [row][column size=\u00a0\u00bb1\/2&Prime; center=\u00a0\u00bbno\u00a0\u00bb class=\u00a0\u00bb\u00a0\u00bb] T\u00e9l\u00e9charger la pr\u00e9sentation L&rsquo;annonce des jeux s\u00e9lectionn\u00e9s a eu lieu au FLIP (Festival Ludique International de Parthenay), le 20 juillet 2018. Des animations ont \u00e9t\u00e9 propos\u00e9es lors du festival pour pr\u00e9senter les jeux s\u00e9lectionn\u00e9s au public. [\/column] [column size=\u00a0\u00bb1\/2&Prime; center=\u00a0\u00bbno\u00a0\u00bb class=\u00a0\u00bb\u00a0\u00bb] La tour d\u2019engrenage Spinagain et<\/p>\n","protected":false},"author":493,"featured_media":0,"parent":0,"menu_order":0,"comment_status":"closed","ping_status":"closed","template":"","meta":{"_crdt_document":"","footnotes":""},"class_list":["post-3545","page","type-page","status-publish","hentry"],"_links":{"self":[{"href":"https:\/\/www.kananas.com\/associationdesludothequesfrancaises\/wp-json\/wp\/v2\/pages\/3545","targetHints":{"allow":["GET"]}}],"collection":[{"href":"https:\/\/www.kananas.com\/associationdesludothequesfrancaises\/wp-json\/wp\/v2\/pages"}],"about":[{"href":"https:\/\/www.kananas.com\/associationdesludothequesfrancaises\/wp-json\/wp\/v2\/types\/page"}],"author":[{"embeddable":true,"href":"https:\/\/www.kananas.com\/associationdesludothequesfrancaises\/wp-json\/wp\/v2\/users\/493"}],"replies":[{"embeddable":true,"href":"https:\/\/www.kananas.com\/associationdesludothequesfrancaises\/wp-json\/wp\/v2\/comments?post=3545"}],"version-history":[{"count":2,"href":"https:\/\/www.kananas.com\/associationdesludothequesfrancaises\/wp-json\/wp\/v2\/pages\/3545\/revisions"}],"predecessor-version":[{"id":3547,"href":"https:\/\/www.kananas.com\/associationdesludothequesfrancaises\/wp-json\/wp\/v2\/pages\/3545\/revisions\/3547"}],"wp:attachment":[{"href":"https:\/\/www.kananas.com\/associationdesludothequesfrancaises\/wp-json\/wp\/v2\/media?parent=3545"}],"curies":[{"name":"wp","href":"https:\/\/api.w.org\/{rel}","templated":true}]}}