{"id":3869,"date":"2020-05-05T15:28:54","date_gmt":"2020-05-05T13:28:54","guid":{"rendered":"http:\/\/www.kananas.com\/associationdesludothequesfrancaises\/?page_id=3869"},"modified":"2020-05-05T15:46:50","modified_gmt":"2020-05-05T13:46:50","slug":"communique-du-5-mai-2020","status":"publish","type":"page","link":"https:\/\/www.kananas.com\/associationdesludothequesfrancaises\/communique-du-5-mai-2020\/","title":{"rendered":"Communiqu\u00e9 du 5 mai 2020"},"content":{"rendered":"[document url=\u00a0\u00bbhttps:\/\/backoffice.kananas.com\/drive.php?doc=MTcwMC9kb2N1bWVudHMvRG9jdW1lbnRzLW9mZmljaWVscy1uYXRpb25hbC9Db21tdW5pcXVlLXNpdHVhdGlvbi1sdWRvdGhlcXVlcy5wZGY=\u00a0\u00bb]\n<p><a href=\"https:\/\/backoffice.kananas.com\/drive.php?doc=MTcwMC9kb2N1bWVudHMvRG9jdW1lbnRzLW9mZmljaWVscy1uYXRpb25hbC9Db21tdW5pcXVlLXNpdHVhdGlvbi1sdWRvdGhlcXVlcy5wZGY=\"><span style=\"font-family: helvetica, arial, sans-serif\">T\u00e9l\u00e9charger le communiqu\u00e9<\/span><\/a><\/p>\n","protected":false},"excerpt":{"rendered":"<p>[document url=\u00a0\u00bbhttps:\/\/backoffice.kananas.com\/drive.php?doc=MTcwMC9kb2N1bWVudHMvRG9jdW1lbnRzLW9mZmljaWVscy1uYXRpb25hbC9Db21tdW5pcXVlLXNpdHVhdGlvbi1sdWRvdGhlcXVlcy5wZGY=\u00a0\u00bb] T\u00e9l\u00e9charger le communiqu\u00e9<\/p>\n","protected":false},"author":493,"featured_media":0,"parent":0,"menu_order":0,"comment_status":"closed","ping_status":"closed","template":"","meta":{"_crdt_document":"","footnotes":""},"class_list":["post-3869","page","type-page","status-publish","hentry"],"_links":{"self":[{"href":"https:\/\/www.kananas.com\/associationdesludothequesfrancaises\/wp-json\/wp\/v2\/pages\/3869","targetHints":{"allow":["GET"]}}],"collection":[{"href":"https:\/\/www.kananas.com\/associationdesludothequesfrancaises\/wp-json\/wp\/v2\/pages"}],"about":[{"href":"https:\/\/www.kananas.com\/associationdesludothequesfrancaises\/wp-json\/wp\/v2\/types\/page"}],"author":[{"embeddable":true,"href":"https:\/\/www.kananas.com\/associationdesludothequesfrancaises\/wp-json\/wp\/v2\/users\/493"}],"replies":[{"embeddable":true,"href":"https:\/\/www.kananas.com\/associationdesludothequesfrancaises\/wp-json\/wp\/v2\/comments?post=3869"}],"version-history":[{"count":1,"href":"https:\/\/www.kananas.com\/associationdesludothequesfrancaises\/wp-json\/wp\/v2\/pages\/3869\/revisions"}],"predecessor-version":[{"id":3870,"href":"https:\/\/www.kananas.com\/associationdesludothequesfrancaises\/wp-json\/wp\/v2\/pages\/3869\/revisions\/3870"}],"wp:attachment":[{"href":"https:\/\/www.kananas.com\/associationdesludothequesfrancaises\/wp-json\/wp\/v2\/media?parent=3869"}],"curies":[{"name":"wp","href":"https:\/\/api.w.org\/{rel}","templated":true}]}}