{"id":3934,"date":"2020-07-15T10:58:08","date_gmt":"2020-07-15T08:58:08","guid":{"rendered":"http:\/\/www.kananas.com\/associationdesludothequesfrancaises\/?page_id=3934"},"modified":"2020-07-15T10:58:08","modified_gmt":"2020-07-15T08:58:08","slug":"sdl-2019","status":"publish","type":"page","link":"https:\/\/www.kananas.com\/associationdesludothequesfrancaises\/sdl-2019\/","title":{"rendered":"SDL 2019"},"content":{"rendered":"<p><span style=\"font-family: helvetica, arial, sans-serif\"><strong>Les jeux prim\u00e9s en 2019<\/strong><\/span><\/p>\n<div class=\"su-row\">\n<div class=\"su-column su-column-size-1-2\">\n<div class=\"su-column-inner su-u-clearfix su-u-trim\"><img loading=\"lazy\" decoding=\"async\" class=\"alignnone wp-image-3564\" src=\"http:\/\/www.kananas.com\/associationdesludothequesfrancaises\/wp-content\/uploads\/sites\/482\/2019\/06\/SDL-2019-1-263x300.jpg\" alt=\"\" width=\"517\" height=\"590\" srcset=\"https:\/\/www.kananas.com\/associationdesludothequesfrancaises\/wp-content\/uploads\/sites\/482\/2019\/06\/SDL-2019-1-263x300.jpg 263w, https:\/\/www.kananas.com\/associationdesludothequesfrancaises\/wp-content\/uploads\/sites\/482\/2019\/06\/SDL-2019-1.jpg 680w\" sizes=\"auto, (max-width: 517px) 100vw, 517px\" \/><span style=\"font-family: helvetica, arial, sans-serif\"><a href=\"https:\/\/backoffice.kananas.com\/drive.php?doc=MTcwMC9kb2N1bWVudHMvRXZlbmVtZW50cy1sdWRpcXVlcy9TREwtMjAxOS5wZGY=\">T\u00e9l\u00e9charger la pr\u00e9sentation<\/a><\/span><\/p>\n<\/div>\n<\/div>\n<div class=\"su-column su-column-size-1-2\">\n<div class=\"su-column-inner su-u-clearfix su-u-trim\"><span style=\"font-family: helvetica, arial, sans-serif\"><strong>Les balles miroir, <\/strong>sont distribu\u00e9es par diff\u00e9rentes enseignes, dont notamment Montessori\u00a0: s\u2019Amuser Autrement. Le jeu se pr\u00e9sente sous la forme de quatre sph\u00e8res m\u00e9talliques de diam\u00e8tre diff\u00e9rent. \u00a0<\/span><span style=\"font-family: helvetica, arial, sans-serif\">Les balles miroirs constituent un parfait exemple de jouet adapt\u00e9 au d\u00e9veloppement du jeune enfant, alliant simplicit\u00e9 de l\u2019objet et richesse des exp\u00e9riences motrices et sensorielles qu\u2019il propose. Jeux de lumi\u00e8res, effets miroir et sonorit\u00e9s m\u00e9talliques sont autant de possibilit\u00e9s d\u2019exploration que les joueurs s\u2019empressent de saisir.<\/span><\/p>\n<p><span style=\"font-family: helvetica, arial, sans-serif\"><strong>Les cubes en bois Kubix <\/strong>sont cr\u00e9\u00e9s par JuraToys et font partie de la marque Janod. Chaque set propose entre 40 et 120 pi\u00e8ces en bois de merisier peint \u00e0 l\u2019eau.<\/span><\/p>\n<p><span style=\"font-family: helvetica, arial, sans-serif\">Les blocs de construction rel\u00e8vent a priori plut\u00f4t de la cat\u00e9gorie \u00ab\u00a0assemblage\u00a0\u00bb. Cependant, en proposant des objets autour de l\u2019univers du cirque, dont des personnages, la gamme se pr\u00eate particuli\u00e8rement bien au jeu symbolique, en cr\u00e9ant des passages et des interactions tr\u00e8s fortes entre ces deux types de jeux.<\/span><\/p>\n<p><span style=\"font-family: helvetica, arial, sans-serif\"><strong>Le Jeu de Misha <\/strong>tient son nom de celui de son inventeur, l\u2019artisan audois Misha Demidjuk. Il est compos\u00e9 principalement de neuf arceaux de bois de h\u00eatre, d\u00e9coup\u00e9s selon une technique particuli\u00e8re qui leur conf\u00e8re une texture rugueuse.<\/span><\/p>\n<p><span style=\"font-family: helvetica, arial, sans-serif\">Avec le jeu de Misha, la fronti\u00e8re entre jeu et art devient encore un peu plus floue. A partir d\u2019un tr\u00e8s bel objet et de quelques techniques simples, il est en effet possible de produire une grande vari\u00e9t\u00e9 de figures et de motifs. Sa manipulation produit des effets surprenants, \u00e0 la limite de la prestidigitation.\u00a0 \u00a0<\/span><\/p>\n<p><span style=\"font-family: helvetica, arial, sans-serif\"><strong>Cubirds<\/strong> est un jeu de soci\u00e9t\u00e9 con\u00e7u par Stefan Alexander et illustr\u00e9 par Kristiaan des Nederlanden. Il est \u00e9dit\u00e9 par Catch Up Games \u00a0et distribu\u00e9 par Blackrock \u00e9ditions. \u00a0<\/span><\/p>\n<p><span style=\"font-family: helvetica, arial, sans-serif\">Reposant sur des m\u00e9canismes de gestion de main et de constitution de collections, ce petit jeu de cartes se distingue par la combinaison d\u2019une grande accessibilit\u00e9 et d\u2019une r\u00e9elle profondeur strat\u00e9gique. Mais l\u2019originalit\u00e9 de son univers graphique contribue aussi \u00e0 son succ\u00e8s aupr\u00e8s des joueurs de tous \u00e2ges.<\/span><\/p>\n<\/div>\n<\/div>\n<\/div>\n","protected":false},"excerpt":{"rendered":"<p>Les jeux prim\u00e9s en 2019 T\u00e9l\u00e9charger la pr\u00e9sentation Les balles miroir, sont distribu\u00e9es par diff\u00e9rentes enseignes, dont notamment Montessori\u00a0: s\u2019Amuser Autrement. Le jeu se pr\u00e9sente sous la forme de quatre sph\u00e8res m\u00e9talliques de diam\u00e8tre diff\u00e9rent. \u00a0Les balles miroirs constituent un parfait exemple de jouet adapt\u00e9 au d\u00e9veloppement du jeune enfant, alliant simplicit\u00e9 de l\u2019objet et<\/p>\n","protected":false},"author":493,"featured_media":0,"parent":0,"menu_order":0,"comment_status":"closed","ping_status":"closed","template":"","meta":{"_crdt_document":"","footnotes":""},"class_list":["post-3934","page","type-page","status-publish","hentry"],"_links":{"self":[{"href":"https:\/\/www.kananas.com\/associationdesludothequesfrancaises\/wp-json\/wp\/v2\/pages\/3934","targetHints":{"allow":["GET"]}}],"collection":[{"href":"https:\/\/www.kananas.com\/associationdesludothequesfrancaises\/wp-json\/wp\/v2\/pages"}],"about":[{"href":"https:\/\/www.kananas.com\/associationdesludothequesfrancaises\/wp-json\/wp\/v2\/types\/page"}],"author":[{"embeddable":true,"href":"https:\/\/www.kananas.com\/associationdesludothequesfrancaises\/wp-json\/wp\/v2\/users\/493"}],"replies":[{"embeddable":true,"href":"https:\/\/www.kananas.com\/associationdesludothequesfrancaises\/wp-json\/wp\/v2\/comments?post=3934"}],"version-history":[{"count":1,"href":"https:\/\/www.kananas.com\/associationdesludothequesfrancaises\/wp-json\/wp\/v2\/pages\/3934\/revisions"}],"predecessor-version":[{"id":3935,"href":"https:\/\/www.kananas.com\/associationdesludothequesfrancaises\/wp-json\/wp\/v2\/pages\/3934\/revisions\/3935"}],"wp:attachment":[{"href":"https:\/\/www.kananas.com\/associationdesludothequesfrancaises\/wp-json\/wp\/v2\/media?parent=3934"}],"curies":[{"name":"wp","href":"https:\/\/api.w.org\/{rel}","templated":true}]}}