{"id":3967,"date":"2020-07-31T11:33:45","date_gmt":"2020-07-31T09:33:45","guid":{"rendered":"http:\/\/www.kananas.com\/associationdesludothequesfrancaises\/?page_id=3967"},"modified":"2021-10-20T10:43:57","modified_gmt":"2021-10-20T08:43:57","slug":"sitographie","status":"publish","type":"page","link":"https:\/\/www.kananas.com\/associationdesludothequesfrancaises\/sitographie\/","title":{"rendered":"Sitographie"},"content":{"rendered":"<p align=\"justify\">[row][column size=\u00a0\u00bb1\/2&Prime; center=\u00a0\u00bbno\u00a0\u00bb class=\u00a0\u00bb\u00a0\u00bb]<span style=\"color: #4fb748;font-family: helvetica, arial, sans-serif;font-size: 18pt\"><sub><b><span style=\"color: #ff0000\">Jeu<\/span> <\/b><\/sub><\/span><\/p>\n<p align=\"justify\"><span style=\"font-size: 14pt;font-family: helvetica, arial, sans-serif\"><span style=\"color: #00000a\"><sub><b>Enfantoys<\/b><\/sub><\/span><span style=\"color: #00000a\"><sub>, site d\u2019analyse de jouets<br \/>\n<\/sub><\/span><a href=\"https:\/\/enfantoys.com\/\"><sub><u>https:\/\/enfantoys.com<\/u><\/sub><\/a><\/span><\/p>\n<p align=\"justify\"><span style=\"font-size: 14pt;font-family: helvetica, arial, sans-serif\"><span style=\"color: #00000a\"><sub><b>Joue Pense Parle<\/b><\/sub><\/span><span style=\"color: #00000a\"><sub>, association d\u2019orthophonistes pour la promotion du jeu libre<br \/>\n<\/sub><\/span><a href=\"https:\/\/www.jouepenseparle.com\/\"><sub><u>https:\/\/www.jouepenseparle.com<\/u><\/sub><\/a><\/span><\/p>\n<p align=\"justify\"><span style=\"font-size: 14pt;font-family: helvetica, arial, sans-serif\"><span style=\"color: #00000a\"><sub><b>Jouer l\u2019\u00e9galit\u00e9<\/b><\/sub><\/span><span style=\"color: #00000a\"><sub>, site sur la question du jeu et du genre<br \/>\n<\/sub><\/span><a href=\"https:\/\/www.jouerlegalite.fr\/\"><sub><u>https:\/\/www.jouerlegalite.fr<\/u><\/sub><\/a><\/span><\/p>\n<p align=\"justify\"><span style=\"font-family: helvetica, arial, sans-serif;font-size: 14pt\"><span style=\"font-size: 12pt\"><strong>L&rsquo;Interlude<\/strong>, podcast ludique anim\u00e9 par des ludoth\u00e9caires<\/span><br \/>\n<a href=\"https:\/\/anchor.fm\/interludeasso\"><span style=\"font-size: 12pt\">https:\/\/anchor.fm\/interludeasso<\/span><\/a><\/span><\/p>\n<p align=\"justify\"><span style=\"font-size: 14pt;font-family: helvetica, arial, sans-serif\"><span style=\"color: #00000a\"><sub><b>Rencontres ludiques<\/b><\/sub><\/span><span style=\"color: #00000a\"><sub>, association et organisme de formation travaillant sur le jeu<br \/>\n<\/sub><\/span><a href=\"https:\/\/rencontresludiques.org\/\"><sub><u>https:\/\/rencontresludiques.org<\/u><\/sub><\/a><\/span><\/p>\n<p align=\"justify\"><span style=\"font-size: 14pt;font-family: helvetica, arial, sans-serif\"><span style=\"color: #00000a\"><sub><b>Rejou\u00e9<\/b><\/sub><\/span><span style=\"color: #00000a\"><sub>, association de collecte et de r\u00e9novation de jouets<br \/>\n<\/sub><\/span><a href=\"https:\/\/rejoue.asso.fr\/\"><sub><u>https:\/\/rejoue.asso.fr<\/u><\/sub><\/a><\/span><\/p>\n<p align=\"justify\"><span style=\"font-size: 14pt;font-family: helvetica, arial, sans-serif\"><span style=\"color: #00000a\"><sub><b>Syst\u00e8me ESAR<\/b><\/sub><\/span><span style=\"color: #00000a\"><sub>, syst\u00e8me de classification des jeux et jouets<br \/>\n<\/sub><\/span><a href=\"https:\/\/www.systeme-esar.org\/systeme-esar\/accueil\/esar-cest-quoi\/\"><sub><u>https:\/\/www.systeme-esar.org\/systeme-esar\/accueil\/esar-cest-quoi<\/u><\/sub><\/a><\/span><\/p>\n<p align=\"justify\"><span style=\"font-family: helvetica, arial, sans-serif;font-size: 14pt\"><span style=\"color: #00000a\"><sub><b>Sciences du jeu<\/b><\/sub><\/span><span style=\"color: #00000a\"><sub>, revue de recherche interdisciplinaire sur le jeu<br \/>\n<\/sub><\/span><a href=\"https:\/\/journals.openedition.org\/sdj\/\"><sub><u>https:\/\/journals.openedition.org\/sdj<\/u><\/sub><\/a><\/span><\/p>\n<p align=\"justify\"><span style=\"font-family: helvetica, arial, sans-serif;font-size: 14pt\"><span style=\"color: #000000\"><sub><b>Wikiludo<\/b><\/sub><\/span><sub>, base de notices ludographiques de jeux et jouets<br \/>\n<\/sub><a href=\"http:\/\/www.wikiludo-alf.fr\/recherche-rapide\/\"><sub><u>http:\/\/www.wikiludo-alf.fr\/recherche-rapide\/<\/u><\/sub><\/a><\/span><\/p>\n<p align=\"justify\"><span style=\"color: #ff0000;font-family: helvetica, arial, sans-serif\"><sub><span style=\"font-size: large\"><b>Ludoth\u00e8ques<\/b><\/span><\/sub><\/span><\/p>\n<p align=\"justify\"><span style=\"font-size: 14pt;font-family: helvetica, arial, sans-serif\"><span style=\"color: #000000\"><sub><b>ALF,<\/b><\/sub><\/span><span style=\"color: #000000\"><sub> Association des Ludoth\u00e8ques Fran\u00e7aises, niveau national<br \/>\n<\/sub><\/span><a href=\"http:\/\/www.kananas.com\/associationdesludothequesfrancaises\/\"><sub><u>http:\/\/www.kananas.com\/associationdesludothequesfrancaises<\/u><\/sub><\/a><\/span><\/p>\n<p align=\"justify\"><span style=\"font-size: 14pt;font-family: helvetica, arial, sans-serif\"><span style=\"color: #000000\"><sub><b>ALF Normandie<\/b><\/sub><\/span><span style=\"color: #000000\"><sub>, ALF de la r\u00e9gion Normandie<br \/>\n<\/sub><\/span><a href=\"https:\/\/ludotheques-normandie.org\/\"><sub><u>https:\/\/ludotheques-normandie.org<\/u><\/sub><\/a><\/span><\/p>\n<p align=\"justify\"><span style=\"font-size: 14pt;font-family: helvetica, arial, sans-serif\"><span style=\"color: #000000\"><sub><b>ALF Occitanie<\/b><\/sub><\/span><span style=\"color: #000000\"><sub>, ALF de la r\u00e9gion Occitanie<br \/>\n<\/sub><\/span><a href=\"https:\/\/www.alf-occitanie.fr\/\"><sub><u>https:\/\/www.alf-occitanie.fr<\/u><\/sub><\/a><\/span><\/p>\n<p align=\"justify\"><span style=\"font-size: 14pt;font-family: helvetica, arial, sans-serif\"><span style=\"color: #00000a\"><sub><b>International Toy Libraries Association<\/b><\/sub><\/span><span style=\"color: #00000a\"><sub>, association internationale des ludoth\u00e8ques<br \/>\n<\/sub><\/span><a href=\"http:\/\/itla-toylibraries.org\"><sub><u>http:\/\/itla-toylibraries.org<\/u><\/sub><\/a><\/span><\/p>\n<p align=\"justify\"><span style=\"color: #ff0000;font-family: helvetica, arial, sans-serif\"><sub><span style=\"font-size: large\"><b>Education populaire<\/b><\/span><\/sub><\/span><\/p>\n<p align=\"justify\"><span style=\"font-size: 14pt;font-family: helvetica, arial, sans-serif\"><span style=\"color: #00000a\"><sub><b>Cnajep<\/b><\/sub><\/span><span style=\"color: #00000a\"><sub>, plateforme des associations de jeunesse et d\u2019\u00e9ducation populaire<br \/>\n<\/sub><\/span><a href=\"http:\/\/www.cnajep.asso.fr\/\"><sub><u>http:\/\/www.cnajep.asso.fr<\/u><\/sub><\/a><\/span><\/p>\n<p align=\"justify\"><span style=\"font-family: helvetica, arial, sans-serif;font-size: 14pt\"><span style=\"color: #00000a\"><sub><b>Le Pav\u00e9<\/b><\/sub><\/span><span style=\"color: #00000a\"><sub>, coop\u00e9rative d\u2019\u00e9ducation populaire<br \/>\n<\/sub><\/span><a href=\"https:\/\/www.scoplepave.org\/\"><sub><u>https:\/\/www.scoplepave.org<\/u><\/sub><\/a><\/span><\/p>\n<p align=\"justify\"><span style=\"color: #ff0000;font-family: helvetica, arial, sans-serif\"><sub><span style=\"font-size: large\"><b>Enjeux soci\u00e9taux connexes<\/b><\/span><\/sub><\/span><\/p>\n<p align=\"justify\"><span style=\"font-size: 14pt;font-family: helvetica, arial, sans-serif\"><span style=\"color: #00000a\"><sub><b>Collectif Rue aux Enfants<br \/>\n<\/b><\/sub><\/span><a href=\"https:\/\/www.ruesauxenfants.com\/\"><sub>www.ruesauxenfants.com<\/sub><\/a><\/span><\/p>\n<p align=\"justify\"><span style=\"font-size: 14pt;font-family: helvetica, arial, sans-serif\"><span style=\"color: #00000a\"><sub><b>Mouvement Associatif<br \/>\n<\/b><\/sub><\/span><a href=\"https:\/\/lemouvementassociatif.org\/\"><sub>https:\/\/lemouvementassociatif.org<\/sub><\/a><\/span><\/p>\n<p><span style=\"font-family: helvetica, arial, sans-serif\"><span style=\"font-size: 14pt\"><span style=\"color: #00000a\"><sub><b>Yapaka, <\/b><\/sub><\/span><span style=\"color: #00000a\"><sub>site belge de ressources sur l\u2019enfance<\/sub><\/span><\/span><br \/>\n<span style=\"font-size: 12pt\"><a href=\"https:\/\/www.yapaka.be\/\">https:\/\/www.yapaka.be\/<\/a><\/span><br \/>\n<\/span><\/p>\n<p align=\"justify\"><span style=\"font-family: helvetica, arial, sans-serif\">[\/column] [column size=\u00a0\u00bb1\/2&Prime; center=\u00a0\u00bbno\u00a0\u00bb class=\u00a0\u00bb\u00a0\u00bb]<span style=\"color: #ff0000\"><sub><span style=\"font-size: large\"><b>Jeux de r\u00e8gles<\/b><\/span><\/sub><\/span><\/span><\/p>\n<p align=\"justify\"><span style=\"font-size: 14pt;font-family: helvetica, arial, sans-serif\"><span style=\"color: #00000a\"><sub><b>Board Game Geek<\/b><\/sub><\/span><span style=\"color: #00000a\"><sub>, site communautaire sur le jeu de soci\u00e9t\u00e9 (en Anglais)<br \/>\n<\/sub><\/span><a href=\"https:\/\/www.boardgamegeek.com\/\"><sub><u>https:\/\/www.boardgamegeek.com<\/u><\/sub><\/a><\/span><\/p>\n<p align=\"justify\"><span style=\"font-size: 14pt;font-family: helvetica, arial, sans-serif\"><span style=\"color: #00000a\"><sub><b>Game in Lab, <\/b><\/sub><\/span><span style=\"color: #00000a\"><sub>programme de soutien \u00e0 la recherche sur le jeu de soci\u00e9t\u00e9<br \/>\n<\/sub><\/span><a href=\"http:\/\/www.game-in-lab.org\/\"><sub><u>http:\/\/www.game-in-lab.org\/<\/u><\/sub><\/a><\/span><\/p>\n<p align=\"justify\"><span style=\"font-size: 14pt;font-family: helvetica, arial, sans-serif\"><span style=\"color: #00000a\"><sub><b>La Radio des jeux<\/b><\/sub><\/span><span style=\"color: #00000a\"><sub>, site d\u2019information sur le jeu de soci\u00e9t\u00e9<br \/>\n<\/sub><\/span><a href=\"http:\/\/laradiodesjeux.org\/\"><sub><u>http:\/\/laradiodesjeux.org<\/u><\/sub><\/a><\/span><\/p>\n<p align=\"justify\"><span style=\"font-size: 14pt;font-family: helvetica, arial, sans-serif\"><span style=\"color: #00000a\"><sub><b>Ludovox<\/b><\/sub><\/span><span style=\"color: #00000a\"><sub>, site d\u2019actualit\u00e9 sur le jeu de soci\u00e9t\u00e9<br \/>\n<\/sub><\/span><a href=\"http:\/\/ludovox.fr\/\"><sub><u>http:\/\/ludovox.fr<\/u><\/sub><\/a><\/span><\/p>\n<p align=\"justify\"><span style=\"font-size: 14pt;font-family: helvetica, arial, sans-serif\"><span style=\"color: #00000a\"><sub><b>Ludism<\/b><\/sub><\/span><span style=\"color: #00000a\"><sub>, site avec de nombreuses r\u00e8gles de jeu en pdf<br \/>\n<\/sub><\/span><a href=\"http:\/\/www.ludism.fr\/\"><sub><u>http:\/\/www.ludism.fr<\/u><\/sub><\/a><\/span><\/p>\n<p align=\"justify\"><span style=\"font-size: 14pt;font-family: helvetica, arial, sans-serif\"><span style=\"color: #00000a\"><sub><b>Plateau Marmots, <\/b><\/sub><\/span><span style=\"color: #00000a\"><sub>site sp\u00e9cialis\u00e9 sur le jeu de soci\u00e9t\u00e9 pour les moins de 10 ans<br \/>\n<\/sub><\/span><a href=\"https:\/\/plateaumarmots.fr\/\"><sub><u>https:\/\/plateaumarmots.fr<\/u><\/sub><\/a><\/span><\/p>\n<p align=\"justify\"><span style=\"font-size: 14pt;font-family: helvetica, arial, sans-serif\"><span style=\"color: #000000\"><sub><b>Pouf Paf Past\u00e8que<\/b><\/sub><\/span><span style=\"color: #000000\"><sub>, base de fiches synth\u00e9tiques avec des r\u00e9sum\u00e9s de r\u00e8gles<br \/>\n<\/sub><\/span><a href=\"https:\/\/sites.google.com\/site\/poufpafpasteque\/home\"><sub><u>https:\/\/sites.google.com\/site\/poufpafpasteque\/home<\/u><\/sub><\/a><\/span><\/p>\n<p align=\"justify\"><span style=\"font-size: 14pt;font-family: helvetica, arial, sans-serif\"><span style=\"color: #00000a\"><sub><b>Proxi-Jeux<\/b><\/sub><\/span><span style=\"color: #00000a\"><sub>, podcasts sur le jeu<br \/>\n<\/sub><\/span><a href=\"https:\/\/podcast.proxi-jeux.fr\/\"><sub><u>https:\/\/podcast.proxi-jeux.fr<\/u><\/sub><\/a><\/span><\/p>\n<p align=\"justify\"><span style=\"font-size: 14pt;font-family: helvetica, arial, sans-serif\"><span style=\"color: #00000a\"><sub><b>Tric Trac<\/b><\/sub><\/span><span style=\"color: #00000a\"><sub>, site communautaire sur le jeu de soci\u00e9t\u00e9<br \/>\n<\/sub><\/span><a href=\"https:\/\/www.trictrac.net\/\"><sub><u>https:\/\/www.trictrac.net<\/u><\/sub><\/a><\/span><\/p>\n<p align=\"justify\"><span style=\"font-family: helvetica, arial, sans-serif;font-size: 12pt\"><strong>Videoregles<\/strong>, explications de r\u00e8gles en video<\/span><br \/>\n<span style=\"font-family: helvetica, arial, sans-serif\"><a href=\"http:\/\/www.videoregles.net\/\"><span style=\"font-size: 14pt\"><span style=\"font-size: 12pt\">http:\/\/www.videoregles.net<\/span><\/span><\/a><\/span><\/p>\n<p align=\"justify\"><span style=\"color: #ff0000;font-family: helvetica, arial, sans-serif\"><sub><span style=\"font-size: large\"><b>Jeux vid\u00e9o<\/b><\/span><\/sub><\/span><\/p>\n<p align=\"justify\"><span style=\"font-size: 14pt;font-family: helvetica, arial, sans-serif\"><span style=\"color: #00000a\"><sub><b>Loisirs num\u00e9riques<\/b><\/sub><\/span><span style=\"color: #00000a\"><sub>, association de promotion d\u2019une pratique conviviale du jeu vid\u00e9o<br \/>\n<\/sub><\/span><a href=\"https:\/\/loisirsnumeriques.org\/\"><sub><u>https:\/\/loisirsnumeriques.org<\/u><\/sub><\/a><\/span><\/p>\n<p align=\"justify\"><span style=\"font-size: 14pt;font-family: helvetica, arial, sans-serif\"><span style=\"color: #00000a\"><sub><b>P\u00e9dagojeux, <\/b><\/sub><\/span><span style=\"color: #00000a\"><sub>site de ressources sur le jeu vid\u00e9o<br \/>\n<\/sub><\/span><a href=\"http:\/\/www.pedagojeux.fr\/\"><sub><u>http:\/\/www.pedagojeux.fr<\/u><\/sub><\/a><\/span><\/p>\n<p align=\"justify\"><span style=\"font-family: helvetica, arial, sans-serif;font-size: 14pt\"><span style=\"color: #00000a\"><sub><b>Women in games<\/b><\/sub><\/span><span style=\"color: #00000a\"><sub>, association pour la mixit\u00e9 professionnelle dans l\u2019industrie du jeu vid\u00e9o<br \/>\n<\/sub><\/span><a href=\"https:\/\/womeningamesfrance.org\/\"><sub><u>https:\/\/womeningamesfrance.org<\/u><\/sub><\/a><\/span><\/p>\n<p><span style=\"font-family: helvetica, arial, sans-serif\">[\/column][\/row]<\/span><\/p>\n<p><span style=\"font-size: 12pt;font-family: helvetica, arial, sans-serif\"><a href=\"http:\/\/www.kananas.com\/associationdesludothequesfrancaises\/sitographie\/\"><strong>T\u00e9l\u00e9charger la sitographie en pdf<\/strong><\/a><\/span><\/p>\n<p><span style=\"color: #ff0000\"><span style=\"font-family: helvetica, arial, sans-serif\">Si votre site se rapporte \u00e0 ces th\u00e9matiques et que vous souhaitez qu&rsquo;il apparaisse dans la liste, n&rsquo;h\u00e9sitez pas \u00e0 nous contacter.\u00a0<\/span> <\/span><\/p>\n","protected":false},"excerpt":{"rendered":"<p>[row][column size=\u00a0\u00bb1\/2&Prime; center=\u00a0\u00bbno\u00a0\u00bb class=\u00a0\u00bb\u00a0\u00bb]Jeu Enfantoys, site d\u2019analyse de jouets https:\/\/enfantoys.com Joue Pense Parle, association d\u2019orthophonistes pour la promotion du jeu libre https:\/\/www.jouepenseparle.com Jouer l\u2019\u00e9galit\u00e9, site sur la question du jeu et du genre https:\/\/www.jouerlegalite.fr L&rsquo;Interlude, podcast ludique anim\u00e9 par des ludoth\u00e9caires https:\/\/anchor.fm\/interludeasso Rencontres ludiques, association et organisme de formation travaillant sur le jeu https:\/\/rencontresludiques.org Rejou\u00e9,<\/p>\n","protected":false},"author":493,"featured_media":0,"parent":0,"menu_order":0,"comment_status":"closed","ping_status":"closed","template":"","meta":{"_crdt_document":"","footnotes":""},"class_list":["post-3967","page","type-page","status-publish","hentry"],"_links":{"self":[{"href":"https:\/\/www.kananas.com\/associationdesludothequesfrancaises\/wp-json\/wp\/v2\/pages\/3967","targetHints":{"allow":["GET"]}}],"collection":[{"href":"https:\/\/www.kananas.com\/associationdesludothequesfrancaises\/wp-json\/wp\/v2\/pages"}],"about":[{"href":"https:\/\/www.kananas.com\/associationdesludothequesfrancaises\/wp-json\/wp\/v2\/types\/page"}],"author":[{"embeddable":true,"href":"https:\/\/www.kananas.com\/associationdesludothequesfrancaises\/wp-json\/wp\/v2\/users\/493"}],"replies":[{"embeddable":true,"href":"https:\/\/www.kananas.com\/associationdesludothequesfrancaises\/wp-json\/wp\/v2\/comments?post=3967"}],"version-history":[{"count":20,"href":"https:\/\/www.kananas.com\/associationdesludothequesfrancaises\/wp-json\/wp\/v2\/pages\/3967\/revisions"}],"predecessor-version":[{"id":4478,"href":"https:\/\/www.kananas.com\/associationdesludothequesfrancaises\/wp-json\/wp\/v2\/pages\/3967\/revisions\/4478"}],"wp:attachment":[{"href":"https:\/\/www.kananas.com\/associationdesludothequesfrancaises\/wp-json\/wp\/v2\/media?parent=3967"}],"curies":[{"name":"wp","href":"https:\/\/api.w.org\/{rel}","templated":true}]}}