{"id":4170,"date":"2020-11-13T12:52:48","date_gmt":"2020-11-13T11:52:48","guid":{"rendered":"http:\/\/www.kananas.com\/associationdesludothequesfrancaises\/?page_id=4170"},"modified":"2026-03-24T09:34:28","modified_gmt":"2026-03-24T08:34:28","slug":"formations-a-la-demande","status":"publish","type":"page","link":"https:\/\/www.kananas.com\/associationdesludothequesfrancaises\/nos-formations\/formations-a-la-demande\/","title":{"rendered":"Formations \u00e0 la demande"},"content":{"rendered":"<div class=\"su-row\"><div class=\"su-column su-column-size-1-2\"><div class=\"su-column-inner su-u-clearfix su-u-trim\">\n<p><span style=\"font-family: helvetica, arial, sans-serif;font-size: 14pt\"><img loading=\"lazy\" decoding=\"async\" class=\"alignnone wp-image-5522 \" src=\"https:\/\/www.kananas.com\/associationdesludothequesfrancaises\/wp-content\/uploads\/sites\/482\/2026\/03\/visuel-site.png\" alt=\"\" width=\"419\" height=\"524\" \/><\/span><\/p>\n<\/div><\/div><div class=\"su-column su-column-size-1-2\"><div class=\"su-column-inner su-u-clearfix su-u-trim\">\n<p><span style=\"font-family: helvetica, arial, sans-serif;font-size: 14pt;color: #333333\">En tant qu\u2019organisme de formation, nous souhaitons contribuer \u00e0 :<\/span><\/p>\n<ul>\n<li><span style=\"font-family: helvetica, arial, sans-serif;font-size: 14pt;color: #333333\">Enrichir les pratiques et les r\u00e9flexions sur les enjeux du jeu.<\/span><\/li>\n<li><span style=\"font-family: helvetica, arial, sans-serif;font-size: 14pt;color: #333333\">Favoriser la professionnalisation des ludoth\u00e9caires et des autres professionnels utilisant le jeu.<\/span><\/li>\n<li><span style=\"font-family: helvetica, arial, sans-serif;font-size: 14pt;color: #333333\">Contribuer \u00e0 la reconnaissance d\u2019une approche sp\u00e9cifique du jeu et de ses acteurs.<\/span><\/li>\n<li><span style=\"font-family: helvetica, arial, sans-serif;font-size: 14pt;color: #333333\">Permettre \u00e0 chacun-e de positionner sa pratique \u00e0 la fois dans un champ th\u00e9orique et dans l\u2019actualit\u00e9 de son territoire.<\/span><\/li>\n<li><span style=\"font-family: helvetica, arial, sans-serif;font-size: 14pt;color: #333333\">Am\u00e9liorer l\u2019efficience de l\u2019accueil et de la place du jeu en g\u00e9n\u00e9ral dans les pratiques professionnelles.<\/span><\/li>\n<li><span style=\"font-family: helvetica, arial, sans-serif;font-size: 14pt;color: #333333\">Savoir construire et porter un projet de jeu au sein de sa structure.<\/span><\/li>\n<\/ul>\n<p><span style=\"font-family: helvetica, arial, sans-serif;font-size: 14pt;color: #333333\">C&rsquo;est pourquoi nous souhaitons \u00e9galement proposer une offre de formation adapt\u00e9e \u00e0 la sp\u00e9cificit\u00e9 des demandes qui nous sont adress\u00e9es.\u00a0<\/span><\/p>\n<p><span style=\"font-family: helvetica, arial, sans-serif;font-size: 14pt;color: #333333\">Pour tout renseignement, merci d\u2019\u00e9crire \u00e0 l\u2019adresse :\u00a0 <a href=\"mailto:c.technique@alf-ludotheques.org\"><span style=\"color: #5fa781\">c.technique@alf-ludotheques.org<\/span><\/a> ou de t\u00e9l\u00e9phoner au 06.66.55.90.24.<\/span><\/p>\n<\/div><\/div><\/div>\n<p><span style=\"font-family: helvetica, arial, sans-serif;font-size: 14pt;color: #333333\"><b><i>Comment sont organis\u00e9es ces formations?<\/i><\/b><\/span><\/p>\n<p><span style=\"font-family: helvetica, arial, sans-serif;color: #ff0000;font-size: 14pt\"><b>\u00a0Les r\u00e9f\u00e9rences<\/b><\/span><\/p>\n<p><span style=\"font-family: helvetica, arial, sans-serif;font-size: 14pt;color: #333333\">Les diff\u00e9rents contenus de formation sont construits \u00e0 partir de th\u00e9ories sur le jeu et la psychologie du d\u00e9veloppement, de la charte de qualit\u00e9 des ludoth\u00e8ques, de la fiche m\u00e9tier de ludoth\u00e9caire, du projet politique de l\u2019ALF, de la classification ESAR, de pratiques et actualit\u00e9 des professionnels. Ils sont propos\u00e9s dans une d\u00e9marche d&rsquo;\u00e9ducation populaire, \u00e0 partir d&rsquo;exp\u00e9riences de terrain, de construction collective et d\u2019appropriation individuelle, d\u2019alternance d\u2019apports th\u00e9oriques et pratiques.<\/span><\/p>\n<p><span style=\"font-family: helvetica, arial, sans-serif;font-size: 14pt;color: #333333\">L\u2019\u00e9valuation des comp\u00e9tences a lieu en d\u00e9but, en fin de stage et \u00e0 posteriori et concerne \u00a0les stagiaires, les employeurs et les financeurs. Un document de bilan comprenant des \u00e9l\u00e9ments d\u2019\u00e9valuation des apports ainsi que de satisfaction des stagiaires est distribu\u00e9 en d\u00e9but et en fin de stage. Un questionnaire d\u00e9mat\u00e9rialis\u00e9 est ensuite envoy\u00e9 quelques mois apr\u00e8s la fin du stage pour mesurer les effets sur le stagiaire et sa structure.\u00a0<\/span><\/p>\n<p><span style=\"font-family: helvetica, arial, sans-serif;color: #ff0000;font-size: 14pt\"><b>Les stagiaires<\/b><\/span><\/p>\n<p><span style=\"font-family: helvetica, arial, sans-serif;font-size: 14pt;color: #333333\">Que vous soyez employeurs, responsables associatifs, t\u00eates de r\u00e9seau, en charge d\u2019une politique publique, le jeu peut faire partie de vos enjeux. Nous nous d\u00e9pla\u00e7ons sur site partout en France pour former vos \u00e9quipes et renforcer ou dynamiser ainsi un \u00e9quipement ou un territoire.\u00a0<\/span><\/p>\n<p><span style=\"font-family: helvetica, arial, sans-serif;font-size: 14pt;color: #333333\">Il peut s\u2019agir de ludoth\u00e9caires salari\u00e9-es ou b\u00e9n\u00e9voles, de biblioth\u00e9caires, d\u2019animateur-rices, d\u2019enseignant-es, d\u2019\u00e9ducateur-rices ou encore d\u2019autres professionnel-les des champs culturel, \u00e9ducatif, social ou de la sant\u00e9.<\/span><\/p>\n<p><span style=\"font-family: helvetica, arial, sans-serif;font-size: 14pt;color: #333333\">Pour toute personne en situation de handicap, merci de nous le signaler dans les \u00e9changes, nous d\u00e9finirons ensemble les conditions d\u2019accueil lors de la formation.<\/span><\/p>\n<p><span style=\"font-family: helvetica, arial, sans-serif;color: #ff0000;font-size: 14pt\"><b>Les formateurs<\/b><\/span><\/p>\n<p><span style=\"font-family: helvetica, arial, sans-serif;font-size: 14pt;color: #333333\">L\u2019\u00e9quipe de formation de ce projet agr\u00e9\u00e9 par le Data Dock est compos\u00e9e de salari\u00e9-es et b\u00e9n\u00e9voles form\u00e9-es de l\u2019ALF ainsi que d\u2019intervenant-es ext\u00e9rieur-es qui adh\u00e8rent \u00e0 notre projet et ont choisi par ce partenariat de soutenir le r\u00e9seau des ludoth\u00e8ques fran\u00e7aises. Chaque formateur-rice est reconnue pour sa sp\u00e9cificit\u00e9 vis-\u00e0-vis d\u2019un th\u00e8me et la qualit\u00e9 de ces interventions.\u00a0<\/span><\/p>\n<p><span style=\"font-family: helvetica, arial, sans-serif;color: #ff0000;font-size: 14pt\"><b>Les contenus<\/b><\/span><\/p>\n<p><span style=\"font-family: helvetica, arial, sans-serif;font-size: 14pt;color: #333333\">L\u2019ALF propose des formations \u00e0 la demande sur diff\u00e9rentes th\u00e9matiques li\u00e9es au jeu, aux ludoth\u00e8ques, et \u00e0 leurs publics :<\/span><\/p>\n<ul>\n<li><span style=\"font-family: helvetica, arial, sans-serif;font-size: 14pt;color: #333333\">effets induits du jeu, positionnement des ludoth\u00e8ques et valorisation politique de l\u2019activit\u00e9<\/span><\/li>\n<li><span style=\"font-family: helvetica, arial, sans-serif;font-size: 14pt;color: #333333\">construction et portage de projet de ludoth\u00e8que<\/span><\/li>\n<li><span style=\"font-family: helvetica, arial, sans-serif;font-size: 14pt;color: #333333\">mise en place d\u2019une proposition de jeu dans d\u2019autres \u00e9tablissements (m\u00e9diath\u00e8ques, accueil de loisirs, \u00e9coles, h\u00f4pitaux\u2026)<\/span><\/li>\n<li><span style=\"font-family: helvetica, arial, sans-serif;font-size: 14pt;color: #333333\">renforcement des postures professionnelles de l\u2019accompagnement du jeu<\/span><\/li>\n<li><span style=\"font-family: helvetica, arial, sans-serif;font-size: 14pt;color: #333333\">am\u00e9nagement des espaces de jeu<\/span><\/li>\n<li><span style=\"font-family: helvetica, arial, sans-serif;font-size: 14pt;color: #333333\">analyse des jeux et classification ESAR<\/span><\/li>\n<li><span style=\"font-family: helvetica, arial, sans-serif;font-size: 14pt;color: #333333\">constitution et gestion d\u2019un fonds de jeux<\/span><\/li>\n<li><span style=\"font-family: helvetica, arial, sans-serif;font-size: 14pt;color: #333333\">organisation d\u2019un syst\u00e8me de pr\u00eat<\/span><\/li>\n<li><span style=\"font-family: helvetica, arial, sans-serif;font-size: 14pt;color: #333333\">approfondissement des connaissances et des pratiques li\u00e9es aux diff\u00e9rentes formes de jeux<\/span><\/li>\n<li><span style=\"font-family: helvetica, arial, sans-serif;font-size: 14pt;color: #333333\">approfondissement des connaissances et des pratiques li\u00e9es aux diff\u00e9rents publics<\/span><\/li>\n<li><span style=\"font-family: helvetica, arial, sans-serif;font-size: 14pt;color: #333333\">jeu inclusif et promotion de l\u2019\u00e9galit\u00e9 de genre<\/span><\/li>\n<\/ul>\n<p><span style=\"font-family: helvetica, arial, sans-serif;color: #ff0000;font-size: 14pt\"><b>Les modalit\u00e9s<\/b><\/span><\/p>\n<p><span style=\"font-family: helvetica, arial, sans-serif;font-size: 14pt;color: #333333\">Il peut s\u2019agir de formations courtes d\u2019une journ\u00e9e, ou d\u2019une formation plus compl\u00e8te r\u00e9partie dans le temps. Ces formations peuvent se d\u00e9rouler sur site, ou au si\u00e8ge de l\u2019ALF, 180 bis rue de Grenelle, 75007 Paris.<\/span><\/p>\n<p><span style=\"font-family: helvetica, arial, sans-serif;font-size: 14pt;color: #333333\">Si vous souhaitez mettre en place une formation de ce type, n\u2019h\u00e9sitez pas \u00e0 nous contacter pour nous exposer votre demande. Nous proc\u00e9derons ensemble \u00e0 une analyse de vos besoins et vous ferons une proposition de formation adapt\u00e9e dans un d\u00e9lai raisonnable.<\/span><\/p>\n","protected":false},"excerpt":{"rendered":"<p>Comment sont organis\u00e9es ces formations? \u00a0Les r\u00e9f\u00e9rences Les diff\u00e9rents contenus de formation sont construits \u00e0 partir de th\u00e9ories sur le jeu et la psychologie du d\u00e9veloppement, de la charte de qualit\u00e9 des ludoth\u00e8ques, de la fiche m\u00e9tier de ludoth\u00e9caire, du projet politique de l\u2019ALF, de la classification ESAR, de pratiques et actualit\u00e9 des professionnels. Ils<\/p>\n","protected":false},"author":493,"featured_media":0,"parent":4844,"menu_order":0,"comment_status":"closed","ping_status":"closed","template":"","meta":{"_crdt_document":"","footnotes":""},"class_list":["post-4170","page","type-page","status-publish","hentry"],"_links":{"self":[{"href":"https:\/\/www.kananas.com\/associationdesludothequesfrancaises\/wp-json\/wp\/v2\/pages\/4170","targetHints":{"allow":["GET"]}}],"collection":[{"href":"https:\/\/www.kananas.com\/associationdesludothequesfrancaises\/wp-json\/wp\/v2\/pages"}],"about":[{"href":"https:\/\/www.kananas.com\/associationdesludothequesfrancaises\/wp-json\/wp\/v2\/types\/page"}],"author":[{"embeddable":true,"href":"https:\/\/www.kananas.com\/associationdesludothequesfrancaises\/wp-json\/wp\/v2\/users\/493"}],"replies":[{"embeddable":true,"href":"https:\/\/www.kananas.com\/associationdesludothequesfrancaises\/wp-json\/wp\/v2\/comments?post=4170"}],"version-history":[{"count":10,"href":"https:\/\/www.kananas.com\/associationdesludothequesfrancaises\/wp-json\/wp\/v2\/pages\/4170\/revisions"}],"predecessor-version":[{"id":6412,"href":"https:\/\/www.kananas.com\/associationdesludothequesfrancaises\/wp-json\/wp\/v2\/pages\/4170\/revisions\/6412"}],"up":[{"embeddable":true,"href":"https:\/\/www.kananas.com\/associationdesludothequesfrancaises\/wp-json\/wp\/v2\/pages\/4844"}],"wp:attachment":[{"href":"https:\/\/www.kananas.com\/associationdesludothequesfrancaises\/wp-json\/wp\/v2\/media?parent=4170"}],"curies":[{"name":"wp","href":"https:\/\/api.w.org\/{rel}","templated":true}]}}