{"id":429,"date":"2015-05-27T15:45:32","date_gmt":"2015-05-27T14:45:32","guid":{"rendered":"http:\/\/www.gestasso.com\/association\/associationdesludothequesfrancaises\/?page_id=429"},"modified":"2025-11-04T12:14:30","modified_gmt":"2025-11-04T11:14:30","slug":"mention-legales","status":"publish","type":"page","link":"https:\/\/www.kananas.com\/associationdesludothequesfrancaises\/mention-legales\/","title":{"rendered":"Mentions l\u00e9gales"},"content":{"rendered":"<p><span style=\"font-size: 14pt;font-family: helvetica, arial, sans-serif\"><strong>Association des Ludoth\u00e8ques Fran\u00e7aises<\/strong><\/span><\/p>\n<p><span style=\"font-size: 14pt;font-family: helvetica, arial, sans-serif\">Si\u00e8ge social :<\/span><br \/>\n<span style=\"font-size: 14pt;font-family: helvetica, arial, sans-serif\">5 impasse bon secours<br \/>\n75011 PARIS<\/span><\/p>\n<p><span style=\"font-size: 14pt;font-family: helvetica, arial, sans-serif\">+33 (0)1 89 70 79 68<\/span><\/p>\n<p><span style=\"font-family: helvetica, arial, sans-serif\">SIRET : 37 7629 803 000 75<\/span><br \/>\n<span style=\"font-family: helvetica, arial, sans-serif\"> Code APE : 9499Z<\/span><br \/>\n<span style=\"font-family: helvetica, arial, sans-serif\"> L&rsquo;ALF est enregistr\u00e9e pour sa partie prestataire de formation sous le num\u00e9ro : 11 75 50 772 75.<\/span><\/p>\n<p><span style=\"font-family: helvetica, arial, sans-serif\">Ce site est h\u00e9berg\u00e9 par OVH.<\/span><\/p>\n","protected":false},"excerpt":{"rendered":"<p>Association des Ludoth\u00e8ques Fran\u00e7aises Si\u00e8ge social : 5 impasse bon secours 75011 PARIS +33 (0)1 89 70 79 68 SIRET : 37 7629 803 000 75 Code APE : 9499Z L&rsquo;ALF est enregistr\u00e9e pour sa partie prestataire de formation sous le num\u00e9ro : 11 75 50 772 75. Ce site est h\u00e9berg\u00e9 par OVH.<\/p>\n","protected":false},"author":493,"featured_media":0,"parent":0,"menu_order":0,"comment_status":"closed","ping_status":"closed","template":"","meta":{"_crdt_document":"","footnotes":""},"class_list":["post-429","page","type-page","status-publish","hentry"],"_links":{"self":[{"href":"https:\/\/www.kananas.com\/associationdesludothequesfrancaises\/wp-json\/wp\/v2\/pages\/429","targetHints":{"allow":["GET"]}}],"collection":[{"href":"https:\/\/www.kananas.com\/associationdesludothequesfrancaises\/wp-json\/wp\/v2\/pages"}],"about":[{"href":"https:\/\/www.kananas.com\/associationdesludothequesfrancaises\/wp-json\/wp\/v2\/types\/page"}],"author":[{"embeddable":true,"href":"https:\/\/www.kananas.com\/associationdesludothequesfrancaises\/wp-json\/wp\/v2\/users\/493"}],"replies":[{"embeddable":true,"href":"https:\/\/www.kananas.com\/associationdesludothequesfrancaises\/wp-json\/wp\/v2\/comments?post=429"}],"version-history":[{"count":9,"href":"https:\/\/www.kananas.com\/associationdesludothequesfrancaises\/wp-json\/wp\/v2\/pages\/429\/revisions"}],"predecessor-version":[{"id":6239,"href":"https:\/\/www.kananas.com\/associationdesludothequesfrancaises\/wp-json\/wp\/v2\/pages\/429\/revisions\/6239"}],"wp:attachment":[{"href":"https:\/\/www.kananas.com\/associationdesludothequesfrancaises\/wp-json\/wp\/v2\/media?parent=429"}],"curies":[{"name":"wp","href":"https:\/\/api.w.org\/{rel}","templated":true}]}}