{"id":4739,"date":"2022-08-10T09:09:10","date_gmt":"2022-08-10T07:09:10","guid":{"rendered":"https:\/\/www.kananas.com\/associationdesludothequesfrancaises\/?page_id=4739"},"modified":"2022-08-26T14:23:24","modified_gmt":"2022-08-26T12:23:24","slug":"corse","status":"publish","type":"page","link":"https:\/\/www.kananas.com\/associationdesludothequesfrancaises\/4858-2\/alf-metropolitaines\/corse\/","title":{"rendered":"La r\u00e9gion Corse"},"content":{"rendered":"<p><span style=\"font-family: helvetica, arial, sans-serif\"><strong><span style=\"font-size: 12pt\">A ce jour, il n\u2019existe pas d\u2019ALF Corse. Si vous avez le projet de la cr\u00e9er, ou si vous \u00eates d\u00e9j\u00e0 regroup\u00e9s de mani\u00e8re informelle, merci de nous en faire part, nous pourrons vous y accompagner.<\/span><br \/>\n<\/strong><\/span><\/p>\n","protected":false},"excerpt":{"rendered":"<p>A ce jour, il n\u2019existe pas d\u2019ALF Corse. Si vous avez le projet de la cr\u00e9er, ou si vous \u00eates d\u00e9j\u00e0 regroup\u00e9s de mani\u00e8re informelle, merci de nous en faire part, nous pourrons vous y accompagner.<\/p>\n","protected":false},"author":493,"featured_media":0,"parent":4861,"menu_order":0,"comment_status":"closed","ping_status":"closed","template":"","meta":{"_crdt_document":"","footnotes":""},"class_list":["post-4739","page","type-page","status-publish","hentry"],"_links":{"self":[{"href":"https:\/\/www.kananas.com\/associationdesludothequesfrancaises\/wp-json\/wp\/v2\/pages\/4739","targetHints":{"allow":["GET"]}}],"collection":[{"href":"https:\/\/www.kananas.com\/associationdesludothequesfrancaises\/wp-json\/wp\/v2\/pages"}],"about":[{"href":"https:\/\/www.kananas.com\/associationdesludothequesfrancaises\/wp-json\/wp\/v2\/types\/page"}],"author":[{"embeddable":true,"href":"https:\/\/www.kananas.com\/associationdesludothequesfrancaises\/wp-json\/wp\/v2\/users\/493"}],"replies":[{"embeddable":true,"href":"https:\/\/www.kananas.com\/associationdesludothequesfrancaises\/wp-json\/wp\/v2\/comments?post=4739"}],"version-history":[{"count":3,"href":"https:\/\/www.kananas.com\/associationdesludothequesfrancaises\/wp-json\/wp\/v2\/pages\/4739\/revisions"}],"predecessor-version":[{"id":4743,"href":"https:\/\/www.kananas.com\/associationdesludothequesfrancaises\/wp-json\/wp\/v2\/pages\/4739\/revisions\/4743"}],"up":[{"embeddable":true,"href":"https:\/\/www.kananas.com\/associationdesludothequesfrancaises\/wp-json\/wp\/v2\/pages\/4861"}],"wp:attachment":[{"href":"https:\/\/www.kananas.com\/associationdesludothequesfrancaises\/wp-json\/wp\/v2\/media?parent=4739"}],"curies":[{"name":"wp","href":"https:\/\/api.w.org\/{rel}","templated":true}]}}