{"id":4756,"date":"2022-08-10T09:14:59","date_gmt":"2022-08-10T07:14:59","guid":{"rendered":"https:\/\/www.kananas.com\/associationdesludothequesfrancaises\/?page_id=4756"},"modified":"2022-08-26T14:24:48","modified_gmt":"2022-08-26T12:24:48","slug":"mayotte","status":"publish","type":"page","link":"https:\/\/www.kananas.com\/associationdesludothequesfrancaises\/4858-2\/alf-outre-mers\/mayotte\/","title":{"rendered":"La r\u00e9gion Mayotte"},"content":{"rendered":"<p><span style=\"font-family: helvetica, arial, sans-serif;font-size: 12pt\"><strong>A ce jour, il n\u2019existe pas d\u2019ALF Mayotte. Si vous avez le projet de la cr\u00e9er, ou si vous \u00eates d\u00e9j\u00e0 regroup\u00e9s de mani\u00e8re informelle, merci de nous en faire part, nous pourrons vous y accompagner.<\/strong><\/span><\/p>\n","protected":false},"excerpt":{"rendered":"<p>A ce jour, il n\u2019existe pas d\u2019ALF Mayotte. Si vous avez le projet de la cr\u00e9er, ou si vous \u00eates d\u00e9j\u00e0 regroup\u00e9s de mani\u00e8re informelle, merci de nous en faire part, nous pourrons vous y accompagner.<\/p>\n","protected":false},"author":493,"featured_media":0,"parent":4864,"menu_order":0,"comment_status":"closed","ping_status":"closed","template":"","meta":{"_crdt_document":"","footnotes":""},"class_list":["post-4756","page","type-page","status-publish","hentry"],"_links":{"self":[{"href":"https:\/\/www.kananas.com\/associationdesludothequesfrancaises\/wp-json\/wp\/v2\/pages\/4756","targetHints":{"allow":["GET"]}}],"collection":[{"href":"https:\/\/www.kananas.com\/associationdesludothequesfrancaises\/wp-json\/wp\/v2\/pages"}],"about":[{"href":"https:\/\/www.kananas.com\/associationdesludothequesfrancaises\/wp-json\/wp\/v2\/types\/page"}],"author":[{"embeddable":true,"href":"https:\/\/www.kananas.com\/associationdesludothequesfrancaises\/wp-json\/wp\/v2\/users\/493"}],"replies":[{"embeddable":true,"href":"https:\/\/www.kananas.com\/associationdesludothequesfrancaises\/wp-json\/wp\/v2\/comments?post=4756"}],"version-history":[{"count":2,"href":"https:\/\/www.kananas.com\/associationdesludothequesfrancaises\/wp-json\/wp\/v2\/pages\/4756\/revisions"}],"predecessor-version":[{"id":4765,"href":"https:\/\/www.kananas.com\/associationdesludothequesfrancaises\/wp-json\/wp\/v2\/pages\/4756\/revisions\/4765"}],"up":[{"embeddable":true,"href":"https:\/\/www.kananas.com\/associationdesludothequesfrancaises\/wp-json\/wp\/v2\/pages\/4864"}],"wp:attachment":[{"href":"https:\/\/www.kananas.com\/associationdesludothequesfrancaises\/wp-json\/wp\/v2\/media?parent=4756"}],"curies":[{"name":"wp","href":"https:\/\/api.w.org\/{rel}","templated":true}]}}