{"id":4844,"date":"2022-08-26T10:30:15","date_gmt":"2022-08-26T08:30:15","guid":{"rendered":"https:\/\/www.kananas.com\/associationdesludothequesfrancaises\/?page_id=4844"},"modified":"2022-08-26T14:48:30","modified_gmt":"2022-08-26T12:48:30","slug":"nos-formations","status":"publish","type":"page","link":"https:\/\/www.kananas.com\/associationdesludothequesfrancaises\/nos-formations\/","title":{"rendered":"Formations"},"content":{"rendered":"<p><span style=\"font-family: helvetica, arial, sans-serif;font-size: 14pt\">Ce menu pr\u00e9sente les informations relatives aux formations :<\/span><\/p>\n<p><strong><span style=\"font-family: helvetica, arial, sans-serif;font-size: 14pt\"><a href=\"https:\/\/www.kananas.com\/associationdesludothequesfrancaises\/les-formations-continues\/\"><span style=\"color: #5fa781\">Les formations continues<\/span><\/a><\/span><\/strong><\/p>\n<p><strong><span style=\"font-family: helvetica, arial, sans-serif;font-size: 14pt;color: #5fa781\"><a style=\"color: #5fa781\" href=\"https:\/\/www.kananas.com\/associationdesludothequesfrancaises\/universite-dete-ludothecaires\/\">Les formations d&rsquo;\u00e9t\u00e9<\/a><\/span><\/strong><\/p>\n<p><span style=\"font-family: helvetica, arial, sans-serif;font-size: 14pt;color: #5fa781\"><a style=\"color: #5fa781\" href=\"https:\/\/www.kananas.com\/associationdesludothequesfrancaises\/formations-a-la-demande\/\"><strong>Les formations \u00e0 la demande<\/strong><\/a><\/span><\/p>\n<p>&nbsp;<\/p>\n","protected":false},"excerpt":{"rendered":"<p>Ce menu pr\u00e9sente les informations relatives aux formations : Les formations continues Les formations d&rsquo;\u00e9t\u00e9 Les formations \u00e0 la demande &nbsp;<\/p>\n","protected":false},"author":493,"featured_media":0,"parent":0,"menu_order":0,"comment_status":"closed","ping_status":"closed","template":"","meta":{"_crdt_document":"","footnotes":""},"class_list":["post-4844","page","type-page","status-publish","hentry"],"_links":{"self":[{"href":"https:\/\/www.kananas.com\/associationdesludothequesfrancaises\/wp-json\/wp\/v2\/pages\/4844","targetHints":{"allow":["GET"]}}],"collection":[{"href":"https:\/\/www.kananas.com\/associationdesludothequesfrancaises\/wp-json\/wp\/v2\/pages"}],"about":[{"href":"https:\/\/www.kananas.com\/associationdesludothequesfrancaises\/wp-json\/wp\/v2\/types\/page"}],"author":[{"embeddable":true,"href":"https:\/\/www.kananas.com\/associationdesludothequesfrancaises\/wp-json\/wp\/v2\/users\/493"}],"replies":[{"embeddable":true,"href":"https:\/\/www.kananas.com\/associationdesludothequesfrancaises\/wp-json\/wp\/v2\/comments?post=4844"}],"version-history":[{"count":4,"href":"https:\/\/www.kananas.com\/associationdesludothequesfrancaises\/wp-json\/wp\/v2\/pages\/4844\/revisions"}],"predecessor-version":[{"id":4901,"href":"https:\/\/www.kananas.com\/associationdesludothequesfrancaises\/wp-json\/wp\/v2\/pages\/4844\/revisions\/4901"}],"wp:attachment":[{"href":"https:\/\/www.kananas.com\/associationdesludothequesfrancaises\/wp-json\/wp\/v2\/media?parent=4844"}],"curies":[{"name":"wp","href":"https:\/\/api.w.org\/{rel}","templated":true}]}}