{"id":4858,"date":"2022-08-26T11:09:37","date_gmt":"2022-08-26T09:09:37","guid":{"rendered":"https:\/\/www.kananas.com\/associationdesludothequesfrancaises\/?page_id=4858"},"modified":"2022-08-26T14:47:34","modified_gmt":"2022-08-26T12:47:34","slug":"4858-2","status":"publish","type":"page","link":"https:\/\/www.kananas.com\/associationdesludothequesfrancaises\/4858-2\/","title":{"rendered":"ALF r\u00e9gionales"},"content":{"rendered":"<p><span style=\"font-family: helvetica, arial, sans-serif;font-size: 14pt\">Vous trouverez ici les coordonn\u00e9es des ALF r\u00e9gionales en fonction de leurs localisation :<\/span><\/p>\n<p><strong><span style=\"font-family: helvetica, arial, sans-serif;font-size: 14pt;color: #5fa781\"><a style=\"color: #5fa781\" href=\"https:\/\/www.kananas.com\/associationdesludothequesfrancaises\/4858-2\/alf-metropolitaines\/\">ALF M\u00e9tropolitaines<\/a><\/span><\/strong><\/p>\n<p><span style=\"font-family: helvetica, arial, sans-serif;font-size: 14pt;color: #5fa781\"><a style=\"color: #5fa781\" href=\"https:\/\/www.kananas.com\/associationdesludothequesfrancaises\/4858-2\/alf-outre-mers\/\"><strong>ALF Outre-mers<\/strong><\/a><\/span><\/p>\n","protected":false},"excerpt":{"rendered":"<p>Vous trouverez ici les coordonn\u00e9es des ALF r\u00e9gionales en fonction de leurs localisation : ALF M\u00e9tropolitaines ALF Outre-mers<\/p>\n","protected":false},"author":493,"featured_media":0,"parent":0,"menu_order":0,"comment_status":"closed","ping_status":"closed","template":"","meta":{"_crdt_document":"","footnotes":""},"class_list":["post-4858","page","type-page","status-publish","hentry"],"_links":{"self":[{"href":"https:\/\/www.kananas.com\/associationdesludothequesfrancaises\/wp-json\/wp\/v2\/pages\/4858","targetHints":{"allow":["GET"]}}],"collection":[{"href":"https:\/\/www.kananas.com\/associationdesludothequesfrancaises\/wp-json\/wp\/v2\/pages"}],"about":[{"href":"https:\/\/www.kananas.com\/associationdesludothequesfrancaises\/wp-json\/wp\/v2\/types\/page"}],"author":[{"embeddable":true,"href":"https:\/\/www.kananas.com\/associationdesludothequesfrancaises\/wp-json\/wp\/v2\/users\/493"}],"replies":[{"embeddable":true,"href":"https:\/\/www.kananas.com\/associationdesludothequesfrancaises\/wp-json\/wp\/v2\/comments?post=4858"}],"version-history":[{"count":6,"href":"https:\/\/www.kananas.com\/associationdesludothequesfrancaises\/wp-json\/wp\/v2\/pages\/4858\/revisions"}],"predecessor-version":[{"id":4899,"href":"https:\/\/www.kananas.com\/associationdesludothequesfrancaises\/wp-json\/wp\/v2\/pages\/4858\/revisions\/4899"}],"wp:attachment":[{"href":"https:\/\/www.kananas.com\/associationdesludothequesfrancaises\/wp-json\/wp\/v2\/media?parent=4858"}],"curies":[{"name":"wp","href":"https:\/\/api.w.org\/{rel}","templated":true}]}}