{"id":4861,"date":"2022-08-26T11:11:29","date_gmt":"2022-08-26T09:11:29","guid":{"rendered":"https:\/\/www.kananas.com\/associationdesludothequesfrancaises\/?page_id=4861"},"modified":"2022-08-26T14:46:28","modified_gmt":"2022-08-26T12:46:28","slug":"alf-metropolitaines","status":"publish","type":"page","link":"https:\/\/www.kananas.com\/associationdesludothequesfrancaises\/4858-2\/alf-metropolitaines\/","title":{"rendered":"ALF m\u00e9tropolitaines"},"content":{"rendered":"<p><span style=\"font-family: helvetica, arial, sans-serif;font-size: 14pt\">Vous trouverez dans ce menu les coordonn\u00e9es de votre ALF r\u00e9gionale :<strong><br \/>\n<\/strong><\/span><\/p>\n<p><span style=\"font-family: helvetica, arial, sans-serif;font-size: 14pt\"><a href=\"https:\/\/www.kananas.com\/associationdesludothequesfrancaises\/lalf-auvergne\/\"><strong><span style=\"color: #5fa781\">L\u2019ALF Auvergne-Rh\u00f4nes-Alpes<\/span><\/strong><\/a><\/span><\/p>\n<p><span style=\"font-family: helvetica, arial, sans-serif;font-size: 14pt;color: #5fa781\"><a style=\"color: #5fa781\" href=\"https:\/\/www.kananas.com\/associationdesludothequesfrancaises\/lalf-bourgogne-franche-comte\/\"><strong>L\u2019ALF Bourgogne-Franche-Comt\u00e9<\/strong><\/a><\/span><\/p>\n<p><span style=\"font-family: helvetica, arial, sans-serif;font-size: 14pt;color: #5fa781\"><a style=\"color: #5fa781\" href=\"https:\/\/www.kananas.com\/associationdesludothequesfrancaises\/lalf-bretagne\/\"><strong>L\u2019ALF Bretagne<\/strong><\/a><\/span><\/p>\n<p><span style=\"font-family: helvetica, arial, sans-serif;font-size: 14pt;color: #5fa781\"><a style=\"color: #5fa781\" href=\"https:\/\/www.kananas.com\/associationdesludothequesfrancaises\/lalf-lorraine\/\"><strong>L\u2019ALF Grand Est<\/strong><\/a><\/span><\/p>\n<p><span style=\"font-family: helvetica, arial, sans-serif;font-size: 14pt;color: #5fa781\"><a style=\"color: #5fa781\" href=\"https:\/\/www.kananas.com\/associationdesludothequesfrancaises\/lalf-nord-pas-de-calais-picardie\/\"><strong>L\u2019ALF Hauts-de-France<\/strong><\/a><\/span><\/p>\n<p><span style=\"font-family: helvetica, arial, sans-serif;font-size: 14pt;color: #5fa781\"><a style=\"color: #5fa781\" href=\"https:\/\/www.kananas.com\/associationdesludothequesfrancaises\/lalf-ile-de-france\/\"><strong>L\u2019ALF Ile-de-France<\/strong><\/a><\/span><\/p>\n<p><span style=\"font-family: helvetica, arial, sans-serif;font-size: 14pt;color: #5fa781\"><a style=\"color: #5fa781\" href=\"https:\/\/www.kananas.com\/associationdesludothequesfrancaises\/lalf-normandie\/\"><strong>L\u2019ALF Normandie<\/strong><\/a><\/span><\/p>\n<p><span style=\"font-family: helvetica, arial, sans-serif;font-size: 14pt;color: #5fa781\"><a style=\"color: #5fa781\" href=\"https:\/\/www.kananas.com\/associationdesludothequesfrancaises\/lalf-aquitaine\/\"><strong>L\u2019ALF Nouvelle-Aquitaine<\/strong><\/a><\/span><\/p>\n<p><span style=\"font-family: helvetica, arial, sans-serif;font-size: 14pt;color: #5fa781\"><a style=\"color: #5fa781\" href=\"https:\/\/www.kananas.com\/associationdesludothequesfrancaises\/occitanie\/\"><strong>L\u2019ALF Occitanie<\/strong><\/a><\/span><\/p>\n<p><span style=\"font-family: helvetica, arial, sans-serif;font-size: 14pt;color: #5fa781\"><a style=\"color: #5fa781\" href=\"https:\/\/www.kananas.com\/associationdesludothequesfrancaises\/lalf-paca\/\"><strong>L\u2019ALF Sud-PACA<\/strong><\/a><\/span><\/p>\n<p><span style=\"font-family: helvetica, arial, sans-serif;font-size: 14pt;color: #5fa781\"><strong><a style=\"color: #5fa781\" href=\"https:\/\/www.kananas.com\/associationdesludothequesfrancaises\/lalf-pays-de-la-loire\/\">La r\u00e9gion Pays de la Loire<\/a><\/strong><\/span><\/p>\n<p><span style=\"font-family: helvetica, arial, sans-serif;font-size: 14pt;color: #5fa781\"><a style=\"color: #5fa781\" href=\"https:\/\/www.kananas.com\/associationdesludothequesfrancaises\/la-region-centre\/\"><strong>La r\u00e9gion Centre-Val-de-Loire<\/strong><\/a><\/span><\/p>\n<p><span style=\"color: #5fa781\"><strong><a style=\"color: #5fa781\" href=\"https:\/\/www.kananas.com\/associationdesludothequesfrancaises\/corse\/\"><span style=\"font-family: helvetica, arial, sans-serif;font-size: 14pt\">La r\u00e9gion Corse<\/span><\/a><\/strong><\/span><\/p>\n","protected":false},"excerpt":{"rendered":"<p>Vous trouverez dans ce menu les coordonn\u00e9es de votre ALF r\u00e9gionale : L\u2019ALF Auvergne-Rh\u00f4nes-Alpes L\u2019ALF Bourgogne-Franche-Comt\u00e9 L\u2019ALF Bretagne L\u2019ALF Grand Est L\u2019ALF Hauts-de-France L\u2019ALF Ile-de-France L\u2019ALF Normandie L\u2019ALF Nouvelle-Aquitaine L\u2019ALF Occitanie L\u2019ALF Sud-PACA La r\u00e9gion Pays de la Loire La r\u00e9gion Centre-Val-de-Loire La r\u00e9gion Corse<\/p>\n","protected":false},"author":493,"featured_media":0,"parent":4858,"menu_order":0,"comment_status":"closed","ping_status":"closed","template":"","meta":{"_crdt_document":"","footnotes":""},"class_list":["post-4861","page","type-page","status-publish","hentry"],"_links":{"self":[{"href":"https:\/\/www.kananas.com\/associationdesludothequesfrancaises\/wp-json\/wp\/v2\/pages\/4861","targetHints":{"allow":["GET"]}}],"collection":[{"href":"https:\/\/www.kananas.com\/associationdesludothequesfrancaises\/wp-json\/wp\/v2\/pages"}],"about":[{"href":"https:\/\/www.kananas.com\/associationdesludothequesfrancaises\/wp-json\/wp\/v2\/types\/page"}],"author":[{"embeddable":true,"href":"https:\/\/www.kananas.com\/associationdesludothequesfrancaises\/wp-json\/wp\/v2\/users\/493"}],"replies":[{"embeddable":true,"href":"https:\/\/www.kananas.com\/associationdesludothequesfrancaises\/wp-json\/wp\/v2\/comments?post=4861"}],"version-history":[{"count":2,"href":"https:\/\/www.kananas.com\/associationdesludothequesfrancaises\/wp-json\/wp\/v2\/pages\/4861\/revisions"}],"predecessor-version":[{"id":4897,"href":"https:\/\/www.kananas.com\/associationdesludothequesfrancaises\/wp-json\/wp\/v2\/pages\/4861\/revisions\/4897"}],"up":[{"embeddable":true,"href":"https:\/\/www.kananas.com\/associationdesludothequesfrancaises\/wp-json\/wp\/v2\/pages\/4858"}],"wp:attachment":[{"href":"https:\/\/www.kananas.com\/associationdesludothequesfrancaises\/wp-json\/wp\/v2\/media?parent=4861"}],"curies":[{"name":"wp","href":"https:\/\/api.w.org\/{rel}","templated":true}]}}