{"id":4877,"date":"2022-08-26T14:30:17","date_gmt":"2022-08-26T12:30:17","guid":{"rendered":"https:\/\/www.kananas.com\/associationdesludothequesfrancaises\/?page_id=4877"},"modified":"2023-12-08T09:56:30","modified_gmt":"2023-12-08T08:56:30","slug":"les-ludotheques","status":"publish","type":"page","link":"https:\/\/www.kananas.com\/associationdesludothequesfrancaises\/les-ludotheques\/","title":{"rendered":"Les Ludoth\u00e8ques"},"content":{"rendered":"<div class=\"entry-content clearfix\">\n<p><span style=\"font-family: helvetica, arial, sans-serif;font-size: 14pt\"><span style=\"color: #000000\">Ce menu pr\u00e9sente les informations relatives aux ludoth\u00e8ques :<\/span><strong><br \/>\n<\/strong><\/span><\/p>\n<p><span style=\"font-family: helvetica, arial, sans-serif;font-size: 14pt;color: #5fa781\"><strong><a style=\"color: #5fa781\" href=\"https:\/\/www.kananas.com\/associationdesludothequesfrancaises\/definition-de-la-ludotheque\/\">D\u00e9finition de la ludoth\u00e8que<\/a><\/strong><\/span><\/p>\n<p><span style=\"font-family: helvetica, arial, sans-serif;font-size: 14pt;color: #5fa781\"><strong><a style=\"color: #5fa781\" href=\"https:\/\/www.kananas.com\/associationdesludothequesfrancaises\/la-charte\/\">R\u00e9f\u00e9rentiel ludoth\u00e8que<\/a><\/strong><\/span><\/p>\n<p><span style=\"font-family: helvetica, arial, sans-serif;font-size: 14pt;color: #5fa781\"><strong><a style=\"color: #5fa781\" href=\"https:\/\/www.kananas.com\/associationdesludothequesfrancaises\/carte\/\">Carte des ludoth\u00e8ques<\/a><\/strong><\/span><\/p>\n<p><span style=\"font-family: helvetica, arial, sans-serif;font-size: 14pt;color: #5fa781\"><strong><a style=\"color: #5fa781\" href=\"https:\/\/www.kananas.com\/associationdesludothequesfrancaises\/le-recrutement\/\">Offres d\u2019emploi \/ stage \/ service civique<\/a><\/strong><\/span><\/p>\n<p><span style=\"font-family: helvetica, arial, sans-serif;font-size: 14pt;color: #5fa781\"><strong><a style=\"color: #5fa781\" href=\"https:\/\/www.kananas.com\/associationdesludothequesfrancaises\/referentiel-metier\/\">R\u00e9f\u00e9rentiel m\u00e9tier<\/a><\/strong><\/span><\/p>\n<p><span style=\"color: #5fa781\"><strong><a style=\"color: #5fa781\" href=\"https:\/\/www.kananas.com\/associationdesludothequesfrancaises\/entreprises-partenaires-des-ludotheques\/\"><span style=\"font-family: helvetica, arial, sans-serif;font-size: 14pt\">Partenaires des ludoth\u00e8ques<\/span><\/a><\/strong><\/span><\/p>\n<\/div>\n","protected":false},"excerpt":{"rendered":"<p>Ce menu pr\u00e9sente les informations relatives aux ludoth\u00e8ques : D\u00e9finition de la ludoth\u00e8que R\u00e9f\u00e9rentiel ludoth\u00e8que Carte des ludoth\u00e8ques Offres d\u2019emploi \/ stage \/ service civique R\u00e9f\u00e9rentiel m\u00e9tier Partenaires des ludoth\u00e8ques<\/p>\n","protected":false},"author":493,"featured_media":0,"parent":0,"menu_order":0,"comment_status":"closed","ping_status":"closed","template":"","meta":{"_crdt_document":"","footnotes":""},"class_list":["post-4877","page","type-page","status-publish","hentry"],"_links":{"self":[{"href":"https:\/\/www.kananas.com\/associationdesludothequesfrancaises\/wp-json\/wp\/v2\/pages\/4877","targetHints":{"allow":["GET"]}}],"collection":[{"href":"https:\/\/www.kananas.com\/associationdesludothequesfrancaises\/wp-json\/wp\/v2\/pages"}],"about":[{"href":"https:\/\/www.kananas.com\/associationdesludothequesfrancaises\/wp-json\/wp\/v2\/types\/page"}],"author":[{"embeddable":true,"href":"https:\/\/www.kananas.com\/associationdesludothequesfrancaises\/wp-json\/wp\/v2\/users\/493"}],"replies":[{"embeddable":true,"href":"https:\/\/www.kananas.com\/associationdesludothequesfrancaises\/wp-json\/wp\/v2\/comments?post=4877"}],"version-history":[{"count":3,"href":"https:\/\/www.kananas.com\/associationdesludothequesfrancaises\/wp-json\/wp\/v2\/pages\/4877\/revisions"}],"predecessor-version":[{"id":5429,"href":"https:\/\/www.kananas.com\/associationdesludothequesfrancaises\/wp-json\/wp\/v2\/pages\/4877\/revisions\/5429"}],"wp:attachment":[{"href":"https:\/\/www.kananas.com\/associationdesludothequesfrancaises\/wp-json\/wp\/v2\/media?parent=4877"}],"curies":[{"name":"wp","href":"https:\/\/api.w.org\/{rel}","templated":true}]}}