{"id":4886,"date":"2022-08-26T14:40:24","date_gmt":"2022-08-26T12:40:24","guid":{"rendered":"https:\/\/www.kananas.com\/associationdesludothequesfrancaises\/?page_id=4886"},"modified":"2022-08-26T14:40:24","modified_gmt":"2022-08-26T12:40:24","slug":"evenements","status":"publish","type":"page","link":"https:\/\/www.kananas.com\/associationdesludothequesfrancaises\/evenements\/","title":{"rendered":"\u00e9v\u00e8nements"},"content":{"rendered":"<div class=\"entry-content clearfix\">\n<p><span style=\"font-family: helvetica, arial, sans-serif;font-size: 14pt\">Ce menu pr\u00e9sente les manifestations propos\u00e9es par le r\u00e9seau des ludoth\u00e8ques et l\u2019ALF nationale :<strong><br \/>\n<\/strong><\/span><\/p>\n<p><span style=\"font-family: helvetica, arial, sans-serif;font-size: 14pt;color: #5fa781\"><a style=\"color: #5fa781\" href=\"https:\/\/www.kananas.com\/associationdesludothequesfrancaises\/selection-des-ludothecaires\/\"><strong>La S\u00e9lection des Ludoth\u00e9caires<\/strong><\/a><\/span><\/p>\n<p><a href=\"https:\/\/www.kananas.com\/associationdesludothequesfrancaises\/la-fete-du-jeu\/\"><strong><span style=\"font-family: helvetica, arial, sans-serif;font-size: 14pt;color: #5fa781\">La F\u00eate mondiale du Jeu<\/span><\/strong><\/a><\/p>\n<\/div>\n","protected":false},"excerpt":{"rendered":"<p>Ce menu pr\u00e9sente les manifestations propos\u00e9es par le r\u00e9seau des ludoth\u00e8ques et l\u2019ALF nationale : La S\u00e9lection des Ludoth\u00e9caires La F\u00eate mondiale du Jeu<\/p>\n","protected":false},"author":493,"featured_media":0,"parent":0,"menu_order":0,"comment_status":"closed","ping_status":"closed","template":"","meta":{"_crdt_document":"","footnotes":""},"class_list":["post-4886","page","type-page","status-publish","hentry"],"_links":{"self":[{"href":"https:\/\/www.kananas.com\/associationdesludothequesfrancaises\/wp-json\/wp\/v2\/pages\/4886","targetHints":{"allow":["GET"]}}],"collection":[{"href":"https:\/\/www.kananas.com\/associationdesludothequesfrancaises\/wp-json\/wp\/v2\/pages"}],"about":[{"href":"https:\/\/www.kananas.com\/associationdesludothequesfrancaises\/wp-json\/wp\/v2\/types\/page"}],"author":[{"embeddable":true,"href":"https:\/\/www.kananas.com\/associationdesludothequesfrancaises\/wp-json\/wp\/v2\/users\/493"}],"replies":[{"embeddable":true,"href":"https:\/\/www.kananas.com\/associationdesludothequesfrancaises\/wp-json\/wp\/v2\/comments?post=4886"}],"version-history":[{"count":1,"href":"https:\/\/www.kananas.com\/associationdesludothequesfrancaises\/wp-json\/wp\/v2\/pages\/4886\/revisions"}],"predecessor-version":[{"id":4887,"href":"https:\/\/www.kananas.com\/associationdesludothequesfrancaises\/wp-json\/wp\/v2\/pages\/4886\/revisions\/4887"}],"wp:attachment":[{"href":"https:\/\/www.kananas.com\/associationdesludothequesfrancaises\/wp-json\/wp\/v2\/media?parent=4886"}],"curies":[{"name":"wp","href":"https:\/\/api.w.org\/{rel}","templated":true}]}}