{"id":4888,"date":"2022-08-26T14:41:37","date_gmt":"2022-08-26T12:41:37","guid":{"rendered":"https:\/\/www.kananas.com\/associationdesludothequesfrancaises\/?page_id=4888"},"modified":"2022-08-26T14:41:37","modified_gmt":"2022-08-26T12:41:37","slug":"adherer","status":"publish","type":"page","link":"https:\/\/www.kananas.com\/associationdesludothequesfrancaises\/adherer\/","title":{"rendered":"adh\u00e9rer"},"content":{"rendered":"<div class=\"entry-content clearfix\">\n<p><span style=\"font-family: helvetica, arial, sans-serif;font-size: 14pt\">Ce menu pr\u00e9sente les informations relatives \u00e0 l\u2019adh\u00e9sion \u00e0 notre association :<\/span><\/p>\n<p><span style=\"font-family: helvetica, arial, sans-serif;font-size: 14pt;color: #5fa781\"><a style=\"color: #5fa781\" href=\"https:\/\/www.kananas.com\/associationdesludothequesfrancaises\/adhesion\/\"><strong>Adh\u00e9sion<\/strong><\/a><\/span><\/p>\n<p><a href=\"https:\/\/www.kananas.com\/associationdesludothequesfrancaises\/espace-perso\/\"><strong><span style=\"font-family: helvetica, arial, sans-serif;font-size: 14pt;color: #5fa781\">Espace perso<\/span><\/strong><\/a><\/p>\n<\/div>\n","protected":false},"excerpt":{"rendered":"<p>Ce menu pr\u00e9sente les informations relatives \u00e0 l\u2019adh\u00e9sion \u00e0 notre association : Adh\u00e9sion Espace perso<\/p>\n","protected":false},"author":493,"featured_media":0,"parent":0,"menu_order":0,"comment_status":"closed","ping_status":"closed","template":"","meta":{"_crdt_document":"","footnotes":""},"class_list":["post-4888","page","type-page","status-publish","hentry"],"_links":{"self":[{"href":"https:\/\/www.kananas.com\/associationdesludothequesfrancaises\/wp-json\/wp\/v2\/pages\/4888","targetHints":{"allow":["GET"]}}],"collection":[{"href":"https:\/\/www.kananas.com\/associationdesludothequesfrancaises\/wp-json\/wp\/v2\/pages"}],"about":[{"href":"https:\/\/www.kananas.com\/associationdesludothequesfrancaises\/wp-json\/wp\/v2\/types\/page"}],"author":[{"embeddable":true,"href":"https:\/\/www.kananas.com\/associationdesludothequesfrancaises\/wp-json\/wp\/v2\/users\/493"}],"replies":[{"embeddable":true,"href":"https:\/\/www.kananas.com\/associationdesludothequesfrancaises\/wp-json\/wp\/v2\/comments?post=4888"}],"version-history":[{"count":1,"href":"https:\/\/www.kananas.com\/associationdesludothequesfrancaises\/wp-json\/wp\/v2\/pages\/4888\/revisions"}],"predecessor-version":[{"id":4889,"href":"https:\/\/www.kananas.com\/associationdesludothequesfrancaises\/wp-json\/wp\/v2\/pages\/4888\/revisions\/4889"}],"wp:attachment":[{"href":"https:\/\/www.kananas.com\/associationdesludothequesfrancaises\/wp-json\/wp\/v2\/media?parent=4888"}],"curies":[{"name":"wp","href":"https:\/\/api.w.org\/{rel}","templated":true}]}}