{"id":5689,"date":"2024-09-30T11:37:12","date_gmt":"2024-09-30T09:37:12","guid":{"rendered":"https:\/\/www.kananas.com\/associationdesludothequesfrancaises\/?page_id=5689"},"modified":"2024-09-30T11:53:21","modified_gmt":"2024-09-30T09:53:21","slug":"le-service-civique-en-ludotheque","status":"publish","type":"page","link":"https:\/\/www.kananas.com\/associationdesludothequesfrancaises\/le-service-civique-en-ludotheque\/","title":{"rendered":"Le service civique en ludoth\u00e8que"},"content":{"rendered":"<p><span style=\"font-family: helvetica, arial, sans-serif;font-size: 14pt;color: #333333\">Via l&rsquo;agr\u00e9ment service civique de l&rsquo;ALF, vous pouvez accueillir pendant 6 \u00e0 8 mois un\u00b7e service civique dans votre ludoth\u00e8que. Pour rappel, cette personne ne <strong>remplace pas un\u00b7e ludoth\u00e9caire<\/strong> mais r\u00e9fl\u00e9chit \u00e0 un nouveau projet ou apporte un nouveau regard sur la structure permettant l&rsquo;\u00e9mergence de nouvelles id\u00e9es.<\/span><\/p>\n<p><span style=\"font-family: helvetica, arial, sans-serif;font-size: 14pt;color: #333333\">L&rsquo;ALF a actuellement deux missions :<\/span><\/p>\n<ul>\n<li><span style=\"font-family: helvetica, arial, sans-serif;font-size: 14pt;color: #333333\"><strong>Promouvoir l&rsquo;\u00e9galit\u00e9 du genre \u00e0 partir de l&rsquo;activit\u00e9 ludique<\/strong>, qui peut amener \u00e0 des projets vari\u00e9s comme la r\u00e9alisation d&rsquo;actions de sensibilisation du public, la r\u00e9organisation des espaces de jeux, la mise en place de partenariats avec des collectifs intervenants sur cette th\u00e9matique, la contribution \u00e0 une r\u00e9flexion commune au sein de la structure d&rsquo;accueil&#8230;<\/span><\/li>\n<\/ul>\n<p>&nbsp;<\/p>\n<ul>\n<li><span style=\"font-family: helvetica, arial, sans-serif;font-size: 14pt;color: #333333\"><strong>Soutenir, accompagner et informer sur la pratique du jeu vid\u00e9o en ludoth\u00e8que<\/strong>, qui peut amener \u00e0 des projets vari\u00e9s comment la sensibilisation du public notamment les parents, le renouvellement de l&rsquo;offre de jeu vid\u00e9o, la pr\u00e9vention de pratiques probl\u00e9matiques, la mise en place d&rsquo;une exposition autour du jeu vid\u00e9o&#8230;<\/span><\/li>\n<\/ul>\n<p>&nbsp;<\/p>\n<p><span style=\"font-family: helvetica, arial, sans-serif;font-size: 14pt;color: #333333\">Pour en savoir plus :<\/span><\/p>\n<ul>\n<li><span style=\"font-family: helvetica, arial, sans-serif;font-size: 14pt;color: #4fb748\"><a style=\"color: #4fb748\" href=\"https:\/\/www.kananas.com\/associationdesludothequesfrancaises\/wp-content\/uploads\/sites\/482\/2024\/09\/Modalites-agrement-service-civique-2024-2025.pdf\">Les modalit\u00e9s du service civique<\/a><\/span><\/li>\n<li><span style=\"font-family: helvetica, arial, sans-serif;font-size: 14pt\"><a href=\"https:\/\/www.kananas.com\/associationdesludothequesfrancaises\/wp-content\/uploads\/sites\/482\/2024\/09\/Livret-accueil-des-volontaires-2024.pdf\"><span style=\"color: #4fb748\">Le livret d&rsquo;accueil pour le ou la volontaire<\/span><\/a><\/span><\/li>\n<\/ul>\n<p>&nbsp;<\/p>\n<p><span style=\"font-family: helvetica, arial, sans-serif;font-size: 14pt\"><span style=\"color: #333333\">Pour mettre en place une mission de service civique dans votre ludoth\u00e8que, contactez Oriane Thibeau Sutre :<\/span> <\/span><a href=\"mailto:c.admin@alf-ludotheques.org\"><span style=\"font-family: helvetica, arial, sans-serif;font-size: 14pt\"><span style=\"color: #4fb748\">c.admin@alf-ludotheques.org<\/span><\/span><\/a><\/p>\n<p>&nbsp;<\/p>\n<p><span style=\"color: #333333;font-size: 14pt\"><strong><span style=\"font-family: helvetica, arial, sans-serif\">Les offres de service civique<\/span><\/strong><\/span><\/p>\n<p><span style=\"font-family: helvetica, arial, sans-serif;font-size: 14pt\"><strong><span style=\"color: #333333\">06 ao\u00fbt<\/span> : <a href=\"https:\/\/www.kananas.com\/associationdesludothequesfrancaises\/wp-content\/uploads\/sites\/482\/2024\/08\/annonce-ALF-service-civique-La-Toupie-Volante-2024.pdf\"><span style=\"color: #4fb748\">Promouvoir l&rsquo;\u00e9galit\u00e9 de genre \u00e0 partir de l&rsquo;activit\u00e9 ludique, Celle l&rsquo;Evescault (22)<\/span><\/a><\/strong><\/span><\/p>\n<p><span style=\"font-family: helvetica, arial, sans-serif;font-size: 14pt\"><strong><span style=\"color: #333333\">22 juillet<\/span> : <a href=\"https:\/\/www.kananas.com\/associationdesludothequesfrancaises\/wp-content\/uploads\/sites\/482\/2024\/07\/Agent_renfort_Ludotheque_DFS_SERVICE_CIVIQUE.pdf\"><span style=\"color: #4fb748\">Service Civique en Ludoth\u00e8que, Plaisir (78)<\/span><\/a><\/strong><\/span><\/p>\n<p><span style=\"font-family: helvetica, arial, sans-serif;font-size: 14pt\"><strong><span style=\"font-size: 14pt\"><span style=\"color: #333333\">20 juin<\/span> : <\/span><a href=\"https:\/\/www.kananas.com\/associationdesludothequesfrancaises\/wp-content\/uploads\/sites\/482\/2024\/06\/annonce-service-civique-1.pdf\"><span style=\"color: #4fb748\"><span style=\"font-size: 14pt\">Participer \u00e0 l\u2019animation de la ludoth\u00e8que et de l\u2019espace jeux vid\u00e9o, Saint-Denis-de-Pile (33)<\/span><\/span><\/a><\/strong><\/span><\/p>\n<p>&nbsp;<\/p>\n","protected":false},"excerpt":{"rendered":"<p>Via l&rsquo;agr\u00e9ment service civique de l&rsquo;ALF, vous pouvez accueillir pendant 6 \u00e0 8 mois un\u00b7e service civique dans votre ludoth\u00e8que. Pour rappel, cette personne ne remplace pas un\u00b7e ludoth\u00e9caire mais r\u00e9fl\u00e9chit \u00e0 un nouveau projet ou apporte un nouveau regard sur la structure permettant l&rsquo;\u00e9mergence de nouvelles id\u00e9es. L&rsquo;ALF a actuellement deux missions : Promouvoir<\/p>\n","protected":false},"author":493,"featured_media":0,"parent":0,"menu_order":0,"comment_status":"closed","ping_status":"closed","template":"","meta":{"_crdt_document":"","footnotes":""},"class_list":["post-5689","page","type-page","status-publish","hentry"],"_links":{"self":[{"href":"https:\/\/www.kananas.com\/associationdesludothequesfrancaises\/wp-json\/wp\/v2\/pages\/5689","targetHints":{"allow":["GET"]}}],"collection":[{"href":"https:\/\/www.kananas.com\/associationdesludothequesfrancaises\/wp-json\/wp\/v2\/pages"}],"about":[{"href":"https:\/\/www.kananas.com\/associationdesludothequesfrancaises\/wp-json\/wp\/v2\/types\/page"}],"author":[{"embeddable":true,"href":"https:\/\/www.kananas.com\/associationdesludothequesfrancaises\/wp-json\/wp\/v2\/users\/493"}],"replies":[{"embeddable":true,"href":"https:\/\/www.kananas.com\/associationdesludothequesfrancaises\/wp-json\/wp\/v2\/comments?post=5689"}],"version-history":[{"count":6,"href":"https:\/\/www.kananas.com\/associationdesludothequesfrancaises\/wp-json\/wp\/v2\/pages\/5689\/revisions"}],"predecessor-version":[{"id":5700,"href":"https:\/\/www.kananas.com\/associationdesludothequesfrancaises\/wp-json\/wp\/v2\/pages\/5689\/revisions\/5700"}],"wp:attachment":[{"href":"https:\/\/www.kananas.com\/associationdesludothequesfrancaises\/wp-json\/wp\/v2\/media?parent=5689"}],"curies":[{"name":"wp","href":"https:\/\/api.w.org\/{rel}","templated":true}]}}