{"id":91,"date":"2015-04-30T09:30:59","date_gmt":"2015-04-30T07:30:59","guid":{"rendered":"http:\/\/www.gestasso.com\/association\/associationdesludothequesfrancaises\/?page_id=91"},"modified":"2023-12-07T13:28:02","modified_gmt":"2023-12-07T12:28:02","slug":"definition-de-la-ludotheque","status":"publish","type":"page","link":"https:\/\/www.kananas.com\/associationdesludothequesfrancaises\/les-ludotheques\/definition-de-la-ludotheque\/","title":{"rendered":"D\u00e9finition de la ludoth\u00e8que"},"content":{"rendered":"<div class=\"su-row\"><div class=\"su-column su-column-size-1-2\"><div class=\"su-column-inner su-u-clearfix su-u-trim\">\n<p><span style=\"font-family: helvetica, arial, sans-serif;font-size: 14pt\">Les ludoth\u00e8ques sont des \u00e9quipements culturels qui m\u00e8nent des actions autour du jeu en tant que pratique: l\u2019acte de jouer, et en tant que patrimoine: les jeux et les jouets (Jeu sur place, pr\u00eat, animation, conseil\/formation&#8230;)<\/span><\/p>\n<p><span style=\"font-family: helvetica, arial, sans-serif;font-size: 14pt\">Ce sont des lieux ressources g\u00e9r\u00e9s par des ludoth\u00e9caires, ouverts \u00e0 toutes et tous, qui ont pour mission de donner \u00e0 jouer, d\u2019accompagner les mises en jeu, de diffuser la culture ludique, et de pr\u00e9server le jeu de toute r\u00e9cup\u00e9ration.<\/span><\/p>\n<p style=\"text-align: justify\"><span style=\"font-family: helvetica, arial, sans-serif;font-size: 14pt\">Les ludoth\u00e8ques utilisent le <a href=\"https:\/\/www.kananas.com\/associationdesludothequesfrancaises\/wp-content\/uploads\/sites\/482\/2023\/11\/Referentiel-des-Ludotheques-2023-1.pdf\"><span style=\"color: #5fa781\">r\u00e9f\u00e9rentiel des ludoth\u00e8ques<\/span><\/a> qui est le cadre de r\u00e9f\u00e9rence pour toutes les ludoth\u00e8ques fran\u00e7aises ainsi que la<span style=\"color: #5fa781\"> <a style=\"color: #5fa781\" href=\"https:\/\/backoffice.kananas.com\/drive.php?doc=MTcwMC9kb2N1bWVudHMvRG9jdW1lbnRzLW9mZmljaWVscy1uYXRpb25hbC9Eb2N1bWVudHMtZGUtYmFzZS1BTEYvRmljaGUtbWV0aWVyLUx1ZG90aGVjYWlyZS5wZGY=\">fiche-m<span style=\"color: #5fa781\">\u00e9tier de ludoth\u00e9caire<\/span><\/a><\/span>.<\/span><\/p>\n<p style=\"text-align: justify\"><span style=\"font-family: helvetica, arial, sans-serif;font-size: 14pt\">Elles accueillent ensemble des publics de tout \u00e2ge et sont ouvertes aux collectivit\u00e9s les plus diverses (\u00e9coles, cr\u00e8ches, centres de loisirs, institutions sp\u00e9cialis\u00e9es&#8230;). Elles proposent du jeu sur place, du pr\u00eat, des animations, du conseil.<br \/>\n<\/span><\/p>\n<p style=\"text-align: justify\"><span style=\"font-family: helvetica, arial, sans-serif;font-size: 14pt\">Ce sont des lieux ressources pour les parents et les professionnels. En favorisant le jeu, les ludoth\u00e8ques aident les enfants \u00e0 grandir et les parents \u00e0 vivre des moments privil\u00e9gi\u00e9s avec eux. Convivialit\u00e9, \u00e9ducation, socialisation et plaisir font le quotidien des ludoth\u00e8ques.<\/span><\/p>\n<\/div><\/div><div class=\"su-column su-column-size-1-2\"><div class=\"su-column-inner su-u-clearfix su-u-trim\">\n<pre><div class=\"su-youtube su-u-responsive-media-yes\"><iframe loading=\"lazy\" width=\"600\" height=\"400\" src=\"https:\/\/www.youtube.com\/embed\/m50UKcbCAeQ?\" frameborder=\"0\" allowfullscreen allow=\"autoplay; encrypted-media; picture-in-picture\" title=\"\"><\/iframe><\/div><\/pre>\n<h4 class=\"style-scope ytd-watch-metadata\"><a href=\"http:\/\/Place Ludique - la ludoth\u00e8que \u00e0 Neuville de Poitou (86170)\"><span style=\"font-family: helvetica, arial, sans-serif\"><span style=\"color: #4fb748\"><span style=\"color: #5fa781\">Place Ludique &#8211; la ludoth\u00e8que \u00e0 Neuville de Poitou (86170)<\/span><\/span><\/span><\/a><\/h4>\n<\/div><\/div><\/div>\n<p style=\"text-align: center\"><a href=\"http:\/\/www.kananas.com\/associationdesludothequesfrancaises\/carte\/\" class=\"su-button su-button-style-default\" style=\"color:#ffffff;background-color:#2D89EF;border-color:#246ec0;border-radius:5px\" target=\"_self\"><span style=\"color:#ffffff;padding:0px 16px;font-size:13px;line-height:26px;border-color:#6cadf4;border-radius:5px;text-shadow:none\"> Carte<small style=\"padding-bottom:6px;color:#ffffff\">Trouver votre ludoth\u00e8que<\/small><\/span><\/a>\u00a0\u00a0 <a href=\"http:\/\/www.kananas.com\/associationdesludothequesfrancaises\/selection-des-ludothecaires\/\" class=\"su-button su-button-style-default\" style=\"color:#ffffff;background-color:#2D89EF;border-color:#246ec0;border-radius:5px\" target=\"_self\"><span style=\"color:#ffffff;padding:0px 16px;font-size:13px;line-height:26px;border-color:#6cadf4;border-radius:5px;text-shadow:none\"> S\u00e9lection des ludoth\u00e9caires<small style=\"padding-bottom:6px;color:#ffffff\">Les jeux pl\u00e9biscit\u00e9s<\/small><\/span><\/a>\n<hr \/>\n<p><span style=\"color: #ff0000;font-family: helvetica, arial, sans-serif\"><span style=\"font-size: 18pt\"><span style=\"font-size: 12pt;color: #000000\"><div class=\"su-row\"><div class=\"su-column su-column-size-1-2\"><div class=\"su-column-inner su-u-clearfix su-u-trim\"><\/span><span style=\"color: #ff0000;font-size: 24pt\">Rep\u00e8res chronologiques<\/span><\/span><br \/>\n<\/span><\/p>\n<ul>\n<li><span style=\"font-family: helvetica, arial, sans-serif;font-size: 12pt\">1935 : la premi\u00e8re ludoth\u00e8que voit le jour \u00e0 Los Angeles.<\/span><\/li>\n<li><span style=\"font-family: helvetica, arial, sans-serif;font-size: 12pt\">1959 : le Danemark ouvre la voie en Europe<\/span><\/li>\n<li><span style=\"font-family: helvetica, arial, sans-serif;font-size: 12pt\">1968 : cr\u00e9ation de la premi\u00e8re ludoth\u00e8que fran\u00e7aise en Bourgogne<\/span><\/li>\n<li><span style=\"font-family: helvetica, arial, sans-serif;font-size: 12pt\">1975\u00a0: 1er congr\u00e8s international des ludoth\u00e8ques \u00e0 Londres<\/span><\/li>\n<li><span style=\"font-family: helvetica, arial, sans-serif;font-size: 12pt\">1982 : apparition du mot \u201cludoth\u00e8que\u201d dans le Petit Larousse<\/span><\/li>\n<li><span style=\"font-family: helvetica, arial, sans-serif;font-size: 12pt\">1985\u00a0: premi\u00e8re publication du syst\u00e8me ESAR<\/span><\/li>\n<li><span style=\"font-family: helvetica, arial, sans-serif;font-size: 12pt\">1990 : assembl\u00e9e g\u00e9n\u00e9rale constitutive d\u2019ITLA, l\u2019association<\/span><br \/>\n<span style=\"font-family: helvetica, arial, sans-serif;font-size: 12pt\">internationale des ludoth\u00e8ques<\/span><\/li>\n<li><span style=\"font-family: helvetica, arial, sans-serif;font-size: 12pt\">1991\u00a0: publication du livre <i>Les Ludoth\u00e8ques<\/i>, d\u2019Annie Chiarotto<\/span><\/li>\n<li><span style=\"font-family: helvetica, arial, sans-serif;font-size: 12pt\">1996 : cr\u00e9ation du r\u00e9seau europ\u00e9en des ludoth\u00e8ques (ETL)<\/span><\/li>\n<li><span style=\"font-family: helvetica, arial, sans-serif;font-size: 12pt\">1998 : apparition du mot \u201cludoth\u00e9caire\u201d dans le Petit Larousse.<\/span><\/li>\n<li><span style=\"font-family: helvetica, arial, sans-serif;font-size: 12pt\">1999 : 1\u00e8re journ\u00e9e internationale du jeu (ITLA)<\/span><\/li>\n<li><span style=\"font-family: helvetica, arial, sans-serif;font-size: 12pt\">2000\u00a0: cr\u00e9ation du Dipl\u00f4me universitaire \u00ab\u00a0Gestion et animation de ludoth\u00e8que\u00a0\u00bb (DUGAL) \u00e0 Bordeaux<\/span><\/li>\n<li><span style=\"font-family: helvetica, arial, sans-serif;font-size: 12pt\">2003 : cr\u00e9ation de la Charte de qualit\u00e9 des ludoth\u00e8ques par l\u2019ALF<\/span><br \/>\n<span style=\"font-family: helvetica, arial, sans-serif;font-size: 12pt\">cr\u00e9ation de la Licence pro \u00ab Ludoth\u00e8que et m\u00e9diation par le jeu \u00bb \u00e0 Cholet<br \/>\n<\/span><\/li>\n<li><span style=\"font-family: helvetica, arial, sans-serif;font-size: 12pt\">2008 : congr\u00e8s international des ludoth\u00e8ques \u00e0 Paris<\/span><\/li>\n<li><span style=\"font-family: helvetica, arial, sans-serif;font-size: 12pt\">2012 : \u00e9dition de la fiche m\u00e9tier Ludoth\u00e9caire<\/span><\/li>\n<li><span style=\"font-family: helvetica, arial, sans-serif;font-size: 12pt\">2015 : on compte environ 10 000 ludoth\u00e8ques dans le monde selon les chiffres de l&rsquo;ITLA<\/span><\/li>\n<\/ul>\n<\/div><\/div><div class=\"su-column su-column-size-1-2\"><div class=\"su-column-inner su-u-clearfix su-u-trim\"><img loading=\"lazy\" decoding=\"async\" class=\"alignnone wp-image-2727\" src=\"http:\/\/www.kananas.com\/associationdesludothequesfrancaises\/wp-content\/uploads\/sites\/482\/2018\/01\/Billard-japonais2-200x300.jpg\" alt=\"\" width=\"349\" height=\"524\" srcset=\"https:\/\/www.kananas.com\/associationdesludothequesfrancaises\/wp-content\/uploads\/sites\/482\/2018\/01\/Billard-japonais2-200x300.jpg 200w, https:\/\/www.kananas.com\/associationdesludothequesfrancaises\/wp-content\/uploads\/sites\/482\/2018\/01\/Billard-japonais2.jpg 320w\" sizes=\"auto, (max-width: 349px) 100vw, 349px\" \/><\/div><\/div><\/div>\n<p>&nbsp;<\/p>\n","protected":false},"excerpt":{"rendered":"<p>\u00a0\u00a0 &nbsp;<\/p>\n","protected":false},"author":493,"featured_media":0,"parent":4877,"menu_order":0,"comment_status":"closed","ping_status":"closed","template":"","meta":{"_crdt_document":"","footnotes":""},"class_list":["post-91","page","type-page","status-publish","hentry"],"_links":{"self":[{"href":"https:\/\/www.kananas.com\/associationdesludothequesfrancaises\/wp-json\/wp\/v2\/pages\/91","targetHints":{"allow":["GET"]}}],"collection":[{"href":"https:\/\/www.kananas.com\/associationdesludothequesfrancaises\/wp-json\/wp\/v2\/pages"}],"about":[{"href":"https:\/\/www.kananas.com\/associationdesludothequesfrancaises\/wp-json\/wp\/v2\/types\/page"}],"author":[{"embeddable":true,"href":"https:\/\/www.kananas.com\/associationdesludothequesfrancaises\/wp-json\/wp\/v2\/users\/493"}],"replies":[{"embeddable":true,"href":"https:\/\/www.kananas.com\/associationdesludothequesfrancaises\/wp-json\/wp\/v2\/comments?post=91"}],"version-history":[{"count":29,"href":"https:\/\/www.kananas.com\/associationdesludothequesfrancaises\/wp-json\/wp\/v2\/pages\/91\/revisions"}],"predecessor-version":[{"id":5428,"href":"https:\/\/www.kananas.com\/associationdesludothequesfrancaises\/wp-json\/wp\/v2\/pages\/91\/revisions\/5428"}],"up":[{"embeddable":true,"href":"https:\/\/www.kananas.com\/associationdesludothequesfrancaises\/wp-json\/wp\/v2\/pages\/4877"}],"wp:attachment":[{"href":"https:\/\/www.kananas.com\/associationdesludothequesfrancaises\/wp-json\/wp\/v2\/media?parent=91"}],"curies":[{"name":"wp","href":"https:\/\/api.w.org\/{rel}","templated":true}]}}