{"id":145,"date":"2023-02-11T15:31:04","date_gmt":"2023-02-11T14:31:04","guid":{"rendered":"https:\/\/www.kananas.com\/associationepkp644869\/?page_id=145"},"modified":"2023-03-15T12:28:12","modified_gmt":"2023-03-15T11:28:12","slug":"collectivites-territoriales-partenaires","status":"publish","type":"page","link":"https:\/\/www.kananas.com\/associationepkp644869\/partenariats\/collectivites-territoriales-partenaires\/","title":{"rendered":"Partenaires Institutionnels"},"content":{"rendered":"<p><span style=\"font-size: 18pt;color: #ff0000\">&#8211;&gt;EN COURS DE CONSTRUCTION&lt;&#8211;<\/span><\/p>\n<p>D\u00e9partement des Pyr\u00e9n\u00e9es Atlantiques<\/p>\n<p>Mairie de Cescau<\/p>\n<p>Mairie de Mespl\u00e8de<\/p>\n<p>Mairie d&rsquo;Arthez de B\u00e9arn<\/p>\n<p>Mairie de Mont<\/p>\n<p>Mairie d&rsquo;Hagetaubin<\/p>\n<p>&nbsp;<\/p>\n","protected":false},"excerpt":{"rendered":"<p>&#8211;&gt;EN COURS DE CONSTRUCTION&lt;&#8211; D\u00e9partement des Pyr\u00e9n\u00e9es Atlantiques Mairie de Cescau Mairie de Mespl\u00e8de Mairie d&rsquo;Arthez de B\u00e9arn Mairie de<\/p>\n<p class=\"readmore\"><a href=\"https:\/\/www.kananas.com\/associationepkp644869\/partenariats\/collectivites-territoriales-partenaires\/\" title=\"Read Partenaires Institutionnels\">Read more &raquo;<\/a><\/p>\n","protected":false},"author":2142,"featured_media":0,"parent":47,"menu_order":3,"comment_status":"closed","ping_status":"closed","template":"","meta":{"_crdt_document":"","footnotes":""},"class_list":["post-145","page","type-page","status-publish","hentry"],"_links":{"self":[{"href":"https:\/\/www.kananas.com\/associationepkp644869\/wp-json\/wp\/v2\/pages\/145","targetHints":{"allow":["GET"]}}],"collection":[{"href":"https:\/\/www.kananas.com\/associationepkp644869\/wp-json\/wp\/v2\/pages"}],"about":[{"href":"https:\/\/www.kananas.com\/associationepkp644869\/wp-json\/wp\/v2\/types\/page"}],"author":[{"embeddable":true,"href":"https:\/\/www.kananas.com\/associationepkp644869\/wp-json\/wp\/v2\/users\/2142"}],"replies":[{"embeddable":true,"href":"https:\/\/www.kananas.com\/associationepkp644869\/wp-json\/wp\/v2\/comments?post=145"}],"version-history":[{"count":6,"href":"https:\/\/www.kananas.com\/associationepkp644869\/wp-json\/wp\/v2\/pages\/145\/revisions"}],"predecessor-version":[{"id":423,"href":"https:\/\/www.kananas.com\/associationepkp644869\/wp-json\/wp\/v2\/pages\/145\/revisions\/423"}],"up":[{"embeddable":true,"href":"https:\/\/www.kananas.com\/associationepkp644869\/wp-json\/wp\/v2\/pages\/47"}],"wp:attachment":[{"href":"https:\/\/www.kananas.com\/associationepkp644869\/wp-json\/wp\/v2\/media?parent=145"}],"curies":[{"name":"wp","href":"https:\/\/api.w.org\/{rel}","templated":true}]}}