{"id":209,"date":"2023-02-11T17:33:34","date_gmt":"2023-02-11T16:33:34","guid":{"rendered":"https:\/\/www.kananas.com\/associationepkp644869\/?page_id=209"},"modified":"2023-02-13T15:27:33","modified_gmt":"2023-02-13T14:27:33","slug":"lequipe-epkp64","status":"publish","type":"page","link":"https:\/\/www.kananas.com\/associationepkp644869\/lequipe-epkp64\/","title":{"rendered":"L&rsquo;\u00c9QUIPE EPKP64"},"content":{"rendered":"<p><span style=\"font-size: 36pt\">&#8211;&gt;EN COURS DE CONSTRUCTION&lt;&#8211;<\/span><\/p>\n<p>EPKP64 c&rsquo;est une \u00e9quipe dynamique et impliqu\u00e9e ! Voici la pr\u00e9sentation de chacun des membres que vous serez amen\u00e9s \u00e0 croiser dans le navire<\/p>\n","protected":false},"excerpt":{"rendered":"<p>&#8211;&gt;EN COURS DE CONSTRUCTION&lt;&#8211; EPKP64 c&rsquo;est une \u00e9quipe dynamique et impliqu\u00e9e ! Voici la pr\u00e9sentation de chacun des membres que<\/p>\n<p class=\"readmore\"><a href=\"https:\/\/www.kananas.com\/associationepkp644869\/lequipe-epkp64\/\" title=\"Read L&rsquo;\u00c9QUIPE EPKP64\">Read more &raquo;<\/a><\/p>\n","protected":false},"author":2142,"featured_media":0,"parent":0,"menu_order":0,"comment_status":"closed","ping_status":"closed","template":"","meta":{"_crdt_document":"","footnotes":""},"class_list":["post-209","page","type-page","status-publish","hentry"],"_links":{"self":[{"href":"https:\/\/www.kananas.com\/associationepkp644869\/wp-json\/wp\/v2\/pages\/209","targetHints":{"allow":["GET"]}}],"collection":[{"href":"https:\/\/www.kananas.com\/associationepkp644869\/wp-json\/wp\/v2\/pages"}],"about":[{"href":"https:\/\/www.kananas.com\/associationepkp644869\/wp-json\/wp\/v2\/types\/page"}],"author":[{"embeddable":true,"href":"https:\/\/www.kananas.com\/associationepkp644869\/wp-json\/wp\/v2\/users\/2142"}],"replies":[{"embeddable":true,"href":"https:\/\/www.kananas.com\/associationepkp644869\/wp-json\/wp\/v2\/comments?post=209"}],"version-history":[{"count":1,"href":"https:\/\/www.kananas.com\/associationepkp644869\/wp-json\/wp\/v2\/pages\/209\/revisions"}],"predecessor-version":[{"id":211,"href":"https:\/\/www.kananas.com\/associationepkp644869\/wp-json\/wp\/v2\/pages\/209\/revisions\/211"}],"wp:attachment":[{"href":"https:\/\/www.kananas.com\/associationepkp644869\/wp-json\/wp\/v2\/media?parent=209"}],"curies":[{"name":"wp","href":"https:\/\/api.w.org\/{rel}","templated":true}]}}