{"id":212,"date":"2023-02-11T17:40:10","date_gmt":"2023-02-11T16:40:10","guid":{"rendered":"https:\/\/www.kananas.com\/associationepkp644869\/?page_id=212"},"modified":"2023-02-13T15:41:34","modified_gmt":"2023-02-13T14:41:34","slug":"corinne-mendiondo-presidente","status":"publish","type":"page","link":"https:\/\/www.kananas.com\/associationepkp644869\/lequipe-epkp64\/corinne-mendiondo-presidente\/","title":{"rendered":"Corinne Mendiondo, pr\u00e9sidente"},"content":{"rendered":"<p>J&rsquo;assure cette fonction depuis la cr\u00e9ation de l&rsquo;association avec toujours le m\u00eame plaisir et la volont\u00e9 de pousser plus loin ce beau projet en m&rsquo;appuyant sur toutes les bonnes \u00e9nergies et en encourageant les bonnes id\u00e9es !<\/p>\n<p>Comme Ob\u00e9lix, je suis tomb\u00e9e dans la marmite toute jeune et je n&rsquo;y peux rien : je remue, je mobilise, je f\u00e9d\u00e8re et surtout je me nourris de toutes vos \u00e9nergies et de vos sourires pour que tout projet, toute belle initiative puisse naitre et faire sa route !<\/p>\n<p>Je suis titulaire d&rsquo;un BEATEP (Brevet d&rsquo;\u00c9tat d&rsquo;animateur technicien de l&rsquo;\u00e9ducation populaire) option activit\u00e9 sociale et vie locale, d&rsquo;un CQP (certificat de qualification professionnelle) d&rsquo;\u00e9ducatrice sportive.<\/p>\n<p>Vous me retrouverez donc aussi en encadrement de sections sportives \u00e0 titre b\u00e9n\u00e9vole.<\/p>\n","protected":false},"excerpt":{"rendered":"<p>J&rsquo;assure cette fonction depuis la cr\u00e9ation de l&rsquo;association avec toujours le m\u00eame plaisir et la volont\u00e9 de pousser plus loin<\/p>\n<p class=\"readmore\"><a href=\"https:\/\/www.kananas.com\/associationepkp644869\/lequipe-epkp64\/corinne-mendiondo-presidente\/\" title=\"Read Corinne Mendiondo, pr\u00e9sidente\">Read more &raquo;<\/a><\/p>\n","protected":false},"author":2142,"featured_media":0,"parent":209,"menu_order":0,"comment_status":"closed","ping_status":"closed","template":"","meta":{"_crdt_document":"","footnotes":""},"class_list":["post-212","page","type-page","status-publish","hentry"],"_links":{"self":[{"href":"https:\/\/www.kananas.com\/associationepkp644869\/wp-json\/wp\/v2\/pages\/212","targetHints":{"allow":["GET"]}}],"collection":[{"href":"https:\/\/www.kananas.com\/associationepkp644869\/wp-json\/wp\/v2\/pages"}],"about":[{"href":"https:\/\/www.kananas.com\/associationepkp644869\/wp-json\/wp\/v2\/types\/page"}],"author":[{"embeddable":true,"href":"https:\/\/www.kananas.com\/associationepkp644869\/wp-json\/wp\/v2\/users\/2142"}],"replies":[{"embeddable":true,"href":"https:\/\/www.kananas.com\/associationepkp644869\/wp-json\/wp\/v2\/comments?post=212"}],"version-history":[{"count":3,"href":"https:\/\/www.kananas.com\/associationepkp644869\/wp-json\/wp\/v2\/pages\/212\/revisions"}],"predecessor-version":[{"id":339,"href":"https:\/\/www.kananas.com\/associationepkp644869\/wp-json\/wp\/v2\/pages\/212\/revisions\/339"}],"up":[{"embeddable":true,"href":"https:\/\/www.kananas.com\/associationepkp644869\/wp-json\/wp\/v2\/pages\/209"}],"wp:attachment":[{"href":"https:\/\/www.kananas.com\/associationepkp644869\/wp-json\/wp\/v2\/media?parent=212"}],"curies":[{"name":"wp","href":"https:\/\/api.w.org\/{rel}","templated":true}]}}