{"id":237,"date":"2023-02-11T17:48:40","date_gmt":"2023-02-11T16:48:40","guid":{"rendered":"https:\/\/www.kananas.com\/associationepkp644869\/?page_id=237"},"modified":"2023-03-16T12:53:17","modified_gmt":"2023-03-16T11:53:17","slug":"anthony-hernandez-educateur-sportif","status":"publish","type":"page","link":"https:\/\/www.kananas.com\/associationepkp644869\/lequipe-epkp64\/anthony-hernandez-educateur-sportif\/","title":{"rendered":"Anthony Hernandez, \u00e9ducateur sportif"},"content":{"rendered":"<blockquote>\n<div id=\"v1replybody1\">\n<div dir=\"auto\">\n<div dir=\"auto\">Suite \u00e0 une reconversion professionnelle, je me suis orient\u00e9 vers ma passion de toujours : le sport.<\/div>\n<div dir=\"auto\"><\/div>\n<div dir=\"auto\">Bien \u00eatre et plaisir sont 2 valeurs que j&rsquo;aime v\u00e9hiculer.<\/div>\n<div dir=\"auto\">La bonne humeur fait aussi partie de mon lexique afin de travailler tout en l\u00e2chant prise.<\/div>\n<div dir=\"auto\"><\/div>\n<div dir=\"auto\">Mon BPJEPS Activit\u00e9s Pour Tous option Randonn\u00e9e me permet d&rsquo;encadrer tous types de public.<\/div>\n<div dir=\"auto\">Avec Epkp64, j&rsquo;interviens dans des cr\u00e8ches, des sections multisports enfants, des cours cardio mais aussi avec les seniors pour le \u00a0\u00bb bien vieillir\u00a0\u00bb.<\/div>\n<div dir=\"auto\"><\/div>\n<div dir=\"auto\">L&rsquo;inclusion des personnes en situation de handicap est une chose qui me tient \u00e0 coeur.<\/div>\n<div dir=\"auto\"><\/div>\n<div dir=\"auto\">Je finirais par une citation : la douleur est une information, le mental est ta force&#8230;.<\/div>\n<\/div>\n<\/div>\n<\/blockquote>\n","protected":false},"excerpt":{"rendered":"<p>Suite \u00e0 une reconversion professionnelle, je me suis orient\u00e9 vers ma passion de toujours : le sport. Bien \u00eatre et<\/p>\n<p class=\"readmore\"><a href=\"https:\/\/www.kananas.com\/associationepkp644869\/lequipe-epkp64\/anthony-hernandez-educateur-sportif\/\" title=\"Read Anthony Hernandez, \u00e9ducateur sportif\">Read more &raquo;<\/a><\/p>\n","protected":false},"author":2142,"featured_media":0,"parent":209,"menu_order":0,"comment_status":"closed","ping_status":"closed","template":"","meta":{"_crdt_document":"","footnotes":""},"class_list":["post-237","page","type-page","status-publish","hentry"],"_links":{"self":[{"href":"https:\/\/www.kananas.com\/associationepkp644869\/wp-json\/wp\/v2\/pages\/237","targetHints":{"allow":["GET"]}}],"collection":[{"href":"https:\/\/www.kananas.com\/associationepkp644869\/wp-json\/wp\/v2\/pages"}],"about":[{"href":"https:\/\/www.kananas.com\/associationepkp644869\/wp-json\/wp\/v2\/types\/page"}],"author":[{"embeddable":true,"href":"https:\/\/www.kananas.com\/associationepkp644869\/wp-json\/wp\/v2\/users\/2142"}],"replies":[{"embeddable":true,"href":"https:\/\/www.kananas.com\/associationepkp644869\/wp-json\/wp\/v2\/comments?post=237"}],"version-history":[{"count":3,"href":"https:\/\/www.kananas.com\/associationepkp644869\/wp-json\/wp\/v2\/pages\/237\/revisions"}],"predecessor-version":[{"id":426,"href":"https:\/\/www.kananas.com\/associationepkp644869\/wp-json\/wp\/v2\/pages\/237\/revisions\/426"}],"up":[{"embeddable":true,"href":"https:\/\/www.kananas.com\/associationepkp644869\/wp-json\/wp\/v2\/pages\/209"}],"wp:attachment":[{"href":"https:\/\/www.kananas.com\/associationepkp644869\/wp-json\/wp\/v2\/media?parent=237"}],"curies":[{"name":"wp","href":"https:\/\/api.w.org\/{rel}","templated":true}]}}