{"id":45,"date":"2022-12-21T10:23:33","date_gmt":"2022-12-21T09:23:33","guid":{"rendered":"https:\/\/www.kananas.com\/associationepkp644869\/?page_id=45"},"modified":"2023-03-08T16:39:09","modified_gmt":"2023-03-08T15:39:09","slug":"presentation","status":"publish","type":"page","link":"https:\/\/www.kananas.com\/associationepkp644869\/presentation\/","title":{"rendered":"Notre projet"},"content":{"rendered":"<p><img loading=\"lazy\" decoding=\"async\" class=\"size-thumbnail wp-image-204 aligncenter\" src=\"https:\/\/www.kananas.com\/associationepkp644869\/wp-content\/uploads\/sites\/2057\/2023\/02\/istockphoto-1206750602-612x612-1-e1676132711987-150x150.jpg\" alt=\"\" width=\"150\" height=\"150\" \/><\/p>\n<p>Le <strong><span style=\"font-size: 18pt\"><a href=\"https:\/\/www.kananas.com\/associationepkp644869\/wp-content\/uploads\/sites\/2057\/2023\/03\/Projet-associatif-2023-2-avec-compression_compressed-1.pdf\">Projet Associatif<\/a> <\/span><\/strong>est le <strong>reflet des intentions et des valeurs poursuivies<\/strong> au sein de l&rsquo;association; il se pr\u00e9cise et \u00e9volue au fur et \u00e0 mesure que l&rsquo;association suit son chemin et se construit avec tous les acteurs.<\/p>\n<p>Cet \u00e9crit est le travail d&rsquo;une r\u00e9flexion sinc\u00e8re et partag\u00e9e, il est <strong>important de prendre le temps de le lire avant d&rsquo;adh\u00e9rer<\/strong> \u00e0 l&rsquo;association pour vous impr\u00e9gner de ce qui anime l&rsquo;\u00e9quipe et pour pouvoir \u00e0 votre tour devenir contributeur de cette belle aventure.<\/p>\n<p><strong>Bonne lecture\u00a0<\/strong><\/p>\n","protected":false},"excerpt":{"rendered":"<p>Le Projet Associatif est le reflet des intentions et des valeurs poursuivies au sein de l&rsquo;association; il se pr\u00e9cise et<\/p>\n<p class=\"readmore\"><a href=\"https:\/\/www.kananas.com\/associationepkp644869\/presentation\/\" title=\"Read Notre projet\">Read more &raquo;<\/a><\/p>\n","protected":false},"author":2142,"featured_media":0,"parent":0,"menu_order":0,"comment_status":"closed","ping_status":"closed","template":"","meta":{"_crdt_document":"","footnotes":""},"class_list":["post-45","page","type-page","status-publish","hentry"],"_links":{"self":[{"href":"https:\/\/www.kananas.com\/associationepkp644869\/wp-json\/wp\/v2\/pages\/45","targetHints":{"allow":["GET"]}}],"collection":[{"href":"https:\/\/www.kananas.com\/associationepkp644869\/wp-json\/wp\/v2\/pages"}],"about":[{"href":"https:\/\/www.kananas.com\/associationepkp644869\/wp-json\/wp\/v2\/types\/page"}],"author":[{"embeddable":true,"href":"https:\/\/www.kananas.com\/associationepkp644869\/wp-json\/wp\/v2\/users\/2142"}],"replies":[{"embeddable":true,"href":"https:\/\/www.kananas.com\/associationepkp644869\/wp-json\/wp\/v2\/comments?post=45"}],"version-history":[{"count":10,"href":"https:\/\/www.kananas.com\/associationepkp644869\/wp-json\/wp\/v2\/pages\/45\/revisions"}],"predecessor-version":[{"id":398,"href":"https:\/\/www.kananas.com\/associationepkp644869\/wp-json\/wp\/v2\/pages\/45\/revisions\/398"}],"wp:attachment":[{"href":"https:\/\/www.kananas.com\/associationepkp644869\/wp-json\/wp\/v2\/media?parent=45"}],"curies":[{"name":"wp","href":"https:\/\/api.w.org\/{rel}","templated":true}]}}