{"id":88,"date":"2023-02-03T16:49:10","date_gmt":"2023-02-03T15:49:10","guid":{"rendered":"https:\/\/www.kananas.com\/associationepkp644869\/?page_id=88"},"modified":"2023-02-13T16:53:41","modified_gmt":"2023-02-13T15:53:41","slug":"ski-alpin","status":"publish","type":"page","link":"https:\/\/www.kananas.com\/associationepkp644869\/activites\/ski-alpin\/","title":{"rendered":"SKI ALPIN"},"content":{"rendered":"<p><img loading=\"lazy\" decoding=\"async\" class=\"wp-image-160 size-full aligncenter\" src=\"https:\/\/www.kananas.com\/associationepkp644869\/wp-content\/uploads\/sites\/2057\/2023\/02\/istockphoto-1125105478-612x612-1-e1676129602993.jpg\" alt=\"\" width=\"160\" height=\"160\" srcset=\"https:\/\/www.kananas.com\/associationepkp644869\/wp-content\/uploads\/sites\/2057\/2023\/02\/istockphoto-1125105478-612x612-1-e1676129602993.jpg 160w, https:\/\/www.kananas.com\/associationepkp644869\/wp-content\/uploads\/sites\/2057\/2023\/02\/istockphoto-1125105478-612x612-1-e1676129602993-150x150.jpg 150w\" sizes=\"auto, (max-width: 160px) 100vw, 160px\" \/><\/p>\n<p>La montagne fait partie de notre environnement imm\u00e9diat et nous avons souhait\u00e9 permettre aux enfants at aux familles de notre territoire de pouvoir s&rsquo;initier aux joies de la glisse tout en d\u00e9couvrant le milieu montagnard et en apprenant \u00e0 le pr\u00e9server.<\/p>\n<p><span style=\"font-family: 'arial black', sans-serif;color: #0000ff\">Plusieurs formules sont propos\u00e9es :<\/span><\/p>\n<p>Une<span style=\"font-size: 14pt\"><strong> section ski alpin pour les enfants d\u00e9s 8 ans<\/strong><\/span> : 9 sorties sur Gourette pendant lesquelles les enfants pourront suivre 2h de cours avec les moniteurs de l&rsquo;ESF et mettre en pratique le reste de la journ\u00e9e avec nos \u00e9ducateurs sportifs ce qu&rsquo;ils auront appris.<\/p>\n<p>Une<span style=\"font-size: 14pt\"><strong> section ski alpin pour les adolescents d\u00e9s 11 ans<\/strong><\/span> : 5 sorties sur la Pierre Sait Martin pour les jeunes niveau interm\u00e9diaire \u00e0 expert encadr\u00e9es par nos \u00e9ducateurs sportifs.<\/p>\n<p>La <span style=\"font-size: 14pt\"><strong>formule ski en famille<\/strong><\/span> ( \u00e0 partir d&rsquo;un adulte et un enfant): le samedi \u00e0 destination de la Pierre Saint Martin , la formule inclut le transport en bus au d\u00e9part d&rsquo;Arthez de B\u00e9arn et le forfait pour chacun des participants. Le mat\u00e9riel de ski reste \u00e0 la charge des participants ( mat\u00e9riel propre ou location)<\/p>\n<p>Et si vous avez <span style=\"font-size: 14pt\"><strong>juste envie de vous rendre en station<\/strong><\/span> ? nous disons OUI et nous vous proposons de profiter du bus et de disposer de votre journ\u00e9e sur Gourette ou la Pierre Saint Martin \u00e0 votre convenance.<\/p>\n","protected":false},"excerpt":{"rendered":"<p>La montagne fait partie de notre environnement imm\u00e9diat et nous avons souhait\u00e9 permettre aux enfants at aux familles de notre<\/p>\n<p class=\"readmore\"><a href=\"https:\/\/www.kananas.com\/associationepkp644869\/activites\/ski-alpin\/\" title=\"Read SKI ALPIN\">Read more &raquo;<\/a><\/p>\n","protected":false},"author":2142,"featured_media":0,"parent":85,"menu_order":7,"comment_status":"closed","ping_status":"closed","template":"","meta":{"_crdt_document":"","footnotes":""},"class_list":["post-88","page","type-page","status-publish","hentry"],"_links":{"self":[{"href":"https:\/\/www.kananas.com\/associationepkp644869\/wp-json\/wp\/v2\/pages\/88","targetHints":{"allow":["GET"]}}],"collection":[{"href":"https:\/\/www.kananas.com\/associationepkp644869\/wp-json\/wp\/v2\/pages"}],"about":[{"href":"https:\/\/www.kananas.com\/associationepkp644869\/wp-json\/wp\/v2\/types\/page"}],"author":[{"embeddable":true,"href":"https:\/\/www.kananas.com\/associationepkp644869\/wp-json\/wp\/v2\/users\/2142"}],"replies":[{"embeddable":true,"href":"https:\/\/www.kananas.com\/associationepkp644869\/wp-json\/wp\/v2\/comments?post=88"}],"version-history":[{"count":6,"href":"https:\/\/www.kananas.com\/associationepkp644869\/wp-json\/wp\/v2\/pages\/88\/revisions"}],"predecessor-version":[{"id":369,"href":"https:\/\/www.kananas.com\/associationepkp644869\/wp-json\/wp\/v2\/pages\/88\/revisions\/369"}],"up":[{"embeddable":true,"href":"https:\/\/www.kananas.com\/associationepkp644869\/wp-json\/wp\/v2\/pages\/85"}],"wp:attachment":[{"href":"https:\/\/www.kananas.com\/associationepkp644869\/wp-json\/wp\/v2\/media?parent=88"}],"curies":[{"name":"wp","href":"https:\/\/api.w.org\/{rel}","templated":true}]}}