{"id":89,"date":"2023-02-03T16:49:10","date_gmt":"2023-02-03T15:49:10","guid":{"rendered":"https:\/\/www.kananas.com\/associationepkp644869\/?page_id=89"},"modified":"2023-02-13T17:13:46","modified_gmt":"2023-02-13T16:13:46","slug":"surf","status":"publish","type":"page","link":"https:\/\/www.kananas.com\/associationepkp644869\/activites\/surf\/","title":{"rendered":"SURF"},"content":{"rendered":"<p><img loading=\"lazy\" decoding=\"async\" class=\"aligncenter wp-image-155 \" src=\"https:\/\/www.kananas.com\/associationepkp644869\/wp-content\/uploads\/sites\/2057\/2023\/02\/istockphoto-165592241-612x612-1-e1676130939394.jpg\" alt=\"\" width=\"183\" height=\"144\" \/><\/p>\n<p style=\"text-align: justify;padding-left: 40px\"><strong>L&rsquo;Oc\u00e9an Atlantiques fait partie int\u00e9grante de notre patrimoine naturel et nous avons souhait\u00e9 proposer \u00e0 chacun de pouvoir en profiter :<\/strong><\/p>\n<p style=\"text-align: justify;padding-left: 40px\"><strong>1\/ En partenariat avec\u00a0 <a href=\"https:\/\/surfrider.eu\/nos-missions\/campagnes\/hendaye-france-15173.html\"><img loading=\"lazy\" decoding=\"async\" class=\"alignnone wp-image-372 \" src=\"https:\/\/www.kananas.com\/associationepkp644869\/wp-content\/uploads\/sites\/2057\/2023\/02\/SFE_cote-basque_CMYK_blue-scaled.jpg\" alt=\"\" width=\"104\" height=\"61\" srcset=\"https:\/\/www.kananas.com\/associationepkp644869\/wp-content\/uploads\/sites\/2057\/2023\/02\/SFE_cote-basque_CMYK_blue-scaled.jpg 2560w, https:\/\/www.kananas.com\/associationepkp644869\/wp-content\/uploads\/sites\/2057\/2023\/02\/SFE_cote-basque_CMYK_blue-300x177.jpg 300w, https:\/\/www.kananas.com\/associationepkp644869\/wp-content\/uploads\/sites\/2057\/2023\/02\/SFE_cote-basque_CMYK_blue-1024x603.jpg 1024w, https:\/\/www.kananas.com\/associationepkp644869\/wp-content\/uploads\/sites\/2057\/2023\/02\/SFE_cote-basque_CMYK_blue-768x452.jpg 768w, https:\/\/www.kananas.com\/associationepkp644869\/wp-content\/uploads\/sites\/2057\/2023\/02\/SFE_cote-basque_CMYK_blue-1536x905.jpg 1536w, https:\/\/www.kananas.com\/associationepkp644869\/wp-content\/uploads\/sites\/2057\/2023\/02\/SFE_cote-basque_CMYK_blue-2048x1206.jpg 2048w\" sizes=\"auto, (max-width: 104px) 100vw, 104px\" \/><\/a>, l&rsquo;association propose \u00e0 20 jeunes \u00e2g\u00e9s de 8 ans minimum de vivre un temps de pratique sportive et de d\u00e9couverte en milieu \u00ab\u00a0Oc\u00e9an\u00a0\u00bb alli\u00e9 \u00e0 un engagement pour la pr\u00e9servation de cet espace naturel en s&rsquo;inscrivant de mani\u00e8re engag\u00e9e dans les initiatives oc\u00e9anes, actions de collectes de d\u00e9chets.<\/strong><\/p>\n<p style=\"text-align: justify;padding-left: 40px\"><strong>Apr\u00e8s avoir ramass\u00e9, tri\u00e9 et comptabilis\u00e9 les d\u00e9chets lors de la matin\u00e9e, notre \u00e9quipe se dirige vers l&rsquo;oc\u00e9an et ses vagues avec notre partenaire :\u00a0 l&rsquo;\u00e9cole de surf\u00a0<\/strong> <a href=\"http:\/\/www.surfhendaye.com\/\"><img loading=\"lazy\" decoding=\"async\" class=\"alignnone wp-image-373\" src=\"https:\/\/www.kananas.com\/associationepkp644869\/wp-content\/uploads\/sites\/2057\/2023\/02\/images-2.png\" alt=\"\" width=\"71\" height=\"71\" \/><\/a><\/p>\n<p style=\"padding-left: 40px;text-align: justify\"><span style=\"font-size: 14pt\"><strong>2\/ Les sorties se font en bus au d\u00e9part d&rsquo;Arthez de B\u00e9arn\u00a0 : nous proposons \u00e0 ceux qui le souhaitent de pouvoir se rendre sur Hendaye pour passer la journ\u00e9e selon leur convenance et profiter d&rsquo;une escapade au bord de l&rsquo;oc\u00e9an<\/strong><\/span><\/p>\n","protected":false},"excerpt":{"rendered":"<p>L&rsquo;Oc\u00e9an Atlantiques fait partie int\u00e9grante de notre patrimoine naturel et nous avons souhait\u00e9 proposer \u00e0 chacun de pouvoir en profiter<\/p>\n<p class=\"readmore\"><a href=\"https:\/\/www.kananas.com\/associationepkp644869\/activites\/surf\/\" title=\"Read SURF\">Read more &raquo;<\/a><\/p>\n","protected":false},"author":2142,"featured_media":0,"parent":85,"menu_order":8,"comment_status":"closed","ping_status":"closed","template":"","meta":{"_crdt_document":"","footnotes":""},"class_list":["post-89","page","type-page","status-publish","hentry"],"_links":{"self":[{"href":"https:\/\/www.kananas.com\/associationepkp644869\/wp-json\/wp\/v2\/pages\/89","targetHints":{"allow":["GET"]}}],"collection":[{"href":"https:\/\/www.kananas.com\/associationepkp644869\/wp-json\/wp\/v2\/pages"}],"about":[{"href":"https:\/\/www.kananas.com\/associationepkp644869\/wp-json\/wp\/v2\/types\/page"}],"author":[{"embeddable":true,"href":"https:\/\/www.kananas.com\/associationepkp644869\/wp-json\/wp\/v2\/users\/2142"}],"replies":[{"embeddable":true,"href":"https:\/\/www.kananas.com\/associationepkp644869\/wp-json\/wp\/v2\/comments?post=89"}],"version-history":[{"count":7,"href":"https:\/\/www.kananas.com\/associationepkp644869\/wp-json\/wp\/v2\/pages\/89\/revisions"}],"predecessor-version":[{"id":377,"href":"https:\/\/www.kananas.com\/associationepkp644869\/wp-json\/wp\/v2\/pages\/89\/revisions\/377"}],"up":[{"embeddable":true,"href":"https:\/\/www.kananas.com\/associationepkp644869\/wp-json\/wp\/v2\/pages\/85"}],"wp:attachment":[{"href":"https:\/\/www.kananas.com\/associationepkp644869\/wp-json\/wp\/v2\/media?parent=89"}],"curies":[{"name":"wp","href":"https:\/\/api.w.org\/{rel}","templated":true}]}}