{"id":94,"date":"2023-02-03T16:49:10","date_gmt":"2023-02-03T15:49:10","guid":{"rendered":"https:\/\/www.kananas.com\/associationepkp644869\/?page_id=94"},"modified":"2023-02-13T17:32:48","modified_gmt":"2023-02-13T16:32:48","slug":"crazy-mov","status":"publish","type":"page","link":"https:\/\/www.kananas.com\/associationepkp644869\/activites\/crazy-mov\/","title":{"rendered":"CRAZY MOV&rsquo;"},"content":{"rendered":"<p><img loading=\"lazy\" decoding=\"async\" class=\"aligncenter wp-image-198 \" src=\"https:\/\/www.kananas.com\/associationepkp644869\/wp-content\/uploads\/sites\/2057\/2023\/02\/istockphoto-165966866-612x612-1.jpg\" alt=\"\" width=\"291\" height=\"201\" srcset=\"https:\/\/www.kananas.com\/associationepkp644869\/wp-content\/uploads\/sites\/2057\/2023\/02\/istockphoto-165966866-612x612-1.jpg 612w, https:\/\/www.kananas.com\/associationepkp644869\/wp-content\/uploads\/sites\/2057\/2023\/02\/istockphoto-165966866-612x612-1-300x207.jpg 300w\" sizes=\"auto, (max-width: 291px) 100vw, 291px\" \/><\/p>\n<p style=\"text-align: justify;padding-left: 40px\"><span style=\"font-size: 14pt\"><strong>Crazy Move, c&rsquo;est une section propos\u00e9e aux enfants sur deux tranches d&rsquo;\u00e2ge 3\/5 ans et 6\/8 ans.<\/strong><\/span><\/p>\n<p style=\"text-align: justify;padding-left: 40px\"><span style=\"font-size: 14pt\"><strong>La saison est construite par cycle de pratique de diff\u00e9rents sports afin de permettre aux enfant de s&rsquo;essayer \u00e0 tous les styles d&rsquo;activit\u00e9s physiques et de d\u00e9couvrir, tout en am\u00e9liorant ses capacit\u00e9s globales, quels types de pratique lui correspond le mieux en grandissant.<\/strong><\/span><\/p>\n<p>&nbsp;<\/p>\n","protected":false},"excerpt":{"rendered":"<p>Crazy Move, c&rsquo;est une section propos\u00e9e aux enfants sur deux tranches d&rsquo;\u00e2ge 3\/5 ans et 6\/8 ans. La saison est<\/p>\n<p class=\"readmore\"><a href=\"https:\/\/www.kananas.com\/associationepkp644869\/activites\/crazy-mov\/\" title=\"Read CRAZY MOV&rsquo;\">Read more &raquo;<\/a><\/p>\n","protected":false},"author":2142,"featured_media":0,"parent":85,"menu_order":10,"comment_status":"closed","ping_status":"closed","template":"","meta":{"_crdt_document":"","footnotes":""},"class_list":["post-94","page","type-page","status-publish","hentry"],"_links":{"self":[{"href":"https:\/\/www.kananas.com\/associationepkp644869\/wp-json\/wp\/v2\/pages\/94","targetHints":{"allow":["GET"]}}],"collection":[{"href":"https:\/\/www.kananas.com\/associationepkp644869\/wp-json\/wp\/v2\/pages"}],"about":[{"href":"https:\/\/www.kananas.com\/associationepkp644869\/wp-json\/wp\/v2\/types\/page"}],"author":[{"embeddable":true,"href":"https:\/\/www.kananas.com\/associationepkp644869\/wp-json\/wp\/v2\/users\/2142"}],"replies":[{"embeddable":true,"href":"https:\/\/www.kananas.com\/associationepkp644869\/wp-json\/wp\/v2\/comments?post=94"}],"version-history":[{"count":6,"href":"https:\/\/www.kananas.com\/associationepkp644869\/wp-json\/wp\/v2\/pages\/94\/revisions"}],"predecessor-version":[{"id":383,"href":"https:\/\/www.kananas.com\/associationepkp644869\/wp-json\/wp\/v2\/pages\/94\/revisions\/383"}],"up":[{"embeddable":true,"href":"https:\/\/www.kananas.com\/associationepkp644869\/wp-json\/wp\/v2\/pages\/85"}],"wp:attachment":[{"href":"https:\/\/www.kananas.com\/associationepkp644869\/wp-json\/wp\/v2\/media?parent=94"}],"curies":[{"name":"wp","href":"https:\/\/api.w.org\/{rel}","templated":true}]}}