{"id":2127,"date":"2025-04-17T13:25:53","date_gmt":"2025-04-17T11:25:53","guid":{"rendered":"https:\/\/www.kananas.com\/asta9552\/?page_id=2127"},"modified":"2026-02-26T15:18:54","modified_gmt":"2026-02-26T14:18:54","slug":"nos-partenaires","status":"publish","type":"page","link":"https:\/\/www.kananas.com\/asta9552\/nos-partenaires\/","title":{"rendered":"Nos partenaires"},"content":{"rendered":"\n<h2 class=\"wp-block-heading has-ast-global-color-0-color has-text-color has-link-color wp-elements-0c9bcddc497160d964ab6d2ba72c293c\"><strong>Nos partenaires<\/strong><\/h2>\n\n\n\n<p class=\"has-ast-global-color-0-color has-text-color has-link-color wp-elements-ce97b2e5c721e9868a086b202bb6bdec wp-block-paragraph\">La qualit\u00e9 d&rsquo;adh\u00e9rent permet de b\u00e9n\u00e9ficier d&rsquo;une r\u00e9duction de <strong>15% au Vieux Campeur<\/strong> et de <strong>10% \u00e0 La Randonn\u00e9e<\/strong> sur pr\u00e9sentation d&rsquo;une attetstaion ou de la carte d&rsquo;adh\u00e9rent.<\/p>\n\n\n\n<div class=\"wp-block-columns is-layout-flex wp-container-core-columns-is-layout-7387b849 wp-block-columns-is-layout-flex\">\n<div class=\"wp-block-column is-layout-flow wp-block-column-is-layout-flow\">\n<figure class=\"wp-block-image aligncenter size-full\" style=\"margin-top:var(--wp--preset--spacing--80);margin-bottom:var(--wp--preset--spacing--80)\"><a href=\"https:\/\/www.uiad.fr\/\" target=\"_blank\" rel=\" noreferrer noopener\"><img loading=\"lazy\" decoding=\"async\" width=\"445\" height=\"172\" src=\"https:\/\/www.kananas.com\/asta9552\/wp-content\/uploads\/sites\/2299\/2025\/04\/Logo-Uiad-1.jpg\" alt=\"\" class=\"wp-image-2221\" srcset=\"https:\/\/www.kananas.com\/asta9552\/wp-content\/uploads\/sites\/2299\/2025\/04\/Logo-Uiad-1.jpg 445w, https:\/\/www.kananas.com\/asta9552\/wp-content\/uploads\/sites\/2299\/2025\/04\/Logo-Uiad-1-300x116.jpg 300w\" sizes=\"auto, (max-width: 445px) 100vw, 445px\" \/><\/a><figcaption class=\"wp-element-caption\"><i><strong><em><a href=\"https:\/\/www.uiad.fr\/\">UIAD<\/a><\/em><\/strong><\/i><\/figcaption><\/figure>\n<\/div>\n\n\n\n<div class=\"wp-block-column is-layout-flow wp-block-column-is-layout-flow\">\n<figure class=\"wp-block-image aligncenter size-full\"><a href=\"https:\/\/www.grenoble.fr\/\" target=\"_blank\" rel=\" noreferrer noopener\"><img loading=\"lazy\" decoding=\"async\" width=\"220\" height=\"220\" src=\"https:\/\/www.kananas.com\/asta9552\/wp-content\/uploads\/sites\/2299\/2025\/04\/logo_grenoble-1.png\" alt=\"\" class=\"wp-image-2222\" srcset=\"https:\/\/www.kananas.com\/asta9552\/wp-content\/uploads\/sites\/2299\/2025\/04\/logo_grenoble-1.png 220w, https:\/\/www.kananas.com\/asta9552\/wp-content\/uploads\/sites\/2299\/2025\/04\/logo_grenoble-1-150x150.png 150w\" sizes=\"auto, (max-width: 220px) 100vw, 220px\" \/><\/a><figcaption class=\"wp-element-caption\"><strong><em><a href=\"https:\/\/www.grenoble.fr\/\" data-type=\"link\" data-id=\"https:\/\/www.grenoble.fr\/\">Ville de Grenoble<\/a><\/em><\/strong><\/figcaption><\/figure>\n<\/div>\n\n\n\n<div class=\"wp-block-column is-layout-flow wp-block-column-is-layout-flow\">\n<figure class=\"wp-block-image aligncenter size-large\" style=\"margin-top:var(--wp--preset--spacing--80);margin-bottom:var(--wp--preset--spacing--80)\"><a href=\"https:\/\/www.echirolles.fr\/actualites-ville\" target=\"_blank\" rel=\" noreferrer noopener\"><img loading=\"lazy\" decoding=\"async\" width=\"1024\" height=\"287\" src=\"https:\/\/www.kananas.com\/asta9552\/wp-content\/uploads\/sites\/2299\/2025\/04\/LOGO-ECHIROLLESI-1-1024x287.png\" alt=\"\" class=\"wp-image-2224\" srcset=\"https:\/\/www.kananas.com\/asta9552\/wp-content\/uploads\/sites\/2299\/2025\/04\/LOGO-ECHIROLLESI-1-1024x287.png 1024w, https:\/\/www.kananas.com\/asta9552\/wp-content\/uploads\/sites\/2299\/2025\/04\/LOGO-ECHIROLLESI-1-300x84.png 300w, https:\/\/www.kananas.com\/asta9552\/wp-content\/uploads\/sites\/2299\/2025\/04\/LOGO-ECHIROLLESI-1-768x215.png 768w, https:\/\/www.kananas.com\/asta9552\/wp-content\/uploads\/sites\/2299\/2025\/04\/LOGO-ECHIROLLESI-1.png 1140w\" sizes=\"auto, (max-width: 1024px) 100vw, 1024px\" \/><\/a><figcaption class=\"wp-element-caption\"><strong><em><a href=\"https:\/\/www.echirolles.fr\/actualites-ville\">Ville d&rsquo;Echitolles<\/a><\/em><\/strong><\/figcaption><\/figure>\n<\/div>\n<\/div>\n\n\n\n<div class=\"wp-block-columns is-layout-flex wp-container-core-columns-is-layout-7387b849 wp-block-columns-is-layout-flex\">\n<div class=\"wp-block-column is-layout-flow wp-block-column-is-layout-flow\">\n<figure class=\"wp-block-image aligncenter size-full\" style=\"margin-top:var(--wp--preset--spacing--50);margin-right:0;margin-bottom:var(--wp--preset--spacing--50);margin-left:0\"><a href=\"https:\/\/www.isere.fr\/\" target=\"_blank\" rel=\" noreferrer noopener\"><img loading=\"lazy\" decoding=\"async\" width=\"990\" height=\"565\" src=\"https:\/\/www.kananas.com\/asta9552\/wp-content\/uploads\/sites\/2299\/2025\/04\/isere_logo_contour.png\" alt=\"\" class=\"wp-image-2229\" srcset=\"https:\/\/www.kananas.com\/asta9552\/wp-content\/uploads\/sites\/2299\/2025\/04\/isere_logo_contour.png 990w, https:\/\/www.kananas.com\/asta9552\/wp-content\/uploads\/sites\/2299\/2025\/04\/isere_logo_contour-300x171.png 300w, https:\/\/www.kananas.com\/asta9552\/wp-content\/uploads\/sites\/2299\/2025\/04\/isere_logo_contour-768x438.png 768w\" sizes=\"auto, (max-width: 990px) 100vw, 990px\" \/><\/a><figcaption class=\"wp-element-caption\"><strong><em><a href=\"https:\/\/www.isere.fr\/\">Is\u00e8re Le D\u00e9partement<\/a><\/em><\/strong><\/figcaption><\/figure>\n<\/div>\n\n\n\n<div class=\"wp-block-column is-layout-flow wp-block-column-is-layout-flow\">\n<figure class=\"wp-block-image aligncenter size-full\" style=\"margin-top:4.5rem;margin-bottom:4.5rem\"><a href=\"https:\/\/prescribouge.fr\/les-beneficiaires\/\" target=\"_blank\" rel=\" noreferrer noopener\"><img loading=\"lazy\" decoding=\"async\" width=\"1200\" height=\"240\" src=\"https:\/\/www.kananas.com\/asta9552\/wp-content\/uploads\/sites\/2299\/2025\/04\/prescribouge.png\" alt=\"\" class=\"wp-image-2231\" srcset=\"https:\/\/www.kananas.com\/asta9552\/wp-content\/uploads\/sites\/2299\/2025\/04\/prescribouge.png 1200w, https:\/\/www.kananas.com\/asta9552\/wp-content\/uploads\/sites\/2299\/2025\/04\/prescribouge-300x60.png 300w, https:\/\/www.kananas.com\/asta9552\/wp-content\/uploads\/sites\/2299\/2025\/04\/prescribouge-1024x205.png 1024w, https:\/\/www.kananas.com\/asta9552\/wp-content\/uploads\/sites\/2299\/2025\/04\/prescribouge-768x154.png 768w\" sizes=\"auto, (max-width: 1200px) 100vw, 1200px\" \/><\/a><figcaption class=\"wp-element-caption\"><strong><em><a href=\"https:\/\/prescribouge.fr\/les-beneficiaires\/\">Prescri Bouge<\/a><\/em><\/strong><\/figcaption><\/figure>\n<\/div>\n\n\n\n<div class=\"wp-block-column is-layout-flow wp-block-column-is-layout-flow\">\n<figure class=\"wp-block-image aligncenter size-full\" style=\"margin-top:var(--wp--preset--spacing--80);margin-bottom:var(--wp--preset--spacing--80)\"><a href=\"https:\/\/boutiques.auvieuxcampeur.fr\/auvergne-rhone-alpes\/isere\/grenoble\/au-vieux-campeur-grenoble-11?__xhr=1\" target=\"_blank\" rel=\" noreferrer noopener\"><img loading=\"lazy\" decoding=\"async\" width=\"961\" height=\"118\" src=\"https:\/\/www.kananas.com\/asta9552\/wp-content\/uploads\/sites\/2299\/2025\/04\/Vieux-Campeur.jpg\" alt=\"\" class=\"wp-image-2232\" srcset=\"https:\/\/www.kananas.com\/asta9552\/wp-content\/uploads\/sites\/2299\/2025\/04\/Vieux-Campeur.jpg 961w, https:\/\/www.kananas.com\/asta9552\/wp-content\/uploads\/sites\/2299\/2025\/04\/Vieux-Campeur-300x37.jpg 300w, https:\/\/www.kananas.com\/asta9552\/wp-content\/uploads\/sites\/2299\/2025\/04\/Vieux-Campeur-768x94.jpg 768w\" sizes=\"auto, (max-width: 961px) 100vw, 961px\" \/><\/a><figcaption class=\"wp-element-caption\"><strong><em><a href=\"https:\/\/boutiques.auvieuxcampeur.fr\/auvergne-rhone-alpes\/isere\/grenoble\/au-vieux-campeur-grenoble-11?__xhr=1\">Au Vieux Campeur<\/a><\/em><\/strong><\/figcaption><\/figure>\n<\/div>\n<\/div>\n\n\n\n<div class=\"wp-block-columns is-layout-flex wp-container-core-columns-is-layout-7387b849 wp-block-columns-is-layout-flex\">\n<div class=\"wp-block-column is-layout-flow wp-block-column-is-layout-flow\">\n<figure class=\"wp-block-image aligncenter size-full\" style=\"margin-top:var(--wp--preset--spacing--50);margin-right:0;margin-bottom:var(--wp--preset--spacing--50);margin-left:0\"><a href=\"https:\/\/www.ffrandonnee.fr\/\" target=\"_blank\" rel=\" noreferrer noopener\"><img loading=\"lazy\" decoding=\"async\" width=\"334\" height=\"125\" src=\"https:\/\/www.kananas.com\/asta9552\/wp-content\/uploads\/sites\/2299\/2025\/04\/Logo-FFR.jpg\" alt=\"\" class=\"wp-image-2237\" srcset=\"https:\/\/www.kananas.com\/asta9552\/wp-content\/uploads\/sites\/2299\/2025\/04\/Logo-FFR.jpg 334w, https:\/\/www.kananas.com\/asta9552\/wp-content\/uploads\/sites\/2299\/2025\/04\/Logo-FFR-300x112.jpg 300w\" sizes=\"auto, (max-width: 334px) 100vw, 334px\" \/><\/a><figcaption class=\"wp-element-caption\"><strong><em><a href=\"https:\/\/www.ffrandonnee.fr\/\">F\u00e9d\u00e9ration Fran\u00e7aise de Randonn\u00e9e<\/a><\/em><\/strong><\/figcaption><\/figure>\n<\/div>\n\n\n\n<div class=\"wp-block-column is-layout-flow wp-block-column-is-layout-flow\">\n<figure class=\"wp-block-image aligncenter size-full\"><a href=\"https:\/\/larandonnee.boutique\/\" target=\"_blank\" rel=\" noreferrer noopener\"><img loading=\"lazy\" decoding=\"async\" width=\"212\" height=\"169\" src=\"https:\/\/www.kananas.com\/asta9552\/wp-content\/uploads\/sites\/2299\/2025\/09\/Logo-La-Rando.jpg\" alt=\"\" class=\"wp-image-3311\" srcset=\"https:\/\/www.kananas.com\/asta9552\/wp-content\/uploads\/sites\/2299\/2025\/09\/Logo-La-Rando.jpg 212w, https:\/\/www.kananas.com\/asta9552\/wp-content\/uploads\/sites\/2299\/2025\/09\/Logo-La-Rando-50x40.jpg 50w\" sizes=\"auto, (max-width: 212px) 100vw, 212px\" \/><\/a><figcaption class=\"wp-element-caption\"><a href=\"https:\/\/larandonnee.boutique\/\" data-type=\"link\" data-id=\"https:\/\/larandonnee.boutique\/\"><strong>La boutique de la randonn\u00e9e<\/strong><\/a><\/figcaption><\/figure>\n<\/div>\n\n\n\n<div class=\"wp-block-column is-layout-flow wp-block-column-is-layout-flow\">\n<figure class=\"wp-block-image aligncenter size-full\" style=\"margin-top:var(--wp--preset--spacing--60);margin-bottom:var(--wp--preset--spacing--60)\"><a href=\"https:\/\/www.savatou.fr\/\" target=\"_blank\" rel=\" noreferrer noopener\"><img loading=\"lazy\" decoding=\"async\" width=\"237\" height=\"47\" src=\"http:\/\/www.kananas.com\/asta9552\/wp-content\/uploads\/sites\/2299\/2025\/12\/image-logo-SAVATOU.jpg\" alt=\"\" class=\"wp-image-3888\" srcset=\"https:\/\/www.kananas.com\/asta9552\/wp-content\/uploads\/sites\/2299\/2025\/12\/image-logo-SAVATOU.jpg 237w, https:\/\/www.kananas.com\/asta9552\/wp-content\/uploads\/sites\/2299\/2025\/12\/image-logo-SAVATOU-50x10.jpg 50w\" sizes=\"auto, (max-width: 237px) 100vw, 237px\" \/><\/a><figcaption class=\"wp-element-caption\"><strong><a href=\"https:\/\/www.savatou.fr\/\" data-type=\"link\" data-id=\"https:\/\/www.savatou.fr\/\" target=\"_blank\" rel=\"noreferrer noopener\">Savatou<\/a><\/strong><\/figcaption><\/figure>\n<\/div>\n<\/div>\n\n\n\n<p class=\"wp-block-paragraph\"><\/p>\n","protected":false},"excerpt":{"rendered":"<p>Nos partenaires La qualit\u00e9 d&rsquo;adh\u00e9rent permet de b\u00e9n\u00e9ficier d&rsquo;une r\u00e9duction de 15% au Vieux Campeur et de 10% \u00e0 La Randonn\u00e9e sur pr\u00e9sentation d&rsquo;une attetstaion ou de la carte d&rsquo;adh\u00e9rent.<\/p>\n","protected":false},"author":2467,"featured_media":0,"parent":0,"menu_order":0,"comment_status":"closed","ping_status":"closed","template":"","meta":{"_crdt_document":"","site-sidebar-layout":"default","site-content-layout":"","ast-site-content-layout":"default","site-content-style":"default","site-sidebar-style":"default","ast-global-header-display":"","ast-banner-title-visibility":"","ast-main-header-display":"","ast-hfb-above-header-display":"","ast-hfb-below-header-display":"","ast-hfb-mobile-header-display":"","site-post-title":"","ast-breadcrumbs-content":"","ast-featured-img":"","footer-sml-layout":"","ast-disable-related-posts":"","theme-transparent-header-meta":"","adv-header-id-meta":"","stick-header-meta":"","header-above-stick-meta":"","header-main-stick-meta":"","header-below-stick-meta":"","astra-migrate-meta-layouts":"default","ast-page-background-enabled":"default","ast-page-background-meta":{"desktop":{"background-color":"var(--ast-global-color-4)","background-image":"","background-repeat":"repeat","background-position":"center center","background-size":"auto","background-attachment":"scroll","background-type":"","background-media":"","overlay-type":"","overlay-color":"","overlay-opacity":"","overlay-gradient":""},"tablet":{"background-color":"","background-image":"","background-repeat":"repeat","background-position":"center center","background-size":"auto","background-attachment":"scroll","background-type":"","background-media":"","overlay-type":"","overlay-color":"","overlay-opacity":"","overlay-gradient":""},"mobile":{"background-color":"","background-image":"","background-repeat":"repeat","background-position":"center center","background-size":"auto","background-attachment":"scroll","background-type":"","background-media":"","overlay-type":"","overlay-color":"","overlay-opacity":"","overlay-gradient":""}},"ast-content-background-meta":{"desktop":{"background-color":"var(--ast-global-color-5)","background-image":"","background-repeat":"repeat","background-position":"center center","background-size":"auto","background-attachment":"scroll","background-type":"","background-media":"","overlay-type":"","overlay-color":"","overlay-opacity":"","overlay-gradient":""},"tablet":{"background-color":"var(--ast-global-color-5)","background-image":"","background-repeat":"repeat","background-position":"center center","background-size":"auto","background-attachment":"scroll","background-type":"","background-media":"","overlay-type":"","overlay-color":"","overlay-opacity":"","overlay-gradient":""},"mobile":{"background-color":"var(--ast-global-color-5)","background-image":"","background-repeat":"repeat","background-position":"center center","background-size":"auto","background-attachment":"scroll","background-type":"","background-media":"","overlay-type":"","overlay-color":"","overlay-opacity":"","overlay-gradient":""}},"footnotes":""},"class_list":["post-2127","page","type-page","status-publish","hentry"],"_links":{"self":[{"href":"https:\/\/www.kananas.com\/asta9552\/wp-json\/wp\/v2\/pages\/2127","targetHints":{"allow":["GET"]}}],"collection":[{"href":"https:\/\/www.kananas.com\/asta9552\/wp-json\/wp\/v2\/pages"}],"about":[{"href":"https:\/\/www.kananas.com\/asta9552\/wp-json\/wp\/v2\/types\/page"}],"author":[{"embeddable":true,"href":"https:\/\/www.kananas.com\/asta9552\/wp-json\/wp\/v2\/users\/2467"}],"replies":[{"embeddable":true,"href":"https:\/\/www.kananas.com\/asta9552\/wp-json\/wp\/v2\/comments?post=2127"}],"version-history":[{"count":9,"href":"https:\/\/www.kananas.com\/asta9552\/wp-json\/wp\/v2\/pages\/2127\/revisions"}],"predecessor-version":[{"id":3943,"href":"https:\/\/www.kananas.com\/asta9552\/wp-json\/wp\/v2\/pages\/2127\/revisions\/3943"}],"wp:attachment":[{"href":"https:\/\/www.kananas.com\/asta9552\/wp-json\/wp\/v2\/media?parent=2127"}],"curies":[{"name":"wp","href":"https:\/\/api.w.org\/{rel}","templated":true}]}}