{"id":2132,"date":"2025-04-17T13:36:28","date_gmt":"2025-04-17T11:36:28","guid":{"rendered":"https:\/\/www.kananas.com\/asta9552\/?page_id=2132"},"modified":"2025-09-21T13:25:49","modified_gmt":"2025-09-21T11:25:49","slug":"qui-sommes-nous","status":"publish","type":"page","link":"https:\/\/www.kananas.com\/asta9552\/qui-sommes-nous\/","title":{"rendered":"L&rsquo;Association"},"content":{"rendered":"\n<h2 class=\"wp-block-heading has-ast-global-color-0-color has-text-color has-link-color has-large-font-size wp-elements-608b2d1388d37adfef8f3860129906ea\">L&rsquo;Association<\/h2>\n\n\n\n<div class=\"wp-block-columns is-layout-flex wp-container-core-columns-is-layout-0237704c wp-block-columns-is-layout-flex\" style=\"padding-top:0;padding-right:0;padding-bottom:0;padding-left:0\">\n<div class=\"wp-block-column is-layout-flow wp-block-column-is-layout-flow\" style=\"flex-basis:25%\">\n<h2 class=\"wp-block-heading has-ast-global-color-0-color has-text-color has-link-color has-medium-font-size wp-elements-0e7ca709a1fa30574cc8df0b1fedcdd1\">Nos chiffres cl\u00e9s<\/h2>\n\n\n\n<ul class=\"wp-block-list\">\n<li><strong>Confiance<\/strong> : Plus de 1 200 adh\u00e9rents.<\/li>\n\n\n\n<li><strong>Exp\u00e9rience<\/strong> : Plus de 50 ans d&rsquo;existence.<\/li>\n\n\n\n<li><strong>Engagement<\/strong> : 200 b\u00e9n\u00e9voles actifs.<\/li>\n<\/ul>\n<\/div>\n\n\n\n<div class=\"wp-block-column is-layout-flow wp-block-column-is-layout-flow\" style=\"flex-basis:50%\">\n<figure class=\"wp-block-image size-full\"><img loading=\"lazy\" decoding=\"async\" width=\"1701\" height=\"639\" src=\"http:\/\/www.kananas.com\/asta9552\/wp-content\/uploads\/sites\/2299\/2024\/09\/sans-titre-1-sur-1.jpg\" alt=\"\" class=\"wp-image-54\" srcset=\"https:\/\/www.kananas.com\/asta9552\/wp-content\/uploads\/sites\/2299\/2024\/09\/sans-titre-1-sur-1.jpg 1701w, https:\/\/www.kananas.com\/asta9552\/wp-content\/uploads\/sites\/2299\/2024\/09\/sans-titre-1-sur-1-300x113.jpg 300w, https:\/\/www.kananas.com\/asta9552\/wp-content\/uploads\/sites\/2299\/2024\/09\/sans-titre-1-sur-1-1024x385.jpg 1024w, https:\/\/www.kananas.com\/asta9552\/wp-content\/uploads\/sites\/2299\/2024\/09\/sans-titre-1-sur-1-768x289.jpg 768w, https:\/\/www.kananas.com\/asta9552\/wp-content\/uploads\/sites\/2299\/2024\/09\/sans-titre-1-sur-1-1536x577.jpg 1536w\" sizes=\"auto, (max-width: 1701px) 100vw, 1701px\" \/><\/figure>\n<\/div>\n\n\n\n<div class=\"wp-block-column is-layout-flow wp-block-column-is-layout-flow\" style=\"flex-basis:25%\">\n<h2 class=\"wp-block-heading has-ast-global-color-0-color has-text-color has-link-color has-medium-font-size wp-elements-f2a7312d50b0a8ed8a92ac0e91c319f9\">Nos valeurs<\/h2>\n\n\n\n<ul class=\"wp-block-list\">\n<li><strong>Accueil, convivialit\u00e9, tol\u00e9rance et solidarit\u00e9<\/strong> : Des principes fondamentaux qui guident notre association.<\/li>\n\n\n\n<li><strong>Acteur \u00ab\u00a0sport-sant\u00e9\u00a0\u00bb<\/strong> : Nous \u0153uvrons pour le bien-\u00eatre et la sant\u00e9 de nos membres.<\/li>\n<\/ul>\n<\/div>\n<\/div>\n\n\n\n<div class=\"wp-block-buttons is-content-justification-center is-layout-flex wp-container-core-buttons-is-layout-3e41869c wp-block-buttons-is-layout-flex\">\n<div class=\"wp-block-button has-custom-width wp-block-button__width-50\"><a class=\"wp-block-button__link wp-element-button\" href=\"https:\/\/drive.google.com\/file\/d\/1i6GKaLsfAcLlRB9Nh-g4OlebV3111s3b\/view?usp=drive_link\" target=\"_blank\" rel=\"noreferrer noopener\">Nos dates cl\u00e9s<\/a><\/div>\n<\/div>\n\n\n\n<p class=\"has-ast-global-color-0-color has-text-color has-link-color has-medium-font-size wp-elements-a4eefdabc003f6453aecf6d84f63970b wp-block-paragraph\"><strong>Un peu d&rsquo;histoire &#8230;<\/strong> <\/p>\n\n\n\n<p class=\"wp-block-paragraph\"><strong>L\u2019ASTA, \u00ab&nbsp;Association Sportive, culturelle et de loisirs des Toujours Actifs&nbsp;\u00bb, cr\u00e9\u00e9e en 1972 par les professeurs HUGONOT (affect\u00e9 au Chu) et PHILIBERT, a pour but d\u2019att\u00e9nuer les effets du vieillissement<\/strong><\/p>\n\n\n\n<ul class=\"wp-block-list\">\n<li>en permettant aux adh\u00e9rents de mieux g\u00e9rer leur sant\u00e9,<\/li>\n\n\n\n<li>en organisant des activit\u00e9s physiques, sportives et de d\u00e9tente,<\/li>\n\n\n\n<li>en offrant \u00e0 ses b\u00e9n\u00e9voles un contexte associatif de responsabilit\u00e9, d\u2019initiative, d\u2019entraide et de solidarit\u00e9.<\/li>\n<\/ul>\n\n\n\n<p class=\"wp-block-paragraph\"><strong>Depuis plus de 50 ans, l\u2019ASTA poursuit son d\u00e9veloppement autour de trois id\u00e9es cl\u00e9, toujours d\u2019actualit\u00e9&nbsp;:<\/strong><\/p>\n\n\n\n<ul class=\"wp-block-list\">\n<li>Assurer une pratique adapt\u00e9e \u00e0 un public senior, favorisant un \u00e9tat de bien-\u00eatre physique, mental et social.<\/li>\n\n\n\n<li>Favoriser l\u2019\u00e9mergence de b\u00e9n\u00e9voles chez ses adh\u00e9rents, pour passer d\u2019une logique de consommation \u00e0 une logique de prise en charge de leurs activit\u00e9s et de leur association.<\/li>\n\n\n\n<li>P\u00e9renniser un esprit associatif, des valeurs propres, qui r\u00e9gulent ses relations en interne et avec ses partenaires.<\/li>\n<\/ul>\n\n\n\n<p class=\"has-ast-global-color-0-color has-text-color has-link-color has-medium-font-size wp-elements-0af1e0635af976f14bc619c11c0a4684 wp-block-paragraph\"><strong>Nos valeurs<\/strong><\/p>\n\n\n\n<p class=\"wp-block-paragraph\"><strong>L\u2019ASTA veille \u00e0 la qualit\u00e9 des rapports humains (convivialit\u00e9, tol\u00e9rance, bienveillance, entraide, respect mutuel), mais elle affiche \u00e9galement des valeurs propres, reconnues et confirm\u00e9es par nos adh\u00e9rents dans l\u2019enqu\u00eate r\u00e9alis\u00e9e en 2016&nbsp;:<\/strong><\/p>\n\n\n\n<ul class=\"wp-block-list\">\n<li>la volont\u00e9 de l\u2019ASTA de permettre au plus grand nombre d\u2019acc\u00e9der \u00e0 nos activit\u00e9s, sans discrimination sociale, professionnelle, li\u00e9e au niveau de revenus ou \u00e0 la capacit\u00e9 physique,<\/li>\n\n\n\n<li>une pratique des activit\u00e9s et du b\u00e9n\u00e9volat favorisant la d\u00e9couverte de soi et l\u2019\u00e9panouissement personnel,<\/li>\n\n\n\n<li>un exercice de la d\u00e9mocratie associative privil\u00e9giant la libert\u00e9 d\u2019initiative.<\/li>\n<\/ul>\n","protected":false},"excerpt":{"rendered":"<p>L&rsquo;Association Nos chiffres cl\u00e9s Nos valeurs Un peu d&rsquo;histoire &#8230; L\u2019ASTA, \u00ab&nbsp;Association Sportive, culturelle et de loisirs des Toujours Actifs&nbsp;\u00bb, cr\u00e9\u00e9e en 1972 par les professeurs HUGONOT (affect\u00e9 au Chu) et PHILIBERT, a pour but d\u2019att\u00e9nuer les effets du vieillissement Depuis plus de 50 ans, l\u2019ASTA poursuit son d\u00e9veloppement autour de trois id\u00e9es cl\u00e9, toujours [&hellip;]<\/p>\n","protected":false},"author":2467,"featured_media":0,"parent":0,"menu_order":2,"comment_status":"closed","ping_status":"closed","template":"","meta":{"_crdt_document":"","site-sidebar-layout":"default","site-content-layout":"","ast-site-content-layout":"default","site-content-style":"default","site-sidebar-style":"default","ast-global-header-display":"","ast-banner-title-visibility":"","ast-main-header-display":"","ast-hfb-above-header-display":"","ast-hfb-below-header-display":"","ast-hfb-mobile-header-display":"","site-post-title":"","ast-breadcrumbs-content":"","ast-featured-img":"","footer-sml-layout":"","ast-disable-related-posts":"","theme-transparent-header-meta":"default","adv-header-id-meta":"","stick-header-meta":"","header-above-stick-meta":"","header-main-stick-meta":"","header-below-stick-meta":"","astra-migrate-meta-layouts":"set","ast-page-background-enabled":"default","ast-page-background-meta":{"desktop":{"background-color":"var(--ast-global-color-4)","background-image":"","background-repeat":"repeat","background-position":"center center","background-size":"auto","background-attachment":"scroll","background-type":"","background-media":"","overlay-type":"","overlay-color":"","overlay-opacity":"","overlay-gradient":""},"tablet":{"background-color":"","background-image":"","background-repeat":"repeat","background-position":"center center","background-size":"auto","background-attachment":"scroll","background-type":"","background-media":"","overlay-type":"","overlay-color":"","overlay-opacity":"","overlay-gradient":""},"mobile":{"background-color":"","background-image":"","background-repeat":"repeat","background-position":"center center","background-size":"auto","background-attachment":"scroll","background-type":"","background-media":"","overlay-type":"","overlay-color":"","overlay-opacity":"","overlay-gradient":""}},"ast-content-background-meta":{"desktop":{"background-color":"var(--ast-global-color-5)","background-image":"","background-repeat":"repeat","background-position":"center center","background-size":"auto","background-attachment":"scroll","background-type":"","background-media":"","overlay-type":"","overlay-color":"","overlay-opacity":"","overlay-gradient":""},"tablet":{"background-color":"var(--ast-global-color-5)","background-image":"","background-repeat":"repeat","background-position":"center center","background-size":"auto","background-attachment":"scroll","background-type":"","background-media":"","overlay-type":"","overlay-color":"","overlay-opacity":"","overlay-gradient":""},"mobile":{"background-color":"var(--ast-global-color-5)","background-image":"","background-repeat":"repeat","background-position":"center center","background-size":"auto","background-attachment":"scroll","background-type":"","background-media":"","overlay-type":"","overlay-color":"","overlay-opacity":"","overlay-gradient":""}},"footnotes":""},"class_list":["post-2132","page","type-page","status-publish","hentry"],"_links":{"self":[{"href":"https:\/\/www.kananas.com\/asta9552\/wp-json\/wp\/v2\/pages\/2132","targetHints":{"allow":["GET"]}}],"collection":[{"href":"https:\/\/www.kananas.com\/asta9552\/wp-json\/wp\/v2\/pages"}],"about":[{"href":"https:\/\/www.kananas.com\/asta9552\/wp-json\/wp\/v2\/types\/page"}],"author":[{"embeddable":true,"href":"https:\/\/www.kananas.com\/asta9552\/wp-json\/wp\/v2\/users\/2467"}],"replies":[{"embeddable":true,"href":"https:\/\/www.kananas.com\/asta9552\/wp-json\/wp\/v2\/comments?post=2132"}],"version-history":[{"count":10,"href":"https:\/\/www.kananas.com\/asta9552\/wp-json\/wp\/v2\/pages\/2132\/revisions"}],"predecessor-version":[{"id":3517,"href":"https:\/\/www.kananas.com\/asta9552\/wp-json\/wp\/v2\/pages\/2132\/revisions\/3517"}],"wp:attachment":[{"href":"https:\/\/www.kananas.com\/asta9552\/wp-json\/wp\/v2\/media?parent=2132"}],"curies":[{"name":"wp","href":"https:\/\/api.w.org\/{rel}","templated":true}]}}