{"id":2296,"date":"2025-04-19T17:41:17","date_gmt":"2025-04-19T15:41:17","guid":{"rendered":"https:\/\/www.kananas.com\/asta9552\/?page_id=2296"},"modified":"2025-11-18T10:23:15","modified_gmt":"2025-11-18T09:23:15","slug":"re-adhesion-2","status":"publish","type":"page","link":"https:\/\/www.kananas.com\/asta9552\/re-adhesion-2\/","title":{"rendered":"R\u00e9-Adh\u00e9sion"},"content":{"rendered":"\n<h2 class=\"wp-block-heading has-ast-global-color-0-color has-text-color has-link-color wp-elements-6f2108a9ef6e03fa3e88a94362f3703b\"><strong>R\u00e9-Adh\u00e9sion<\/strong><\/h2>\n\n\n\n<h5 class=\"wp-block-heading has-ast-global-color-0-color has-text-color has-link-color wp-elements-228b12845c93f87e94879efb9d46fd32\"><strong>Comment renouveler votre adh\u00e9sion&nbsp;<\/strong><\/h5>\n\n\n\n<p class=\"wp-block-paragraph\"><strong>Vous pouvez renouveler votre adh\u00e9sion pour la saison 2025-2026 en envoyant votre dossier d\u00e8s juin 2025, uniquement par correspondance. L&rsquo;adh\u00e9sion est obligatoire \u00e0 partir du 1er septembre 2025.<\/strong><\/p>\n\n\n\n<p class=\"wp-block-paragraph\"><strong>Remise du dossier de r\u00e9-adh\u00e9sion, hors Club, deux cas possibles :<\/strong><br>\u2022 Envoyer votre dossier par courrier (ou le remettre&nbsp;sous enveloppe adress\u00e9e \u00e0 l\u2019ASTA)&nbsp;\u00e0 l\u2019accueil de la&nbsp;<strong>M<\/strong>aison de la&nbsp;<strong>V<\/strong>ie&nbsp;<strong>A<\/strong>ssociative et&nbsp;<strong>C<\/strong>itoyenne<br>\u2022 Cas particulier des Echirollois faisant de la marche avec la section de marche de l&rsquo;apr\u00e8s-midi \u00e0 Echirolles, contacter Olivier LE VEUGLE (06 72 69 21 88) pour conna\u00eetre les modalit\u00e9s de remise de votre dossier.<\/p>\n\n\n\n<p class=\"wp-block-paragraph\"><strong>Votre dossier de r\u00e9-adh\u00e9sion<\/strong>\u00a0est constitu\u00e9 des documents suivants :<br>&#8211; La <a href=\"https:\/\/drive.google.com\/file\/d\/1x28AGjavfu4A8KScOWLzRZ9Hex1zGnvM\/view?usp=drive_link\" data-type=\"link\" data-id=\"https:\/\/drive.google.com\/file\/d\/1x28AGjavfu4A8KScOWLzRZ9Hex1zGnvM\/view?usp=drive_link\" target=\"_blank\" rel=\"noreferrer noopener\">fiche de renseignements<\/a>,\u00a0uniquement en cas de changement par rapport \u00e0 l\u2019an dernier,\u00a0remplie avec le nom pr\u00e9nom num\u00e9ro de l\u2019adh\u00e9rent et les changements \u00e0 prendre en compte.<br>&#8211; Un ch\u00e8que par adh\u00e9rent du montant de la cotisation : <strong>52 \u20ac <\/strong>ou <strong>40 \u20ac\u00a0<\/strong> ou <strong>5 \u20ac<\/strong> (ne pas oublier de noter au dos du ch\u00e8que les mentions suivantes : le type d&rsquo;adh\u00e9sion, le num\u00e9ro d&rsquo;adh\u00e9rent, le nom et le pr\u00e9nom de l&rsquo;adh\u00e9rent)<\/p>\n\n\n\n<h5 class=\"wp-block-heading has-ast-global-color-0-color has-text-color has-link-color wp-elements-255cc2ff56a0ec046c007ebbaf82685b\"><strong>Votre attention :<\/strong><\/h5>\n\n\n\n<p class=\"wp-block-paragraph\">&#8211; Le Conseil d&rsquo;Administration du 2 d\u00e9cembre 2024 a vot\u00e9 la suppression du certificat m\u00e9dical.&nbsp;<br>D\u00e8s maintenant, il n&rsquo;est plus obligatoire pour une nouvelle adh\u00e9sion ou une r\u00e9-adh\u00e9sion.&nbsp;Toutefois, nous vous recommandons de consulter r\u00e9guli\u00e8rement votre m\u00e9decin pour les activit\u00e9s que vous pratiquez.<\/p>\n\n\n\n<p class=\"wp-block-paragraph\">&#8211; Ne pas envoyer votre carte d&rsquo;adh\u00e9rent- <\/p>\n\n\n\n<p class=\"wp-block-paragraph\">&#8211;  Tout dossier incomplet ne pourra pas \u00eatre trait\u00e9&nbsp;; vous devrez d\u2019abord le compl\u00e9ter (dossier conserv\u00e9 \u00e0 l\u2019ASTA). Merci \u00e0 tous les anciens adh\u00e9rents de tenir compte de ces indications.<\/p>\n\n\n\n<p class=\"wp-block-paragraph\">&#8211;  <strong>Pour les adh\u00e9rents des clubs<\/strong>&nbsp;du d\u00e9partement qui s&rsquo;inscrivent aux cours des Activit\u00e9s physiques, adh\u00e9sion et r\u00e9-adh\u00e9sion s&rsquo;effectuent en remettant la feuille de renseignement, le ch\u00e8que et le certificat m\u00e9dical \u00e0 votre responsable de cours qui fera un envoi group\u00e9 des demandes \u00e0 l&rsquo;ASTA.<\/p>\n\n\n\n<p class=\"wp-block-paragraph\"><\/p>\n","protected":false},"excerpt":{"rendered":"<p>R\u00e9-Adh\u00e9sion Comment renouveler votre adh\u00e9sion&nbsp; Vous pouvez renouveler votre adh\u00e9sion pour la saison 2025-2026 en envoyant votre dossier d\u00e8s juin 2025, uniquement par correspondance. L&rsquo;adh\u00e9sion est obligatoire \u00e0 partir du 1er septembre 2025. Remise du dossier de r\u00e9-adh\u00e9sion, hors Club, deux cas possibles :\u2022 Envoyer votre dossier par courrier (ou le remettre&nbsp;sous enveloppe adress\u00e9e \u00e0 [&hellip;]<\/p>\n","protected":false},"author":2467,"featured_media":0,"parent":0,"menu_order":6,"comment_status":"closed","ping_status":"closed","template":"","meta":{"_crdt_document":"","site-sidebar-layout":"default","site-content-layout":"","ast-site-content-layout":"default","site-content-style":"default","site-sidebar-style":"default","ast-global-header-display":"","ast-banner-title-visibility":"","ast-main-header-display":"","ast-hfb-above-header-display":"","ast-hfb-below-header-display":"","ast-hfb-mobile-header-display":"","site-post-title":"","ast-breadcrumbs-content":"","ast-featured-img":"","footer-sml-layout":"","ast-disable-related-posts":"","theme-transparent-header-meta":"","adv-header-id-meta":"","stick-header-meta":"","header-above-stick-meta":"","header-main-stick-meta":"","header-below-stick-meta":"","astra-migrate-meta-layouts":"default","ast-page-background-enabled":"default","ast-page-background-meta":{"desktop":{"background-color":"var(--ast-global-color-4)","background-image":"","background-repeat":"repeat","background-position":"center center","background-size":"auto","background-attachment":"scroll","background-type":"","background-media":"","overlay-type":"","overlay-color":"","overlay-opacity":"","overlay-gradient":""},"tablet":{"background-color":"","background-image":"","background-repeat":"repeat","background-position":"center center","background-size":"auto","background-attachment":"scroll","background-type":"","background-media":"","overlay-type":"","overlay-color":"","overlay-opacity":"","overlay-gradient":""},"mobile":{"background-color":"","background-image":"","background-repeat":"repeat","background-position":"center center","background-size":"auto","background-attachment":"scroll","background-type":"","background-media":"","overlay-type":"","overlay-color":"","overlay-opacity":"","overlay-gradient":""}},"ast-content-background-meta":{"desktop":{"background-color":"var(--ast-global-color-5)","background-image":"","background-repeat":"repeat","background-position":"center center","background-size":"auto","background-attachment":"scroll","background-type":"","background-media":"","overlay-type":"","overlay-color":"","overlay-opacity":"","overlay-gradient":""},"tablet":{"background-color":"var(--ast-global-color-5)","background-image":"","background-repeat":"repeat","background-position":"center center","background-size":"auto","background-attachment":"scroll","background-type":"","background-media":"","overlay-type":"","overlay-color":"","overlay-opacity":"","overlay-gradient":""},"mobile":{"background-color":"var(--ast-global-color-5)","background-image":"","background-repeat":"repeat","background-position":"center center","background-size":"auto","background-attachment":"scroll","background-type":"","background-media":"","overlay-type":"","overlay-color":"","overlay-opacity":"","overlay-gradient":""}},"footnotes":""},"class_list":["post-2296","page","type-page","status-publish","hentry"],"_links":{"self":[{"href":"https:\/\/www.kananas.com\/asta9552\/wp-json\/wp\/v2\/pages\/2296","targetHints":{"allow":["GET"]}}],"collection":[{"href":"https:\/\/www.kananas.com\/asta9552\/wp-json\/wp\/v2\/pages"}],"about":[{"href":"https:\/\/www.kananas.com\/asta9552\/wp-json\/wp\/v2\/types\/page"}],"author":[{"embeddable":true,"href":"https:\/\/www.kananas.com\/asta9552\/wp-json\/wp\/v2\/users\/2467"}],"replies":[{"embeddable":true,"href":"https:\/\/www.kananas.com\/asta9552\/wp-json\/wp\/v2\/comments?post=2296"}],"version-history":[{"count":9,"href":"https:\/\/www.kananas.com\/asta9552\/wp-json\/wp\/v2\/pages\/2296\/revisions"}],"predecessor-version":[{"id":3802,"href":"https:\/\/www.kananas.com\/asta9552\/wp-json\/wp\/v2\/pages\/2296\/revisions\/3802"}],"wp:attachment":[{"href":"https:\/\/www.kananas.com\/asta9552\/wp-json\/wp\/v2\/media?parent=2296"}],"curies":[{"name":"wp","href":"https:\/\/api.w.org\/{rel}","templated":true}]}}