{"id":2997,"date":"2025-08-13T14:36:30","date_gmt":"2025-08-13T12:36:30","guid":{"rendered":"https:\/\/www.kananas.com\/asta9552\/?page_id=2997"},"modified":"2025-08-14T14:27:14","modified_gmt":"2025-08-14T12:27:14","slug":"adhesion-a-lasta-tarifs","status":"publish","type":"page","link":"https:\/\/www.kananas.com\/asta9552\/adhesion-a-lasta-tarifs\/","title":{"rendered":"Adh\u00e9sion \u00e0 l&rsquo;Asta &#8211; Tarifs"},"content":{"rendered":"\n<h5 class=\"wp-block-heading has-ast-global-color-0-color has-text-color has-link-color wp-elements-8e4ae0e3925f440dc608f52a468e748a\"><br>Adh\u00e9sions\u00a0<strong>2025\/2026<\/strong>\u00a0(saison du 1 septembre au 31 ao\u00fbt) : les adh\u00e9sions Toutes Activit\u00e9s et D\u00e9tente augmentent de 2\u20ac.<\/h5>\n\n\n\n<p class=\"wp-block-paragraph\">Outre l\u2019adh\u00e9sion, une participation aux frais de chacune des activit\u00e9s pratiqu\u00e9es vous sera demand\u00e9e (cf. les pages des activit\u00e9s).<\/p>\n\n\n\n<figure class=\"wp-block-table\"><table class=\"has-vivid-red-color has-text-color has-link-color has-fixed-layout\" style=\"border-width:2px\"><tbody><tr><td><strong>Adh\u00e9sion<\/strong><\/td><td><strong><br>&nbsp;Tarif &nbsp; &nbsp; &nbsp; &nbsp; &nbsp; &nbsp;<\/strong><\/td><td><strong>Activit\u00e9s possibles<\/strong><\/td><\/tr><tr><td>Adh\u00e9sion \u00ab&nbsp;Toutes Activit\u00e9s&nbsp;\u00bb<\/td><td>&nbsp;52&nbsp;\u20ac<\/td><td>Toutes les activit\u00e9s de l\u2019ASTA.<\/td><\/tr><tr><td>Adh\u00e9sion \u00ab&nbsp;D\u00e9tente&nbsp;\u00bb<\/td><td>&nbsp;40 \u20ac<\/td><td>R\u00e9serv\u00e9e aux activit\u00e9s chorale, culture et science, jeux de soci\u00e9t\u00e9<\/td><\/tr><tr><td>&nbsp;Adh\u00e9sion \u00ab&nbsp;Club&nbsp;\u00bb<\/td><td>&nbsp;35 \u20ac<\/td><td>R\u00e9serv\u00e9e aux adh\u00e9rents qui ne font des activit\u00e9s que par l\u2019interm\u00e9diaire d\u2019un \u00ab&nbsp;club local&nbsp;\u00bb.<\/td><\/tr><tr><td>Adh\u00e9sion<br>\u00ab Sympathisant \u00bb<\/td><td>&nbsp;5 \u20ac<\/td><td>R\u00e9serv\u00e9e aux adh\u00e9rents ne faisant plus d&rsquo;activit\u00e9s \u00e0 l&rsquo;ASTA, hors b\u00e9n\u00e9volat<\/td><\/tr><\/tbody><\/table><\/figure>\n","protected":false},"excerpt":{"rendered":"<p>Adh\u00e9sions\u00a02025\/2026\u00a0(saison du 1 septembre au 31 ao\u00fbt) : les adh\u00e9sions Toutes Activit\u00e9s et D\u00e9tente augmentent de 2\u20ac. Outre l\u2019adh\u00e9sion, une participation aux frais de chacune des activit\u00e9s pratiqu\u00e9es vous sera demand\u00e9e (cf. les pages des activit\u00e9s). Adh\u00e9sion &nbsp;Tarif &nbsp; &nbsp; &nbsp; &nbsp; &nbsp; &nbsp; Activit\u00e9s possibles Adh\u00e9sion \u00ab&nbsp;Toutes Activit\u00e9s&nbsp;\u00bb &nbsp;52&nbsp;\u20ac Toutes les activit\u00e9s de l\u2019ASTA. [&hellip;]<\/p>\n","protected":false},"author":2467,"featured_media":0,"parent":0,"menu_order":0,"comment_status":"closed","ping_status":"closed","template":"","meta":{"_crdt_document":"","site-sidebar-layout":"default","site-content-layout":"","ast-site-content-layout":"default","site-content-style":"default","site-sidebar-style":"default","ast-global-header-display":"","ast-banner-title-visibility":"","ast-main-header-display":"","ast-hfb-above-header-display":"","ast-hfb-below-header-display":"","ast-hfb-mobile-header-display":"","site-post-title":"disabled","ast-breadcrumbs-content":"","ast-featured-img":"","footer-sml-layout":"","ast-disable-related-posts":"","theme-transparent-header-meta":"","adv-header-id-meta":"","stick-header-meta":"","header-above-stick-meta":"","header-main-stick-meta":"","header-below-stick-meta":"","astra-migrate-meta-layouts":"default","ast-page-background-enabled":"default","ast-page-background-meta":{"desktop":{"background-color":"var(--ast-global-color-4)","background-image":"","background-repeat":"repeat","background-position":"center center","background-size":"auto","background-attachment":"scroll","background-type":"","background-media":"","overlay-type":"","overlay-color":"","overlay-opacity":"","overlay-gradient":""},"tablet":{"background-color":"","background-image":"","background-repeat":"repeat","background-position":"center center","background-size":"auto","background-attachment":"scroll","background-type":"","background-media":"","overlay-type":"","overlay-color":"","overlay-opacity":"","overlay-gradient":""},"mobile":{"background-color":"","background-image":"","background-repeat":"repeat","background-position":"center center","background-size":"auto","background-attachment":"scroll","background-type":"","background-media":"","overlay-type":"","overlay-color":"","overlay-opacity":"","overlay-gradient":""}},"ast-content-background-meta":{"desktop":{"background-color":"var(--ast-global-color-5)","background-image":"","background-repeat":"repeat","background-position":"center center","background-size":"auto","background-attachment":"scroll","background-type":"","background-media":"","overlay-type":"","overlay-color":"","overlay-opacity":"","overlay-gradient":""},"tablet":{"background-color":"var(--ast-global-color-5)","background-image":"","background-repeat":"repeat","background-position":"center center","background-size":"auto","background-attachment":"scroll","background-type":"","background-media":"","overlay-type":"","overlay-color":"","overlay-opacity":"","overlay-gradient":""},"mobile":{"background-color":"var(--ast-global-color-5)","background-image":"","background-repeat":"repeat","background-position":"center center","background-size":"auto","background-attachment":"scroll","background-type":"","background-media":"","overlay-type":"","overlay-color":"","overlay-opacity":"","overlay-gradient":""}},"footnotes":""},"class_list":["post-2997","page","type-page","status-publish","hentry"],"_links":{"self":[{"href":"https:\/\/www.kananas.com\/asta9552\/wp-json\/wp\/v2\/pages\/2997","targetHints":{"allow":["GET"]}}],"collection":[{"href":"https:\/\/www.kananas.com\/asta9552\/wp-json\/wp\/v2\/pages"}],"about":[{"href":"https:\/\/www.kananas.com\/asta9552\/wp-json\/wp\/v2\/types\/page"}],"author":[{"embeddable":true,"href":"https:\/\/www.kananas.com\/asta9552\/wp-json\/wp\/v2\/users\/2467"}],"replies":[{"embeddable":true,"href":"https:\/\/www.kananas.com\/asta9552\/wp-json\/wp\/v2\/comments?post=2997"}],"version-history":[{"count":6,"href":"https:\/\/www.kananas.com\/asta9552\/wp-json\/wp\/v2\/pages\/2997\/revisions"}],"predecessor-version":[{"id":3080,"href":"https:\/\/www.kananas.com\/asta9552\/wp-json\/wp\/v2\/pages\/2997\/revisions\/3080"}],"wp:attachment":[{"href":"https:\/\/www.kananas.com\/asta9552\/wp-json\/wp\/v2\/media?parent=2997"}],"curies":[{"name":"wp","href":"https:\/\/api.w.org\/{rel}","templated":true}]}}