{"id":3283,"date":"2025-09-08T11:54:55","date_gmt":"2025-09-08T09:54:55","guid":{"rendered":"https:\/\/www.kananas.com\/asta9552\/?page_id=3283"},"modified":"2026-04-27T16:21:04","modified_gmt":"2026-04-27T14:21:04","slug":"espace-adherents-non-dispo","status":"publish","type":"page","link":"https:\/\/www.kananas.com\/asta9552\/espace-adherents-non-dispo\/","title":{"rendered":"Espace adh\u00e9rents non dispo"},"content":{"rendered":"\n<p class=\"wp-block-paragraph\"><\/p>\n\n\n\n<p class=\"has-ast-global-color-1-color has-text-color has-link-color wp-elements-18b9278ddb51bbb46f04d4c9c99a5019 wp-block-paragraph\"><strong>A partir du 1er juillet 2026, vous pourrez vous connecter \u00e0 votre compte personnel KANANAS, vous inscrire \u00e0 une activit\u00e9, alimenter votre compte (par CB), renouveler votre adh\u00e9sion\u00a0 &#8230; encore un peu de patience \u2026<\/strong><\/p>\n\n\n\n<p class=\"has-ast-global-color-1-color has-text-color has-link-color wp-elements-8ff4ef24b15e357b8af44dcd92246dba wp-block-paragraph\"><strong>En attendant, vous avez la possibilit\u00e9 de t\u00e9l\u00e9charger la derni\u00e8re version du <a href=\"https:\/\/drive.google.com\/file\/d\/17EWTfyT6DlFCJ2lV38Gy_Yfs1g3fDFKa\/view?usp=drive_link\" data-type=\"link\" data-id=\"https:\/\/drive.google.com\/file\/d\/17EWTfyT6DlFCJ2lV38Gy_Yfs1g3fDFKa\/view?usp=drive_link\" target=\"_blank\" rel=\"noreferrer noopener\">guide Adh\u00e9rent KANANAS<\/a> et de consulter <a href=\"https:\/\/www.kananas.com\/asta9552\/pleins-feux-sur-kananas\/\" data-type=\"link\" data-id=\"https:\/\/www.kananas.com\/asta9552\/pleins-feux-sur-kananas\/\" target=\"_blank\" rel=\"noreferrer noopener\">l&rsquo;article consacr\u00e9 \u00e0 Kananas <\/a>pour un rappel des dates des s\u00e9ances d&rsquo;informations en salle de conf\u00e9rences et des Ateliers.<\/strong><\/p>\n\n\n\n<p class=\"has-ast-global-color-1-color has-text-color has-link-color wp-elements-5ef2ceecd8fddf65e0f4d85237706f2e wp-block-paragraph\"><strong>A bient\u00f4t sur Kananas<\/strong><\/p>\n\n\n\n<p class=\"has-ast-global-color-1-color has-text-color has-link-color wp-elements-3605a9ffa0d2c30522d0187350213700 wp-block-paragraph\"><\/p>\n\n\n\n<figure class=\"wp-block-image aligncenter size-full\"><img loading=\"lazy\" decoding=\"async\" width=\"800\" height=\"300\" src=\"https:\/\/www.kananas.com\/asta9552\/wp-content\/uploads\/sites\/2299\/2025\/09\/page-en-construction.png\" alt=\"\" class=\"wp-image-3293\" srcset=\"https:\/\/www.kananas.com\/asta9552\/wp-content\/uploads\/sites\/2299\/2025\/09\/page-en-construction.png 800w, https:\/\/www.kananas.com\/asta9552\/wp-content\/uploads\/sites\/2299\/2025\/09\/page-en-construction-300x113.png 300w, https:\/\/www.kananas.com\/asta9552\/wp-content\/uploads\/sites\/2299\/2025\/09\/page-en-construction-768x288.png 768w, https:\/\/www.kananas.com\/asta9552\/wp-content\/uploads\/sites\/2299\/2025\/09\/page-en-construction-50x19.png 50w\" sizes=\"auto, (max-width: 800px) 100vw, 800px\" \/><\/figure>\n","protected":false},"excerpt":{"rendered":"<p>A partir du 1er juillet 2026, vous pourrez vous connecter \u00e0 votre compte personnel KANANAS, vous inscrire \u00e0 une activit\u00e9, alimenter votre compte (par CB), renouveler votre adh\u00e9sion\u00a0 &#8230; encore un peu de patience \u2026 En attendant, vous avez la possibilit\u00e9 de t\u00e9l\u00e9charger la derni\u00e8re version du guide Adh\u00e9rent KANANAS et de consulter l&rsquo;article consacr\u00e9 [&hellip;]<\/p>\n","protected":false},"author":2467,"featured_media":0,"parent":0,"menu_order":0,"comment_status":"closed","ping_status":"closed","template":"","meta":{"_crdt_document":"{\"document\":\"AAA755vy2Av5Arztjjjnm\/LYCw787Y44B+eb8tgLAPztjjgGp5vy2Au87Y4455vy2AsB\/O2OOAHnm\/LYCwfLAgg2JKwBgAwCnAICBAMBkAgCigEBGDgCEgECCgK4BfoFAQBKAKwHAQIKAQRK7AeMCAECCgK4BfoFAQBKhAaoAQoEAlomHIYBAwQgJvwKug4BAgoBAUryBogH1ASsBQLIJp4CAqYqChACvAEDBCAiAwAIBAMABAMABAIGAg4CBAIEAhroL5oyBNwyAwC0OQSGAQLKF5gXJsApkikBAgoCQgEAStoasB4CUJQDBQAI7hUCEAYCBhgGsgq8CgIEAwH+CQKmCFKmCfYqsBn+EJ4HnBLGKoApCOQDsgOKCRLAIwqyB5wHggsEwgvaHQMEtjnwOLA47CkDBCDOJZ4KAqoQsheuKd4kniT6NgKeAagw4FUEiAgEjikE3BoEmD4C4k+aK+RNAQEIAEgKWLpR6lFCCABaJF64UZIOzg4CyFKAAvoBnCyUNOg0AsYpgAyGAYwkLrgF+AUBAW6qCAC0AgEA2iCeAgIBHwQBAAMBAQKwHQEAvAOYDAIQBgIGGAayCgEEigECpgjIKaYHsBn+EJ4HnBLGKoApCF72KL4PCrIHihIUBMIL2h0DBACQBqYz7CkDBCDOJYobshcAkAWeJPo2vhXeFNAnmgiAEZIszl8EuivYKaAyoQIoAycABAAnAAQAgQCEAIEAhAaBAIQAJwAoBCcAKBonAAEAAACHACEAKAAhACgAJwEEAIQAKAInAIcAKAMnACgBJwAoAycAIQHHACEAKAAhACgAJwEBAIEAKAInAEQAwQDEA4EBhAeBAccAIQAoACEAKAAnASgCJwDBAMQCwQHEA8EAxArBAMQAwQDEAMEAxAHBAMQAwQDEAMEAxADBAMQAwQDEAMEAxArBAMQAwQDHACEAKAAhACgAJwEBACgCJwCBAIQCgQCEAIEAhADECMEAxADBAMQAwQDEAwAAhABBAIEAxAiEAMQAhADEGMEAoQHEByEAwQCoCcQAxwAoAicBKAAnAAQAqADEAKgAKABEACgBqALEAIQAqATEAIQAqAHEzy7JLHN0YXRldmVyc2lvbmRvY3VtZW50ZGF0ZWRvY3VtZW50c2x1Z2RvY3VtZW50c3RhdHVzZG9jdW1lbnR0aXRsZUVzcGFjZSBhZGjDqXJlbnRzIG5vbiBkaXNwb2RvY3VtZW50Y29udGVudDwhLS0gd3A6cGFyYWdyYXBoIHsic3R5bGUiOnsiZWxlbWVudHMiOnsibGluayI6eyJjb2xvciI6eyJ0ZXh0IjoidmFyOnByZXNldHxjb2xvcnxhc3QtZ2xvYmFsLWNvbG9yLTEifX19fSwidGV4dENvbG9yIjoiYXN0LWdsb2JhbC1jb2xvci0xIn0gLS0+CjxwIGNsYXNzPSJoYXMtYXN0LWdsb2JhbC1jb2xvci0xLWNvbG9yIGhhcy10ZXh0LWNvbG9yIGhhcy1saW5rLWNvbG9yIj48c3Ryb25nPkEgcGFydGlyIGR1IDFlciBqdWlsbGV0IDIwMjYsIHZvdXMgcG91cnJleiB2b3VzIGNvbm5lY3RlciDDoCB2b3RyZSBjb21wdGUgcGVyc29ubmVsIEtBTkFOQVMsIHZvdXMgaW5zY3JpcmUgw6AgdW5lIGFjdGl2aXTDqSwgYWxpbWVudGVyIHZvdHJlIGNvbXB0ZSAocGFyIENCKSwgcmVub3V2ZWxlciB2b3RyZSBhZGjDqXNpb24gLi4uIGVuY29yZSB1biBwZXUgZGUgcGF0aWVuY2Ug4oCmPC9zdHJvbmc+PC9wPgo8IS0tIC93cDpwYXJhZ3JhcGggLS0+Cgo8IS0tIHdwOmltYWdlIHsiaWQiOjMyOTMsInNpemVTbHVnIjoiZnVsbCIsImxpbmtEZXN0aW5hdGlvbiI6Im5vbmUiLCJhbGlnbiI6ImNlbnRlciJ9IC0tPgo8ZmlndXJlIGNsYXNzPSJ3cC1ibG9jay1pbWFnZSBhbGlnbmNlbnRlciBzaXplLWZ1bGwiPjxpbWcgc3JjPSJodHRwczovL3d3dy5rYW5hbmFzLmNvbS9hc3RhOTU1Mi93cC1jb250ZW50L3VwbG9hZHMvc2l0ZXMvMjI5OS8yMDI1LzA5L3BhZ2UtZW4tY29uc3RydWN0aW9uLnBuZyIgYWx0PSIiIGNsYXNzPSJ3cC1pbWFnZS0zMjkzIi8+PC9maWd1cmU+CjwhLS0gL3dwOmltYWdlIC0tPmRvY3VtZW50ZXhjZXJwdGRvY3VtZW50YXV0aG9yZG9jdW1lbnRmZWF0dXJlZF9tZWRpYWRvY3VtZW50Y29tbWVudF9zdGF0dXNkb2N1bWVudHBpbmdfc3RhdHVzZG9jdW1lbnR0ZW1wbGF0ZWRvY3VtZW50bWV0YXNpdGUtc2lkZWJhci1sYXlvdXRzaXRlLWNvbnRlbnQtbGF5b3V0YXN0LXNpdGUtY29udGVudC1sYXlvdXRzaXRlLWNvbnRlbnQtc3R5bGVzaXRlLXNpZGViYXItc3R5bGVhc3QtZ2xvYmFsLWhlYWRlci1kaXNwbGF5YXN0LWJhbm5lci10aXRsZS12aXNpYmlsaXR5YXN0LW1haW4taGVhZGVyLWRpc3BsYXlhc3QtaGZiLWFib3ZlLWhlYWRlci1kaXNwbGF5YXN0LWhmYi1iZWxvdy1oZWFkZXItZGlzcGxheWFzdC1oZmItbW9iaWxlLWhlYWRlci1kaXNwbGF5c2l0ZS1wb3N0LXRpdGxlYXN0LWJyZWFkY3J1bWJzLWNvbnRlbnRhc3QtZmVhdHVyZWQtaW1nZm9vdGVyLXNtbC1sYXlvdXRhc3QtZGlzYWJsZS1yZWxhdGVkLXBvc3RzdGhlbWUtdHJhbnNwYXJlbnQtaGVhZGVyLW1ldGFhZHYtaGVhZGVyLWlkLW1ldGFzdGljay1oZWFkZXItbWV0YWhlYWRlci1hYm92ZS1zdGljay1tZXRhaGVhZGVyLW1haW4tc3RpY2stbWV0YWhlYWRlci1iZWxvdy1zdGljay1tZXRhYXN0cmEtbWlncmF0ZS1tZXRhLWxheW91dHNhc3QtcGFnZS1iYWNrZ3JvdW5kLWVuYWJsZWRhc3QtcGFnZS1iYWNrZ3JvdW5kLW1ldGFhc3QtY29udGVudC1iYWNrZ3JvdW5kLW1ldGFmb290bm90ZXNkb2N1bWVudGJsb2Nrc2NsaWVudElkaXNWYWxpZG9yaWdpbmFsQ29udGVudG5hbWVhdHRyaWJ1dGVzY29udGVudDxzdHJvbmc+QSBwYXJ0aXIgZHUgMWVyIGp1aWxsZXQgMjAyNiwgdm91cyBwb3VycmV6IHZvdXMgY29ubmVjdGVyIMOgIHZvdHJlIGNvbXB0ZSBwZXJzb25uZWwgS0FOQU5BUywgdm91cyBpbnNjcmlyZSDDoCB1bmUgYWN0aXZpdMOpLCBhbGltZW50ZXIgdm90cmUgY29tcHRlIChwYXIgQ0IpLCByZW5vdXZlbGVyIHZvdHJlIGFkaMOpc2lvbiZuYnNwOyAuLi4gZW5jb3JlIHVuIHBldSBkZSBwYXRpZW5jZSDigKY8L3N0cm9uZz5kcm9wQ2Fwc3R5bGV0ZXh0Q29sb3Jpbm5lckJsb2Nrc2NsaWVudElkaXNWYWxpZG9yaWdpbmFsQ29udGVudG5hbWVhdHRyaWJ1dGVzdXJsYWx0Y2FwdGlvbmlkc2l6ZVNsdWdsaW5rRGVzdGluYXRpb25hbGlnbmlubmVyQmxvY2tzc3RhdGVzYXZlZEF0c3RhdGVzYXZlZEJ5Y2xpZW50SWRpc1ZhbGlkb3JpZ2luYWxDb250ZW50bmFtZWF0dHJpYnV0ZXNjb250ZW50ZHJvcENhcHN0eWxldGV4dENvbG9yaW5uZXJCbG9ja3NFbiBhdGVuZGFudCwgdMOpbMOpY2hhcmdlciBsYSBkZXJuacOocmUgdmVyc2lvbiBkdSBndWlkZSBBZGjDqXJlbnQgS0FOQU5BU2NsaWVudElkaXNWYWxpZG9yaWdpbmFsQ29udGVudG5hbWVhdHRyaWJ1dGVzY29udGVudGRyb3BDYXBzdHlsZXRleHRDb2xvcmlubmVyQmxvY2tzb3VzIGF2ZXogbGEgcG9zc2liaWxpdMOpIGRlICBldCBkZSBjb25zdWx0ZXIgbHBhcmFncmFwaCB7InN0eWxlIjp7ImVsZW1lbnRzIjp7ImxuayI6eyJjb2xvciI6eyJ0ZXh0IjoidmFyOnByZXNldHxjb2xvcnxhc3QtZ2xvYmFsLWNvbG9yLTEifX19fSwidGV4dENvbG9yIjoiYXN0LWdsb2JhbC1jb2xvci0xIn0gLS0+CjxwIGNsYXNzPSJoYXMtYXN0LWdsb2JhbC1jb2xvci0xLWNvbG9yIGhhcy10ZXh0LWNvbG9yIGhhcy1saW5rLWNvbG9yIj5FbiBhdGVuZGFudCwgb3VzIGF2ZXogbGEgcG9zc2liaWxpdMOpIGRlIHTDqWzDqWNoYXJnZXIgbGEgZGVybmnDqHJlIHZlcnNpb24gZHUgZ3VpZGUgQWRow6lyZW50IEtBTkFOQVMgZXQgZGUgY29uc3VsdGVyIGxhZSBjYSAgbmFhIHBvdXIgdW4gcmFwcGVsIGRlcyBkYXRlcyBkZXMgc8OpYW5jZXMgZCdpbmZvcnRpb25zIGVuIHNhbGxlIGRlIGNvbmbDqXJlbmNlcyBldCBkZXMgQXRlbGllcnM8L3A+CjwhLS0gL3dwOnBhcmFyYXBoIC0tPgoKPCEtLSB3cDpwYXJhZ3JhcGggeyJzdHlsIjp7ImVsZW1lbnRzIjp7ImxpbmsiOnsiY29sb3IiOnsidGV4dCI6InZhcjpwcmVzZXR8Y29sb3J8YXN0LWdsb2JhbC1jb2xvci0xIn19fX0sInRleHRDb2xvciI6ImFzdC1nbG9iYWwtY29sb3ItMSJ9LS0+CjxwIGNsYXNzPSJoYXMtYXN0LWdsb2JhbC1jb2xvci0xLWNvbG9yIGhhcy10ZXh0LWNvbG9yIGhhcy1saW5rLWNvbG9yIj48L3A+CjwhLS0gL3dwOnBhcmFncmFwaCAtLT4KCjwhLS0gd3A6aW1hZ2UgJ2FydGljbGUgY29uc2FjcsOpIMOgY2xpZW50SWRpc1ZhbGlkb3JpZ2luYWxDb250ZW50bmFtZWF0dHJpYnV0ZXNjb250ZW50ZHJvcENhcHN0eWxldGV4dENvbG9yaW5uZXJCbG9ja3MgcG91ciB1biByYXBwZWwgZGVzIGRhdGVzIGRlcyBzw6lhbmNlcyBkJ2luZm9ybWF0aW9ucyBlbiBzYWxsZSBkZSBjb25mw6lyZW5jZXMgZXQgZGVzIEF0ZWxpZXJzQSBiaWVudHQgS2FuYW5hcydydGljbG9uc2Nyw6nDoEthbnNBIGJpZW50dCB1IEthbmFuYXNwYXJhZ3JhcGggeyJzdHlsZSI6eyJlbGVtZW50cyI6eyJsbmsiOnsiY29sb3IiOnsidGV4dCI6InZhcjpwcmVzZXR8Y29sb3J8YXN0LWdsb2JhbC1jb2xvci0xIn19fX0sInRleHRDb2xvciI6ImFzdC1nbG9iYWwtY29sb3ItMSJ9IC0tPgo8cCBjbGFzcz0iaGFzLWFzdC1nbG9iYWwtY29sb3ItMS1jb2xvciBoYXMtdGV4dC1jb2xvciBoYXMtbGluay1jb2xvciI+PC9wPgo8IS0tIC93cDpwYXJhZ3JhcGggLS0+Cgo8IS0tIHdwOmnDtC52IEthbmFuYXN2LsO0dHN1ciA8c3Ryb25nPjwvc3Ryb25nPjxzdHJvbmc+PC9zdHJvbmc+PHN0cm9uZz50c3Ryb25nPjwvPHN0cm9uZz5zcnN0cm9uZz48LzxhIGhyZWY9Imh0dHBzOi8vZHJpdmUub29nbGUuY29tL2ZpbGUvZC8xN0VXVGZ5VDZEbEZDSjJsVjM4R3lfWWZzMWczZkRGS2Evdmlldz9zcD1kcnZlX2xpbmsiIGF0YS10eXA9ImxpbmsiZGF0YS1pZD0iaHR0cHM6Ly9kcml2ZS5nb29nbGUuY29tL2ZpbGUvZC8xN0VXVGZ5VDZEbEZDSjJsVjM4R3lfWWZzMWczZkRGS2Evdmlldz91c3A9ZHJpdmVfbGluayI+Z3VpZGUgPC9hPiB0YXJnZXQ9Il9ibGFuayIgcmVsPSJub3JlZmVycmVyIG5vb3BlbmVyIjxhIGhyZWY9Imh0dHBzOi8vZHJpdmUub29nbGUuY29tL2ZpbGUvZC8xN0VXVGZ5VDZEbEZDSjJsVjM4R3lfWWZzMWczZkRGS2Evdmlldz9zcD1kcnZlX2xpbmsiIGF0YS10eXA9ImxpbmsiZGF0YS1pZD0iaHR0cHM6Ly9kcml2ZS5nb29nbGUuY29tL2ZpbGUvZC8xN0VXVGZ5VDZEbEZDSjJsVjM4R3lfWWZzMWczZkRGS2Evdmlldz91c3A9ZHJpdmVfbGluayIgdGFyZ2V0PSJfYmxhbmsiIHJlbD0ibm9yZWZlcnJlciBub29wZW5lciI+Z3VpZGUgPC9hPjxhIGhyZWY9Imh0dHBzOi8vd3d3LmthbmFuYXMuY29tL2FzdGE5NTUyL3BlaW5zLWZldXgtc3VyLWthbmFuYXMvIiBkYXRhLXR5cGU9ImxpbmsiIGRhdGEtaWQ9Imh0dHBzOi8vd3d3LmthbmFuYXMuY29tL2FzdGE5NTUyL3BsZWlucy1mZXV4LXN1ci1rYW5hbmFzLyI+bDwvYT4gdGFyZ2V0PSJfYmxhbmsiIHJlbD0ibm9yZWZlcnJlciBub29wZW5lciI8YSBocmVmPSJodHRwczovL3d3dy5rYW5hbmFzLmNvbS9hc3RhOTU1Mi9wZWlucy1mZXV4LXN1ci1rYW5hbmFzLyIgZGF0YS10eXBlPSJsaW5rIiBkYXRhLWlkPSJodHRwczovL3d3dy5rYW5hbmFzLmNvbS9hc3RhOTU1Mi9wbGVpbnMtZmV1eC1zdXIta2FuYW5hcy8iIHRhcmdldD0iX2JsYW5rIiByZWw9Im5vcmVmZXJyZXIgbm9vcGVuZXIiPmw8L2E+c3RhdGV2ZXJzaW9uwqBjbGllbnRJZGlzVmFsaWRuYW1lYXR0cmlidXRlc2NvbnRlbnRkcm9wQ2FwaW5uZXJCbG9ja3NkZG9yaWdpbmFsQ29udGVudDxzdHJvbmc+QSBiaWVudMO0dCBzdXIgS2FuYW5hczwvc3Ryb25nPnN0eWxldGV4dENvbG9yPHN0cm9uZz5FbiBhdHRlbmFudCwgdm91cyBhdmV6IGxhIHBvc3NpYmlsaXTDqSBkZSB0w6lsw6ljaGFyZ2VyIGxhIGRlcm5pw6hyZSB2ZXJzaW9uIGR1IDxhIGhyZWY9Imh0dHBzOi8vZHJpdmUuZ29vZ2xlLmNvbS9maWxlL2QvMTdFV1RmeVQ2RGxGQ0oybFYzOEd5X1lmczFnM2ZERkthL3ZpZXc\/dXNwPWRyaXZlX2xpbmsiIGRhdGEtdHlwZT0ibGluayIgZGF0YS1pZD0iaHR0cHM6Ly9kcml2ZS5nb29nbGUuY29tL2ZpbGUvZC8xN0VXVGZ5VDZEbEZDSjJsVjM4R3lfWWZzMWczZkRGS2Evdmlldz91c3A9ZHJpdmVfbGluayIgdGFyZ2V0PSJfYmxhbmsiIHJlbD0ibm9yZWZlcnJlciBub29wZW5lciI+Z3VpZGUgQWRow6lyZW50IEtBTkFOQVM8L2E+IGV0IGRlIGNvbnN1bHRlciA8YSBocmVmPSJodHRwczovL3d3dy5rYW5hbmFzLmNvbS9hc3RhOTU1Mi9wbGVpbnMtZmV1eC1zdXIta2FuYW5hcy8iIGRhdGEtdHlwZT0ibGluayIgZGF0YS1pZD0iaHR0cHM6Ly93d3cua2FuYW5hcy5jb20vYXN0YTk1NTIvcGxlaW5zLWZldXgtc3VyLWthbmFuYXMvIiB0YXJnZXQ9Il9ibGFuayIgcmVsPSJub3JlZmVycmVyIG5vb3BlbmVyIj5sJ2FydGljbGUgY29uc2FjcsOpIMOgIEthbmFuYXMgPC9hPnBvdXIgdW4gcmFwcGVsIGRlcyBkYXRlcyBkZXMgc8OpYW5jZXMgZCdpbmZvcm1hdGlvbnMgZW4gc2FsbGUgZGUgY29uZsOpcmVuY2VzIGV0IGRlcyBBdGVsaWVycy48L3N0cm9uZz48c3Ryb25nPkEgcGFydGlyIHUgMWVyIGp1aWxsZXQgMjAyNiwgdm91cyBwb3VycmV6IHZvdXMgY29ubmVjdGVyIMOgIHZvdHJlIGNvbXB0ZSBwZXJzb25uZWwgS0FOQU5BUywgdm91cyBpbnNjcmlyZSDDoCB1bmUgYWN0aXZpdMOpLCBhbGltZW50ZXIgdm90cmUgY29tcHRlIChwYXIgQ0IpLCByZW5vdXZlbGVyIHZvdHJlIGFkaMOpc2lvbsKgIC4uLiBlbmNvcmUgdW4gcGV1IGRlIHBhdGllbmNlIOKApjwvc3Ryb25nPi0tPgo8cD48L3A+CjwhLS0gL3dwOnBhcmFncmFwaCAtLT4KCjwhLS0gd3A6cGFyYWdyYXBoIMKgBQcIBAgECAYIBRoIBxKABo4BAQJBAYgEHggHCAYIDggOCAtIAQRTABdSABkbF1wAHQ8XEBEZHRIRFxYXGhsYGwkIBggHDwQKB7wCLwcFCQsIBw8ECkMABwIIDwULBQcFBwgHDwQKRwAFCQsBBAIBBSNBBBAIBw8ECkcABQkLGxEBIqsCBQg+QQQQEUEAAkEGLC0CECKyAYoBAiMBBRMIBw8ECkcABQkLAZsBBwIHAQVDAAECQQAHAgEIIpEDQQEIQQMDCAkICQgBCQhBAAkXOAUJRwCfAQcEKhc4BQlHAJACBCusAQIEKiuYAgQFBwEIBwQKRwALQQAPJgUJELMKEZQDNgEXAQQAAAEAAAABBgAaAQAAGAEBAB8BAAAcQgEBAEEAAgBBAAIAQQACAEEAAgBBAAIAQQACADFBAjZBIQhBFbwCL0EDDhO+AUEGDAYBBAFCAAMHQgANAghBAr4BQQEDAgRBAQIICUEgApACAH0BdxMyMDI1LTA5LTA4VDExOjU0OjU1dxplc3BhY2UtYWRoZXJlbnRzLW5vbi1kaXNwb3cHcHVibGlzaH2jJn0AdwZjbG9zZWR3BmNsb3NlZHcAdwdkZWZhdWx0dwB3B2RlZmF1bHR3B2RlZmF1bHR3B2RlZmF1bHR3AHcAdwB3AHcAdwB3CGRpc2FibGVkdwB3AHcAdwB3AHcAdwB3AHcAdwB3B2RlZmF1bHR3B2RlZmF1bHR2AwdkZXNrdG9wdgwQYmFja2dyb3VuZC1jb2xvcncZdmFyKC0tYXN0LWdsb2JhbC1jb2xvci00KRBiYWNrZ3JvdW5kLWltYWdldwARYmFja2dyb3VuZC1yZXBlYXR3BnJlcGVhdBNiYWNrZ3JvdW5kLXBvc2l0aW9udw1jZW50ZXIgY2VudGVyD2JhY2tncm91bmQtc2l6ZXcEYXV0bxViYWNrZ3JvdW5kLWF0dGFjaG1lbnR3BnNjcm9sbA9iYWNrZ3JvdW5kLXR5cGV3ABBiYWNrZ3JvdW5kLW1lZGlhdwAMb3ZlcmxheS10eXBldwANb3ZlcmxheS1jb2xvcncAD292ZXJsYXktb3BhY2l0eXcAEG92ZXJsYXktZ3JhZGllbnR3AAZ0YWJsZXR2DBBiYWNrZ3JvdW5kLWNvbG9ydwAQYmFja2dyb3VuZC1pbWFnZXcAEWJhY2tncm91bmQtcmVwZWF0dwZyZXBlYXQTYmFja2dyb3VuZC1wb3NpdGlvbncNY2VudGVyIGNlbnRlcg9iYWNrZ3JvdW5kLXNpemV3BGF1dG8VYmFja2dyb3VuZC1hdHRhY2htZW50dwZzY3JvbGwPYmFja2dyb3VuZC10eXBldwAQYmFja2dyb3VuZC1tZWRpYXcADG92ZXJsYXktdHlwZXcADW92ZXJsYXktY29sb3J3AA9vdmVybGF5LW9wYWNpdHl3ABBvdmVybGF5LWdyYWRpZW50dwAGbW9iaWxldgwQYmFja2dyb3VuZC1jb2xvcncAEGJhY2tncm91bmQtaW1hZ2V3ABFiYWNrZ3JvdW5kLXJlcGVhdHcGcmVwZWF0E2JhY2tncm91bmQtcG9zaXRpb253DWNlbnRlciBjZW50ZXIPYmFja2dyb3VuZC1zaXpldwRhdXRvFWJhY2tncm91bmQtYXR0YWNobWVudHcGc2Nyb2xsD2JhY2tncm91bmQtdHlwZXcAEGJhY2tncm91bmQtbWVkaWF3AAxvdmVybGF5LXR5cGV3AA1vdmVybGF5LWNvbG9ydwAPb3ZlcmxheS1vcGFjaXR5dwAQb3ZlcmxheS1ncmFkaWVudHcAdgMHZGVza3RvcHYMEGJhY2tncm91bmQtY29sb3J3GXZhcigtLWFzdC1nbG9iYWwtY29sb3ItNSkQYmFja2dyb3VuZC1pbWFnZXcAEWJhY2tncm91bmQtcmVwZWF0dwZyZXBlYXQTYmFja2dyb3VuZC1wb3NpdGlvbncNY2VudGVyIGNlbnRlcg9iYWNrZ3JvdW5kLXNpemV3BGF1dG8VYmFja2dyb3VuZC1hdHRhY2htZW50dwZzY3JvbGwPYmFja2dyb3VuZC10eXBldwAQYmFja2dyb3VuZC1tZWRpYXcADG92ZXJsYXktdHlwZXcADW92ZXJsYXktY29sb3J3AA9vdmVybGF5LW9wYWNpdHl3ABBvdmVybGF5LWdyYWRpZW50dwAGdGFibGV0dgwQYmFja2dyb3VuZC1jb2xvcncZdmFyKC0tYXN0LWdsb2JhbC1jb2xvci01KRBiYWNrZ3JvdW5kLWltYWdldwARYmFja2dyb3VuZC1yZXBlYXR3BnJlcGVhdBNiYWNrZ3JvdW5kLXBvc2l0aW9udw1jZW50ZXIgY2VudGVyD2JhY2tncm91bmQtc2l6ZXcEYXV0bxViYWNrZ3JvdW5kLWF0dGFjaG1lbnR3BnNjcm9sbA9iYWNrZ3JvdW5kLXR5cGV3ABBiYWNrZ3JvdW5kLW1lZGlhdwAMb3ZlcmxheS10eXBldwANb3ZlcmxheS1jb2xvcncAD292ZXJsYXktb3BhY2l0eXcAEG92ZXJsYXktZ3JhZGllbnR3AAZtb2JpbGV2DBBiYWNrZ3JvdW5kLWNvbG9ydxl2YXIoLS1hc3QtZ2xvYmFsLWNvbG9yLTUpEGJhY2tncm91bmQtaW1hZ2V3ABFiYWNrZ3JvdW5kLXJlcGVhdHcGcmVwZWF0E2JhY2tncm91bmQtcG9zaXRpb253DWNlbnRlciBjZW50ZXIPYmFja2dyb3VuZC1zaXpldwRhdXRvFWJhY2tncm91bmQtYXR0YWNobWVudHcGc2Nyb2xsD2JhY2tncm91bmQtdHlwZXcAEGJhY2tncm91bmQtbWVkaWF3AAxvdmVybGF5LXR5cGV3AA1vdmVybGF5LWNvbG9ydwAPb3ZlcmxheS1vcGFjaXR5dwAQb3ZlcmxheS1ncmFkaWVudHcAdwB4dw5jb3JlL3BhcmFncmFwaHl2AQhlbGVtZW50c3YBBGxpbmt2AQVjb2xvcnYBBHRleHR3I3ZhcjpwcmVzZXR8Y29sb3J8YXN0LWdsb2JhbC1jb2xvci0xdxJhc3QtZ2xvYmFsLWNvbG9yLTF3JDdkOTIyYTYwLWJjMGItNDZlMC1iMGRjLThiYTJhYzdjMjBlNHh3yAE8ZmlndXJlIGNsYXNzPSJ3cC1ibG9jay1pbWFnZSBhbGlnbmNlbnRlciBzaXplLWZ1bGwiPjxpbWcgc3JjPSJodHRwczovL3d3dy5rYW5hbmFzLmNvbS9hc3RhOTU1Mi93cC1jb250ZW50L3VwbG9hZHMvc2l0ZXMvMjI5OS8yMDI1LzA5L3BhZ2UtZW4tY29uc3RydWN0aW9uLnBuZyIgYWx0PSIiIGNsYXNzPSJ3cC1pbWFnZS0zMjkzIiAvPjwvZmlndXJlPncKY29yZS9pbWFnZXdfaHR0cHM6Ly93d3cua2FuYW5hcy5jb20vYXN0YTk1NTIvd3AtY29udGVudC91cGxvYWRzL3NpdGVzLzIyOTkvMjAyNS8wOS9wYWdlLWVuLWNvbnN0cnVjdGlvbi5wbmd3AH2dM3cEZnVsbHcEbm9uZXcGY2VudGVyeHcOY29yZS9wYXJhZ3JhcGh5dgEIZWxlbWVudHN2AQRsaW5rdgEFY29sb3J2AQR0ZXh0dyN2YXI6cHJlc2V0fGNvbG9yfGFzdC1nbG9iYWwtY29sb3ItMXcSYXN0LWdsb2JhbC1jb2xvci0xeHcOY29yZS9wYXJhZ3JhcGh5dgEIZWxlbWVudHN2AQRsaW5rdgEFY29sb3J2AQR0ZXh0dyN2YXI6cHJlc2V0fGNvbG9yfGFzdC1nbG9iYWwtY29sb3ItMXcSYXN0LWdsb2JhbC1jb2xvci0xeHcOY29yZS9wYXJhZ3JhcGh5dgEIZWxlbWVudHN2AQRsaW5rdgEFY29sb3J2AQR0ZXh0dyN2YXI6cHJlc2V0fGNvbG9yfGFzdC1nbG9iYWwtY29sb3ItMXcSYXN0LWdsb2JhbC1jb2xvci0xLQB3JDJmZDk0ZGUzLTAwZmYtNDIxZS1hMTk2LTVlNGY4YjdmZWQ5OHe7AjxwIGNsYXNzPSJoYXMtYXN0LWdsb2JhbC1jb2xvci0xLWNvbG9yIGhhcy10ZXh0LWNvbG9yIGhhcy1saW5rLWNvbG9yIj48c3Ryb25nPkEgcGFydGlyIGR1IDFlciBqdWlsbGV0IDIwMjYsIHZvdXMgcG91cnJleiB2b3VzIGNvbm5lY3RlciDDoCB2b3RyZSBjb21wdGUgcGVyc29ubmVsIEtBTkFOQVMsIHZvdXMgaW5zY3JpcmUgw6AgdW5lIGFjdGl2aXTDqSwgYWxpbWVudGVyIHZvdHJlIGNvbXB0ZSAocGFyIENCKSwgcmVub3V2ZWxlciB2b3RyZSBhZGjDqXNpb24mbmJzcDsgLi4uIGVuY29yZSB1biBwZXUgZGUgcGF0aWVuY2Ug4oCmPC9zdHJvbmc+PC9wPnckZDZjODM1MmQtMWExMi00ZTMzLWFiNmYtNjZiMzU0M2YwY2Vkd5cGPHAgY2xhc3M9Imhhcy1hc3QtZ2xvYmFsLWNvbG9yLTEtY29sb3IgaGFzLXRleHQtY29sb3IgaGFzLWxpbmstY29sb3IiPjxzdHJvbmc+RW4gYXR0ZW5kYW50LCB2b3VzIGF2ZXogbGEgcG9zc2liaWxpdMOpIGRlIHTDqWzDqWNoYXJnZXIgbGEgZGVybmnDqHJlIHZlcnNpb24gZHUgPGEgaHJlZj0iaHR0cHM6Ly9kcml2ZS5nb29nbGUuY29tL2ZpbGUvZC8xN0VXVGZ5VDZEbEZDSjJsVjM4R3lfWWZzMWczZkRGS2Evdmlldz91c3A9ZHJpdmVfbGluayIgZGF0YS10eXBlPSJsaW5rIiBkYXRhLWlkPSJodHRwczovL2RyaXZlLmdvb2dsZS5jb20vZmlsZS9kLzE3RVdUZnlUNkRsRkNKMmxWMzhHeV9ZZnMxZzNmREZLYS92aWV3P3VzcD1kcml2ZV9saW5rIiB0YXJnZXQ9Il9ibGFuayIgcmVsPSJub3JlZmVycmVyIG5vb3BlbmVyIj5ndWlkZSBBZGjDqXJlbnQgS0FOQU5BUzwvYT4gZXQgZGUgY29uc3VsdGVyIDxhIGhyZWY9Imh0dHBzOi8vd3d3LmthbmFuYXMuY29tL2FzdGE5NTUyL3BsZWlucy1mZXV4LXN1ci1rYW5hbmFzLyIgZGF0YS10eXBlPSJsaW5rIiBkYXRhLWlkPSJodHRwczovL3d3dy5rYW5hbmFzLmNvbS9hc3RhOTU1Mi9wbGVpbnMtZmV1eC1zdXIta2FuYW5hcy8iIHRhcmdldD0iX2JsYW5rIiByZWw9Im5vcmVmZXJyZXIgbm9vcGVuZXIiPmwnYXJ0aWNsZSBjb25zYWNyw6kgw6AgS2FuYW5hcyA8L2E+cG91ciB1biByYXBwZWwgZGVzIGRhdGVzIGRlcyBzw6lhbmNlcyBkJ2luZm9ybWF0aW9ucyBlbiBzYWxsZSBkZSBjb25mw6lyZW5jZXMgZXQgZGVzIEF0ZWxpZXJzLjwvc3Ryb25nPjwvcD53JGZiMzRiNDVkLTFhOTItNGZlMC1iMzY1LThmMzEzODQ0YjVlOXdxPHAgY2xhc3M9Imhhcy1hc3QtZ2xvYmFsLWNvbG9yLTEtY29sb3IgaGFzLXRleHQtY29sb3IgaGFzLWxpbmstY29sb3IiPjxzdHJvbmc+QSBiaWVudMO0dCBzdXIgS2FuYW5hczwvc3Ryb25nPjwvcD53JDIxZGY1OTg2LTEwZjMtNDg4Zi1iZWEzLTI4YTczMDQ2ZDZiNndKPHAgY2xhc3M9Imhhcy1hc3QtZ2xvYmFsLWNvbG9yLTEtY29sb3IgaGFzLXRleHQtY29sb3IgaGFzLWxpbmstY29sb3IiPjwvcD57Qnnc9QnrgAB9vO2OOHckMTA4Y2U3NzgtOGNlYi00Yjc2LTlkNDQtZGNlNWQ1OTRhNTFkeHcOY29yZS9wYXJhZ3JhcGh5dyQxMDhjZTc3OC04Y2ViLTRiNzYtOWQ0NC1kY2U1ZDU5NGE1MWR3JGZiMzRiNDVkLTFhOTItNGZlMC1iMzY1LThmMzEzODQ0YjVlOXdxPHAgY2xhc3M9Imhhcy1hc3QtZ2xvYmFsLWNvbG9yLTEtY29sb3IgaGFzLXRleHQtY29sb3IgaGFzLWxpbmstY29sb3IiPjxzdHJvbmc+QSBiaWVudMO0dCBzdXIgS2FuYW5hczwvc3Ryb25nPjwvcD52AQhlbGVtZW50c3YBBGxpbmt2AQVjb2xvcnYBBHRleHR3I3ZhcjpwcmVzZXR8Y29sb3J8YXN0LWdsb2JhbC1jb2xvci0xdxJhc3QtZ2xvYmFsLWNvbG9yLTF3JDEwOGNlNzc4LThjZWItNGI3Ni05ZDQ0LWRjZTVkNTk0YTUxZHckZDZjODM1MmQtMWExMi00ZTMzLWFiNmYtNjZiMzU0M2YwY2Vkd5cGPHAgY2xhc3M9Imhhcy1hc3QtZ2xvYmFsLWNvbG9yLTEtY29sb3IgaGFzLXRleHQtY29sb3IgaGFzLWxpbmstY29sb3IiPjxzdHJvbmc+RW4gYXR0ZW5kYW50LCB2b3VzIGF2ZXogbGEgcG9zc2liaWxpdMOpIGRlIHTDqWzDqWNoYXJnZXIgbGEgZGVybmnDqHJlIHZlcnNpb24gZHUgPGEgaHJlZj0iaHR0cHM6Ly9kcml2ZS5nb29nbGUuY29tL2ZpbGUvZC8xN0VXVGZ5VDZEbEZDSjJsVjM4R3lfWWZzMWczZkRGS2Evdmlldz91c3A9ZHJpdmVfbGluayIgZGF0YS10eXBlPSJsaW5rIiBkYXRhLWlkPSJodHRwczovL2RyaXZlLmdvb2dsZS5jb20vZmlsZS9kLzE3RVdUZnlUNkRsRkNKMmxWMzhHeV9ZZnMxZzNmREZLYS92aWV3P3VzcD1kcml2ZV9saW5rIiB0YXJnZXQ9Il9ibGFuayIgcmVsPSJub3JlZmVycmVyIG5vb3BlbmVyIj5ndWlkZSBBZGjDqXJlbnQgS0FOQU5BUzwvYT4gZXQgZGUgY29uc3VsdGVyIDxhIGhyZWY9Imh0dHBzOi8vd3d3LmthbmFuYXMuY29tL2FzdGE5NTUyL3BsZWlucy1mZXV4LXN1ci1rYW5hbmFzLyIgZGF0YS10eXBlPSJsaW5rIiBkYXRhLWlkPSJodHRwczovL3d3dy5rYW5hbmFzLmNvbS9hc3RhOTU1Mi9wbGVpbnMtZmV1eC1zdXIta2FuYW5hcy8iIHRhcmdldD0iX2JsYW5rIiByZWw9Im5vcmVmZXJyZXIgbm9vcGVuZXIiPmwnYXJ0aWNsZSBjb25zYWNyw6kgw6AgS2FuYW5hcyA8L2E+cG91ciB1biByYXBwZWwgZGVzIGRhdGVzIGRlcyBzw6lhbmNlcyBkJ2luZm9ybWF0aW9ucyBlbiBzYWxsZSBkZSBjb25mw6lyZW5jZXMgZXQgZGVzIEF0ZWxpZXJzLjwvc3Ryb25nPjwvcD52AQhlbGVtZW50c3YBBGxpbmt2AQVjb2xvcnYBBHRleHR3I3ZhcjpwcmVzZXR8Y29sb3J8YXN0LWdsb2JhbC1jb2xvci0xdxJhc3QtZ2xvYmFsLWNvbG9yLTF3JDEwOGNlNzc4LThjZWItNGI3Ni05ZDQ0LWRjZTVkNTk0YTUxZHckMmZkOTRkZTMtMDBmZi00MjFlLWExOTYtNWU0ZjhiN2ZlZDk4d7sCPHAgY2xhc3M9Imhhcy1hc3QtZ2xvYmFsLWNvbG9yLTEtY29sb3IgaGFzLXRleHQtY29sb3IgaGFzLWxpbmstY29sb3IiPjxzdHJvbmc+QSBwYXJ0aXIgZHUgMWVyIGp1aWxsZXQgMjAyNiwgdm91cyBwb3VycmV6IHZvdXMgY29ubmVjdGVyIMOgIHZvdHJlIGNvbXB0ZSBwZXJzb25uZWwgS0FOQU5BUywgdm91cyBpbnNjcmlyZSDDoCB1bmUgYWN0aXZpdMOpLCBhbGltZW50ZXIgdm90cmUgY29tcHRlIChwYXIgQ0IpLCByZW5vdXZlbGVyIHZvdHJlIGFkaMOpc2lvbiZuYnNwOyAuLi4gZW5jb3JlIHVuIHBldSBkZSBwYXRpZW5jZSDigKY8L3N0cm9uZz48L3A+dgEIZWxlbWVudHN2AQRsaW5rdgEFY29sb3J2AQR0ZXh0dyN2YXI6cHJlc2V0fGNvbG9yfGFzdC1nbG9iYWwtY29sb3ItMXcSYXN0LWdsb2JhbC1jb2xvci0xAueNuewFKTI1gAMA3AIAQQgBAAEAA+oBAQEPAQEAAQAD6gEBAQEHAd0BAQABAAc\/2gEAZwMCAAEBAgEBAgEGAQEBAQEM9AIcAQABAAN9AQEBdBgAAgABAPsBHQMmJf4B\/wHJAfy2hxwFAAcEAAEABgErAA==\",\"updateId\":591794521}","site-sidebar-layout":"default","site-content-layout":"","ast-site-content-layout":"default","site-content-style":"default","site-sidebar-style":"default","ast-global-header-display":"","ast-banner-title-visibility":"","ast-main-header-display":"","ast-hfb-above-header-display":"","ast-hfb-below-header-display":"","ast-hfb-mobile-header-display":"","site-post-title":"disabled","ast-breadcrumbs-content":"","ast-featured-img":"","footer-sml-layout":"","ast-disable-related-posts":"","theme-transparent-header-meta":"","adv-header-id-meta":"","stick-header-meta":"","header-above-stick-meta":"","header-main-stick-meta":"","header-below-stick-meta":"","astra-migrate-meta-layouts":"default","ast-page-background-enabled":"default","ast-page-background-meta":{"desktop":{"background-color":"var(--ast-global-color-4)","background-image":"","background-repeat":"repeat","background-position":"center center","background-size":"auto","background-attachment":"scroll","background-type":"","background-media":"","overlay-type":"","overlay-color":"","overlay-opacity":"","overlay-gradient":""},"tablet":{"background-color":"","background-image":"","background-repeat":"repeat","background-position":"center center","background-size":"auto","background-attachment":"scroll","background-type":"","background-media":"","overlay-type":"","overlay-color":"","overlay-opacity":"","overlay-gradient":""},"mobile":{"background-color":"","background-image":"","background-repeat":"repeat","background-position":"center center","background-size":"auto","background-attachment":"scroll","background-type":"","background-media":"","overlay-type":"","overlay-color":"","overlay-opacity":"","overlay-gradient":""}},"ast-content-background-meta":{"desktop":{"background-color":"var(--ast-global-color-5)","background-image":"","background-repeat":"repeat","background-position":"center center","background-size":"auto","background-attachment":"scroll","background-type":"","background-media":"","overlay-type":"","overlay-color":"","overlay-opacity":"","overlay-gradient":""},"tablet":{"background-color":"var(--ast-global-color-5)","background-image":"","background-repeat":"repeat","background-position":"center center","background-size":"auto","background-attachment":"scroll","background-type":"","background-media":"","overlay-type":"","overlay-color":"","overlay-opacity":"","overlay-gradient":""},"mobile":{"background-color":"var(--ast-global-color-5)","background-image":"","background-repeat":"repeat","background-position":"center center","background-size":"auto","background-attachment":"scroll","background-type":"","background-media":"","overlay-type":"","overlay-color":"","overlay-opacity":"","overlay-gradient":""}},"footnotes":""},"class_list":["post-3283","page","type-page","status-publish","hentry"],"_links":{"self":[{"href":"https:\/\/www.kananas.com\/asta9552\/wp-json\/wp\/v2\/pages\/3283","targetHints":{"allow":["GET"]}}],"collection":[{"href":"https:\/\/www.kananas.com\/asta9552\/wp-json\/wp\/v2\/pages"}],"about":[{"href":"https:\/\/www.kananas.com\/asta9552\/wp-json\/wp\/v2\/types\/page"}],"author":[{"embeddable":true,"href":"https:\/\/www.kananas.com\/asta9552\/wp-json\/wp\/v2\/users\/2467"}],"replies":[{"embeddable":true,"href":"https:\/\/www.kananas.com\/asta9552\/wp-json\/wp\/v2\/comments?post=3283"}],"version-history":[{"count":10,"href":"https:\/\/www.kananas.com\/asta9552\/wp-json\/wp\/v2\/pages\/3283\/revisions"}],"predecessor-version":[{"id":4146,"href":"https:\/\/www.kananas.com\/asta9552\/wp-json\/wp\/v2\/pages\/3283\/revisions\/4146"}],"wp:attachment":[{"href":"https:\/\/www.kananas.com\/asta9552\/wp-json\/wp\/v2\/media?parent=3283"}],"curies":[{"name":"wp","href":"https:\/\/api.w.org\/{rel}","templated":true}]}}