{"id":518,"date":"2025-03-11T15:22:52","date_gmt":"2025-03-11T14:22:52","guid":{"rendered":"https:\/\/www.kananas.com\/asta9552\/?page_id=518"},"modified":"2026-02-27T14:22:28","modified_gmt":"2026-02-27T13:22:28","slug":"mentions-legales","status":"publish","type":"page","link":"https:\/\/www.kananas.com\/asta9552\/mentions-legales\/","title":{"rendered":"Mentions l\u00e9gales"},"content":{"rendered":"\n<p class=\"wp-block-paragraph\"><strong>1. \u00c9diteur du site<\/strong><\/p>\n\n\n\n<ul class=\"wp-block-list\">\n<li><strong>Nom du site<\/strong>&nbsp;: Site de l&rsquo;Asta<\/li>\n\n\n\n<li><strong>Adresse du site<\/strong>&nbsp;: https:\/\/www.kananas.com\/asta9552<\/li>\n<\/ul>\n\n\n\n<p class=\"wp-block-paragraph\"><strong>Propri\u00e9taire<\/strong>&nbsp;:<\/p>\n\n\n\n<ul class=\"wp-block-list\">\n<li>ASTA<\/li>\n\n\n\n<li>Association loi 1901<\/li>\n\n\n\n<li>6 rue Berthe de Boissieux 38000 Grenoble<\/li>\n\n\n\n<li>04 76 46 50 68<\/li>\n\n\n\n<li><a href=\"mailto:asta38@asta38.com\" data-type=\"mailto\" data-id=\"mailto:asta38@asta38.com\">asta38@asta38.com<\/a><\/li>\n<\/ul>\n\n\n\n<p class=\"wp-block-paragraph\"><strong>2. H\u00e9bergement du site<\/strong><\/p>\n\n\n\n<ul class=\"wp-block-list\">\n<li><strong>H\u00e9bergeur<\/strong>&nbsp;: Kananas<\/li>\n\n\n\n<li><strong>Site web<\/strong>&nbsp;: kananas.com<\/li>\n\n\n\n<li><strong>Webmestre <\/strong>: <a href=\"mailto:comminfqasta@gmail.com\" target=\"_blank\" rel=\"noreferrer noopener\">comminfqasta@gmail.com<\/a><\/li>\n<\/ul>\n\n\n\n<p class=\"wp-block-paragraph\"><strong>3. Responsable de la publication<\/strong><\/p>\n\n\n\n<ul class=\"wp-block-list\">\n<li>Patrick VANHESSCHE, Pr\u00e9sident<\/li>\n<\/ul>\n\n\n\n<p class=\"wp-block-paragraph\"><strong>4. Propri\u00e9t\u00e9 intellectuelle<\/strong><\/p>\n\n\n\n<p class=\"wp-block-paragraph\">Tous les contenus pr\u00e9sents sur ce site, incluant, de mani\u00e8re non limitative, les graphismes, images, textes, vid\u00e9os, animations, sons, logos, gifs et ic\u00f4nes ainsi que leur mise en forme sont la propri\u00e9t\u00e9 exclusive de l&rsquo;ASTA, \u00e0 l&rsquo;exception des marques, logos ou contenus appartenant \u00e0 d&rsquo;autres soci\u00e9t\u00e9s partenaires ou auteurs.<\/p>\n\n\n\n<p class=\"wp-block-paragraph\"><strong>5. Donn\u00e9es personnelles<\/strong><\/p>\n\n\n\n<p class=\"wp-block-paragraph\">Conform\u00e9ment \u00e0 la loi \u00ab&nbsp;Informatique et Libert\u00e9s&nbsp;\u00bb du 6 janvier 1978 modifi\u00e9e, vous disposez d&rsquo;un droit d&rsquo;acc\u00e8s, de rectification et de suppression des donn\u00e9es personnelles vous concernant. Pour l&rsquo;exercer, adressez-vous \u00e0&nbsp;: [Adresse e-mail de contact].<\/p>\n\n\n\n<p class=\"wp-block-paragraph\"><strong>6. Cookies<\/strong><\/p>\n\n\n\n<p class=\"wp-block-paragraph\">Le site peut \u00eatre amen\u00e9 \u00e0 vous demander l&rsquo;acceptation des cookies pour des besoins de statistiques et d&rsquo;affichage. Un cookie est une information d\u00e9pos\u00e9e sur votre disque dur par le serveur du site que vous visitez. Il contient plusieurs donn\u00e9es qui sont stock\u00e9es sur votre ordinateur dans un simple fichier texte auquel un serveur acc\u00e8de pour lire et enregistrer des informations. Certaines parties de ce site ne peuvent \u00eatre fonctionnelles sans l\u2019acceptation de cookies.<\/p>\n\n\n\n<p class=\"wp-block-paragraph\"><strong>7. Liens hypertextes<\/strong><\/p>\n\n\n\n<p class=\"wp-block-paragraph\">Les sites internet peuvent offrir des liens vers d\u2019autres sites internet ou d\u2019autres ressources disponibles sur Internet. [Nom du site] ne dispose d&rsquo;aucun moyen pour contr\u00f4ler les sites en connexion avec ses sites internet. [Nom du site] ne r\u00e9pond pas de la disponibilit\u00e9 de tels sites et sources externes, ni ne la garantit. Elle ne peut \u00eatre tenue pour responsable de tout dommage, de quelque nature que ce soit, r\u00e9sultant du contenu de ces sites ou sources externes, et notamment des informations, produits ou services qu\u2019ils proposent, ou de tout usage qui peut \u00eatre fait de ces \u00e9l\u00e9ments. Les risques li\u00e9s \u00e0 cette utilisation incombent pleinement \u00e0 l&rsquo;internaute, qui doit se conformer \u00e0 leurs conditions d&rsquo;utilisation.<\/p>\n","protected":false},"excerpt":{"rendered":"<p>1. \u00c9diteur du site Propri\u00e9taire&nbsp;: 2. H\u00e9bergement du site 3. Responsable de la publication 4. Propri\u00e9t\u00e9 intellectuelle Tous les contenus pr\u00e9sents sur ce site, incluant, de mani\u00e8re non limitative, les graphismes, images, textes, vid\u00e9os, animations, sons, logos, gifs et ic\u00f4nes ainsi que leur mise en forme sont la propri\u00e9t\u00e9 exclusive de l&rsquo;ASTA, \u00e0 l&rsquo;exception des [&hellip;]<\/p>\n","protected":false},"author":2467,"featured_media":0,"parent":0,"menu_order":0,"comment_status":"closed","ping_status":"closed","template":"","meta":{"_crdt_document":"","site-sidebar-layout":"default","site-content-layout":"","ast-site-content-layout":"default","site-content-style":"default","site-sidebar-style":"default","ast-global-header-display":"","ast-banner-title-visibility":"","ast-main-header-display":"","ast-hfb-above-header-display":"","ast-hfb-below-header-display":"","ast-hfb-mobile-header-display":"","site-post-title":"","ast-breadcrumbs-content":"","ast-featured-img":"","footer-sml-layout":"","ast-disable-related-posts":"","theme-transparent-header-meta":"","adv-header-id-meta":"","stick-header-meta":"","header-above-stick-meta":"","header-main-stick-meta":"","header-below-stick-meta":"","astra-migrate-meta-layouts":"default","ast-page-background-enabled":"default","ast-page-background-meta":{"desktop":{"background-color":"var(--ast-global-color-4)","background-image":"","background-repeat":"repeat","background-position":"center center","background-size":"auto","background-attachment":"scroll","background-type":"","background-media":"","overlay-type":"","overlay-color":"","overlay-opacity":"","overlay-gradient":""},"tablet":{"background-color":"","background-image":"","background-repeat":"repeat","background-position":"center center","background-size":"auto","background-attachment":"scroll","background-type":"","background-media":"","overlay-type":"","overlay-color":"","overlay-opacity":"","overlay-gradient":""},"mobile":{"background-color":"","background-image":"","background-repeat":"repeat","background-position":"center center","background-size":"auto","background-attachment":"scroll","background-type":"","background-media":"","overlay-type":"","overlay-color":"","overlay-opacity":"","overlay-gradient":""}},"ast-content-background-meta":{"desktop":{"background-color":"var(--ast-global-color-5)","background-image":"","background-repeat":"repeat","background-position":"center center","background-size":"auto","background-attachment":"scroll","background-type":"","background-media":"","overlay-type":"","overlay-color":"","overlay-opacity":"","overlay-gradient":""},"tablet":{"background-color":"var(--ast-global-color-5)","background-image":"","background-repeat":"repeat","background-position":"center center","background-size":"auto","background-attachment":"scroll","background-type":"","background-media":"","overlay-type":"","overlay-color":"","overlay-opacity":"","overlay-gradient":""},"mobile":{"background-color":"var(--ast-global-color-5)","background-image":"","background-repeat":"repeat","background-position":"center center","background-size":"auto","background-attachment":"scroll","background-type":"","background-media":"","overlay-type":"","overlay-color":"","overlay-opacity":"","overlay-gradient":""}},"footnotes":""},"class_list":["post-518","page","type-page","status-publish","hentry"],"_links":{"self":[{"href":"https:\/\/www.kananas.com\/asta9552\/wp-json\/wp\/v2\/pages\/518","targetHints":{"allow":["GET"]}}],"collection":[{"href":"https:\/\/www.kananas.com\/asta9552\/wp-json\/wp\/v2\/pages"}],"about":[{"href":"https:\/\/www.kananas.com\/asta9552\/wp-json\/wp\/v2\/types\/page"}],"author":[{"embeddable":true,"href":"https:\/\/www.kananas.com\/asta9552\/wp-json\/wp\/v2\/users\/2467"}],"replies":[{"embeddable":true,"href":"https:\/\/www.kananas.com\/asta9552\/wp-json\/wp\/v2\/comments?post=518"}],"version-history":[{"count":8,"href":"https:\/\/www.kananas.com\/asta9552\/wp-json\/wp\/v2\/pages\/518\/revisions"}],"predecessor-version":[{"id":3944,"href":"https:\/\/www.kananas.com\/asta9552\/wp-json\/wp\/v2\/pages\/518\/revisions\/3944"}],"wp:attachment":[{"href":"https:\/\/www.kananas.com\/asta9552\/wp-json\/wp\/v2\/media?parent=518"}],"curies":[{"name":"wp","href":"https:\/\/api.w.org\/{rel}","templated":true}]}}