{"id":906,"date":"2025-03-26T10:08:56","date_gmt":"2025-03-26T09:08:56","guid":{"rendered":"https:\/\/www.kananas.com\/asta9552\/?page_id=906"},"modified":"2026-01-08T16:22:45","modified_gmt":"2026-01-08T15:22:45","slug":"activites-physiques","status":"publish","type":"page","link":"https:\/\/www.kananas.com\/asta9552\/activites-physiques\/","title":{"rendered":"Activit\u00e9s physiques"},"content":{"rendered":"\n<h2 class=\"wp-block-heading alignwide has-text-align-center has-ast-global-color-0-color has-text-color has-link-color wp-elements-6224320087278a1269c245c95bec8b26\"><strong>Les activit\u00e9s physiques \u00e0 l&rsquo;Asta<\/strong><\/h2>\n\n\n\n<figure class=\"wp-block-image aligncenter size-large is-resized\"><img loading=\"lazy\" decoding=\"async\" width=\"1024\" height=\"683\" src=\"http:\/\/www.kananas.com\/asta9552\/wp-content\/uploads\/sites\/2299\/2024\/09\/yoga-old-1024x683.jpg\" alt=\"\" class=\"wp-image-57\" style=\"width:543px;height:auto\" srcset=\"https:\/\/www.kananas.com\/asta9552\/wp-content\/uploads\/sites\/2299\/2024\/09\/yoga-old-1024x683.jpg 1024w, https:\/\/www.kananas.com\/asta9552\/wp-content\/uploads\/sites\/2299\/2024\/09\/yoga-old-300x200.jpg 300w, https:\/\/www.kananas.com\/asta9552\/wp-content\/uploads\/sites\/2299\/2024\/09\/yoga-old-768x512.jpg 768w, https:\/\/www.kananas.com\/asta9552\/wp-content\/uploads\/sites\/2299\/2024\/09\/yoga-old-1536x1024.jpg 1536w, https:\/\/www.kananas.com\/asta9552\/wp-content\/uploads\/sites\/2299\/2024\/09\/yoga-old-2048x1365.jpg 2048w\" sizes=\"auto, (max-width: 1024px) 100vw, 1024px\" \/><\/figure>\n\n\n\n<h4 class=\"wp-block-heading has-ast-global-color-0-color has-text-color has-link-color has-medium-font-size wp-elements-9c8cb879e556830b07cd8a8c20ad1b17\">Les cours ont lieu du lundi 15 septembre 2025 jusqu&rsquo;au vendredi 19 juin 2026 inclus (hors vacances scolaires et jour f\u00e9ri\u00e9s l\u00e9gaux) \u00e0 Grenoble, Saint-Egreve, Echirolles, La Tronche mais aussi dans nos <strong>clubs locaux <\/strong>: Claix, Pontcharra, Vif et Meylan<\/h4>\n\n\n\n<p class=\"has-ast-global-color-0-color has-text-color has-link-color has-medium-font-size wp-elements-df2ff7776fc3fe2a86c0895ef90c3f7d wp-block-paragraph\"><strong>Activit\u00e9s propos\u00e9es :<\/strong> Danse de salon, Danse en ligne, Gym d&rsquo;entretien, Gym douce, Gym posturale dos, Marche nordique, Pilaforme, Pilates, Qi Gong, Yoga, Zumba senior.<\/p>\n\n\n\n<p class=\"has-ast-global-color-0-color has-text-color has-link-color has-medium-font-size wp-elements-d4cb82954d49fee7227c3a47ae51b119 wp-block-paragraph\"><strong>Nouveaut\u00e9&nbsp;<\/strong>: le cours de<strong> gym douce<\/strong> du vendredi matin \u00e0 9h30 au Centre Sportif Berthe de Boissieux (salle A) &#8211; 10 rue Berthe de Boissieux 38000 Grenoble &#8211; aura pour th\u00e8me \u00ab&nbsp;Mobilit\u00e9, \u00e9quilibre, \u00e9tirements&nbsp;\u00bb.<\/p>\n\n\n\n<p class=\"has-ast-global-color-0-color has-text-color has-link-color has-medium-font-size wp-elements-dfbee992774ee4df2266b4138237ddef wp-block-paragraph\">Pour toute information : mail \u00e0 <a href=\"mailto:activ-base.asta@asta38.com\" data-type=\"mailto\" data-id=\"mailto:activ-base.asta@asta38.com\" target=\"_blank\" rel=\"noreferrer noopener\">activ-base.asta@asta38.com <\/a> ou <a href=\"mailto:lobo.asta@asta38.com\" data-type=\"mailto\" data-id=\"mailto:lobo.asta@asta38.com\" target=\"_blank\" rel=\"noreferrer noopener\">lobo.asta@asta38.com<\/a><\/p>\n\n\n\n<hr class=\"wp-block-separator has-alpha-channel-opacity\" \/>\n\n\n\n<div class=\"wp-block-buttons is-content-justification-center is-layout-flex wp-container-core-buttons-is-layout-3e41869c wp-block-buttons-is-layout-flex\">\n<div class=\"wp-block-button has-custom-width wp-block-button__width-50\"><a class=\"wp-block-button__link wp-element-button\" href=\"https:\/\/drive.google.com\/file\/d\/1feQFDU3HtpOFAnq_GiVMHeZ4R2kWSmjq\/view?usp=drive_link\" target=\"_blank\" rel=\"noreferrer noopener\">Tableau des Activit\u00e9s physiques<\/a><\/div>\n\n\n\n<div class=\"wp-block-button has-custom-width wp-block-button__width-50\"><a class=\"wp-block-button__link wp-element-button\" href=\"https:\/\/drive.google.com\/file\/d\/1xdD77vItDpizhRkgE60TTkrXWJKQDtRo\/view?usp=drive_link\" target=\"_blank\" rel=\"noreferrer noopener\">Semainier des cours<\/a><\/div>\n<\/div>\n\n\n\n<h5 class=\"wp-block-heading has-text-align-left has-background\" style=\"background:linear-gradient(200deg,rgb(252,185,0) 0%,rgb(255,105,0) 100%)\">COURS GRENOBLE et AGGLOM\u00c9RATION<\/h5>\n\n\n\n<p class=\"wp-block-paragraph\">Inscription et r\u00e8glement&nbsp;sur le lieu d&rsquo;activit\u00e9, aupr\u00e8s du correspondant des activit\u00e9s physiques.<br>Idem pour les nouveaux, sur place, possibilit\u00e9 d&rsquo;essai gratuit dans un seul cours choisi.<\/p>\n\n\n\n<p class=\"wp-block-paragraph\">Engagement pour l&rsquo;ann\u00e9e. Possibilit\u00e9 de r\u00e9gler en 1 ou 3 ch\u00e8ques, dat\u00e9s du m\u00eame jour, remis \u00e0 l&rsquo;encaissement en octobre\/novembre, 15 janvier et 15 mars.<\/p>\n\n\n\n<p class=\"wp-block-paragraph\">L&rsquo;adh\u00e9sion annuelle \u00e0 l&rsquo;ASTA \u00ab&nbsp;Toutes activit\u00e9s&nbsp;\u00bb est obligatoire.<\/p>\n\n\n\n<h5 class=\"wp-block-heading has-background\" style=\"background:linear-gradient(200deg,rgb(252,185,0) 0%,rgb(255,105,0) 100%)\">COURS DES CLUBS LOCAUX<\/h5>\n\n\n\n<p class=\"wp-block-paragraph\"><strong>Liste des clubs<\/strong>&nbsp;: <\/p>\n\n\n\n<ul class=\"wp-block-list\">\n<li><strong>Gym&nbsp;<\/strong>: Claix, Meylan, Pontcharra <\/li>\n\n\n\n<li><strong>Aqua Gym&nbsp;<\/strong>: Club Vif\/Piscine caserne de Varces.<\/li>\n<\/ul>\n\n\n\n<p class=\"wp-block-paragraph\">L&rsquo;adh\u00e9sion annuelle \u00e0 l&rsquo;ASTA \u00ab&nbsp;Club&nbsp;\u00bb est r\u00e9serv\u00e9e aux adh\u00e9rents qui pratiquent les cours par l&rsquo;interm\u00e9diaire d&rsquo;un \u00ab&nbsp;club&nbsp;local \u00bb.<\/p>\n","protected":false},"excerpt":{"rendered":"<p>Les activit\u00e9s physiques \u00e0 l&rsquo;Asta Les cours ont lieu du lundi 15 septembre 2025 jusqu&rsquo;au vendredi 19 juin 2026 inclus (hors vacances scolaires et jour f\u00e9ri\u00e9s l\u00e9gaux) \u00e0 Grenoble, Saint-Egreve, Echirolles, La Tronche mais aussi dans nos clubs locaux : Claix, Pontcharra, Vif et Meylan Activit\u00e9s propos\u00e9es : Danse de salon, Danse en ligne, Gym [&hellip;]<\/p>\n","protected":false},"author":2467,"featured_media":0,"parent":0,"menu_order":0,"comment_status":"closed","ping_status":"closed","template":"","meta":{"_crdt_document":"","site-sidebar-layout":"default","site-content-layout":"","ast-site-content-layout":"","site-content-style":"default","site-sidebar-style":"default","ast-global-header-display":"","ast-banner-title-visibility":"","ast-main-header-display":"","ast-hfb-above-header-display":"","ast-hfb-below-header-display":"","ast-hfb-mobile-header-display":"","site-post-title":"","ast-breadcrumbs-content":"","ast-featured-img":"disabled","footer-sml-layout":"","ast-disable-related-posts":"","theme-transparent-header-meta":"","adv-header-id-meta":"","stick-header-meta":"","header-above-stick-meta":"","header-main-stick-meta":"","header-below-stick-meta":"","astra-migrate-meta-layouts":"default","ast-page-background-enabled":"default","ast-page-background-meta":{"desktop":{"background-color":"var(--ast-global-color-4)","background-image":"","background-repeat":"repeat","background-position":"center center","background-size":"auto","background-attachment":"scroll","background-type":"","background-media":"","overlay-type":"","overlay-color":"","overlay-opacity":"","overlay-gradient":""},"tablet":{"background-color":"","background-image":"","background-repeat":"repeat","background-position":"center center","background-size":"auto","background-attachment":"scroll","background-type":"","background-media":"","overlay-type":"","overlay-color":"","overlay-opacity":"","overlay-gradient":""},"mobile":{"background-color":"","background-image":"","background-repeat":"repeat","background-position":"center center","background-size":"auto","background-attachment":"scroll","background-type":"","background-media":"","overlay-type":"","overlay-color":"","overlay-opacity":"","overlay-gradient":""}},"ast-content-background-meta":{"desktop":{"background-color":"var(--ast-global-color-5)","background-image":"","background-repeat":"repeat","background-position":"center center","background-size":"auto","background-attachment":"scroll","background-type":"","background-media":"","overlay-type":"","overlay-color":"","overlay-opacity":"","overlay-gradient":""},"tablet":{"background-color":"var(--ast-global-color-5)","background-image":"","background-repeat":"repeat","background-position":"center center","background-size":"auto","background-attachment":"scroll","background-type":"","background-media":"","overlay-type":"","overlay-color":"","overlay-opacity":"","overlay-gradient":""},"mobile":{"background-color":"var(--ast-global-color-5)","background-image":"","background-repeat":"repeat","background-position":"center center","background-size":"auto","background-attachment":"scroll","background-type":"","background-media":"","overlay-type":"","overlay-color":"","overlay-opacity":"","overlay-gradient":""}},"footnotes":""},"class_list":["post-906","page","type-page","status-publish","hentry"],"_links":{"self":[{"href":"https:\/\/www.kananas.com\/asta9552\/wp-json\/wp\/v2\/pages\/906","targetHints":{"allow":["GET"]}}],"collection":[{"href":"https:\/\/www.kananas.com\/asta9552\/wp-json\/wp\/v2\/pages"}],"about":[{"href":"https:\/\/www.kananas.com\/asta9552\/wp-json\/wp\/v2\/types\/page"}],"author":[{"embeddable":true,"href":"https:\/\/www.kananas.com\/asta9552\/wp-json\/wp\/v2\/users\/2467"}],"replies":[{"embeddable":true,"href":"https:\/\/www.kananas.com\/asta9552\/wp-json\/wp\/v2\/comments?post=906"}],"version-history":[{"count":10,"href":"https:\/\/www.kananas.com\/asta9552\/wp-json\/wp\/v2\/pages\/906\/revisions"}],"predecessor-version":[{"id":3907,"href":"https:\/\/www.kananas.com\/asta9552\/wp-json\/wp\/v2\/pages\/906\/revisions\/3907"}],"wp:attachment":[{"href":"https:\/\/www.kananas.com\/asta9552\/wp-json\/wp\/v2\/media?parent=906"}],"curies":[{"name":"wp","href":"https:\/\/api.w.org\/{rel}","templated":true}]}}