{"id":449,"date":"2020-09-03T13:34:04","date_gmt":"2020-09-03T11:34:04","guid":{"rendered":"http:\/\/www.kananas.com\/bfam3080\/?page_id=449"},"modified":"2023-07-08T19:30:09","modified_gmt":"2023-07-08T17:30:09","slug":"calendriers","status":"publish","type":"page","link":"https:\/\/www.kananas.com\/bfam3080\/calendriers\/","title":{"rendered":"\ud83d\udccd Calendrier"},"content":{"rendered":"<p><span style=\"text-decoration: underline\">Calendrier des \u00e9v\u00e9nements de la FFFORCE :<\/span><\/p>\n<p>Ann\u00e9e 2023 : <a href=\"https:\/\/www.ffforce.fr\/medias\/fichiers\/Saison%202023\/FORCE%20ATHLETIQUE\/Calendrier%202023_V13.pdf\">Calendrier FFForce 2023<\/a> ; Source : <a href=\"https:\/\/www.ffforce.fr\/\">https:\/\/www.ffforce.fr\/<\/a><\/p>\n<p><span style=\"text-decoration: underline\">Calendrier des \u00e9v\u00e9nements de la LAURAF :\u00a0<\/span><\/p>\n<p>Ann\u00e9e 2023 :<a href=\"https:\/\/docs.google.com\/spreadsheets\/d\/1TQ0saV8xpFtu_Etet-TTyVSWUP9xxyfWmW8pByFfg3g\/edit#gid=1875541380\"> Calendrier LAURAF 2023<\/a> ; Source : <a href=\"https:\/\/lauraf-ffforce.fr\/la-ligue\/\">https:\/\/lauraf-ffforce.fr\/la-ligue\/<\/a><\/p>\n<p><span style=\"font-size: 16px\">\u00a0<\/span><\/p>\n","protected":false},"excerpt":{"rendered":"<p>Calendrier des \u00e9v\u00e9nements de la FFFORCE : Ann\u00e9e 2023 : Calendrier FFForce 2023 ; Source : https:\/\/www.ffforce.fr\/ Calendrier des \u00e9v\u00e9nements de la LAURAF :\u00a0 Ann\u00e9e 2023 : Calendrier LAURAF 2023 ; Source : https:\/\/lauraf-ffforce.fr\/la-ligue\/ \u00a0<\/p>\n","protected":false},"author":879,"featured_media":0,"parent":0,"menu_order":0,"comment_status":"closed","ping_status":"closed","template":"","meta":{"_crdt_document":"","site-sidebar-layout":"default","site-content-layout":"default","ast-site-content-layout":"default","site-content-style":"default","site-sidebar-style":"default","ast-global-header-display":"","ast-banner-title-visibility":"","ast-main-header-display":"","ast-hfb-above-header-display":"","ast-hfb-below-header-display":"","ast-hfb-mobile-header-display":"","site-post-title":"","ast-breadcrumbs-content":"","ast-featured-img":"","footer-sml-layout":"","ast-disable-related-posts":"","theme-transparent-header-meta":"default","adv-header-id-meta":"","stick-header-meta":"","header-above-stick-meta":"","header-main-stick-meta":"","header-below-stick-meta":"","astra-migrate-meta-layouts":"default","ast-page-background-enabled":"default","ast-page-background-meta":{"desktop":{"background-color":"var(--ast-global-color-4)","background-image":"","background-repeat":"repeat","background-position":"center center","background-size":"auto","background-attachment":"scroll","background-type":"","background-media":"","overlay-type":"","overlay-color":"","overlay-opacity":"","overlay-gradient":""},"tablet":{"background-color":"","background-image":"","background-repeat":"repeat","background-position":"center center","background-size":"auto","background-attachment":"scroll","background-type":"","background-media":"","overlay-type":"","overlay-color":"","overlay-opacity":"","overlay-gradient":""},"mobile":{"background-color":"","background-image":"","background-repeat":"repeat","background-position":"center center","background-size":"auto","background-attachment":"scroll","background-type":"","background-media":"","overlay-type":"","overlay-color":"","overlay-opacity":"","overlay-gradient":""}},"ast-content-background-meta":{"desktop":{"background-color":"var(--ast-global-color-5)","background-image":"","background-repeat":"repeat","background-position":"center center","background-size":"auto","background-attachment":"scroll","background-type":"","background-media":"","overlay-type":"","overlay-color":"","overlay-opacity":"","overlay-gradient":""},"tablet":{"background-color":"var(--ast-global-color-5)","background-image":"","background-repeat":"repeat","background-position":"center center","background-size":"auto","background-attachment":"scroll","background-type":"","background-media":"","overlay-type":"","overlay-color":"","overlay-opacity":"","overlay-gradient":""},"mobile":{"background-color":"var(--ast-global-color-5)","background-image":"","background-repeat":"repeat","background-position":"center center","background-size":"auto","background-attachment":"scroll","background-type":"","background-media":"","overlay-type":"","overlay-color":"","overlay-opacity":"","overlay-gradient":""}},"footnotes":""},"class_list":["post-449","page","type-page","status-publish","hentry"],"_links":{"self":[{"href":"https:\/\/www.kananas.com\/bfam3080\/wp-json\/wp\/v2\/pages\/449","targetHints":{"allow":["GET"]}}],"collection":[{"href":"https:\/\/www.kananas.com\/bfam3080\/wp-json\/wp\/v2\/pages"}],"about":[{"href":"https:\/\/www.kananas.com\/bfam3080\/wp-json\/wp\/v2\/types\/page"}],"author":[{"embeddable":true,"href":"https:\/\/www.kananas.com\/bfam3080\/wp-json\/wp\/v2\/users\/879"}],"replies":[{"embeddable":true,"href":"https:\/\/www.kananas.com\/bfam3080\/wp-json\/wp\/v2\/comments?post=449"}],"version-history":[{"count":9,"href":"https:\/\/www.kananas.com\/bfam3080\/wp-json\/wp\/v2\/pages\/449\/revisions"}],"predecessor-version":[{"id":725,"href":"https:\/\/www.kananas.com\/bfam3080\/wp-json\/wp\/v2\/pages\/449\/revisions\/725"}],"wp:attachment":[{"href":"https:\/\/www.kananas.com\/bfam3080\/wp-json\/wp\/v2\/media?parent=449"}],"curies":[{"name":"wp","href":"https:\/\/api.w.org\/{rel}","templated":true}]}}